{"id":9349,"date":"2021-09-30T13:15:51","date_gmt":"2021-09-30T11:15:51","guid":{"rendered":"https:\/\/mildot.fi\/?post_type=product&#038;p=9349"},"modified":"2024-10-14T06:13:09","modified_gmt":"2024-10-14T04:13:09","slug":"triggertech-rem-700-2-stage-special-flat-black","status":"publish","type":"product","link":"https:\/\/mildot.fi\/index.php\/product\/triggertech-rem-700-2-stage-special-flat-black\/","title":{"rendered":"Triggertech REM 700 2-stage Special Flat Black"},"content":{"rendered":"<p>Trigger Control Details<br \/>\nWeapon Platform: Remington 700<br \/>\nTrigger Lever Type: Flat<br \/>\nTrigger Action: Two-Stage<br \/>\nPull Weight:<br \/>\n1st stage: (8 to 24 oz)\u00a0 227-680g<br \/>\n2nd stage: (8 to 32 oz) \u00a0 227g-907g<br \/>\nBolt Release: With<br \/>\nSafety: With (removable)<br \/>\nFirst-Stage Lockout: Yes<br \/>\nHand: Right only<br \/>\nFRT: Yes<br \/>\nTKR Technology: Yes<br \/>\nCLKR Technology: Yes<br \/>\nOvertravel: Sub .010&#8243;<br \/>\nWarranty: Product lifetime<\/p>\n<p>Material Details<br \/>\nHousing: 7075 Aluminum (anodized)<br \/>\nKey Components: 440C Stainless Steel<br \/>\nPVD Black \u2013 PVD stands for Physical Vapour Deposition. It is a hard and durable coating that is applied to external stainless components to give them a clean black color.<\/p>\n<p>Full Description<br \/>\nOur most complex and technologically advanced trigger yet. Developed with the same unmatched zero-creep break, tactile pull weight adjustment (on both stages), rugged design, and no compromise engineering. Our focus on safety led us to develop the first Rem 700 trigger with four points of safety. This is a new level of performance and safety for those who prefer some movement before the wall. Four points of safety:<\/p>\n<p>1. Ticker Blocker \u2013 prevents the ticker from moving while on safe.<br \/>\n2. Sear Blocker \u2013 prevents the sear from dropping while on safe.<br \/>\n3. First-Stage Lockout \u2013 the tumbler locks out the first stage while on safe. The first-stage will not move while on safe, giving the shooter immediate confirmation that the safety is engaged.<br \/>\n4. First-Stage Safety \u2013 even when on fire the first-stage blocks the ticker until the first-stage is actuated.<\/p>\n<p>The adjustment feature utilizes externally accessible set screw for both stages. Due to the exceptionally crisp break the activation energy is less than friction-based triggers. Most shooters report the pull weights feeling significantly lighter than a friction-based trigger of the same measured weight. The triggers components are assembled as a matched set to enable a true zero-creep break, extremely short overtravel and offers outstanding reliability, even in the harshest environments. Frictionless Release Technology\u2122, along with hardened 440C stainless steel internal components ensure corrosion resistance and an extended service life. As Frictionless Release Technology\u2122 does not rely on coating, polishing or lubricating the key engagement surfaces, trigger pulls will be more consistent from shot to shot and after thousands of shots than you ever thought possible.<\/p>\n<p>All pull weights and measurements are approximate. ***Pull weights of TriggerTech Triggers are directly impacted by firing pin spring weight. Overweight firing pin springs may cause pulls weights to vary above the advertised range***<\/p>\n","protected":false},"excerpt":{"rendered":"<p class=\"tws-article-description--article-number ng-binding ng-scope\">Article no.: R70-TCB-13-TBF<\/p>\n<div class=\"tws-article-description--text-container\">\n<div class=\"tws-article-description--text ng-binding\">Our Remington 700 Two-Stage triggers were developed with the same unmatched zero-creep break, tactile pull weight adjustment (on both stages), rugged design, and no compromise engineering. Our focus on safety led us to develop the first Rem 700 trigger with four points of safety. This is a new level of performance and safety for those who prefer some movement before the wall. <b>Intended Use<\/b> Precision shooting, competition, long range hunting, rugged hunting, harsh environment operations, target shooting, varmint hunting, military, law enforcement.<\/div>\n<\/div>\n<p>&nbsp;<\/p>\n<p>&nbsp;<\/p>\n<p><strong>ILMAINEN RAHTI T\u00c4LLE TUOTTEELLE, K\u00c4YT\u00c4 ALENNUSKOODIA: RAHTI-TRIGGERTECH<\/strong><\/p>\n","protected":false},"featured_media":9350,"comment_status":"open","ping_status":"closed","template":"","meta":{"ocean_post_layout":"","ocean_both_sidebars_style":"","ocean_both_sidebars_content_width":0,"ocean_both_sidebars_sidebars_width":0,"ocean_sidebar":"0","ocean_second_sidebar":"0","ocean_disable_margins":"enable","ocean_add_body_class":"","ocean_shortcode_before_top_bar":"","ocean_shortcode_after_top_bar":"","ocean_shortcode_before_header":"","ocean_shortcode_after_header":"","ocean_has_shortcode":"","ocean_shortcode_after_title":"","ocean_shortcode_before_footer_widgets":"","ocean_shortcode_after_footer_widgets":"","ocean_shortcode_before_footer_bottom":"","ocean_shortcode_after_footer_bottom":"","ocean_display_top_bar":"default","ocean_display_header":"default","ocean_header_style":"","ocean_center_header_left_menu":"0","ocean_custom_header_template":"0","ocean_custom_logo":0,"ocean_custom_retina_logo":0,"ocean_custom_logo_max_width":0,"ocean_custom_logo_tablet_max_width":0,"ocean_custom_logo_mobile_max_width":0,"ocean_custom_logo_max_height":0,"ocean_custom_logo_tablet_max_height":0,"ocean_custom_logo_mobile_max_height":0,"ocean_header_custom_menu":"0","ocean_menu_typo_font_family":"0","ocean_menu_typo_font_subset":"","ocean_menu_typo_font_size":0,"ocean_menu_typo_font_size_tablet":0,"ocean_menu_typo_font_size_mobile":0,"ocean_menu_typo_font_size_unit":"px","ocean_menu_typo_font_weight":"","ocean_menu_typo_font_weight_tablet":"","ocean_menu_typo_font_weight_mobile":"","ocean_menu_typo_transform":"","ocean_menu_typo_transform_tablet":"","ocean_menu_typo_transform_mobile":"","ocean_menu_typo_line_height":0,"ocean_menu_typo_line_height_tablet":0,"ocean_menu_typo_line_height_mobile":0,"ocean_menu_typo_line_height_unit":"","ocean_menu_typo_spacing":0,"ocean_menu_typo_spacing_tablet":0,"ocean_menu_typo_spacing_mobile":0,"ocean_menu_typo_spacing_unit":"","ocean_menu_link_color":"","ocean_menu_link_color_hover":"","ocean_menu_link_color_active":"","ocean_menu_link_background":"","ocean_menu_link_hover_background":"","ocean_menu_link_active_background":"","ocean_menu_social_links_bg":"","ocean_menu_social_hover_links_bg":"","ocean_menu_social_links_color":"","ocean_menu_social_hover_links_color":"","ocean_disable_title":"default","ocean_disable_heading":"default","ocean_post_title":"","ocean_post_subheading":"","ocean_post_title_style":"","ocean_post_title_background_color":"","ocean_post_title_background":0,"ocean_post_title_bg_image_position":"","ocean_post_title_bg_image_attachment":"","ocean_post_title_bg_image_repeat":"","ocean_post_title_bg_image_size":"","ocean_post_title_height":0,"ocean_post_title_bg_overlay":0.5,"ocean_post_title_bg_overlay_color":"","ocean_disable_breadcrumbs":"default","ocean_breadcrumbs_color":"","ocean_breadcrumbs_separator_color":"","ocean_breadcrumbs_links_color":"","ocean_breadcrumbs_links_hover_color":"","ocean_display_footer_widgets":"default","ocean_display_footer_bottom":"default","ocean_custom_footer_template":"0","jetpack_publicize_message":"","jetpack_publicize_feature_enabled":true,"jetpack_social_post_already_shared":true,"jetpack_social_options":{"image_generator_settings":{"template":"highway","default_image_id":0,"font":"","enabled":false},"version":2}},"pwb-brand":[1717],"product_brand":[],"product_cat":[1716,2372],"product_tag":[1742,2361,1969,1740,2362,1828,865,1960,1730],"class_list":{"0":"post-9349","1":"product","2":"type-product","3":"status-publish","4":"has-post-thumbnail","6":"pwb-brand-triggertech","7":"product_cat-laukaisukoneistot-triggertech","8":"product_cat-triggertech-rem-700-special","9":"product_tag-2-stage","10":"product_tag-etuvedollinen","11":"product_tag-flat","12":"product_tag-liipaisin","13":"product_tag-r70-tcb-13-tbf","14":"product_tag-rem700","15":"product_tag-remington","16":"product_tag-saadettava","17":"product_tag-triggertech","19":"entry","20":"has-media","22":"first","23":"instock","24":"taxable","25":"shipping-taxable","26":"purchasable","27":"product-type-simple","28":"has-product-nav","29":"col","30":"span_1_of_4","31":"owp-content-center","32":"owp-thumbs-layout-horizontal","33":"owp-btn-normal","34":"owp-tabs-layout-horizontal"},"jetpack_publicize_connections":[],"jetpack_sharing_enabled":true,"brands":[{"id":1717,"name":"Triggertech","slug":"triggertech"}],"_links":{"self":[{"href":"https:\/\/mildot.fi\/index.php\/wp-json\/wp\/v2\/product\/9349","targetHints":{"allow":["GET"]}}],"collection":[{"href":"https:\/\/mildot.fi\/index.php\/wp-json\/wp\/v2\/product"}],"about":[{"href":"https:\/\/mildot.fi\/index.php\/wp-json\/wp\/v2\/types\/product"}],"replies":[{"embeddable":true,"href":"https:\/\/mildot.fi\/index.php\/wp-json\/wp\/v2\/comments?post=9349"}],"wp:featuredmedia":[{"embeddable":true,"href":"https:\/\/mildot.fi\/index.php\/wp-json\/wp\/v2\/media\/9350"}],"wp:attachment":[{"href":"https:\/\/mildot.fi\/index.php\/wp-json\/wp\/v2\/media?parent=9349"}],"wp:term":[{"taxonomy":"pwb-brand","embeddable":true,"href":"https:\/\/mildot.fi\/index.php\/wp-json\/wp\/v2\/pwb-brand?post=9349"},{"taxonomy":"product_brand","embeddable":true,"href":"https:\/\/mildot.fi\/index.php\/wp-json\/wp\/v2\/product_brand?post=9349"},{"taxonomy":"product_cat","embeddable":true,"href":"https:\/\/mildot.fi\/index.php\/wp-json\/wp\/v2\/product_cat?post=9349"},{"taxonomy":"product_tag","embeddable":true,"href":"https:\/\/mildot.fi\/index.php\/wp-json\/wp\/v2\/product_tag?post=9349"}],"curies":[{"name":"wp","href":"https:\/\/api.w.org\/{rel}","templated":true}]}}