{"id":8984,"date":"2021-08-08T12:02:59","date_gmt":"2021-08-08T10:02:59","guid":{"rendered":"https:\/\/mildot.fi\/?post_type=product&#038;p=8984"},"modified":"2025-11-11T09:43:49","modified_gmt":"2025-11-11T07:43:49","slug":"tripod-hiha-m05-mildot-finland","status":"publish","type":"product","link":"https:\/\/mildot.fi\/index.php\/product\/tripod-hiha-m05-mildot-finland\/","title":{"rendered":"Tripod hihat &#8211; M05 &#8211; MILDOT Finland"},"content":{"rendered":"<p>K\u00e4tev\u00e4 lis\u00e4varuste kolmijalkaan.<br \/>\nV\u00e4hent\u00e4\u00e4 selv\u00e4sti kolinaa. Jos harrastat luontokuvausta tai esim. kytt\u00e4ysjahtia niin tied\u00e4t miten helposti pienikin kolaisu tripodiin pilaa tilaisuuden. Sen lis\u00e4ksi tarkka-ampujat hy\u00f6tyv\u00e4t sen rakenteesta kun kuminy\u00f6rieihin on helppo lis\u00e4t\u00e4 omaa naamiointia parantavaa pieni\u00e4 risuja ja kasvillisuutta tms.<\/p>\n<p>Valmistettu Foxa Foxdura 1000 kankaasta.<br \/>\nA: Vanhaan <strong>PIG -tripodiin <\/strong>jossa ei ole kiristysmekanismia jalkojen fliplukoissa, 10cm levveys, joustavan kuminy\u00f6rin ansiosta t\u00e4m\u00e4 sopii moneen malliseen tripodiin.<br \/>\nB: <strong>SLIK PRO 700DX<\/strong> tripodiin: 13cm leveys , joustavan kuminy\u00f6rin ansiosta t\u00e4m\u00e4 sopii moneen malliseen tripodiin.<br \/>\nPituus: 38cm<br \/>\nC: <strong>UUSI PIG tripodi(<\/strong>=jalkojen lukitusmekanismi on s\u00e4\u00e4dett\u00e4v\u00e4) Leveys 10cm ja pituus 45cm. Joustavan kuminy\u00f6rin ansiosta t\u00e4m\u00e4 sopii moneen malliseen tripodiin.<br \/>\nD: <strong>VORTEX Carbon Radian<\/strong> tripodi.<br \/>\nE: <strong>LEUPOLD CF-436<\/strong> (noin 26x10cm kangas)<\/p>\n<p>Muita kokoja valmistetaan tilauksesta.<\/p>\n<p>Muita v\u00e4rej\u00e4 (musta, vihre\u00e4, sininen, tummansininen, punainen, viininpunainen, beige, keltainen, oranssi, turkoosi) tilauksesta +25\u20ac, toimtitusaika on yleens\u00e4 noin 4-5 p\u00e4iv\u00e4\u00e4.<\/p>\n<p>Eri kokoisia hihoja onnistuu tilauksesta, kysy hintaa.<\/p>\n<p>Ostamalla t\u00e4m\u00e4n tuoteen suoraan meilt\u00e4 niin tuet kotimaista pienyritt\u00e4j\u00e4\u00e4!<\/p>\n","protected":false},"excerpt":{"rendered":"<p>K\u00e4tev\u00e4 lis\u00e4varuste kolmijalkaan. V\u00e4hent\u00e4\u00e4 selv\u00e4sti kolinaa. Jos harrastat luontokuvausta tai esim. kytt\u00e4ysjahtia niin tied\u00e4t miten helposti pienikin kolaisu tripodiin pilaa tilaisuuden. Sen lis\u00e4ksi tarkka-ampujat hy\u00f6tyv\u00e4t sen rakenteesta kun kuminy\u00f6rieihin on helppo lis\u00e4t\u00e4 omaa naamiointia parantavaa pieni\u00e4 risuja ja kasvillisuutta tms. Valmistettu Foxa Foxdura 1000 kankaasta. A: Vanhaan PIG -tripodiin jossa ei ole kiristysmekanismia jalkojen fliplukoissa, [&hellip;]<\/p>\n","protected":false},"featured_media":8972,"comment_status":"open","ping_status":"closed","template":"","meta":{"ocean_post_layout":"","ocean_both_sidebars_style":"","ocean_both_sidebars_content_width":0,"ocean_both_sidebars_sidebars_width":0,"ocean_sidebar":"0","ocean_second_sidebar":"0","ocean_disable_margins":"enable","ocean_add_body_class":"","ocean_shortcode_before_top_bar":"","ocean_shortcode_after_top_bar":"","ocean_shortcode_before_header":"","ocean_shortcode_after_header":"","ocean_has_shortcode":"","ocean_shortcode_after_title":"","ocean_shortcode_before_footer_widgets":"","ocean_shortcode_after_footer_widgets":"","ocean_shortcode_before_footer_bottom":"","ocean_shortcode_after_footer_bottom":"","ocean_display_top_bar":"default","ocean_display_header":"default","ocean_header_style":"","ocean_center_header_left_menu":"0","ocean_custom_header_template":"0","ocean_custom_logo":0,"ocean_custom_retina_logo":0,"ocean_custom_logo_max_width":0,"ocean_custom_logo_tablet_max_width":0,"ocean_custom_logo_mobile_max_width":0,"ocean_custom_logo_max_height":0,"ocean_custom_logo_tablet_max_height":0,"ocean_custom_logo_mobile_max_height":0,"ocean_header_custom_menu":"0","ocean_menu_typo_font_family":"0","ocean_menu_typo_font_subset":"","ocean_menu_typo_font_size":0,"ocean_menu_typo_font_size_tablet":0,"ocean_menu_typo_font_size_mobile":0,"ocean_menu_typo_font_size_unit":"px","ocean_menu_typo_font_weight":"","ocean_menu_typo_font_weight_tablet":"","ocean_menu_typo_font_weight_mobile":"","ocean_menu_typo_transform":"","ocean_menu_typo_transform_tablet":"","ocean_menu_typo_transform_mobile":"","ocean_menu_typo_line_height":0,"ocean_menu_typo_line_height_tablet":0,"ocean_menu_typo_line_height_mobile":0,"ocean_menu_typo_line_height_unit":"","ocean_menu_typo_spacing":0,"ocean_menu_typo_spacing_tablet":0,"ocean_menu_typo_spacing_mobile":0,"ocean_menu_typo_spacing_unit":"","ocean_menu_link_color":"","ocean_menu_link_color_hover":"","ocean_menu_link_color_active":"","ocean_menu_link_background":"","ocean_menu_link_hover_background":"","ocean_menu_link_active_background":"","ocean_menu_social_links_bg":"","ocean_menu_social_hover_links_bg":"","ocean_menu_social_links_color":"","ocean_menu_social_hover_links_color":"","ocean_disable_title":"default","ocean_disable_heading":"default","ocean_post_title":"","ocean_post_subheading":"","ocean_post_title_style":"","ocean_post_title_background_color":"","ocean_post_title_background":0,"ocean_post_title_bg_image_position":"","ocean_post_title_bg_image_attachment":"","ocean_post_title_bg_image_repeat":"","ocean_post_title_bg_image_size":"","ocean_post_title_height":0,"ocean_post_title_bg_overlay":0.5,"ocean_post_title_bg_overlay_color":"","ocean_disable_breadcrumbs":"default","ocean_breadcrumbs_color":"","ocean_breadcrumbs_separator_color":"","ocean_breadcrumbs_links_color":"","ocean_breadcrumbs_links_hover_color":"","ocean_display_footer_widgets":"default","ocean_display_footer_bottom":"default","ocean_custom_footer_template":"0","jetpack_publicize_message":"","jetpack_publicize_feature_enabled":true,"jetpack_social_post_already_shared":true,"jetpack_social_options":{"image_generator_settings":{"template":"highway","default_image_id":0,"font":"","enabled":false},"version":2}},"pwb-brand":[570],"product_brand":[],"product_cat":[299,162,269,233,136],"product_tag":[81,2078,234,298,235,2318,80,82,98,2317,2041,1998],"class_list":{"0":"post-8984","1":"product","2":"type-product","3":"status-publish","4":"has-post-thumbnail","6":"pwb-brand-mildot","7":"product_cat-ampumatuet","8":"product_cat-mildot","9":"product_cat-muut-tuotteet","10":"product_cat-tekstiilit","11":"product_cat-tyokalut-ja-pientuotteet","12":"product_tag-camo","13":"product_tag-camoflage","14":"product_tag-foxa","15":"product_tag-foxa-foxdura","16":"product_tag-foxdura","17":"product_tag-hiha","18":"product_tag-m05","19":"product_tag-maastokuvio","20":"product_tag-mildot","21":"product_tag-sleeve","22":"product_tag-tripod","23":"product_tag-tripodi","25":"entry","26":"has-media","28":"first","29":"instock","30":"taxable","31":"shipping-taxable","32":"purchasable","33":"product-type-variable","34":"has-product-nav","35":"col","36":"span_1_of_4","37":"owp-content-center","38":"owp-thumbs-layout-horizontal","39":"owp-btn-normal","40":"owp-tabs-layout-horizontal"},"jetpack_publicize_connections":[],"jetpack_sharing_enabled":true,"brands":[{"id":570,"name":"Mildot","slug":"mildot"}],"_links":{"self":[{"href":"https:\/\/mildot.fi\/index.php\/wp-json\/wp\/v2\/product\/8984","targetHints":{"allow":["GET"]}}],"collection":[{"href":"https:\/\/mildot.fi\/index.php\/wp-json\/wp\/v2\/product"}],"about":[{"href":"https:\/\/mildot.fi\/index.php\/wp-json\/wp\/v2\/types\/product"}],"replies":[{"embeddable":true,"href":"https:\/\/mildot.fi\/index.php\/wp-json\/wp\/v2\/comments?post=8984"}],"wp:featuredmedia":[{"embeddable":true,"href":"https:\/\/mildot.fi\/index.php\/wp-json\/wp\/v2\/media\/8972"}],"wp:attachment":[{"href":"https:\/\/mildot.fi\/index.php\/wp-json\/wp\/v2\/media?parent=8984"}],"wp:term":[{"taxonomy":"pwb-brand","embeddable":true,"href":"https:\/\/mildot.fi\/index.php\/wp-json\/wp\/v2\/pwb-brand?post=8984"},{"taxonomy":"product_brand","embeddable":true,"href":"https:\/\/mildot.fi\/index.php\/wp-json\/wp\/v2\/product_brand?post=8984"},{"taxonomy":"product_cat","embeddable":true,"href":"https:\/\/mildot.fi\/index.php\/wp-json\/wp\/v2\/product_cat?post=8984"},{"taxonomy":"product_tag","embeddable":true,"href":"https:\/\/mildot.fi\/index.php\/wp-json\/wp\/v2\/product_tag?post=8984"}],"curies":[{"name":"wp","href":"https:\/\/api.w.org\/{rel}","templated":true}]}}