{"id":8899,"date":"2021-08-03T11:09:09","date_gmt":"2021-08-03T09:09:09","guid":{"rendered":"https:\/\/mildot.fi\/?post_type=product&#038;p=8899"},"modified":"2025-05-21T10:58:50","modified_gmt":"2025-05-21T08:58:50","slug":"tarkka-ampujan-tukipussi-kantikas-m05","status":"publish","type":"product","link":"https:\/\/mildot.fi\/index.php\/product\/tarkka-ampujan-tukipussi-kantikas-m05\/","title":{"rendered":"Tarkka-ampujan tukipussi kantikas M05"},"content":{"rendered":"<p>Takatukin alle tarkoitettu perinteinen ampumatukipussi on pitk\u00e4\u00e4n ollut irralinen (noin 33cl purkin) muotoinen pussi. Kes\u00e4n aikana useampi kyseli kantikkaan takapussin per\u00e4\u00e4n, ett\u00e4 saisi kolme peruskorkeuutta jota ampuja pystyisi hienos\u00e4\u00e4t\u00e4m\u00e4\u00e4n puristamalla pussia kasaan.<br \/>\nYhteisty\u00f6ss\u00e4 Tarkka-ampujakillan kanssa niin kehiteltiin tukipussille asekiinnitys, nyt pussi pysyy aina k\u00e4tev\u00e4sti mukana aseen kyljess\u00e4. Kun tarvitset sen niin irrotat yhden kumilenkin ja pussi on heti valmiina k\u00e4ytt\u00f6\u00f6n, k\u00e4\u00e4nt\u00e4m\u00e4ll\u00e4 pussia saat kaikki kolme korkeuutta helposti k\u00e4ytt\u00f6\u00f6n..<\/p>\n<p>Tukipussi on kotimainen tuote ja voit ostaa sen suoraan meilt\u00e4!<\/p>\n<p>Ampumatukipussi on valmistettu M05 kuvioisesta vahvasta Foxdura 1000D kankaasta, hihnanauhana k\u00e4yt\u00e4mme NIR-suojatusta polyester nauhaa<\/p>\n<p>Pussin koko: noin 12&#215;7,5&#215;4,5cm ja t\u00e4ytteen\u00e4 on muovigranulaatti.<\/p>\n<p>Jos mielummin valmistat oman pussin itse niin meilt\u00e4 l\u00f6yd\u00e4t kankaat, t\u00e4ytteet ja hihnanauhat y.m.<\/p>\n<p>Vasureille valmistamme n\u00e4it\u00e4 tilauksesta, se kest\u00e4\u00e4 yleens\u00e4 noin 3-4 p\u00e4iv\u00e4\u00e4. Soita\/laita viesti\u00e4 niin kerromme lis\u00e4\u00e4.<\/p>\n<p>Muita v\u00e4rej\u00e4 (musta, vihre\u00e4, sininen, tummansininen, punainen, viininpunainen, beige, keltainen, oranssi, turkoosi) tilauksesta +20\u20ac, toimtitusaika on yleens\u00e4 noin 4-5 p\u00e4iv\u00e4\u00e4.<\/p>\n","protected":false},"excerpt":{"rendered":"<p>Takatukin alle tarkoitettu perinteinen ampumatukipussi on pitk\u00e4\u00e4n ollut irralinen (noin 33cl purkin) muotoinen pussi. Kes\u00e4n aikana useampi kyseli kantikkaan takapussin per\u00e4\u00e4n, ett\u00e4 saisi kolme peruskorkeuutta jota ampuja pystyisi hienos\u00e4\u00e4t\u00e4m\u00e4\u00e4n puristamalla pussia kasaan. Yhteisty\u00f6ss\u00e4 Tarkka-ampujakillan kanssa niin kehiteltiin tukipussille asekiinnitys, nyt pussi pysyy aina k\u00e4tev\u00e4sti mukana aseen kyljess\u00e4. Kun tarvitset sen niin irrotat yhden kumilenkin ja [&hellip;]<\/p>\n","protected":false},"featured_media":8903,"comment_status":"open","ping_status":"closed","template":"","meta":{"ocean_post_layout":"","ocean_both_sidebars_style":"","ocean_both_sidebars_content_width":0,"ocean_both_sidebars_sidebars_width":0,"ocean_sidebar":"0","ocean_second_sidebar":"0","ocean_disable_margins":"enable","ocean_add_body_class":"","ocean_shortcode_before_top_bar":"","ocean_shortcode_after_top_bar":"","ocean_shortcode_before_header":"","ocean_shortcode_after_header":"","ocean_has_shortcode":"","ocean_shortcode_after_title":"","ocean_shortcode_before_footer_widgets":"","ocean_shortcode_after_footer_widgets":"","ocean_shortcode_before_footer_bottom":"","ocean_shortcode_after_footer_bottom":"","ocean_display_top_bar":"default","ocean_display_header":"default","ocean_header_style":"","ocean_center_header_left_menu":"0","ocean_custom_header_template":"0","ocean_custom_logo":0,"ocean_custom_retina_logo":0,"ocean_custom_logo_max_width":0,"ocean_custom_logo_tablet_max_width":0,"ocean_custom_logo_mobile_max_width":0,"ocean_custom_logo_max_height":0,"ocean_custom_logo_tablet_max_height":0,"ocean_custom_logo_mobile_max_height":0,"ocean_header_custom_menu":"0","ocean_menu_typo_font_family":"0","ocean_menu_typo_font_subset":"","ocean_menu_typo_font_size":0,"ocean_menu_typo_font_size_tablet":0,"ocean_menu_typo_font_size_mobile":0,"ocean_menu_typo_font_size_unit":"px","ocean_menu_typo_font_weight":"","ocean_menu_typo_font_weight_tablet":"","ocean_menu_typo_font_weight_mobile":"","ocean_menu_typo_transform":"","ocean_menu_typo_transform_tablet":"","ocean_menu_typo_transform_mobile":"","ocean_menu_typo_line_height":0,"ocean_menu_typo_line_height_tablet":0,"ocean_menu_typo_line_height_mobile":0,"ocean_menu_typo_line_height_unit":"","ocean_menu_typo_spacing":0,"ocean_menu_typo_spacing_tablet":0,"ocean_menu_typo_spacing_mobile":0,"ocean_menu_typo_spacing_unit":"","ocean_menu_link_color":"","ocean_menu_link_color_hover":"","ocean_menu_link_color_active":"","ocean_menu_link_background":"","ocean_menu_link_hover_background":"","ocean_menu_link_active_background":"","ocean_menu_social_links_bg":"","ocean_menu_social_hover_links_bg":"","ocean_menu_social_links_color":"","ocean_menu_social_hover_links_color":"","ocean_disable_title":"default","ocean_disable_heading":"default","ocean_post_title":"","ocean_post_subheading":"","ocean_post_title_style":"","ocean_post_title_background_color":"","ocean_post_title_background":0,"ocean_post_title_bg_image_position":"","ocean_post_title_bg_image_attachment":"","ocean_post_title_bg_image_repeat":"","ocean_post_title_bg_image_size":"","ocean_post_title_height":0,"ocean_post_title_bg_overlay":0.5,"ocean_post_title_bg_overlay_color":"","ocean_disable_breadcrumbs":"default","ocean_breadcrumbs_color":"","ocean_breadcrumbs_separator_color":"","ocean_breadcrumbs_links_color":"","ocean_breadcrumbs_links_hover_color":"","ocean_display_footer_widgets":"default","ocean_display_footer_bottom":"default","ocean_custom_footer_template":"0","jetpack_publicize_message":"","jetpack_publicize_feature_enabled":true,"jetpack_social_post_already_shared":true,"jetpack_social_options":{"image_generator_settings":{"template":"highway","default_image_id":0,"font":"","enabled":false},"version":2}},"pwb-brand":[812,570],"product_brand":[],"product_cat":[299],"product_tag":[2097,80,98,2309,2310,302],"class_list":{"0":"post-8899","1":"product","2":"type-product","3":"status-publish","4":"has-post-thumbnail","6":"pwb-brand-foxa","7":"pwb-brand-mildot","8":"product_cat-ampumatuet","9":"product_tag-ampumatukipussi","10":"product_tag-m05","11":"product_tag-mildot","12":"product_tag-perapussi","13":"product_tag-tarkka-ampujan-tukipussi","14":"product_tag-tukipussi","16":"entry","17":"has-media","19":"first","20":"instock","21":"taxable","22":"shipping-taxable","23":"purchasable","24":"product-type-variable","25":"has-product-nav","26":"col","27":"span_1_of_4","28":"owp-content-center","29":"owp-thumbs-layout-horizontal","30":"owp-btn-normal","31":"owp-tabs-layout-horizontal"},"jetpack_publicize_connections":[],"jetpack_sharing_enabled":true,"brands":[{"id":812,"name":"Foxa","slug":"foxa"},{"id":570,"name":"Mildot","slug":"mildot"}],"_links":{"self":[{"href":"https:\/\/mildot.fi\/index.php\/wp-json\/wp\/v2\/product\/8899","targetHints":{"allow":["GET"]}}],"collection":[{"href":"https:\/\/mildot.fi\/index.php\/wp-json\/wp\/v2\/product"}],"about":[{"href":"https:\/\/mildot.fi\/index.php\/wp-json\/wp\/v2\/types\/product"}],"replies":[{"embeddable":true,"href":"https:\/\/mildot.fi\/index.php\/wp-json\/wp\/v2\/comments?post=8899"}],"wp:featuredmedia":[{"embeddable":true,"href":"https:\/\/mildot.fi\/index.php\/wp-json\/wp\/v2\/media\/8903"}],"wp:attachment":[{"href":"https:\/\/mildot.fi\/index.php\/wp-json\/wp\/v2\/media?parent=8899"}],"wp:term":[{"taxonomy":"pwb-brand","embeddable":true,"href":"https:\/\/mildot.fi\/index.php\/wp-json\/wp\/v2\/pwb-brand?post=8899"},{"taxonomy":"product_brand","embeddable":true,"href":"https:\/\/mildot.fi\/index.php\/wp-json\/wp\/v2\/product_brand?post=8899"},{"taxonomy":"product_cat","embeddable":true,"href":"https:\/\/mildot.fi\/index.php\/wp-json\/wp\/v2\/product_cat?post=8899"},{"taxonomy":"product_tag","embeddable":true,"href":"https:\/\/mildot.fi\/index.php\/wp-json\/wp\/v2\/product_tag?post=8899"}],"curies":[{"name":"wp","href":"https:\/\/api.w.org\/{rel}","templated":true}]}}