{"id":8752,"date":"2021-07-05T14:07:27","date_gmt":"2021-07-05T12:07:27","guid":{"rendered":"https:\/\/mildot.fi\/?post_type=product&#038;p=8752"},"modified":"2024-09-25T10:32:32","modified_gmt":"2024-09-25T08:32:32","slug":"velcro-one-wrap","status":"publish","type":"product","link":"https:\/\/mildot.fi\/index.php\/product\/velcro-one-wrap\/","title":{"rendered":"Velcro One-wrap &#8211; 25mm &#8211; musta"},"content":{"rendered":"<div class=\"product_description\">\n<p>One-Wrap on suhteellisen j\u00e4m\u00e4kk\u00e4\u00e4 kaksipuoleista itseens\u00e4 kiinnittyv\u00e4\u00e4 tarranauhaa joka soveltuu erityisen hyvin remmien, letkujen ja piuhojen s\u00e4rm\u00e4\u00e4miseen.<\/p>\n<p>Myyd\u00e4\u00e4n metreitt\u00e4in, eli 1 kpl = 1 metri. Tilaamalla esim. 3 kpl saat yhden 3-metrisen p\u00e4tk\u00e4n. Koska tuote leikataan asiakkaan haluamaan mittaan, n\u00e4m\u00e4 tulee maksaa ennakkoon.<\/p>\n<p>Jos tarvitset kapeampaa kaistaletta niin\u00a0 One-Wrappia voi helposti kaventaa yksinkertaisesti leikkaamalla.<\/p>\n<p>Tuntumaltaan One-Wrap on aika l\u00e4hell\u00e4 tavallista &#8220;varustehihnaa&#8221;, eli suhteellisen j\u00e4mpti\u00e4. Toinen puoli on p\u00f6rr\u00f6ist\u00e4 nukkaa, toinen puoli kovaa koukkua. One-Wrap kiinnittyy itseens\u00e4 eritt\u00e4in tukevasti yksinkertaisesti rullaamalla! T\u00e4m\u00e4 on eritt\u00e4in kiva vaihtoehto reppuhihnojen s\u00e4rm\u00e4\u00e4miseen tavallisten kuminauhalenkkien tilalle!<\/p>\n<h2><\/h2>\n<p>One-Wrap taipuu moniin tarpeisiin esim. :<\/p>\n<ul>\n<li>Remmien s\u00e4rm\u00e4ri: noin 10 cm p\u00e4tk\u00e4 One-Wrappia hihnan p\u00e4\u00e4n yli poikittain ja rupea rullaamaan, t\u00e4ll\u00e4 tavoin saat rullattua ja varmistettua esim. reppujen olkahihnojen irtop\u00e4\u00e4t eritt\u00e4in siististi.<\/li>\n<li>Tarramerkkiadapteri: haluatko kiinnitt\u00e4\u00e4 tarramerkkej\u00e4 johonkin jossa sopivaa p\u00f6rr\u00f6tarrapintaa ei ole? Ei h\u00e4t\u00e4\u00e4, ainakaan jos samasta paikasta l\u00f6ytyy jonkinlaista remmi\u00e4 (esim. PALS-nauhakujasto) &#8211; taita muutama p\u00e4tk\u00e4 One-Wrappia nauhojen ylitse p\u00f6rr\u00f6pinta ulosp\u00e4in ja kiinnit\u00e4 merkkisi.<\/li>\n<li>Taskukiinnike: jos sinulla on jonkinlainen varustetasku jonka haluat kiinnitt\u00e4\u00e4 vy\u00f6lle tai PALS-nauhakujastoon, mutta taskusta ei l\u00f6ydy sopivaa kiinnikett\u00e4 ei h\u00e4t\u00e4\u00e4 &#8211; One-Wrapista pystyy helposti puuhastelemaan t\u00e4h\u00e4nkin tarpeeseen s\u00e4\u00e4dett\u00e4v\u00e4t irtokiinnikkeet!<\/li>\n<\/ul>\n<\/div>\n<p>Kysy tarjous +25 metrist\u00e4.<\/p>\n","protected":false},"excerpt":{"rendered":"<p>One-Wrap on suhteellisen j\u00e4m\u00e4kk\u00e4\u00e4 kaksipuoleista itseens\u00e4 kiinnittyv\u00e4\u00e4 tarranauhaa joka soveltuu erityisen hyvin remmien, letkujen ja piuhojen s\u00e4rm\u00e4\u00e4miseen. Myyd\u00e4\u00e4n metreitt\u00e4in, eli 1 kpl = 1 metri. Tilaamalla esim. 3 kpl saat yhden 3-metrisen p\u00e4tk\u00e4n. Koska tuote leikataan asiakkaan haluamaan mittaan, n\u00e4m\u00e4 tulee maksaa ennakkoon. Jos tarvitset kapeampaa kaistaletta niin\u00a0 One-Wrappia voi helposti kaventaa yksinkertaisesti leikkaamalla. Tuntumaltaan [&hellip;]<\/p>\n","protected":false},"featured_media":8782,"comment_status":"open","ping_status":"closed","template":"","meta":{"ocean_post_layout":"","ocean_both_sidebars_style":"","ocean_both_sidebars_content_width":0,"ocean_both_sidebars_sidebars_width":0,"ocean_sidebar":"0","ocean_second_sidebar":"0","ocean_disable_margins":"enable","ocean_add_body_class":"","ocean_shortcode_before_top_bar":"","ocean_shortcode_after_top_bar":"","ocean_shortcode_before_header":"","ocean_shortcode_after_header":"","ocean_has_shortcode":"","ocean_shortcode_after_title":"","ocean_shortcode_before_footer_widgets":"","ocean_shortcode_after_footer_widgets":"","ocean_shortcode_before_footer_bottom":"","ocean_shortcode_after_footer_bottom":"","ocean_display_top_bar":"default","ocean_display_header":"default","ocean_header_style":"","ocean_center_header_left_menu":"0","ocean_custom_header_template":"0","ocean_custom_logo":0,"ocean_custom_retina_logo":0,"ocean_custom_logo_max_width":0,"ocean_custom_logo_tablet_max_width":0,"ocean_custom_logo_mobile_max_width":0,"ocean_custom_logo_max_height":0,"ocean_custom_logo_tablet_max_height":0,"ocean_custom_logo_mobile_max_height":0,"ocean_header_custom_menu":"0","ocean_menu_typo_font_family":"0","ocean_menu_typo_font_subset":"","ocean_menu_typo_font_size":0,"ocean_menu_typo_font_size_tablet":0,"ocean_menu_typo_font_size_mobile":0,"ocean_menu_typo_font_size_unit":"px","ocean_menu_typo_font_weight":"","ocean_menu_typo_font_weight_tablet":"","ocean_menu_typo_font_weight_mobile":"","ocean_menu_typo_transform":"","ocean_menu_typo_transform_tablet":"","ocean_menu_typo_transform_mobile":"","ocean_menu_typo_line_height":0,"ocean_menu_typo_line_height_tablet":0,"ocean_menu_typo_line_height_mobile":0,"ocean_menu_typo_line_height_unit":"","ocean_menu_typo_spacing":0,"ocean_menu_typo_spacing_tablet":0,"ocean_menu_typo_spacing_mobile":0,"ocean_menu_typo_spacing_unit":"","ocean_menu_link_color":"","ocean_menu_link_color_hover":"","ocean_menu_link_color_active":"","ocean_menu_link_background":"","ocean_menu_link_hover_background":"","ocean_menu_link_active_background":"","ocean_menu_social_links_bg":"","ocean_menu_social_hover_links_bg":"","ocean_menu_social_links_color":"","ocean_menu_social_hover_links_color":"","ocean_disable_title":"default","ocean_disable_heading":"default","ocean_post_title":"","ocean_post_subheading":"","ocean_post_title_style":"","ocean_post_title_background_color":"","ocean_post_title_background":0,"ocean_post_title_bg_image_position":"","ocean_post_title_bg_image_attachment":"","ocean_post_title_bg_image_repeat":"","ocean_post_title_bg_image_size":"","ocean_post_title_height":0,"ocean_post_title_bg_overlay":0.5,"ocean_post_title_bg_overlay_color":"","ocean_disable_breadcrumbs":"default","ocean_breadcrumbs_color":"","ocean_breadcrumbs_separator_color":"","ocean_breadcrumbs_links_color":"","ocean_breadcrumbs_links_hover_color":"","ocean_display_footer_widgets":"default","ocean_display_footer_bottom":"default","ocean_custom_footer_template":"0","jetpack_publicize_message":"","jetpack_publicize_feature_enabled":true,"jetpack_social_post_already_shared":true,"jetpack_social_options":{"image_generator_settings":{"template":"highway","default_image_id":0,"font":"","enabled":false},"version":2}},"pwb-brand":[2256],"product_brand":[],"product_cat":[233],"product_tag":[2264,2263,2262,2261,2257],"class_list":{"0":"post-8752","1":"product","2":"type-product","3":"status-publish","4":"has-post-thumbnail","6":"pwb-brand-velcro","7":"product_cat-tekstiilit","8":"product_tag-25mm","9":"product_tag-musta","10":"product_tag-one-wrap","11":"product_tag-tarranauha","12":"product_tag-velcro","14":"entry","15":"has-media","17":"first","18":"instock","19":"taxable","20":"shipping-taxable","21":"purchasable","22":"product-type-simple","23":"has-product-nav","24":"col","25":"span_1_of_4","26":"owp-content-center","27":"owp-thumbs-layout-horizontal","28":"owp-btn-normal","29":"owp-tabs-layout-horizontal"},"jetpack_publicize_connections":[],"jetpack_sharing_enabled":true,"brands":[{"id":2256,"name":"Velcro","slug":"velcro"}],"_links":{"self":[{"href":"https:\/\/mildot.fi\/index.php\/wp-json\/wp\/v2\/product\/8752","targetHints":{"allow":["GET"]}}],"collection":[{"href":"https:\/\/mildot.fi\/index.php\/wp-json\/wp\/v2\/product"}],"about":[{"href":"https:\/\/mildot.fi\/index.php\/wp-json\/wp\/v2\/types\/product"}],"replies":[{"embeddable":true,"href":"https:\/\/mildot.fi\/index.php\/wp-json\/wp\/v2\/comments?post=8752"}],"wp:featuredmedia":[{"embeddable":true,"href":"https:\/\/mildot.fi\/index.php\/wp-json\/wp\/v2\/media\/8782"}],"wp:attachment":[{"href":"https:\/\/mildot.fi\/index.php\/wp-json\/wp\/v2\/media?parent=8752"}],"wp:term":[{"taxonomy":"pwb-brand","embeddable":true,"href":"https:\/\/mildot.fi\/index.php\/wp-json\/wp\/v2\/pwb-brand?post=8752"},{"taxonomy":"product_brand","embeddable":true,"href":"https:\/\/mildot.fi\/index.php\/wp-json\/wp\/v2\/product_brand?post=8752"},{"taxonomy":"product_cat","embeddable":true,"href":"https:\/\/mildot.fi\/index.php\/wp-json\/wp\/v2\/product_cat?post=8752"},{"taxonomy":"product_tag","embeddable":true,"href":"https:\/\/mildot.fi\/index.php\/wp-json\/wp\/v2\/product_tag?post=8752"}],"curies":[{"name":"wp","href":"https:\/\/api.w.org\/{rel}","templated":true}]}}