{"id":8474,"date":"2021-05-26T08:40:53","date_gmt":"2021-05-26T06:40:53","guid":{"rendered":"https:\/\/mildot.fi\/?post_type=product&#038;p=8474"},"modified":"2026-03-17T13:48:14","modified_gmt":"2026-03-17T11:48:14","slug":"vortex-venom-5-25x","status":"publish","type":"product","link":"https:\/\/mildot.fi\/index.php\/product\/vortex-venom-5-25x\/","title":{"rendered":"Vortex Venom 5-25&#215;56 FFP MRAD  ERB-7C"},"content":{"rendered":"<p><strong>OPTICAL FEATURES<\/strong><br \/>\nXD\u2122 Lens Elements Extra-low dispersion (XD) glass increases resolution and color fidelity, resulting in crisp, sharp images.<br \/>\nFully Multi-Coated Anti-reflective coatings on all air-to-glass surfaces provide increased light transmission for optimal clarity and low-light performance.<br \/>\n<strong>First Focal Plane<\/strong> (FFP) Reticle Scale of reticle remains in proportion to the zoomed image. Constant subtensions allow accurate holdover and ranging at all magnifications.<br \/>\nGlass-Etched Reticle Allows for intricate reticle design. Protected between two layers of glass for optimum durability and reliability.<\/p>\n<p><strong>CONSTRUCTION FEATURES<\/strong><br \/>\nSingle-Piece Tube Maximizes alignment for improved accuracy and optimum visual performance, as well as ensures strength and waterproofness.<br \/>\nAircraft-Grade Aluminum Constructed from a solid block of aircraft-grade aluminum for strength and rigidity.<br \/>\nWaterproof O-ring seals prevent moisture, dust and debris from penetrating the binocular for reliable performance in all environments.<br \/>\nFogproof Nitrogen gas purging prevents internal fogging over a wide range of temperatures.<br \/>\nShockproof Rugged construction withstands recoil and impact.<br \/>\nArmorTek \u00ae Ultra-hard, scratch-resistant coating protects exterior lenses from scratches, oil and dirt.<br \/>\nTactical-Style Turrets Exposed turrets provide fast, accurate and easily read elevation and windage adjustments.<\/p>\n<p><strong>CONVENIENCE FEATURES<\/strong><br \/>\nFast Focus Eyepiece Allows quick and easy reticle focusing.<br \/>\nThrow Lever The included throw lever can be installed for quick and easy magnification adjustments.<br \/>\nRevStop\u2122 Zero System Patented streamlined design offers a toolless zero stop for rock-solid return to zero after turret adjustments.<\/p>\n<p><strong>RETICLE<\/strong><br \/>\nEBR-7C (MRAD)<\/p>\n<p>Hash-marked ranging reticle using MRAD based subtension lines for ranging, holdover, and windage corrections. Letters refer to reticle subtensions listed in chart below.<\/p>\n<p><strong>INCLUDED IN THE BOX<br \/>\n<\/strong>3&#8243; Sunshade<br \/>\nTurret Tool<br \/>\nRubber Lens Covers<br \/>\nLens Cloth<br \/>\nThrow Lever<br \/>\n2mm Hex Wrench<\/p>\n<p><strong>SPECIFICATION<br \/>\n<\/strong>Magnification\u00a0\u00a0\u00a0\u00a0\u00a0\u00a0\u00a0\u00a0\u00a0\u00a0\u00a0\u00a0\u00a0\u00a0\u00a0\u00a0\u00a0\u00a0\u00a0\u00a0\u00a0\u00a0\u00a0\u00a0\u00a0\u00a0\u00a0\u00a0 5-25x<br \/>\nObjective Lens Diameter\u00a0\u00a0\u00a0\u00a0\u00a0\u00a0\u00a0\u00a0 56 mm<br \/>\nObjective outer diameter front\u00a0 64mm<br \/>\nEye Relief\u00a0\u00a0\u00a0\u00a0\u00a0\u00a0\u00a0\u00a0\u00a0\u00a0\u00a0\u00a0\u00a0\u00a0\u00a0\u00a0\u00a0\u00a0\u00a0\u00a0\u00a0\u00a0\u00a0\u00a0\u00a0\u00a0\u00a0\u00a0\u00a0\u00a0\u00a0\u00a0\u00a0 91mm (3.6 inch)<br \/>\nField of View\u00a0\u00a0\u00a0\u00a0\u00a0\u00a0\u00a0\u00a0\u00a0\u00a0\u00a0\u00a0\u00a0\u00a0\u00a0\u00a0\u00a0\u00a0\u00a0\u00a0\u00a0\u00a0\u00a0\u00a0\u00a0\u00a0\u00a0 6.46 -1,43m @ 91,4m (21.2-4.7 ft @100 yds )<br \/>\nTube Size\u00a0\u00a0\u00a0\u00a0\u00a0\u00a0\u00a0\u00a0\u00a0\u00a0\u00a0\u00a0\u00a0\u00a0\u00a0\u00a0\u00a0\u00a0\u00a0\u00a0\u00a0\u00a0\u00a0\u00a0\u00a0\u00a0\u00a0\u00a0\u00a0\u00a0\u00a0\u00a0 34 mm<br \/>\nTurret Style\u00a0\u00a0\u00a0\u00a0\u00a0\u00a0\u00a0\u00a0\u00a0\u00a0\u00a0\u00a0\u00a0\u00a0\u00a0\u00a0\u00a0\u00a0\u00a0\u00a0\u00a0\u00a0\u00a0\u00a0\u00a0\u00a0\u00a0\u00a0\u00a0 Exposed Tactical<br \/>\nScope turret rotation\u00a0\u00a0\u00a0\u00a0\u00a0\u00a0\u00a0\u00a0\u00a0\u00a0\u00a0\u00a0\u00a0 Counter clockwise (CCW)<br \/>\nAdjustment Graduation\u00a0\u00a0\u00a0\u00a0\u00a0\u00a0\u00a0\u00a0 0.1 MRAD<br \/>\nTravel Per Rotation\u00a0\u00a0\u00a0\u00a0\u00a0\u00a0\u00a0\u00a0\u00a0\u00a0\u00a0\u00a0\u00a0\u00a0\u00a0\u00a0 10 MRAD<br \/>\nMax Elevation Adjustment\u00a0\u00a0\u00a0\u00a0 25 MRAD<br \/>\nMax Windage Adjustment\u00a0\u00a0\u00a0\u00a0 25 MRAD<br \/>\nParallax Setting\u00a0\u00a0\u00a0\u00a0\u00a0\u00a0\u00a0\u00a0\u00a0\u00a0\u00a0\u00a0\u00a0\u00a0\u00a0\u00a0\u00a0\u00a0\u00a0\u00a0\u00a0 15 yards to infinity (= 13,7m to \u221e )<br \/>\nLength\u00a0\u00a0\u00a0\u00a0\u00a0\u00a0\u00a0\u00a0\u00a0\u00a0\u00a0\u00a0\u00a0\u00a0\u00a0\u00a0\u00a0\u00a0\u00a0\u00a0\u00a0\u00a0\u00a0\u00a0\u00a0\u00a0\u00a0\u00a0\u00a0\u00a0\u00a0\u00a0\u00a0\u00a0\u00a0\u00a0 38.9cm<br \/>\nWeight\u00a0\u00a0\u00a0\u00a0\u00a0\u00a0\u00a0\u00a0\u00a0\u00a0\u00a0\u00a0\u00a0\u00a0\u00a0\u00a0\u00a0\u00a0\u00a0\u00a0\u00a0\u00a0\u00a0\u00a0\u00a0\u00a0\u00a0\u00a0\u00a0\u00a0\u00a0\u00a0\u00a0\u00a0\u00a0 992g (35oz)<\/p>\n<p class=\"responsive-video-wrap clr\"><iframe title=\"Venom\u00ae 5-25x56 FFP Riflescope - Product Overview\" width=\"1200\" height=\"675\" src=\"https:\/\/www.youtube.com\/embed\/aVtqt6AWg0c?feature=oembed\" frameborder=\"0\" allow=\"accelerometer; autoplay; clipboard-write; encrypted-media; gyroscope; picture-in-picture; web-share\" referrerpolicy=\"strict-origin-when-cross-origin\" allowfullscreen><\/iframe><\/p>\n<p class=\"responsive-video-wrap clr\"><iframe title=\"Venom\u00ae Riflescope VS Diamondback\u00ae Tactical Riflescope VS Strike Eagle\u00ae Riflescope\" width=\"1200\" height=\"675\" src=\"https:\/\/www.youtube.com\/embed\/hVvZRKYM9mM?feature=oembed\" frameborder=\"0\" allow=\"accelerometer; autoplay; clipboard-write; encrypted-media; gyroscope; picture-in-picture; web-share\" referrerpolicy=\"strict-origin-when-cross-origin\" allowfullscreen><\/iframe><\/p>\n<p class=\"responsive-video-wrap clr\"><iframe title=\"Venom\u00ae 5-25x56 FFP Riflescope - Product Overview\" width=\"1200\" height=\"675\" src=\"https:\/\/www.youtube.com\/embed\/aVtqt6AWg0c?feature=oembed\" frameborder=\"0\" allow=\"accelerometer; autoplay; clipboard-write; encrypted-media; gyroscope; picture-in-picture; web-share\" referrerpolicy=\"strict-origin-when-cross-origin\" allowfullscreen><\/iframe><\/p>\n","protected":false},"excerpt":{"rendered":"<p>Take the first step into long-range shooting with an optic that helps you go the distance with a ton of shooter-friendly features. Featuring a 5x mag range built into a 34mm tube for a massive amount of turret travel, the Venom\u00ae also includes our RevStop\u2122 Zero System for a fast, easy, reliable return to zero. The EBR-7C, First Focal Plane reticle gives you accurate holds at any magnification, and an included throw lever allows for fast transitions between magnifications. It\u2019s the quickest way to get your rifle out to 1,000 yards and beyond at a price that lets you go deep for less.<\/p>\n<p><span style=\"color: red;\"><strong>ILMAINEN RAHTI T\u00c4LLE TUOTTEELLE, K\u00c4YT\u00c4 ALENNUSKOODIA: RAHTI-VENOM<\/strong><\/span><\/p>\n<p>Tarvitseko samalla kunnon jalustan? Meilt\u00e4 saat Spuhr (Paras ) ja Vortex ( erinomainen hinta- \/laatusuhde) jalustat.<\/p>\n<p><span style=\"color: red;\">Please ask for a quote combining this riflescope with <a href=\"https:\/\/mildot.fi\/index.php\/product-category\/spuhr\/34mm-runkoputki-spuhr\/\">Spuhr ISMS mounts<\/a><\/span>. This is the perfect setup for the demanding shooter that wants the best.<\/p>\n<p>Do you wonder how high scope mount you will need? Try our <a href=\"https:\/\/mildot.fi\/index.php\/mildot-ring-height-calculator\/\">scope mount height calculator, <\/a>feel free to call or email us if you still have any questions.<\/p>\n","protected":false},"featured_media":15214,"comment_status":"open","ping_status":"closed","template":"","meta":{"ocean_post_layout":"","ocean_both_sidebars_style":"","ocean_both_sidebars_content_width":0,"ocean_both_sidebars_sidebars_width":0,"ocean_sidebar":"0","ocean_second_sidebar":"0","ocean_disable_margins":"enable","ocean_add_body_class":"","ocean_shortcode_before_top_bar":"","ocean_shortcode_after_top_bar":"","ocean_shortcode_before_header":"","ocean_shortcode_after_header":"","ocean_has_shortcode":"","ocean_shortcode_after_title":"","ocean_shortcode_before_footer_widgets":"","ocean_shortcode_after_footer_widgets":"","ocean_shortcode_before_footer_bottom":"","ocean_shortcode_after_footer_bottom":"","ocean_display_top_bar":"default","ocean_display_header":"default","ocean_header_style":"","ocean_center_header_left_menu":"0","ocean_custom_header_template":"0","ocean_custom_logo":0,"ocean_custom_retina_logo":0,"ocean_custom_logo_max_width":0,"ocean_custom_logo_tablet_max_width":0,"ocean_custom_logo_mobile_max_width":0,"ocean_custom_logo_max_height":0,"ocean_custom_logo_tablet_max_height":0,"ocean_custom_logo_mobile_max_height":0,"ocean_header_custom_menu":"0","ocean_menu_typo_font_family":"0","ocean_menu_typo_font_subset":"","ocean_menu_typo_font_size":0,"ocean_menu_typo_font_size_tablet":0,"ocean_menu_typo_font_size_mobile":0,"ocean_menu_typo_font_size_unit":"px","ocean_menu_typo_font_weight":"","ocean_menu_typo_font_weight_tablet":"","ocean_menu_typo_font_weight_mobile":"","ocean_menu_typo_transform":"","ocean_menu_typo_transform_tablet":"","ocean_menu_typo_transform_mobile":"","ocean_menu_typo_line_height":0,"ocean_menu_typo_line_height_tablet":0,"ocean_menu_typo_line_height_mobile":0,"ocean_menu_typo_line_height_unit":"","ocean_menu_typo_spacing":0,"ocean_menu_typo_spacing_tablet":0,"ocean_menu_typo_spacing_mobile":0,"ocean_menu_typo_spacing_unit":"","ocean_menu_link_color":"","ocean_menu_link_color_hover":"","ocean_menu_link_color_active":"","ocean_menu_link_background":"","ocean_menu_link_hover_background":"","ocean_menu_link_active_background":"","ocean_menu_social_links_bg":"","ocean_menu_social_hover_links_bg":"","ocean_menu_social_links_color":"","ocean_menu_social_hover_links_color":"","ocean_disable_title":"default","ocean_disable_heading":"default","ocean_post_title":"","ocean_post_subheading":"","ocean_post_title_style":"","ocean_post_title_background_color":"","ocean_post_title_background":0,"ocean_post_title_bg_image_position":"","ocean_post_title_bg_image_attachment":"","ocean_post_title_bg_image_repeat":"","ocean_post_title_bg_image_size":"","ocean_post_title_height":0,"ocean_post_title_bg_overlay":0.5,"ocean_post_title_bg_overlay_color":"","ocean_disable_breadcrumbs":"default","ocean_breadcrumbs_color":"","ocean_breadcrumbs_separator_color":"","ocean_breadcrumbs_links_color":"","ocean_breadcrumbs_links_hover_color":"","ocean_display_footer_widgets":"default","ocean_display_footer_bottom":"default","ocean_custom_footer_template":"0","jetpack_publicize_message":"","jetpack_publicize_feature_enabled":true,"jetpack_social_post_already_shared":true,"jetpack_social_options":{"image_generator_settings":{"template":"highway","default_image_id":0,"font":"","enabled":false},"version":2}},"pwb-brand":[543],"product_brand":[],"product_cat":[18,17,126],"product_tag":[32,2060,314,2190,24,2335,320,20],"class_list":{"0":"post-8474","1":"product","2":"type-product","3":"status-publish","4":"has-post-thumbnail","6":"pwb-brand-vortex","7":"product_cat-kiikaritahtaimet","8":"product_cat-optiikka","9":"product_cat-vortex-optics","10":"product_tag-34mm","11":"product_tag-ebr-7c","12":"product_tag-ffp","13":"product_tag-kiikarintahtain","14":"product_tag-mrad","15":"product_tag-rev-stop","16":"product_tag-venom","17":"product_tag-vortex","19":"entry","20":"has-media","22":"first","23":"instock","24":"taxable","25":"shipping-taxable","26":"purchasable","27":"product-type-simple","28":"has-product-nav","29":"col","30":"span_1_of_4","31":"owp-content-center","32":"owp-thumbs-layout-horizontal","33":"owp-btn-normal","34":"owp-tabs-layout-horizontal"},"jetpack_publicize_connections":[],"jetpack_sharing_enabled":true,"brands":[{"id":543,"name":"Vortex","slug":"vortex"}],"_links":{"self":[{"href":"https:\/\/mildot.fi\/index.php\/wp-json\/wp\/v2\/product\/8474","targetHints":{"allow":["GET"]}}],"collection":[{"href":"https:\/\/mildot.fi\/index.php\/wp-json\/wp\/v2\/product"}],"about":[{"href":"https:\/\/mildot.fi\/index.php\/wp-json\/wp\/v2\/types\/product"}],"replies":[{"embeddable":true,"href":"https:\/\/mildot.fi\/index.php\/wp-json\/wp\/v2\/comments?post=8474"}],"wp:featuredmedia":[{"embeddable":true,"href":"https:\/\/mildot.fi\/index.php\/wp-json\/wp\/v2\/media\/15214"}],"wp:attachment":[{"href":"https:\/\/mildot.fi\/index.php\/wp-json\/wp\/v2\/media?parent=8474"}],"wp:term":[{"taxonomy":"pwb-brand","embeddable":true,"href":"https:\/\/mildot.fi\/index.php\/wp-json\/wp\/v2\/pwb-brand?post=8474"},{"taxonomy":"product_brand","embeddable":true,"href":"https:\/\/mildot.fi\/index.php\/wp-json\/wp\/v2\/product_brand?post=8474"},{"taxonomy":"product_cat","embeddable":true,"href":"https:\/\/mildot.fi\/index.php\/wp-json\/wp\/v2\/product_cat?post=8474"},{"taxonomy":"product_tag","embeddable":true,"href":"https:\/\/mildot.fi\/index.php\/wp-json\/wp\/v2\/product_tag?post=8474"}],"curies":[{"name":"wp","href":"https:\/\/api.w.org\/{rel}","templated":true}]}}