{"id":8468,"date":"2021-05-25T10:56:46","date_gmt":"2021-05-25T08:56:46","guid":{"rendered":"https:\/\/mildot.fi\/?post_type=product&#038;p=8468"},"modified":"2025-05-21T12:14:43","modified_gmt":"2025-05-21T10:14:43","slug":"tripod-hammock-m05","status":"publish","type":"product","link":"https:\/\/mildot.fi\/index.php\/product\/tripod-hammock-m05\/","title":{"rendered":"Tripod hammock M05 &#8211; MILDOT Finland"},"content":{"rendered":"<p>K\u00e4tev\u00e4 lis\u00e4varuste kolmijalkaan.<br \/>\nNyt kiikari, et\u00e4isyysmittari ja muut pienet lis\u00e4varusteet on helposti ulottovilla ja pysyy puhtaampana kun ei tarvitse laskea niit\u00e4 maastoon&#8230; Eik\u00e4 tarvitse ammunan j\u00e4lkeen etsi\u00e4 niit\u00e4 maastosta! \ud83d\ude42<\/p>\n<p>Keskell\u00e4 pussia l\u00f6ytyy 6mm vedenpoisto aukko.<\/p>\n<p>Valmistettu Foxa Foxdura 1000 kankaasta, kest\u00e4\u00e4 helposti 8 kilon kuorman.<br \/>\nKiinnityy k\u00e4tev\u00e4sti kolmijalkaan Velcro One-wrapin avulla.<br \/>\nSivun pituus: 30cm( sopii Hog Saddle Gen 1 tripodiin (se versio jossa ei ole kiristys s\u00e4\u00e4t\u00f6\u00e4 jalkojen flick lock mekanismissa.)<br \/>\nKorkeus: 5cm<\/p>\n<p>Muita v\u00e4rej\u00e4 (musta, vihre\u00e4, sininen, tummnasininen, punainen, viininpunainen, beige, keltainen, oranssi, turkoosi) tilauksesta +15\u20ac, tomtitusaika on yleens\u00e4\u00a0 noin 4-5 p\u00e4iv\u00e4\u00e4.<\/p>\n<p>Ostamalla t\u00e4m\u00e4n tuoteen suoraan meilt\u00e4 niin tuet kotimaista pienyritt\u00e4j\u00e4\u00e4!<\/p>\n","protected":false},"excerpt":{"rendered":"<p>K\u00e4tev\u00e4 lis\u00e4varuste kolmijalkaan. Nyt kiikari, et\u00e4isyysmittari ja muut pienet lis\u00e4varusteet on helposti ulottovilla ja pysyy puhtaampana kun ei tarvitse laskea niit\u00e4 maastoon&#8230; Eik\u00e4 tarvitse ammunan j\u00e4lkeen etsi\u00e4 niit\u00e4 maastosta! \ud83d\ude42 Keskell\u00e4 pussia l\u00f6ytyy 6mm vedenpoisto aukko. Valmistettu Foxa Foxdura 1000 kankaasta, kest\u00e4\u00e4 helposti 8 kilon kuorman. Kiinnityy k\u00e4tev\u00e4sti kolmijalkaan Velcro One-wrapin avulla. Sivun pituus: 30cm( [&hellip;]<\/p>\n","protected":false},"featured_media":8469,"comment_status":"open","ping_status":"closed","template":"","meta":{"ocean_post_layout":"","ocean_both_sidebars_style":"","ocean_both_sidebars_content_width":0,"ocean_both_sidebars_sidebars_width":0,"ocean_sidebar":"0","ocean_second_sidebar":"0","ocean_disable_margins":"enable","ocean_add_body_class":"","ocean_shortcode_before_top_bar":"","ocean_shortcode_after_top_bar":"","ocean_shortcode_before_header":"","ocean_shortcode_after_header":"","ocean_has_shortcode":"","ocean_shortcode_after_title":"","ocean_shortcode_before_footer_widgets":"","ocean_shortcode_after_footer_widgets":"","ocean_shortcode_before_footer_bottom":"","ocean_shortcode_after_footer_bottom":"","ocean_display_top_bar":"default","ocean_display_header":"default","ocean_header_style":"","ocean_center_header_left_menu":"0","ocean_custom_header_template":"0","ocean_custom_logo":0,"ocean_custom_retina_logo":0,"ocean_custom_logo_max_width":0,"ocean_custom_logo_tablet_max_width":0,"ocean_custom_logo_mobile_max_width":0,"ocean_custom_logo_max_height":0,"ocean_custom_logo_tablet_max_height":0,"ocean_custom_logo_mobile_max_height":0,"ocean_header_custom_menu":"0","ocean_menu_typo_font_family":"0","ocean_menu_typo_font_subset":"","ocean_menu_typo_font_size":0,"ocean_menu_typo_font_size_tablet":0,"ocean_menu_typo_font_size_mobile":0,"ocean_menu_typo_font_size_unit":"px","ocean_menu_typo_font_weight":"","ocean_menu_typo_font_weight_tablet":"","ocean_menu_typo_font_weight_mobile":"","ocean_menu_typo_transform":"","ocean_menu_typo_transform_tablet":"","ocean_menu_typo_transform_mobile":"","ocean_menu_typo_line_height":0,"ocean_menu_typo_line_height_tablet":0,"ocean_menu_typo_line_height_mobile":0,"ocean_menu_typo_line_height_unit":"","ocean_menu_typo_spacing":0,"ocean_menu_typo_spacing_tablet":0,"ocean_menu_typo_spacing_mobile":0,"ocean_menu_typo_spacing_unit":"","ocean_menu_link_color":"","ocean_menu_link_color_hover":"","ocean_menu_link_color_active":"","ocean_menu_link_background":"","ocean_menu_link_hover_background":"","ocean_menu_link_active_background":"","ocean_menu_social_links_bg":"","ocean_menu_social_hover_links_bg":"","ocean_menu_social_links_color":"","ocean_menu_social_hover_links_color":"","ocean_disable_title":"default","ocean_disable_heading":"default","ocean_post_title":"","ocean_post_subheading":"","ocean_post_title_style":"","ocean_post_title_background_color":"","ocean_post_title_background":0,"ocean_post_title_bg_image_position":"","ocean_post_title_bg_image_attachment":"","ocean_post_title_bg_image_repeat":"","ocean_post_title_bg_image_size":"","ocean_post_title_height":0,"ocean_post_title_bg_overlay":0.5,"ocean_post_title_bg_overlay_color":"","ocean_disable_breadcrumbs":"default","ocean_breadcrumbs_color":"","ocean_breadcrumbs_separator_color":"","ocean_breadcrumbs_links_color":"","ocean_breadcrumbs_links_hover_color":"","ocean_display_footer_widgets":"default","ocean_display_footer_bottom":"default","ocean_custom_footer_template":"0","jetpack_publicize_message":"","jetpack_publicize_feature_enabled":true,"jetpack_social_post_already_shared":true,"jetpack_social_options":{"image_generator_settings":{"template":"highway","default_image_id":0,"font":"","enabled":false},"version":2}},"pwb-brand":[570],"product_brand":[],"product_cat":[299,162,269,136],"product_tag":[234,298,235,2189,80,98,2041],"class_list":{"0":"post-8468","1":"product","2":"type-product","3":"status-publish","4":"has-post-thumbnail","6":"pwb-brand-mildot","7":"product_cat-ampumatuet","8":"product_cat-mildot","9":"product_cat-muut-tuotteet","10":"product_cat-tyokalut-ja-pientuotteet","11":"product_tag-foxa","12":"product_tag-foxa-foxdura","13":"product_tag-foxdura","14":"product_tag-hammock","15":"product_tag-m05","16":"product_tag-mildot","17":"product_tag-tripod","19":"entry","20":"has-media","22":"first","23":"instock","24":"taxable","25":"shipping-taxable","26":"purchasable","27":"product-type-simple","28":"has-product-nav","29":"col","30":"span_1_of_4","31":"owp-content-center","32":"owp-thumbs-layout-horizontal","33":"owp-btn-normal","34":"owp-tabs-layout-horizontal"},"jetpack_publicize_connections":[],"jetpack_sharing_enabled":true,"brands":[{"id":570,"name":"Mildot","slug":"mildot"}],"_links":{"self":[{"href":"https:\/\/mildot.fi\/index.php\/wp-json\/wp\/v2\/product\/8468","targetHints":{"allow":["GET"]}}],"collection":[{"href":"https:\/\/mildot.fi\/index.php\/wp-json\/wp\/v2\/product"}],"about":[{"href":"https:\/\/mildot.fi\/index.php\/wp-json\/wp\/v2\/types\/product"}],"replies":[{"embeddable":true,"href":"https:\/\/mildot.fi\/index.php\/wp-json\/wp\/v2\/comments?post=8468"}],"wp:featuredmedia":[{"embeddable":true,"href":"https:\/\/mildot.fi\/index.php\/wp-json\/wp\/v2\/media\/8469"}],"wp:attachment":[{"href":"https:\/\/mildot.fi\/index.php\/wp-json\/wp\/v2\/media?parent=8468"}],"wp:term":[{"taxonomy":"pwb-brand","embeddable":true,"href":"https:\/\/mildot.fi\/index.php\/wp-json\/wp\/v2\/pwb-brand?post=8468"},{"taxonomy":"product_brand","embeddable":true,"href":"https:\/\/mildot.fi\/index.php\/wp-json\/wp\/v2\/product_brand?post=8468"},{"taxonomy":"product_cat","embeddable":true,"href":"https:\/\/mildot.fi\/index.php\/wp-json\/wp\/v2\/product_cat?post=8468"},{"taxonomy":"product_tag","embeddable":true,"href":"https:\/\/mildot.fi\/index.php\/wp-json\/wp\/v2\/product_tag?post=8468"}],"curies":[{"name":"wp","href":"https:\/\/api.w.org\/{rel}","templated":true}]}}