{"id":8233,"date":"2021-04-14T09:26:43","date_gmt":"2021-04-14T07:26:43","guid":{"rendered":"https:\/\/mildot.fi\/?post_type=product&#038;p=8233"},"modified":"2025-08-29T10:11:19","modified_gmt":"2025-08-29T08:11:19","slug":"truemiller-laskukiekko","status":"publish","type":"product","link":"https:\/\/mildot.fi\/index.php\/product\/truemiller-laskukiekko\/","title":{"rendered":"Truemiller &#8211; Et\u00e4isyyslaskuri &#8211; kiekko &#8211; keltainen\/hiekka"},"content":{"rendered":"<p>Loose paper or tables are replaced with this in your pocket. Used in combination with a scope that has MIL reticle, and FFP is preferred. Object width sets up the number of times it is covered. For example, 80 cm x 0.7 MIL coverage. Adjust the wheel and you have the answer..<\/p>\n<p>Tiedot ovat kaiverettu levyyn ja musta pohjav\u00e4ri antaa hyv\u00e4n kontrastin tekstille.<br \/>\nLevyn py\u00f6rimiskitka on helposti s\u00e4\u00e4dett\u00e4viss\u00e4 karkeapintaisella ruostumattomalla ruuvilla joka on tukevasti kiinnitetty lukitusprikalla. T\u00e4m\u00e4 on rakenne joka kest\u00e4\u00e4 k\u00e4ytt\u00f6\u00e4.<br \/>\nLevyst\u00e4 l\u00f6ytyy my\u00f6s kaava tuulikompensaatiolle ja kulma-asteikko.<\/p>\n<p>T\u00e4m\u00e4 on yleens\u00e4 nopeampi kun taskulaskin, sen lis\u00e4ksi se toimii joka keliss\u00e4 ja ilman virtaa&#8230;<\/p>\n<p>Mittausalue: 100-2000 metri\u00e4.<\/p>\n<p>Koko: noin 13x13x1,5cm<br \/>\nPaino: 55g<\/p>\n","protected":false},"excerpt":{"rendered":"<p>Loose paper or tables are replaced with this in your pocket. Used in combination with a scope that has MIL reticle, and FFP is preferred. Object width sets up the number of times it is covered. For example, 80 cm x 0.7 MIL coverage. Adjust the wheel and you have the answer.. Tiedot ovat kaiverettu [&hellip;]<\/p>\n","protected":false},"featured_media":8238,"comment_status":"open","ping_status":"closed","template":"","meta":{"ocean_post_layout":"","ocean_both_sidebars_style":"","ocean_both_sidebars_content_width":0,"ocean_both_sidebars_sidebars_width":0,"ocean_sidebar":"0","ocean_second_sidebar":"0","ocean_disable_margins":"enable","ocean_add_body_class":"","ocean_shortcode_before_top_bar":"","ocean_shortcode_after_top_bar":"","ocean_shortcode_before_header":"","ocean_shortcode_after_header":"","ocean_has_shortcode":"","ocean_shortcode_after_title":"","ocean_shortcode_before_footer_widgets":"","ocean_shortcode_after_footer_widgets":"","ocean_shortcode_before_footer_bottom":"","ocean_shortcode_after_footer_bottom":"","ocean_display_top_bar":"default","ocean_display_header":"default","ocean_header_style":"","ocean_center_header_left_menu":"0","ocean_custom_header_template":"0","ocean_custom_logo":0,"ocean_custom_retina_logo":0,"ocean_custom_logo_max_width":0,"ocean_custom_logo_tablet_max_width":0,"ocean_custom_logo_mobile_max_width":0,"ocean_custom_logo_max_height":0,"ocean_custom_logo_tablet_max_height":0,"ocean_custom_logo_mobile_max_height":0,"ocean_header_custom_menu":"0","ocean_menu_typo_font_family":"0","ocean_menu_typo_font_subset":"","ocean_menu_typo_font_size":0,"ocean_menu_typo_font_size_tablet":0,"ocean_menu_typo_font_size_mobile":0,"ocean_menu_typo_font_size_unit":"px","ocean_menu_typo_font_weight":"","ocean_menu_typo_font_weight_tablet":"","ocean_menu_typo_font_weight_mobile":"","ocean_menu_typo_transform":"","ocean_menu_typo_transform_tablet":"","ocean_menu_typo_transform_mobile":"","ocean_menu_typo_line_height":0,"ocean_menu_typo_line_height_tablet":0,"ocean_menu_typo_line_height_mobile":0,"ocean_menu_typo_line_height_unit":"","ocean_menu_typo_spacing":0,"ocean_menu_typo_spacing_tablet":0,"ocean_menu_typo_spacing_mobile":0,"ocean_menu_typo_spacing_unit":"","ocean_menu_link_color":"","ocean_menu_link_color_hover":"","ocean_menu_link_color_active":"","ocean_menu_link_background":"","ocean_menu_link_hover_background":"","ocean_menu_link_active_background":"","ocean_menu_social_links_bg":"","ocean_menu_social_hover_links_bg":"","ocean_menu_social_links_color":"","ocean_menu_social_hover_links_color":"","ocean_disable_title":"default","ocean_disable_heading":"default","ocean_post_title":"","ocean_post_subheading":"","ocean_post_title_style":"","ocean_post_title_background_color":"","ocean_post_title_background":0,"ocean_post_title_bg_image_position":"","ocean_post_title_bg_image_attachment":"","ocean_post_title_bg_image_repeat":"","ocean_post_title_bg_image_size":"","ocean_post_title_height":0,"ocean_post_title_bg_overlay":0.5,"ocean_post_title_bg_overlay_color":"","ocean_disable_breadcrumbs":"default","ocean_breadcrumbs_color":"","ocean_breadcrumbs_separator_color":"","ocean_breadcrumbs_links_color":"","ocean_breadcrumbs_links_hover_color":"","ocean_display_footer_widgets":"default","ocean_display_footer_bottom":"default","ocean_custom_footer_template":"0","jetpack_publicize_message":"","jetpack_publicize_feature_enabled":true,"jetpack_social_post_already_shared":true,"jetpack_social_options":{"image_generator_settings":{"template":"highway","default_image_id":0,"font":"","enabled":false},"version":2}},"pwb-brand":[2136],"product_brand":[],"product_cat":[324,269,136],"product_tag":[2251,2250,1980,325,2142,2143,2138,2140,2252,2139,24,2254,2253,2137,2144],"class_list":{"0":"post-8233","1":"product","2":"type-product","3":"status-publish","4":"has-post-thumbnail","6":"pwb-brand-truemiller","7":"product_cat-etaisyysmittarit","8":"product_cat-muut-tuotteet","9":"product_cat-tyokalut-ja-pientuotteet","10":"product_tag-ampumaetaisyys","11":"product_tag-distance-calculator","12":"product_tag-etaisyys","13":"product_tag-etaisyysmittari","14":"product_tag-hiekka","15":"product_tag-keltainen","16":"product_tag-laskin","17":"product_tag-laskukiekko","18":"product_tag-laskuri","19":"product_tag-laskutikku","20":"product_tag-mrad","21":"product_tag-tarkaamapuja","22":"product_tag-tarkkaammunta","23":"product_tag-truemiller","24":"product_tag-yellow","26":"entry","27":"has-media","29":"first","30":"instock","31":"taxable","32":"shipping-taxable","33":"purchasable","34":"product-type-variable","35":"has-product-nav","36":"col","37":"span_1_of_4","38":"owp-content-center","39":"owp-thumbs-layout-horizontal","40":"owp-btn-normal","41":"owp-tabs-layout-horizontal"},"jetpack_publicize_connections":[],"jetpack_sharing_enabled":true,"brands":[{"id":2136,"name":"Truemiller","slug":"truemiller"}],"_links":{"self":[{"href":"https:\/\/mildot.fi\/index.php\/wp-json\/wp\/v2\/product\/8233","targetHints":{"allow":["GET"]}}],"collection":[{"href":"https:\/\/mildot.fi\/index.php\/wp-json\/wp\/v2\/product"}],"about":[{"href":"https:\/\/mildot.fi\/index.php\/wp-json\/wp\/v2\/types\/product"}],"replies":[{"embeddable":true,"href":"https:\/\/mildot.fi\/index.php\/wp-json\/wp\/v2\/comments?post=8233"}],"wp:featuredmedia":[{"embeddable":true,"href":"https:\/\/mildot.fi\/index.php\/wp-json\/wp\/v2\/media\/8238"}],"wp:attachment":[{"href":"https:\/\/mildot.fi\/index.php\/wp-json\/wp\/v2\/media?parent=8233"}],"wp:term":[{"taxonomy":"pwb-brand","embeddable":true,"href":"https:\/\/mildot.fi\/index.php\/wp-json\/wp\/v2\/pwb-brand?post=8233"},{"taxonomy":"product_brand","embeddable":true,"href":"https:\/\/mildot.fi\/index.php\/wp-json\/wp\/v2\/product_brand?post=8233"},{"taxonomy":"product_cat","embeddable":true,"href":"https:\/\/mildot.fi\/index.php\/wp-json\/wp\/v2\/product_cat?post=8233"},{"taxonomy":"product_tag","embeddable":true,"href":"https:\/\/mildot.fi\/index.php\/wp-json\/wp\/v2\/product_tag?post=8233"}],"curies":[{"name":"wp","href":"https:\/\/api.w.org\/{rel}","templated":true}]}}