{"id":8099,"date":"2021-02-23T16:32:26","date_gmt":"2021-02-23T14:32:26","guid":{"rendered":"https:\/\/mildot.fi\/?post_type=product&#038;p=8099"},"modified":"2025-08-26T07:53:25","modified_gmt":"2025-08-26T05:53:25","slug":"vortex_viper_pst_ii_3_15x","status":"publish","type":"product","link":"https:\/\/mildot.fi\/index.php\/product\/vortex_viper_pst_ii_3_15x\/","title":{"rendered":"Vortex Viper PST Gen II 3-15&#215;44 FFP EBR-7C"},"content":{"rendered":"<p>Magnification 3-15x<br \/>\nObjective Lens Diameter 44 mm<br \/>\nEye Relief 3.4 inches<br \/>\nField of View 41.2-8.6 ft\/100 yds<br \/>\nTube Size 30 mm<br \/>\nTurret Style Tactical<br \/>\nAdjustment Graduation .1 MRAD<br \/>\nTravel Per Rotation 10 MRAD<br \/>\nMax Elevation Adjustment 22 MRAD<br \/>\nMax Windage Adjustment 11 MRAD<br \/>\nParallax Setting 20 yards to infinity<br \/>\nLength 40.6cm (14.3 inches)<br \/>\nWeight 884g (28.1 oz)<br \/>\nProduct number: PST-3159<\/p>\n<p>Included in the Box<\/p>\n<p>CR2032 battery<br \/>\nLens cloth<br \/>\n2 mm hex wrench<br \/>\n3&#8243; sunshade<\/p>\n<p><strong>OPTICAL FEATURES<\/strong><br \/>\n<strong>XD\u2122 Lens Elements<\/strong> Extra-low dispersion (XD) glass increases resolution and color fidelity, resulting in crisp, sharp images.<br \/>\n<strong>XR\u2122 Fully Multi-Coated<\/strong> Proprietary coatings increase light transmission with multiple anti-reflective coatings on all air-to-glass surfaces.<br \/>\n<strong>First Focal Plane Reticle<\/strong> Scale of reticle remains in proportion to the zoomed image. Constant subtensions allow accurate holdover and ranging at all magnifications.<br \/>\n<strong>Glass-Etched Reticle<\/strong> Allows for intricate reticle design. Protected between two layers of glass for optimum durability and reliability.<br \/>\n<strong>Illuminated Reticle<\/strong> Provides precise aiming under low-light conditions<\/p>\n<p><strong><br \/>\nCONSTRUCTION FEATURES<\/strong><br \/>\n<strong>Tube Size<\/strong> 30 mm diameter provides maximized internal adjustment and strength.<br \/>\n<strong>Single-Piece Tube<\/strong> Maximizes alignment for improved accuracy and optimum visual performance, as well as ensures strength and waterproofness.<br \/>\n<strong>Aircraft-Grade Aluminum<\/strong> Constructed from a solid block of aircraft-grade aluminum for strength and rigidity.<br \/>\n<strong>Waterproof<\/strong> O-ring seals prevent moisture, dust and debris from penetrating for reliable performance in all environments.<br \/>\n<strong>Fogproof<\/strong> Argon gas purging prevents internal fogging over a wide range of temperatures.<br \/>\n<strong>Shockproof<\/strong> Rugged construction withstands recoil and impact.<br \/>\n<strong>Hard Anodized Finish<\/strong> Highly durable hard-coat anodization provides a low-glare matte surface and helps camouflage the shooter&#8217;s position.<br \/>\n<strong>ArmorTek \u00ae<\/strong> Ultra-hard, scratch-resistant coating protects exterior lenses from scratches, oil and dirt.<br \/>\n<strong>Tactical-Style Turrets<\/strong> Exposed turrets provide fast, accurate and easily read elevation and windage adjustments.<\/p>\n<p><strong><br \/>\nINTERNAL MECHANISM DESIGN FEATURES<\/strong><br \/>\n<strong>RZR\u2122 Zero Stop<\/strong> Rapid Zero Return (RZR) feature stops the turret from dialing below sight in range using rugged steel components. Internal mechanisms stay free of sand, dirt, dust, moisture and other foreign materials &#8211; even when setting the zero-stop position.<br \/>\n<strong>Precision-Force Spring System<\/strong> Uses premium components in the erector-spring system to ensure maximum repeatability and ease of adjustment.<br \/>\n<strong>Precision-Glide Erector<\/strong> System This system ensures the components in the zoom lens mechanism glide smoothly and cleanly <strong>through all magnification ranges.<\/strong><\/p>\n<p>CONVENIENCE FEATURES<br \/>\n<strong>Radius Bar Fiber<\/strong> optic turret rotation indicator provides a highly visible and tactile point of reference for turret rotations.<br \/>\n<strong>Fast Focus Eyepiece<\/strong> Allows quick and easy reticle focusing.<br \/>\n<strong>Built-In Accuracy Features<\/strong> Matching (MRAD turrets and reticles facilitate fast and accurate shooting at extended ranges. The patented fiber optic Radius Bar visually assists tracking turret rotations.<\/p>\n<p><a href=\"https:\/\/mildot.fi\/wp-content\/uploads\/2021\/02\/VTX_RFL-PST-2P_VPR_PST-G2_RS_P_PM_WEB.pdf\" target=\"_blank\" rel=\"noopener\">Product manual<\/a><br \/>\n<a href=\"https:\/\/mildot.fi\/wp-content\/uploads\/2021\/02\/VTX_M-00242-0_VPR_PST-G2_EBR-7C_MRAD_RS_P_RM_WEB.pdf\" target=\"_blank\" rel=\"noopener\">Reticle manual<\/a><br \/>\n<a href=\"https:\/\/mildot.fi\/wp-content\/uploads\/2021\/02\/VTX_PST-3156_PST-3159_PST-3155_PST-3158_PST-3151_PST-G2_RS_C_XVIEW_V1.pdf\" target=\"_blank\" rel=\"noopener\">Part diagram<\/a><\/p>\n<p class=\"responsive-video-wrap clr\"><iframe title=\"Vortex Viper PST Gen II Riflescope\" width=\"1200\" height=\"675\" src=\"https:\/\/www.youtube.com\/embed\/05YoeDw6G0g?feature=oembed\" frameborder=\"0\" allow=\"accelerometer; autoplay; clipboard-write; encrypted-media; gyroscope; picture-in-picture; web-share\" referrerpolicy=\"strict-origin-when-cross-origin\" allowfullscreen><\/iframe><\/p>\n<p class=\"responsive-video-wrap clr\"><iframe title=\"How To: Set the RZR Zero Stop | Vortex Optics\" width=\"1200\" height=\"675\" src=\"https:\/\/www.youtube.com\/embed\/HZsXGIY4RIY?feature=oembed\" frameborder=\"0\" allow=\"accelerometer; autoplay; clipboard-write; encrypted-media; gyroscope; picture-in-picture; web-share\" referrerpolicy=\"strict-origin-when-cross-origin\" allowfullscreen><\/iframe><\/p>\n","protected":false},"excerpt":{"rendered":"<p>The Viper PST Gen II brings you all the features of elite, top-tier tactical optics, with exceptional performance at a fraction of the cost. The 5x optical system delivers bright and crisp images across the zoom range with an impressive field of view for quicker target acquisition. Exposed turrets provide ample range of adjustment for dialing long-range shots, are available in MRAD and always match the reticle. After a day of dialing at extended ranges, the integrated, mechanical, RZR zero stop will bring you back to your exact zero every time with positive engagement.<\/p>\n<p><span style=\"color: red;\"><strong>ILMAINEN RAHTI T\u00c4LLE TUOTTEELLE, K\u00c4YT\u00c4 ALENNUSKOODIA: RAHTI-VIPER<\/strong><\/span><\/p>\n<p><span style=\"color: red;\">Please ask for a quote combining this riflescope with <a href=\"https:\/\/mildot.fi\/index.php\/product-category\/spuhr\/34mm-runkoputki-spuhr\/\">Spuhr ISMS mounts<\/a><\/span>. This is the perfect setup for the demanding shooter that wants the best.<\/p>\n<p>Do you wonder how high scope mount you will need? Try our <a href=\"https:\/\/mildot.fi\/index.php\/mildot-ring-height-calculator\/\">scope mount height calculator, <\/a>feel free to call or email us if you still have any questions.<\/p>\n","protected":false},"featured_media":15222,"comment_status":"open","ping_status":"closed","template":"","meta":{"ocean_post_layout":"","ocean_both_sidebars_style":"","ocean_both_sidebars_content_width":0,"ocean_both_sidebars_sidebars_width":0,"ocean_sidebar":"0","ocean_second_sidebar":"0","ocean_disable_margins":"enable","ocean_add_body_class":"","ocean_shortcode_before_top_bar":"","ocean_shortcode_after_top_bar":"","ocean_shortcode_before_header":"","ocean_shortcode_after_header":"","ocean_has_shortcode":"","ocean_shortcode_after_title":"","ocean_shortcode_before_footer_widgets":"","ocean_shortcode_after_footer_widgets":"","ocean_shortcode_before_footer_bottom":"","ocean_shortcode_after_footer_bottom":"","ocean_display_top_bar":"default","ocean_display_header":"default","ocean_header_style":"","ocean_center_header_left_menu":"0","ocean_custom_header_template":"0","ocean_custom_logo":0,"ocean_custom_retina_logo":0,"ocean_custom_logo_max_width":0,"ocean_custom_logo_tablet_max_width":0,"ocean_custom_logo_mobile_max_width":0,"ocean_custom_logo_max_height":0,"ocean_custom_logo_tablet_max_height":0,"ocean_custom_logo_mobile_max_height":0,"ocean_header_custom_menu":"0","ocean_menu_typo_font_family":"0","ocean_menu_typo_font_subset":"","ocean_menu_typo_font_size":0,"ocean_menu_typo_font_size_tablet":0,"ocean_menu_typo_font_size_mobile":0,"ocean_menu_typo_font_size_unit":"px","ocean_menu_typo_font_weight":"","ocean_menu_typo_font_weight_tablet":"","ocean_menu_typo_font_weight_mobile":"","ocean_menu_typo_transform":"","ocean_menu_typo_transform_tablet":"","ocean_menu_typo_transform_mobile":"","ocean_menu_typo_line_height":0,"ocean_menu_typo_line_height_tablet":0,"ocean_menu_typo_line_height_mobile":0,"ocean_menu_typo_line_height_unit":"","ocean_menu_typo_spacing":0,"ocean_menu_typo_spacing_tablet":0,"ocean_menu_typo_spacing_mobile":0,"ocean_menu_typo_spacing_unit":"","ocean_menu_link_color":"","ocean_menu_link_color_hover":"","ocean_menu_link_color_active":"","ocean_menu_link_background":"","ocean_menu_link_hover_background":"","ocean_menu_link_active_background":"","ocean_menu_social_links_bg":"","ocean_menu_social_hover_links_bg":"","ocean_menu_social_links_color":"","ocean_menu_social_hover_links_color":"","ocean_disable_title":"default","ocean_disable_heading":"default","ocean_post_title":"","ocean_post_subheading":"","ocean_post_title_style":"","ocean_post_title_background_color":"","ocean_post_title_background":0,"ocean_post_title_bg_image_position":"","ocean_post_title_bg_image_attachment":"","ocean_post_title_bg_image_repeat":"","ocean_post_title_bg_image_size":"","ocean_post_title_height":0,"ocean_post_title_bg_overlay":0.5,"ocean_post_title_bg_overlay_color":"","ocean_disable_breadcrumbs":"default","ocean_breadcrumbs_color":"","ocean_breadcrumbs_separator_color":"","ocean_breadcrumbs_links_color":"","ocean_breadcrumbs_links_hover_color":"","ocean_display_footer_widgets":"default","ocean_display_footer_bottom":"default","ocean_custom_footer_template":"0","jetpack_publicize_message":"","jetpack_publicize_feature_enabled":true,"jetpack_social_post_already_shared":true,"jetpack_social_options":{"image_generator_settings":{"template":"highway","default_image_id":0,"font":"","enabled":false},"version":2}},"pwb-brand":[543],"product_brand":[],"product_cat":[18,17,126],"product_tag":[2110,2060,149,24,2109,2468,2111,2082,25,20],"class_list":{"0":"post-8099","1":"product","2":"type-product","3":"status-publish","4":"has-post-thumbnail","6":"pwb-brand-vortex","7":"product_cat-kiikaritahtaimet","8":"product_cat-optiikka","9":"product_cat-vortex-optics","10":"product_tag-3-15x","11":"product_tag-ebr-7c","12":"product_tag-kiikaritahtain","13":"product_tag-mrad","14":"product_tag-pst-gen-ii","15":"product_tag-pst-3159","16":"product_tag-rzr-stop","17":"product_tag-tactical","18":"product_tag-viper","19":"product_tag-vortex","21":"entry","22":"has-media","24":"first","25":"instock","26":"taxable","27":"shipping-taxable","28":"purchasable","29":"product-type-simple","30":"has-product-nav","31":"col","32":"span_1_of_4","33":"owp-content-center","34":"owp-thumbs-layout-horizontal","35":"owp-btn-normal","36":"owp-tabs-layout-horizontal"},"jetpack_publicize_connections":[],"jetpack_sharing_enabled":true,"brands":[{"id":543,"name":"Vortex","slug":"vortex"}],"_links":{"self":[{"href":"https:\/\/mildot.fi\/index.php\/wp-json\/wp\/v2\/product\/8099","targetHints":{"allow":["GET"]}}],"collection":[{"href":"https:\/\/mildot.fi\/index.php\/wp-json\/wp\/v2\/product"}],"about":[{"href":"https:\/\/mildot.fi\/index.php\/wp-json\/wp\/v2\/types\/product"}],"replies":[{"embeddable":true,"href":"https:\/\/mildot.fi\/index.php\/wp-json\/wp\/v2\/comments?post=8099"}],"wp:featuredmedia":[{"embeddable":true,"href":"https:\/\/mildot.fi\/index.php\/wp-json\/wp\/v2\/media\/15222"}],"wp:attachment":[{"href":"https:\/\/mildot.fi\/index.php\/wp-json\/wp\/v2\/media?parent=8099"}],"wp:term":[{"taxonomy":"pwb-brand","embeddable":true,"href":"https:\/\/mildot.fi\/index.php\/wp-json\/wp\/v2\/pwb-brand?post=8099"},{"taxonomy":"product_brand","embeddable":true,"href":"https:\/\/mildot.fi\/index.php\/wp-json\/wp\/v2\/product_brand?post=8099"},{"taxonomy":"product_cat","embeddable":true,"href":"https:\/\/mildot.fi\/index.php\/wp-json\/wp\/v2\/product_cat?post=8099"},{"taxonomy":"product_tag","embeddable":true,"href":"https:\/\/mildot.fi\/index.php\/wp-json\/wp\/v2\/product_tag?post=8099"}],"curies":[{"name":"wp","href":"https:\/\/api.w.org\/{rel}","templated":true}]}}