{"id":7981,"date":"2021-08-03T11:08:10","date_gmt":"2021-08-03T09:08:10","guid":{"rendered":"https:\/\/mildot.fi\/?post_type=product&#038;p=7981"},"modified":"2026-01-26T15:50:58","modified_gmt":"2026-01-26T13:50:58","slug":"ampumatukipussi_m05-iso","status":"publish","type":"product","link":"https:\/\/mildot.fi\/index.php\/product\/ampumatukipussi_m05-iso\/","title":{"rendered":"Ampumatukipussi kantikas M05 &#8211; Iso"},"content":{"rendered":"<p>Takatukin alle tarkoitettu perinteinen ampumatukipussi on pitk\u00e4\u00e4n ollut (noin 33cl purkin) muotoinen pussi. Kes\u00e4n aikana useampi kyseli kantikkaan takapussin per\u00e4\u00e4n, ett\u00e4 saisi kolme peruskorkeuutta jota ampuja pystyisi hienos\u00e4\u00e4t\u00e4m\u00e4\u00e4n puristamalla pussia kasaan.<\/p>\n<p>Tukipussi on kotimainen tuote ja voit ostaa sen suoraan meilt\u00e4!<\/p>\n<p>Ampumatukipussi on valmistettu M05 kuvioisesta vahvasta Foxdura 1000D kankaasta, pussin reunasaumaan on ommeltu lenkki polyester nauhasta, voit kiinnitt\u00e4\u00e4 pussi aseeseen tai omiin vaatteisiin ett\u00e4 pussi varmasti pysyisi mukana ripe\u00e4m\u00e4ss\u00e4kin toiminnassa.<\/p>\n<p>Tilauksesta my\u00f6s muissa v\u00e4reiss\u00e4 (katso tuotekuvat) polyester 600D kankaasta, toimitusaika +3-5 p\u00e4iv\u00e4\u00e4.<\/p>\n<p>Koko: noin 15&#215;8.5&#215;6,5cm<br \/>\nT\u00e4yte:<br \/>\n1. Muovigranulaatti(kokonaispaino noin 0,78kg)\u00a0 tai<br \/>\n2. EPS-kuulat (kokonaispaino noin 50gramma).<\/p>\n<p>Muita v\u00e4rej\u00e4 (musta, vihre\u00e4, sininen, tummansininen, punainen, viininpunainen, beige, keltainen, oranssi, turkoosi) tilauksesta +10\u20ac, toimtitusaika on yleens\u00e4 noin 4-5 p\u00e4iv\u00e4\u00e4.<\/p>\n<p>Jos mielummin valmistat oman pussin itse niin meilt\u00e4 l\u00f6yd\u00e4t kankaat, t\u00e4ytteet ja hihnanauhat y.m.<\/p>\n","protected":false},"excerpt":{"rendered":"<p>Takatukin alle tarkoitettu perinteinen ampumatukipussi on pitk\u00e4\u00e4n ollut (noin 33cl purkin) muotoinen pussi. Kes\u00e4n aikana useampi kyseli kantikkaan takapussin per\u00e4\u00e4n, ett\u00e4 saisi kolme peruskorkeuutta jota ampuja pystyisi hienos\u00e4\u00e4t\u00e4m\u00e4\u00e4n puristamalla pussia kasaan. Tukipussi on kotimainen tuote ja voit ostaa sen suoraan meilt\u00e4! Ampumatukipussi on valmistettu M05 kuvioisesta vahvasta Foxdura 1000D kankaasta, pussin reunasaumaan on ommeltu lenkki [&hellip;]<\/p>\n","protected":false},"featured_media":12366,"comment_status":"open","ping_status":"closed","template":"","meta":{"ocean_post_layout":"","ocean_both_sidebars_style":"","ocean_both_sidebars_content_width":0,"ocean_both_sidebars_sidebars_width":0,"ocean_sidebar":"0","ocean_second_sidebar":"0","ocean_disable_margins":"enable","ocean_add_body_class":"","ocean_shortcode_before_top_bar":"","ocean_shortcode_after_top_bar":"","ocean_shortcode_before_header":"","ocean_shortcode_after_header":"","ocean_has_shortcode":"","ocean_shortcode_after_title":"","ocean_shortcode_before_footer_widgets":"","ocean_shortcode_after_footer_widgets":"","ocean_shortcode_before_footer_bottom":"","ocean_shortcode_after_footer_bottom":"","ocean_display_top_bar":"default","ocean_display_header":"default","ocean_header_style":"","ocean_center_header_left_menu":"0","ocean_custom_header_template":"0","ocean_custom_logo":0,"ocean_custom_retina_logo":0,"ocean_custom_logo_max_width":0,"ocean_custom_logo_tablet_max_width":0,"ocean_custom_logo_mobile_max_width":0,"ocean_custom_logo_max_height":0,"ocean_custom_logo_tablet_max_height":0,"ocean_custom_logo_mobile_max_height":0,"ocean_header_custom_menu":"0","ocean_menu_typo_font_family":"0","ocean_menu_typo_font_subset":"","ocean_menu_typo_font_size":0,"ocean_menu_typo_font_size_tablet":0,"ocean_menu_typo_font_size_mobile":0,"ocean_menu_typo_font_size_unit":"px","ocean_menu_typo_font_weight":"","ocean_menu_typo_font_weight_tablet":"","ocean_menu_typo_font_weight_mobile":"","ocean_menu_typo_transform":"","ocean_menu_typo_transform_tablet":"","ocean_menu_typo_transform_mobile":"","ocean_menu_typo_line_height":0,"ocean_menu_typo_line_height_tablet":0,"ocean_menu_typo_line_height_mobile":0,"ocean_menu_typo_line_height_unit":"","ocean_menu_typo_spacing":0,"ocean_menu_typo_spacing_tablet":0,"ocean_menu_typo_spacing_mobile":0,"ocean_menu_typo_spacing_unit":"","ocean_menu_link_color":"","ocean_menu_link_color_hover":"","ocean_menu_link_color_active":"","ocean_menu_link_background":"","ocean_menu_link_hover_background":"","ocean_menu_link_active_background":"","ocean_menu_social_links_bg":"","ocean_menu_social_hover_links_bg":"","ocean_menu_social_links_color":"","ocean_menu_social_hover_links_color":"","ocean_disable_title":"default","ocean_disable_heading":"default","ocean_post_title":"","ocean_post_subheading":"","ocean_post_title_style":"","ocean_post_title_background_color":"","ocean_post_title_background":0,"ocean_post_title_bg_image_position":"","ocean_post_title_bg_image_attachment":"","ocean_post_title_bg_image_repeat":"","ocean_post_title_bg_image_size":"","ocean_post_title_height":0,"ocean_post_title_bg_overlay":0.5,"ocean_post_title_bg_overlay_color":"","ocean_disable_breadcrumbs":"default","ocean_breadcrumbs_color":"","ocean_breadcrumbs_separator_color":"","ocean_breadcrumbs_links_color":"","ocean_breadcrumbs_links_hover_color":"","ocean_display_footer_widgets":"default","ocean_display_footer_bottom":"default","ocean_custom_footer_template":"0","jetpack_publicize_message":"","jetpack_publicize_feature_enabled":true,"jetpack_social_post_already_shared":true,"jetpack_social_options":{"image_generator_settings":{"template":"highway","default_image_id":0,"font":"","enabled":false},"version":2}},"pwb-brand":[812,570],"product_brand":[],"product_cat":[299],"product_tag":[2097,2907,2143,80,98,2263,2906,2309,2905,2903,302,2902,2908,105,2904],"class_list":{"0":"post-7981","1":"product","2":"type-product","3":"status-publish","4":"has-post-thumbnail","6":"pwb-brand-foxa","7":"pwb-brand-mildot","8":"product_cat-ampumatuet","9":"product_tag-ampumatukipussi","10":"product_tag-beige","11":"product_tag-keltainen","12":"product_tag-m05","13":"product_tag-mildot","14":"product_tag-musta","15":"product_tag-oranssi","16":"product_tag-perapussi","17":"product_tag-punainen","18":"product_tag-sininen","19":"product_tag-tukipussi","20":"product_tag-tummansininen","21":"product_tag-turkoosi","22":"product_tag-vihrea","23":"product_tag-viininpunainen","25":"entry","26":"has-media","28":"first","29":"instock","30":"taxable","31":"shipping-taxable","32":"purchasable","33":"product-type-variable","34":"has-default-attributes","35":"has-product-nav","36":"col","37":"span_1_of_4","38":"owp-content-center","39":"owp-thumbs-layout-horizontal","40":"owp-btn-normal","41":"owp-tabs-layout-horizontal"},"jetpack_publicize_connections":[],"jetpack_sharing_enabled":true,"brands":[{"id":812,"name":"Foxa","slug":"foxa"},{"id":570,"name":"Mildot","slug":"mildot"}],"_links":{"self":[{"href":"https:\/\/mildot.fi\/index.php\/wp-json\/wp\/v2\/product\/7981","targetHints":{"allow":["GET"]}}],"collection":[{"href":"https:\/\/mildot.fi\/index.php\/wp-json\/wp\/v2\/product"}],"about":[{"href":"https:\/\/mildot.fi\/index.php\/wp-json\/wp\/v2\/types\/product"}],"replies":[{"embeddable":true,"href":"https:\/\/mildot.fi\/index.php\/wp-json\/wp\/v2\/comments?post=7981"}],"wp:featuredmedia":[{"embeddable":true,"href":"https:\/\/mildot.fi\/index.php\/wp-json\/wp\/v2\/media\/12366"}],"wp:attachment":[{"href":"https:\/\/mildot.fi\/index.php\/wp-json\/wp\/v2\/media?parent=7981"}],"wp:term":[{"taxonomy":"pwb-brand","embeddable":true,"href":"https:\/\/mildot.fi\/index.php\/wp-json\/wp\/v2\/pwb-brand?post=7981"},{"taxonomy":"product_brand","embeddable":true,"href":"https:\/\/mildot.fi\/index.php\/wp-json\/wp\/v2\/product_brand?post=7981"},{"taxonomy":"product_cat","embeddable":true,"href":"https:\/\/mildot.fi\/index.php\/wp-json\/wp\/v2\/product_cat?post=7981"},{"taxonomy":"product_tag","embeddable":true,"href":"https:\/\/mildot.fi\/index.php\/wp-json\/wp\/v2\/product_tag?post=7981"}],"curies":[{"name":"wp","href":"https:\/\/api.w.org\/{rel}","templated":true}]}}