{"id":7957,"date":"2020-12-20T13:33:19","date_gmt":"2020-12-20T11:33:19","guid":{"rendered":"https:\/\/mildot.fi\/?post_type=product&#038;p=7957"},"modified":"2024-02-25T14:45:59","modified_gmt":"2024-02-25T12:45:59","slug":"triggertech-ar9-adaptable-curved-black","status":"publish","type":"product","link":"https:\/\/mildot.fi\/index.php\/product\/triggertech-ar9-adaptable-curved-black\/","title":{"rendered":"Triggertech AR-9 Adaptable Curved Black"},"content":{"rendered":"<p class=\"tws-article-description--article-number ng-binding ng-scope\">Article no.: AR9-TBB-36-NNC<\/p>\n<div class=\"tws-article-description--text-container\">\n<div class=\"tws-article-description--text ng-binding\">Trigger Control DetailsLever Type: Curved<br \/>\nZero Creep\u2122: Yes<br \/>\nTotal Pull Weight: 1,588 g &#8211; 2,722 g\/3.5lbs &#8211; 6.00lbs<br \/>\nTKR\u2122: Yes &#8211; Min Overtravel<br \/>\nCLKR\u2122: Yes &#8211; Inc. Adjustable<br \/>\nFlat Wire\u2122: Yes &#8211; Hard Primer Compatible<br \/>\nTake Up Distance: 0.035&#8243;<br \/>\nOvertravel: Sub 0.015&#8243;<br \/>\nReset: Sub 0.030&#8243;<br \/>\nPin Size: Mil Spec 0.154&#8243;<br \/>\nMaterial: 7075 Aluminum &amp; Stainless Internals<br \/>\nWeapon Platform: 9 mm AR-systems ( <b>Note:<\/b> For Aero Precision EPC&#8217;s, use SIG MPX triggers!\u00a0 )<br \/>\nWarranty: Product Lifetime<\/p>\n<h3 class=\"paragraph\"><strong>Material Details<\/strong><\/h3>\n<div class=\"paragraph\"><strong>Housing:<\/strong> 7075 Aluminum (anodized)<\/div>\n<div class=\"paragraph\"><strong>Key Components:<\/strong> 440C Stainless Steel<\/div>\n<div class=\"paragraph\"><strong>PVD Black<\/strong> \u2013 PVD stands for Physical Vapour Deposition. It is a hard and durable coating that is applied to external stainless components to give them a clean black color.<\/div>\n<div class=\"paragraph\">\n<h3 class=\"paragraph\"><strong>Full Description<\/strong><\/h3>\n<p>Our Pistol Caliber Carbine Triggers are built for top competitive shooters to offer the most accurate and dependable trigger on the market. Featuring Zero Creep Technology\u2122, this drop-in trigger has a short, two-stage action, designed to feel like a 1911 trigger, that provides a true zero-creep break, extremely short overtravel, a sub 0.015\u201d tactical reset and offers outstanding reliability, even in the harshest environments. Utilizing CLKR Technology\u2122, the pull weight is quickly and confidently adjusted in 2oz increments from a set screw with the trigger installed. Due to there being truly zero creep, most shooters report the pull weights feeling ~0.5lbs lighter than a friction-based trigger of the same measured pull weight. Changing the pull weight does not affect hammer force so you get dependable primer strikes at every weight. Frictionless Release Technology\u2122, along with hardened 440C stainless steel internal components ensure corrosion resistance and an extended service life. As Zero Creep Technology\u2122 does not rely on coating, polishing or lubricating the key engagement surfaces, trigger pulls will be more consistent from shot to shot and after thousands of shots than you ever thought possible.All pull weights and measurements are approximate.<\/p>\n<p>The installation guide is directed to experienced professional gunsmiths who understand the workings of their AR rifle and know how to fully detail strip the lower receiver. If you do not have these skills, we strongly suggest you retain the services of a competent professional gunsmith to install your trigger and perform all important safety checks.<\/p>\n<p>Download the instruction manual\u00a0<strong><a href=\"https:\/\/mildot.fi\/wp-content\/uploads\/2021\/08\/AR15_Instructions.pdf\" target=\"_blank\" rel=\"noopener\">here.<\/a><\/strong><\/p>\n<p>The AR-9 trigger\u2019s hammer design has more mass compared to our AR15 model, which increases inertia. The Center of Percussion is also lower in comparison to AR15, which is specific to the AR-9 platform. This allows maximum energy delivery upon impact with the firing pin, while reducing vibration and wear.<\/p>\n<\/div>\n<\/div>\n<\/div>\n","protected":false},"excerpt":{"rendered":"<p>The Adaptable AR-9 Trigger was built to satisfy the demand of having one trigger capable of enhancing the accuracy and precision of the AR-9 in every role.<\/p>\n<p>Intended Use<br \/>\n3 Gun, competition, harsh environments operations, high speed shooting, long range hunting, precision shooting, target shooting, varmint hunting.<\/p>\n<p>&nbsp;<\/p>\n<p><span style=\"color: red;\"><strong>ILMAINEN RAHTI T\u00c4LLE TUOTTEELLE, K\u00c4YT\u00c4 ALENNUSKOODIA: RAHTI-TRIGGERTECH<\/strong><\/span><\/p>\n","protected":false},"featured_media":7929,"comment_status":"open","ping_status":"closed","template":"","meta":{"ocean_post_layout":"","ocean_both_sidebars_style":"","ocean_both_sidebars_content_width":0,"ocean_both_sidebars_sidebars_width":0,"ocean_sidebar":"0","ocean_second_sidebar":"0","ocean_disable_margins":"enable","ocean_add_body_class":"","ocean_shortcode_before_top_bar":"","ocean_shortcode_after_top_bar":"","ocean_shortcode_before_header":"","ocean_shortcode_after_header":"","ocean_has_shortcode":"","ocean_shortcode_after_title":"","ocean_shortcode_before_footer_widgets":"","ocean_shortcode_after_footer_widgets":"","ocean_shortcode_before_footer_bottom":"","ocean_shortcode_after_footer_bottom":"","ocean_display_top_bar":"default","ocean_display_header":"default","ocean_header_style":"","ocean_center_header_left_menu":"0","ocean_custom_header_template":"0","ocean_custom_logo":0,"ocean_custom_retina_logo":0,"ocean_custom_logo_max_width":0,"ocean_custom_logo_tablet_max_width":0,"ocean_custom_logo_mobile_max_width":0,"ocean_custom_logo_max_height":0,"ocean_custom_logo_tablet_max_height":0,"ocean_custom_logo_mobile_max_height":0,"ocean_header_custom_menu":"0","ocean_menu_typo_font_family":"0","ocean_menu_typo_font_subset":"","ocean_menu_typo_font_size":0,"ocean_menu_typo_font_size_tablet":0,"ocean_menu_typo_font_size_mobile":0,"ocean_menu_typo_font_size_unit":"px","ocean_menu_typo_font_weight":"","ocean_menu_typo_font_weight_tablet":"","ocean_menu_typo_font_weight_mobile":"","ocean_menu_typo_transform":"","ocean_menu_typo_transform_tablet":"","ocean_menu_typo_transform_mobile":"","ocean_menu_typo_line_height":0,"ocean_menu_typo_line_height_tablet":0,"ocean_menu_typo_line_height_mobile":0,"ocean_menu_typo_line_height_unit":"","ocean_menu_typo_spacing":0,"ocean_menu_typo_spacing_tablet":0,"ocean_menu_typo_spacing_mobile":0,"ocean_menu_typo_spacing_unit":"","ocean_menu_link_color":"","ocean_menu_link_color_hover":"","ocean_menu_link_color_active":"","ocean_menu_link_background":"","ocean_menu_link_hover_background":"","ocean_menu_link_active_background":"","ocean_menu_social_links_bg":"","ocean_menu_social_hover_links_bg":"","ocean_menu_social_links_color":"","ocean_menu_social_hover_links_color":"","ocean_disable_title":"default","ocean_disable_heading":"default","ocean_post_title":"","ocean_post_subheading":"","ocean_post_title_style":"","ocean_post_title_background_color":"","ocean_post_title_background":0,"ocean_post_title_bg_image_position":"","ocean_post_title_bg_image_attachment":"","ocean_post_title_bg_image_repeat":"","ocean_post_title_bg_image_size":"","ocean_post_title_height":0,"ocean_post_title_bg_overlay":0.5,"ocean_post_title_bg_overlay_color":"","ocean_disable_breadcrumbs":"default","ocean_breadcrumbs_color":"","ocean_breadcrumbs_separator_color":"","ocean_breadcrumbs_links_color":"","ocean_breadcrumbs_links_hover_color":"","ocean_display_footer_widgets":"default","ocean_display_footer_bottom":"default","ocean_custom_footer_template":"0","jetpack_publicize_message":"","jetpack_publicize_feature_enabled":true,"jetpack_social_post_already_shared":true,"jetpack_social_options":{"image_generator_settings":{"template":"highway","default_image_id":0,"font":"","enabled":false},"version":2}},"pwb-brand":[1717],"product_brand":[],"product_cat":[2667,1716],"product_tag":[1967,1973,1972,2407,1737,2089,1959,2088,1740,2127,1960,1958,1730],"class_list":{"0":"post-7957","1":"product","2":"type-product","3":"status-publish","4":"has-post-thumbnail","6":"pwb-brand-triggertech","7":"product_cat-ar9","8":"product_cat-laukaisukoneistot-triggertech","9":"product_tag-adaptable","10":"product_tag-ar-9","11":"product_tag-ar9","12":"product_tag-ar9-tbb-36-nnc","13":"product_tag-black","14":"product_tag-kaareva","15":"product_tag-laukaisukoneisto","16":"product_tag-laukaisulaite","17":"product_tag-liipaisin","18":"product_tag-pcc","19":"product_tag-saadettava","20":"product_tag-trigger","21":"product_tag-triggertech","23":"entry","24":"has-media","26":"first","27":"instock","28":"taxable","29":"shipping-taxable","30":"purchasable","31":"product-type-simple","32":"has-product-nav","33":"col","34":"span_1_of_4","35":"owp-content-center","36":"owp-thumbs-layout-horizontal","37":"owp-btn-normal","38":"owp-tabs-layout-horizontal"},"jetpack_publicize_connections":[],"jetpack_sharing_enabled":true,"brands":[{"id":1717,"name":"Triggertech","slug":"triggertech"}],"_links":{"self":[{"href":"https:\/\/mildot.fi\/index.php\/wp-json\/wp\/v2\/product\/7957","targetHints":{"allow":["GET"]}}],"collection":[{"href":"https:\/\/mildot.fi\/index.php\/wp-json\/wp\/v2\/product"}],"about":[{"href":"https:\/\/mildot.fi\/index.php\/wp-json\/wp\/v2\/types\/product"}],"replies":[{"embeddable":true,"href":"https:\/\/mildot.fi\/index.php\/wp-json\/wp\/v2\/comments?post=7957"}],"wp:featuredmedia":[{"embeddable":true,"href":"https:\/\/mildot.fi\/index.php\/wp-json\/wp\/v2\/media\/7929"}],"wp:attachment":[{"href":"https:\/\/mildot.fi\/index.php\/wp-json\/wp\/v2\/media?parent=7957"}],"wp:term":[{"taxonomy":"pwb-brand","embeddable":true,"href":"https:\/\/mildot.fi\/index.php\/wp-json\/wp\/v2\/pwb-brand?post=7957"},{"taxonomy":"product_brand","embeddable":true,"href":"https:\/\/mildot.fi\/index.php\/wp-json\/wp\/v2\/product_brand?post=7957"},{"taxonomy":"product_cat","embeddable":true,"href":"https:\/\/mildot.fi\/index.php\/wp-json\/wp\/v2\/product_cat?post=7957"},{"taxonomy":"product_tag","embeddable":true,"href":"https:\/\/mildot.fi\/index.php\/wp-json\/wp\/v2\/product_tag?post=7957"}],"curies":[{"name":"wp","href":"https:\/\/api.w.org\/{rel}","templated":true}]}}