{"id":7890,"date":"2020-12-18T10:36:09","date_gmt":"2020-12-18T08:36:09","guid":{"rendered":"https:\/\/mildot.fi\/?post_type=product&#038;p=7890"},"modified":"2023-04-15T06:55:54","modified_gmt":"2023-04-15T04:55:54","slug":"essu-m05","status":"publish","type":"product","link":"https:\/\/mildot.fi\/index.php\/product\/essu-m05\/","title":{"rendered":"Essu &#8211; Esiliina-  M05 -Tactical edition 2020"},"content":{"rendered":"<p>Valmistettu kovempaan taktisen kokkaukseen tarkoitettu essu.<\/p>\n<p>Alusta loppuun saakka meid\u00e4n kotimaista k\u00e4sity\u00f6t\u00e4!<\/p>\n<p>T\u00e4m\u00e4 vuosi on ollut monelle kova kun kuvioon tuli tuo Kiina-virus ja sekoitti tilanteen. T\u00e4m\u00e4 essu tuo hyv\u00e4n suojan kun rasva roiskuu grillin tai hellan \u00e4\u00e4ress\u00e4 mutta kasvomaskin tarvetta se ei poista kun tapaat muita ihmisi\u00e4.<\/p>\n<p>Kankaaksi on valittu vahvaa Suomalaista designia ja monelle tuttua Foxa Foxdura 1000D, 19mm reunavaihvistuksessa ja 25mm PALS-lenkeiss\u00e4 on k\u00e4ytetty polyesternauhaa jossa on kest\u00e4vyyden lis\u00e4ksi otettu huomioon sen NIR ominaisuudet.<\/p>\n<p>Niska- ja vy\u00f6t\u00e4r\u00f6hihnat ovat helposti s\u00e4\u00e4dett\u00e4viss\u00e4 jos tilanne niin vaatii, joten reilun kokoinen sotilas mahtuu helposti essun taakse suojaan kokkailutilanteen niin vaatiessa.<\/p>\n<p>Rinnan p\u00e4\u00e4ll\u00e4 on iso velcropinta nimilapulle ja arvomerkeille.<br \/>\nVatsan korkeudella on kaksi isoa litte\u00e4\u00e4 taskua &#8220;taisteluv\u00e4lineille&#8221;jokaiseen taskuun mahtuu helposti kolmet isot AR-lippaat, taskujen p\u00e4\u00e4ll\u00e4 on reilusti PALS-lenkkej\u00e4 lis\u00e4taskuja tms. varten.<\/p>\n<p>Parin tunnin kest\u00e4v\u00e4ss\u00e4 ns. kentt\u00e4testiss\u00e4 hellan \u00e4\u00e4ress\u00e4 sujui kaikkihyvin, ja t\u00e4ss\u00e4 seuraa tuhti resepti jos haluat reilun annoksen:<\/p>\n<p><strong>L\u00e4ttytaikina<\/strong><\/p>\n<p>2 litraa maitoa<br \/>\nNoin 9-11 dl vehn\u00e4jauhoa (riippuen miten kauan voit antaa sen seist\u00e4 ennen paistamista). Osan jauhoista voin hyvin kovata t\u00e4ysjyv\u00e4 grahami jauhoilla.<br \/>\n1,5-1,75 tl suolaa<br \/>\n11 kanamunaa<br \/>\nrasvaa paistamiseen.<\/p>\n<p><strong>L\u00e4ttyjen t\u00e4yte: P\u00e4\u00e4ruoka \/Suolainen<\/strong><\/p>\n<p>700g jauhelihaa paistettuna<br \/>\n2 purkkia valkoisia papuja tomaattikastikkeessa<br \/>\npippuria murskattuna, m\u00e4\u00e4r\u00e4 maun mukaan<br \/>\nsoyakastiketta<br \/>\nCaynnepippuria, muista aloittaa pinest\u00e4 m\u00e4\u00e4r\u00e4st\u00e4!<br \/>\njauhelihamauste (tai erkiseen oregano, basilika, paprikapulveria )<br \/>\n200g herne-maissi-paprika pakastepussi<br \/>\n1-2 punasipulia hienoksi paloiteltuna ja kuulotettu ennen kun lis\u00e4\u00e4t sen jauhelihan sekaan.<\/p>\n<p>L\u00e4tyn t\u00e4ytteen p\u00e4\u00e4lle v\u00e4h\u00e4n ekstraa: juustoraaste, tacokastike, kermaviili, kurkku, maissi ja paprika.<br \/>\nRullaa komeus yhteen ja nauti!<\/p>\n<p><strong>L\u00e4ttyjen t\u00e4yte: J\u00e4lkiruoka\/Makea<\/strong><br \/>\n(T\u00e4m\u00e4 ei kai vaadi niin paljon selityst\u00e4&#8230; kaikkea makeata maun mukaan!\u00a0 \ud83d\ude09<br \/>\nJ\u00e4\u00e4tel\u00f6<br \/>\nhillo<br \/>\nmarjat<br \/>\nbanaani<br \/>\nsokeri<br \/>\nhunaja<br \/>\npurkkipersikka sokeriliemess\u00e4<br \/>\npurkkimandariini sokeriliemess\u00e4<\/p>\n<p>&nbsp;<\/p>\n<p>&nbsp;<\/p>\n","protected":false},"excerpt":{"rendered":"<p>Valmistettu kovempaan taktisen kokkaukseen tarkoitettu essu. Alusta loppuun saakka meid\u00e4n kotimaista k\u00e4sity\u00f6t\u00e4! T\u00e4m\u00e4 vuosi on ollut monelle kova kun kuvioon tuli tuo Kiina-virus ja sekoitti tilanteen. T\u00e4m\u00e4 essu tuo hyv\u00e4n suojan kun rasva roiskuu grillin tai hellan \u00e4\u00e4ress\u00e4 mutta kasvomaskin tarvetta se ei poista kun tapaat muita ihmisi\u00e4. Kankaaksi on valittu vahvaa Suomalaista designia ja [&hellip;]<\/p>\n","protected":false},"featured_media":7886,"comment_status":"open","ping_status":"closed","template":"","meta":{"ocean_post_layout":"","ocean_both_sidebars_style":"","ocean_both_sidebars_content_width":0,"ocean_both_sidebars_sidebars_width":0,"ocean_sidebar":"0","ocean_second_sidebar":"0","ocean_disable_margins":"enable","ocean_add_body_class":"","ocean_shortcode_before_top_bar":"","ocean_shortcode_after_top_bar":"","ocean_shortcode_before_header":"","ocean_shortcode_after_header":"","ocean_has_shortcode":"","ocean_shortcode_after_title":"","ocean_shortcode_before_footer_widgets":"","ocean_shortcode_after_footer_widgets":"","ocean_shortcode_before_footer_bottom":"","ocean_shortcode_after_footer_bottom":"","ocean_display_top_bar":"default","ocean_display_header":"default","ocean_header_style":"","ocean_center_header_left_menu":"0","ocean_custom_header_template":"0","ocean_custom_logo":0,"ocean_custom_retina_logo":0,"ocean_custom_logo_max_width":0,"ocean_custom_logo_tablet_max_width":0,"ocean_custom_logo_mobile_max_width":0,"ocean_custom_logo_max_height":0,"ocean_custom_logo_tablet_max_height":0,"ocean_custom_logo_mobile_max_height":0,"ocean_header_custom_menu":"0","ocean_menu_typo_font_family":"0","ocean_menu_typo_font_subset":"","ocean_menu_typo_font_size":0,"ocean_menu_typo_font_size_tablet":0,"ocean_menu_typo_font_size_mobile":0,"ocean_menu_typo_font_size_unit":"px","ocean_menu_typo_font_weight":"","ocean_menu_typo_font_weight_tablet":"","ocean_menu_typo_font_weight_mobile":"","ocean_menu_typo_transform":"","ocean_menu_typo_transform_tablet":"","ocean_menu_typo_transform_mobile":"","ocean_menu_typo_line_height":0,"ocean_menu_typo_line_height_tablet":0,"ocean_menu_typo_line_height_mobile":0,"ocean_menu_typo_line_height_unit":"","ocean_menu_typo_spacing":0,"ocean_menu_typo_spacing_tablet":0,"ocean_menu_typo_spacing_mobile":0,"ocean_menu_typo_spacing_unit":"","ocean_menu_link_color":"","ocean_menu_link_color_hover":"","ocean_menu_link_color_active":"","ocean_menu_link_background":"","ocean_menu_link_hover_background":"","ocean_menu_link_active_background":"","ocean_menu_social_links_bg":"","ocean_menu_social_hover_links_bg":"","ocean_menu_social_links_color":"","ocean_menu_social_hover_links_color":"","ocean_disable_title":"default","ocean_disable_heading":"default","ocean_post_title":"","ocean_post_subheading":"","ocean_post_title_style":"","ocean_post_title_background_color":"","ocean_post_title_background":0,"ocean_post_title_bg_image_position":"","ocean_post_title_bg_image_attachment":"","ocean_post_title_bg_image_repeat":"","ocean_post_title_bg_image_size":"","ocean_post_title_height":0,"ocean_post_title_bg_overlay":0.5,"ocean_post_title_bg_overlay_color":"","ocean_disable_breadcrumbs":"default","ocean_breadcrumbs_color":"","ocean_breadcrumbs_separator_color":"","ocean_breadcrumbs_links_color":"","ocean_breadcrumbs_links_hover_color":"","ocean_display_footer_widgets":"default","ocean_display_footer_bottom":"default","ocean_custom_footer_template":"0","jetpack_publicize_message":"","jetpack_publicize_feature_enabled":true,"jetpack_social_post_already_shared":true,"jetpack_social_options":{"image_generator_settings":{"template":"highway","default_image_id":0,"font":"","enabled":false},"version":2}},"pwb-brand":[812,570],"product_brand":[],"product_cat":[162,233],"product_tag":[236,81,2078,2085,2084,234,235,82],"class_list":{"0":"post-7890","1":"product","2":"type-product","3":"status-publish","4":"has-post-thumbnail","6":"pwb-brand-foxa","7":"pwb-brand-mildot","8":"product_cat-mildot","9":"product_cat-tekstiilit","10":"product_tag-1000d","11":"product_tag-camo","12":"product_tag-camoflage","13":"product_tag-esiliina","14":"product_tag-essu","15":"product_tag-foxa","16":"product_tag-foxdura","17":"product_tag-maastokuvio","19":"entry","20":"has-media","22":"first","23":"instock","24":"taxable","25":"shipping-taxable","26":"purchasable","27":"product-type-simple","28":"has-product-nav","29":"col","30":"span_1_of_4","31":"owp-content-center","32":"owp-thumbs-layout-horizontal","33":"owp-btn-normal","34":"owp-tabs-layout-horizontal"},"jetpack_publicize_connections":[],"jetpack_sharing_enabled":true,"brands":[{"id":812,"name":"Foxa","slug":"foxa"},{"id":570,"name":"Mildot","slug":"mildot"}],"_links":{"self":[{"href":"https:\/\/mildot.fi\/index.php\/wp-json\/wp\/v2\/product\/7890","targetHints":{"allow":["GET"]}}],"collection":[{"href":"https:\/\/mildot.fi\/index.php\/wp-json\/wp\/v2\/product"}],"about":[{"href":"https:\/\/mildot.fi\/index.php\/wp-json\/wp\/v2\/types\/product"}],"replies":[{"embeddable":true,"href":"https:\/\/mildot.fi\/index.php\/wp-json\/wp\/v2\/comments?post=7890"}],"wp:featuredmedia":[{"embeddable":true,"href":"https:\/\/mildot.fi\/index.php\/wp-json\/wp\/v2\/media\/7886"}],"wp:attachment":[{"href":"https:\/\/mildot.fi\/index.php\/wp-json\/wp\/v2\/media?parent=7890"}],"wp:term":[{"taxonomy":"pwb-brand","embeddable":true,"href":"https:\/\/mildot.fi\/index.php\/wp-json\/wp\/v2\/pwb-brand?post=7890"},{"taxonomy":"product_brand","embeddable":true,"href":"https:\/\/mildot.fi\/index.php\/wp-json\/wp\/v2\/product_brand?post=7890"},{"taxonomy":"product_cat","embeddable":true,"href":"https:\/\/mildot.fi\/index.php\/wp-json\/wp\/v2\/product_cat?post=7890"},{"taxonomy":"product_tag","embeddable":true,"href":"https:\/\/mildot.fi\/index.php\/wp-json\/wp\/v2\/product_tag?post=7890"}],"curies":[{"name":"wp","href":"https:\/\/api.w.org\/{rel}","templated":true}]}}