{"id":7873,"date":"2020-12-16T16:32:58","date_gmt":"2020-12-16T14:32:58","guid":{"rendered":"https:\/\/mildot.fi\/?post_type=product&#038;p=7873"},"modified":"2021-03-02T08:06:59","modified_gmt":"2021-03-02T06:06:59","slug":"alusmatto_joulukuuselle_m05_camoflage","status":"publish","type":"product","link":"https:\/\/mildot.fi\/index.php\/product\/alusmatto_joulukuuselle_m05_camoflage\/","title":{"rendered":"Joulukuusen alusmatto M05 &#8211; Tactical edition 2020"},"content":{"rendered":"<p>Taktinen alusmatto joulukuuselle, kun hankit t\u00e4mm\u00f6isen p\u00e4\u00e4set v\u00e4hmm\u00e4ll\u00e4 imuroimisella kun neulaset ei erotu alusmatolta.<br \/>\nL\u00e4pimitta on 111cm, tilauksesta muita kokoja, kysy tarjousta.<\/p>\n<p>M05 kuviollisesta Foxdura 1000D valmistettu joulukuusen alusmatto.<br \/>\nReunavaihvistettu 19mm polyester hihnalla jonka vetolujuus on 700daN, nyt saatiin alusmatto kest\u00e4mm\u00e4\u00e4n kovimmatkin juhlat. Sopii yht\u00e4 hyvin kaikkiin kotiin riippumatta asutko Kauniaisessa tai bunkkerissa.<\/p>\n<p>Osta ja ilahduta kaikki perheenj\u00e4senet!<\/p>\n<p>p.s. Joulukuusi ja kissa ei kuulu pakettiin.<\/p>\n<p>p.p.s. Ensi kerralla kun tulee joulukuusen hankkiminen ajankohtaiseksi niin harkitse Kaukasianpihta (<i>Abies nordmanniana<\/i>), pari vuotta ollaan nautittu siitt\u00e4 kun neulaset pysyy siell\u00e4 miss\u00e4 kuulukin.<\/p>\n","protected":false},"excerpt":{"rendered":"<p>Taktinen alusmatto joulukuuselle, kun hankit t\u00e4mm\u00f6isen p\u00e4\u00e4set v\u00e4hmm\u00e4ll\u00e4 imuroimisella kun neulaset ei erotu alusmatolta. L\u00e4pimitta on 111cm, tilauksesta muita kokoja, kysy tarjousta. M05 kuviollisesta Foxdura 1000D valmistettu joulukuusen alusmatto. Reunavaihvistettu 19mm polyester hihnalla jonka vetolujuus on 700daN, nyt saatiin alusmatto kest\u00e4mm\u00e4\u00e4n kovimmatkin juhlat. Sopii yht\u00e4 hyvin kaikkiin kotiin riippumatta asutko Kauniaisessa tai bunkkerissa. Osta ja [&hellip;]<\/p>\n","protected":false},"featured_media":7874,"comment_status":"open","ping_status":"closed","template":"","meta":{"ocean_post_layout":"","ocean_both_sidebars_style":"","ocean_both_sidebars_content_width":0,"ocean_both_sidebars_sidebars_width":0,"ocean_sidebar":"0","ocean_second_sidebar":"0","ocean_disable_margins":"enable","ocean_add_body_class":"","ocean_shortcode_before_top_bar":"","ocean_shortcode_after_top_bar":"","ocean_shortcode_before_header":"","ocean_shortcode_after_header":"","ocean_has_shortcode":"","ocean_shortcode_after_title":"","ocean_shortcode_before_footer_widgets":"","ocean_shortcode_after_footer_widgets":"","ocean_shortcode_before_footer_bottom":"","ocean_shortcode_after_footer_bottom":"","ocean_display_top_bar":"default","ocean_display_header":"default","ocean_header_style":"","ocean_center_header_left_menu":"0","ocean_custom_header_template":"0","ocean_custom_logo":0,"ocean_custom_retina_logo":0,"ocean_custom_logo_max_width":0,"ocean_custom_logo_tablet_max_width":0,"ocean_custom_logo_mobile_max_width":0,"ocean_custom_logo_max_height":0,"ocean_custom_logo_tablet_max_height":0,"ocean_custom_logo_mobile_max_height":0,"ocean_header_custom_menu":"0","ocean_menu_typo_font_family":"0","ocean_menu_typo_font_subset":"","ocean_menu_typo_font_size":0,"ocean_menu_typo_font_size_tablet":0,"ocean_menu_typo_font_size_mobile":0,"ocean_menu_typo_font_size_unit":"px","ocean_menu_typo_font_weight":"","ocean_menu_typo_font_weight_tablet":"","ocean_menu_typo_font_weight_mobile":"","ocean_menu_typo_transform":"","ocean_menu_typo_transform_tablet":"","ocean_menu_typo_transform_mobile":"","ocean_menu_typo_line_height":0,"ocean_menu_typo_line_height_tablet":0,"ocean_menu_typo_line_height_mobile":0,"ocean_menu_typo_line_height_unit":"","ocean_menu_typo_spacing":0,"ocean_menu_typo_spacing_tablet":0,"ocean_menu_typo_spacing_mobile":0,"ocean_menu_typo_spacing_unit":"","ocean_menu_link_color":"","ocean_menu_link_color_hover":"","ocean_menu_link_color_active":"","ocean_menu_link_background":"","ocean_menu_link_hover_background":"","ocean_menu_link_active_background":"","ocean_menu_social_links_bg":"","ocean_menu_social_hover_links_bg":"","ocean_menu_social_links_color":"","ocean_menu_social_hover_links_color":"","ocean_disable_title":"default","ocean_disable_heading":"default","ocean_post_title":"","ocean_post_subheading":"","ocean_post_title_style":"","ocean_post_title_background_color":"","ocean_post_title_background":0,"ocean_post_title_bg_image_position":"","ocean_post_title_bg_image_attachment":"","ocean_post_title_bg_image_repeat":"","ocean_post_title_bg_image_size":"","ocean_post_title_height":0,"ocean_post_title_bg_overlay":0.5,"ocean_post_title_bg_overlay_color":"","ocean_disable_breadcrumbs":"default","ocean_breadcrumbs_color":"","ocean_breadcrumbs_separator_color":"","ocean_breadcrumbs_links_color":"","ocean_breadcrumbs_links_hover_color":"","ocean_display_footer_widgets":"default","ocean_display_footer_bottom":"default","ocean_custom_footer_template":"0","jetpack_publicize_message":"","jetpack_publicize_feature_enabled":true,"jetpack_social_post_already_shared":true,"jetpack_social_options":{"image_generator_settings":{"template":"highway","default_image_id":0,"font":"","enabled":false},"version":2}},"pwb-brand":[812,570],"product_brand":[],"product_cat":[162,269,233],"product_tag":[2077,81,2078,2081,2079,2083,189,80,2082,2080],"class_list":{"0":"post-7873","1":"product","2":"type-product","3":"status-publish","4":"has-post-thumbnail","6":"pwb-brand-foxa","7":"pwb-brand-mildot","8":"product_cat-mildot","9":"product_cat-muut-tuotteet","10":"product_cat-tekstiilit","11":"product_tag-alusmatto","12":"product_tag-camo","13":"product_tag-camoflage","14":"product_tag-christmas","15":"product_tag-joulu","16":"product_tag-joulukuusen-alusmatto","17":"product_tag-joulukuusi","18":"product_tag-m05","19":"product_tag-tactical","20":"product_tag-x-mas","22":"entry","23":"has-media","25":"first","26":"instock","27":"taxable","28":"shipping-taxable","29":"purchasable","30":"product-type-simple","31":"has-product-nav","32":"col","33":"span_1_of_4","34":"owp-content-center","35":"owp-thumbs-layout-horizontal","36":"owp-btn-normal","37":"owp-tabs-layout-horizontal"},"jetpack_publicize_connections":[],"jetpack_sharing_enabled":true,"brands":[{"id":812,"name":"Foxa","slug":"foxa"},{"id":570,"name":"Mildot","slug":"mildot"}],"_links":{"self":[{"href":"https:\/\/mildot.fi\/index.php\/wp-json\/wp\/v2\/product\/7873","targetHints":{"allow":["GET"]}}],"collection":[{"href":"https:\/\/mildot.fi\/index.php\/wp-json\/wp\/v2\/product"}],"about":[{"href":"https:\/\/mildot.fi\/index.php\/wp-json\/wp\/v2\/types\/product"}],"replies":[{"embeddable":true,"href":"https:\/\/mildot.fi\/index.php\/wp-json\/wp\/v2\/comments?post=7873"}],"wp:featuredmedia":[{"embeddable":true,"href":"https:\/\/mildot.fi\/index.php\/wp-json\/wp\/v2\/media\/7874"}],"wp:attachment":[{"href":"https:\/\/mildot.fi\/index.php\/wp-json\/wp\/v2\/media?parent=7873"}],"wp:term":[{"taxonomy":"pwb-brand","embeddable":true,"href":"https:\/\/mildot.fi\/index.php\/wp-json\/wp\/v2\/pwb-brand?post=7873"},{"taxonomy":"product_brand","embeddable":true,"href":"https:\/\/mildot.fi\/index.php\/wp-json\/wp\/v2\/product_brand?post=7873"},{"taxonomy":"product_cat","embeddable":true,"href":"https:\/\/mildot.fi\/index.php\/wp-json\/wp\/v2\/product_cat?post=7873"},{"taxonomy":"product_tag","embeddable":true,"href":"https:\/\/mildot.fi\/index.php\/wp-json\/wp\/v2\/product_tag?post=7873"}],"curies":[{"name":"wp","href":"https:\/\/api.w.org\/{rel}","templated":true}]}}