{"id":7813,"date":"2020-12-01T14:53:29","date_gmt":"2020-12-01T12:53:29","guid":{"rendered":"https:\/\/mildot.fi\/?post_type=product&#038;p=7813"},"modified":"2024-02-25T15:00:46","modified_gmt":"2024-02-25T13:00:46","slug":"triggertech-rem-clone-diamond-pro-curved","status":"publish","type":"product","link":"https:\/\/mildot.fi\/index.php\/product\/triggertech-rem-clone-diamond-pro-curved\/","title":{"rendered":"Triggertech Rem Clone Diamond Pro Curved"},"content":{"rendered":"<p class=\"tws-article-description--article-number ng-binding ng-scope\">Article no.: R70-SRB-02-TNP<\/p>\n<div class=\"tws-article-description--text-container\">\n<div class=\"tws-article-description--text ng-binding\">\n<p>The TriggerTech Diamond Rem 700 Clone Trigger was designed to meet the requirements of leading competitive shooters with the help of the K&amp;M Shooting Team and several leading R700 Clone Action Manufacturers. The Diamond features a pull weight range of less than 4 oz to 32 oz, our new Variable Rate Adjustment Technology and the new Pro Curved trigger lever. Our shooters have described it is the most consistent and crisp breaking trigger they have ever felt. After feeling the crisp break on the Diamond you will immediately become aware of the creep that exists in all other triggers.<\/p>\n<p><b>Intended Use<\/b> Precision Rifle, benchrest, competition, precision shooting, military, law enforcement, long range hunting, F Class, rugged hunting, harsh environments operations, target shooting, ultra long range, varmint hunting. <b><\/b><\/p>\n<p>Trigger Control Details<br \/>\nTrigger Lever Type: Pro Curved Trigger Action: Single Stage<br \/>\nFRT: Yes<br \/>\nTKR Technology: Yes<br \/>\nCLKR Technology: Yes<br \/>\nOvertravel: Sub .010&#8243;<br \/>\nPull Weight: &lt;113 g &#8211; 907 g \/ 4 oz &#8211; 32 oz<br \/>\nBolt Release: Without Safety: With (removable)<br \/>\nHand: Right Warranty: Product lifetime<br \/>\nWeapon Platform: Remington 700 Clone Actions<br \/>\n<b><br \/>\nMaterial Details<\/b> Housing: 7075 Aluminum (anodized) Key Components: 440C Stainless Steel PVD Black \u2013 PVD stands for Physical Vapour Deposition. It is a hard and durable coating that is applied to external stainless components to give them a clean black color.<\/p>\n<\/div>\n<div class=\"tws-article-description--text ng-binding\"><\/div>\n<\/div>\n","protected":false},"excerpt":{"rendered":"<p>The first Rem 700 Diamond Trigger was shown at the 2017 NRA Show.<br \/>\nSince then TriggerTech has worked with the K&amp;M Shooting Team and several leading R700 Clone action manufacturers the refine the product.<br \/>\nhe Rem 700 Diamond is truly zero creep and is the most consistent and crisp breaking trigger you will ever use.<br \/>\nThe diamond will make you aware of the creep that exists in other triggers.<br \/>\nIt features new variable rate adjustment technology that enables quick and confident adjustment from &lt;113 g &#8211; 907 g (4 oz &#8211; 32 oz) with TriggerTech\u2019s patented CLKR Technology\u2122.<br \/>\nThe adjustment feature utilizes externally accessible set screw and the adjustment range begins at ~5.7 g\/click from &lt;113 g to ~255 g and the changes to ~28 g click from ~255 g to 907 g .<br \/>\nDue to the exceptionally crisp break, most shooters report the pull weights feeling significantly lighter than a friction based trigger of the same measured weight.<br \/>\nFive of the critical Diamond components are assembled as matched set to enable a true zero-creep break, extremely short overtravel and offers outstanding reliability, even in the harshest environments.<br \/>\nFrictionless Release Technology\u2122, along with hardened 440C stainless steel internal components ensure corrosion resistance and an extended service life.<br \/>\nAs Frictionless Release Technology\u2122 does not rely on coating, polishing or lubricating the key engagement surfaces, trigger pulls will be more consistent from shot to shot and after thousands of shots than you ever thought possible. All pull weights and measurements are approximate.<\/p>\n<p><span style=\"color: red;\"><strong>ILMAINEN RAHTI T\u00c4LLE TUOTTEELLE, K\u00c4YT\u00c4 ALENNUSKOODIA: RAHTI-TRIGGERTECH<\/strong><\/span><\/p>\n<p>***Pull weights of TriggerTech Triggers are directly impacted by firing pin spring weight. Overweight firing pin springs may cause pulls weights to vary above the advertised range***<\/p>\n","protected":false},"featured_media":7830,"comment_status":"open","ping_status":"closed","template":"","meta":{"ocean_post_layout":"","ocean_both_sidebars_style":"","ocean_both_sidebars_content_width":0,"ocean_both_sidebars_sidebars_width":0,"ocean_sidebar":"0","ocean_second_sidebar":"0","ocean_disable_margins":"enable","ocean_add_body_class":"","ocean_shortcode_before_top_bar":"","ocean_shortcode_after_top_bar":"","ocean_shortcode_before_header":"","ocean_shortcode_after_header":"","ocean_has_shortcode":"","ocean_shortcode_after_title":"","ocean_shortcode_before_footer_widgets":"","ocean_shortcode_after_footer_widgets":"","ocean_shortcode_before_footer_bottom":"","ocean_shortcode_after_footer_bottom":"","ocean_display_top_bar":"default","ocean_display_header":"default","ocean_header_style":"","ocean_center_header_left_menu":"0","ocean_custom_header_template":"0","ocean_custom_logo":0,"ocean_custom_retina_logo":0,"ocean_custom_logo_max_width":0,"ocean_custom_logo_tablet_max_width":0,"ocean_custom_logo_mobile_max_width":0,"ocean_custom_logo_max_height":0,"ocean_custom_logo_tablet_max_height":0,"ocean_custom_logo_mobile_max_height":0,"ocean_header_custom_menu":"0","ocean_menu_typo_font_family":"0","ocean_menu_typo_font_subset":"","ocean_menu_typo_font_size":0,"ocean_menu_typo_font_size_tablet":0,"ocean_menu_typo_font_size_mobile":0,"ocean_menu_typo_font_size_unit":"px","ocean_menu_typo_font_weight":"","ocean_menu_typo_font_weight_tablet":"","ocean_menu_typo_font_weight_mobile":"","ocean_menu_typo_transform":"","ocean_menu_typo_transform_tablet":"","ocean_menu_typo_transform_mobile":"","ocean_menu_typo_line_height":0,"ocean_menu_typo_line_height_tablet":0,"ocean_menu_typo_line_height_mobile":0,"ocean_menu_typo_line_height_unit":"","ocean_menu_typo_spacing":0,"ocean_menu_typo_spacing_tablet":0,"ocean_menu_typo_spacing_mobile":0,"ocean_menu_typo_spacing_unit":"","ocean_menu_link_color":"","ocean_menu_link_color_hover":"","ocean_menu_link_color_active":"","ocean_menu_link_background":"","ocean_menu_link_hover_background":"","ocean_menu_link_active_background":"","ocean_menu_social_links_bg":"","ocean_menu_social_hover_links_bg":"","ocean_menu_social_links_color":"","ocean_menu_social_hover_links_color":"","ocean_disable_title":"default","ocean_disable_heading":"default","ocean_post_title":"","ocean_post_subheading":"","ocean_post_title_style":"","ocean_post_title_background_color":"","ocean_post_title_background":0,"ocean_post_title_bg_image_position":"","ocean_post_title_bg_image_attachment":"","ocean_post_title_bg_image_repeat":"","ocean_post_title_bg_image_size":"","ocean_post_title_height":0,"ocean_post_title_bg_overlay":0.5,"ocean_post_title_bg_overlay_color":"","ocean_disable_breadcrumbs":"default","ocean_breadcrumbs_color":"","ocean_breadcrumbs_separator_color":"","ocean_breadcrumbs_links_color":"","ocean_breadcrumbs_links_hover_color":"","ocean_display_footer_widgets":"default","ocean_display_footer_bottom":"default","ocean_custom_footer_template":"0","jetpack_publicize_message":"","jetpack_publicize_feature_enabled":true,"jetpack_social_post_already_shared":true,"jetpack_social_options":{"image_generator_settings":{"template":"highway","default_image_id":0,"font":"","enabled":false},"version":2}},"pwb-brand":[1717],"product_brand":[],"product_cat":[1716,2092],"product_tag":[2091,1734,643,1828,1730],"class_list":{"0":"post-7813","1":"product","2":"type-product","3":"status-publish","4":"has-post-thumbnail","6":"pwb-brand-triggertech","7":"product_cat-laukaisukoneistot-triggertech","8":"product_cat-triggertech-rem700-clone","9":"product_tag-curved","10":"product_tag-diamond","11":"product_tag-pro","12":"product_tag-rem700","13":"product_tag-triggertech","15":"entry","16":"has-media","18":"first","19":"instock","20":"taxable","21":"shipping-taxable","22":"purchasable","23":"product-type-simple","24":"has-product-nav","25":"col","26":"span_1_of_4","27":"owp-content-center","28":"owp-thumbs-layout-horizontal","29":"owp-btn-normal","30":"owp-tabs-layout-horizontal"},"jetpack_publicize_connections":[],"jetpack_sharing_enabled":true,"brands":[{"id":1717,"name":"Triggertech","slug":"triggertech"}],"_links":{"self":[{"href":"https:\/\/mildot.fi\/index.php\/wp-json\/wp\/v2\/product\/7813","targetHints":{"allow":["GET"]}}],"collection":[{"href":"https:\/\/mildot.fi\/index.php\/wp-json\/wp\/v2\/product"}],"about":[{"href":"https:\/\/mildot.fi\/index.php\/wp-json\/wp\/v2\/types\/product"}],"replies":[{"embeddable":true,"href":"https:\/\/mildot.fi\/index.php\/wp-json\/wp\/v2\/comments?post=7813"}],"wp:featuredmedia":[{"embeddable":true,"href":"https:\/\/mildot.fi\/index.php\/wp-json\/wp\/v2\/media\/7830"}],"wp:attachment":[{"href":"https:\/\/mildot.fi\/index.php\/wp-json\/wp\/v2\/media?parent=7813"}],"wp:term":[{"taxonomy":"pwb-brand","embeddable":true,"href":"https:\/\/mildot.fi\/index.php\/wp-json\/wp\/v2\/pwb-brand?post=7813"},{"taxonomy":"product_brand","embeddable":true,"href":"https:\/\/mildot.fi\/index.php\/wp-json\/wp\/v2\/product_brand?post=7813"},{"taxonomy":"product_cat","embeddable":true,"href":"https:\/\/mildot.fi\/index.php\/wp-json\/wp\/v2\/product_cat?post=7813"},{"taxonomy":"product_tag","embeddable":true,"href":"https:\/\/mildot.fi\/index.php\/wp-json\/wp\/v2\/product_tag?post=7813"}],"curies":[{"name":"wp","href":"https:\/\/api.w.org\/{rel}","templated":true}]}}