{"id":7732,"date":"2020-11-17T09:53:52","date_gmt":"2020-11-17T07:53:52","guid":{"rendered":"https:\/\/mildot.fi\/?post_type=product&#038;p=7732"},"modified":"2026-04-09T10:38:19","modified_gmt":"2026-04-09T08:38:19","slug":"vortex-diamondback-tactical-4-16x44-ffp-ebr-2c-mrad","status":"publish","type":"product","link":"https:\/\/mildot.fi\/index.php\/product\/vortex-diamondback-tactical-4-16x44-ffp-ebr-2c-mrad\/","title":{"rendered":"Vortex DiamondBack\u00ae Tactical 4-16X44 FFP EBR-2C (MRAD) 30 mm"},"content":{"rendered":"<p><a href=\"https:\/\/mildot.fi\/wp-content\/uploads\/2020\/11\/Vortex-DBK-10027-Product-Manual.pdf\">Vortex DBK-10027 Product Manual.pdf<\/a><\/p>\n<p><a href=\"https:\/\/mildot.fi\/wp-content\/uploads\/2020\/11\/Vortex-DBK-10027-Reticle-Manual.pdf\">Vortex DBK-10027 Reticle Manual.pdf<\/a><\/p>\n<p>The Diamondback Tactical is a long-range wolf in sheep&#8217;s clothing. Rather than cramming features in at the expense of turret performance and optical quality, the Diamondback Tactical dials it back, putting the focus where it counts. Exposed turrets bring tracking performance previously unheard of at this price point, while its optical system delivers sharp image quality even at extended range. Its relatively simple design places you firmly in the driver&#8217;s seat with the potential to take on that 1,000 yard mark and beyond, all at a price that&#8217;s easy to justify for new shooters, your training rifle, as well as experienced shooters looking for a back-to-basics optic on their fun gun. Opt for one of the first focal plane models on a sweet shooting rifle and you&#8217;ve got yourself a perfectly capable competition rig without breaking the bank.<\/p>\n<p><strong>Features:<\/strong><\/p>\n<p><strong>Optical Features:<\/strong><br \/>\n<strong>\u2022 XD\u2122 Lens Elements:<\/strong> Extra-low dispersion (XD) glass increases resolution and color fidelity, resulting in crisp, sharp images.<br \/>\n<strong>\u2022 Fully Multi-Coated:<\/strong> Proprietary coatings increase light transmission with multiple anti-reflective coatings on all air-to-glass surfaces.<br \/>\n<strong>\u2022 First Focal Plane Reticle:<\/strong> Scale of reticle remains in proportion to the zoomed image. Constant subtensions allow accurate holdover and ranging at all magnifications.<br \/>\n<strong>\u2022 Glass-Etched Reticle:<\/strong> Allows for intricate reticle design. Protected between two layers of glass for optimum durability and reliability.<\/p>\n<p><strong>Construction Features:<\/strong><br \/>\n<strong>\u2022 Tube Size:<\/strong> 30 mm diameter provides maximized internal adjustment and strength.<br \/>\n<strong>\u2022 Aircraft-Grade Aluminum:<\/strong> Constructed from a solid block of aircraft-grade aluminum for strength and rigidity.<br \/>\n<strong>\u2022 Waterproof:<\/strong> O-ring seals prevent moisture, dust and debris from penetrating for reliable performance in all environments.<br \/>\n<strong>\u2022 Fogproof:<\/strong> Nitrogen gas purging prevents internal fogging over a wide range of temperatures.<br \/>\n<strong>\u2022 Shockproof:<\/strong> Rugged construction withstands recoil and impact.<br \/>\n<strong>\u2022 Hard Anodized Finish:<\/strong> Highly durable hard-coat anodization provides a low-glare matte surface and helps camouflage the shooter&#8217;s position.<\/p>\n<p><strong>Internal Mechanism Design Features:<\/strong><br \/>\n<strong>\u2022 Precision-Force Spring System:<\/strong> Uses premium components in the erector-spring system to ensure maximum repeatability and ease of adjustment.<br \/>\n<strong>\u2022 Precision-Glide Erector System:<\/strong> This system ensures the components in the zoom lens mechanism glide smoothly and cleanly through all magnification ranges.<\/p>\n<p><strong>Convenience Features:<\/strong><br \/>\n<strong>\u2022 Fast Focus Eyepiece:<\/strong> Allows quick and easy reticle focusing.<br \/>\n<strong>\u2022 Magnification Rib:<\/strong> The raised rib on the magnification ring facilitates fast magnification changes in the heat of action.<\/p>\n<p><strong>Reticle:<\/strong><br \/>\n<strong>EBR-2C (MRAD)<\/strong><br \/>\n\u2022 Hash-marked ranging reticle using MRAD based subtension lines for ranging, holdover, and windage corrections. Letters refer to reticle subtensions listed in chart below.<\/p>\n<p><strong>Specifications:<\/strong><br \/>\n\u2022 Magnification: 4-16x<br \/>\n\u2022 Objective Lens Diameter: 44 mm<br \/>\n\u2022 Outer diameter front:51mm<br \/>\n\u2022 Outer diameter back: 43,9mm<br \/>\n\u2022 Eye Relief: 3.8 inches =9,7cm<br \/>\n\u2022 Field of View: 26.9-6.7 ft\/100 yds<br \/>\n\u2022 Tube Size: 30 mm<br \/>\n\u2022 Turret Style: Tall Exposed Tactical<br \/>\n\u2022 Adjustment Graduation: .1 MRAD<br \/>\n\u2022 Travel Per Rotation: 6 MRAD<br \/>\n\u2022 Max Elevation Adjustment: 25 MRAD<br \/>\n\u2022 Max Windage Adjustment: 25 MRAD<br \/>\n\u2022 Parallax Setting: 20 yards to infinity<br \/>\n\u2022 Length: 14.06 inches =35,7cm<br \/>\n\u2022 Weight: 23.1 oz =655g<\/p>\n<p>Suitable flip-up lens covers is: Vortex <a href=\"https:\/\/mildot.fi\/index.php\/product\/vortex-defender-flip-cap-e-10\/\">E-10<\/a> and <a href=\"https:\/\/mildot.fi\/index.php\/product\/vortex-linssisuoja-flip-cap-o-44\/\">O-44<\/a>.<\/p>\n<p>Sen lis\u00e4ksi suosittelemme kiikarit\u00e4ht\u00e4imeen suurennusvivun asennusta jos k\u00e4yt\u00e4t sit\u00e4 tarkka-ammunnasta tai kilpailuissa <a href=\"https:\/\/mildot.fi\/index.php\/product\/vortex-switchview-throwlever-sv-5\/\">SV-5<\/a>.<\/p>\n<p><strong>Included in the Box:<\/strong><br \/>\n\u2022 Lens Covers<br \/>\n\u2022 Lens Cloth<br \/>\n\u2022 Sunshade<\/p>\n<p><strong>Video:<\/strong><\/p>\n<p class=\"responsive-video-wrap clr\"><iframe title=\"Vortex Diamondback Tactical FFP Riflescope\" width=\"1200\" height=\"675\" src=\"https:\/\/www.youtube.com\/embed\/cwaeHTq0fm0?feature=oembed\" frameborder=\"0\" allow=\"accelerometer; autoplay; clipboard-write; encrypted-media; gyroscope; picture-in-picture; web-share\" referrerpolicy=\"strict-origin-when-cross-origin\" allowfullscreen><\/iframe><\/p>\n","protected":false},"excerpt":{"rendered":"<p>Exposed turrets bring tracking performance previously unheard of at this price point, while its optical system delivers sharp image quality even at extended range.<\/p>\n<p><span style=\"color: red;\"><strong>ILMAINEN RAHTI T\u00c4LLE TUOTTEELLE, K\u00c4YT\u00c4 ALENNUSKOODIA: RAHTI-DIAMONDBACK<\/strong><\/span><\/p>\n<p><span style=\"color: red;\">Please ask for a quote combining this riflescope with <a href=\"https:\/\/mildot.fi\/index.php\/product-category\/spuhr\/34mm-runkoputki-spuhr\/\">Spuhr ISMS mounts<\/a><\/span>. This is the perfect setup for the demanding shooter that wants the best.<\/p>\n<p>Do you wonder how high scope mount you will need? Try our <a href=\"https:\/\/mildot.fi\/index.php\/mildot-ring-height-calculator\/\">scope mount height calculator, <\/a>feel free to call or email us if you still have any questions.<\/p>\n","protected":false},"featured_media":7735,"comment_status":"open","ping_status":"closed","template":"","meta":{"ocean_post_layout":"","ocean_both_sidebars_style":"","ocean_both_sidebars_content_width":0,"ocean_both_sidebars_sidebars_width":0,"ocean_sidebar":"0","ocean_second_sidebar":"0","ocean_disable_margins":"enable","ocean_add_body_class":"","ocean_shortcode_before_top_bar":"","ocean_shortcode_after_top_bar":"","ocean_shortcode_before_header":"","ocean_shortcode_after_header":"","ocean_has_shortcode":"","ocean_shortcode_after_title":"","ocean_shortcode_before_footer_widgets":"","ocean_shortcode_after_footer_widgets":"","ocean_shortcode_before_footer_bottom":"","ocean_shortcode_after_footer_bottom":"","ocean_display_top_bar":"default","ocean_display_header":"default","ocean_header_style":"","ocean_center_header_left_menu":"0","ocean_custom_header_template":"0","ocean_custom_logo":0,"ocean_custom_retina_logo":0,"ocean_custom_logo_max_width":0,"ocean_custom_logo_tablet_max_width":0,"ocean_custom_logo_mobile_max_width":0,"ocean_custom_logo_max_height":0,"ocean_custom_logo_tablet_max_height":0,"ocean_custom_logo_mobile_max_height":0,"ocean_header_custom_menu":"0","ocean_menu_typo_font_family":"0","ocean_menu_typo_font_subset":"","ocean_menu_typo_font_size":0,"ocean_menu_typo_font_size_tablet":0,"ocean_menu_typo_font_size_mobile":0,"ocean_menu_typo_font_size_unit":"px","ocean_menu_typo_font_weight":"","ocean_menu_typo_font_weight_tablet":"","ocean_menu_typo_font_weight_mobile":"","ocean_menu_typo_transform":"","ocean_menu_typo_transform_tablet":"","ocean_menu_typo_transform_mobile":"","ocean_menu_typo_line_height":0,"ocean_menu_typo_line_height_tablet":0,"ocean_menu_typo_line_height_mobile":0,"ocean_menu_typo_line_height_unit":"","ocean_menu_typo_spacing":0,"ocean_menu_typo_spacing_tablet":0,"ocean_menu_typo_spacing_mobile":0,"ocean_menu_typo_spacing_unit":"","ocean_menu_link_color":"","ocean_menu_link_color_hover":"","ocean_menu_link_color_active":"","ocean_menu_link_background":"","ocean_menu_link_hover_background":"","ocean_menu_link_active_background":"","ocean_menu_social_links_bg":"","ocean_menu_social_hover_links_bg":"","ocean_menu_social_links_color":"","ocean_menu_social_hover_links_color":"","ocean_disable_title":"default","ocean_disable_heading":"default","ocean_post_title":"","ocean_post_subheading":"","ocean_post_title_style":"","ocean_post_title_background_color":"","ocean_post_title_background":0,"ocean_post_title_bg_image_position":"","ocean_post_title_bg_image_attachment":"","ocean_post_title_bg_image_repeat":"","ocean_post_title_bg_image_size":"","ocean_post_title_height":0,"ocean_post_title_bg_overlay":0.5,"ocean_post_title_bg_overlay_color":"","ocean_disable_breadcrumbs":"default","ocean_breadcrumbs_color":"","ocean_breadcrumbs_separator_color":"","ocean_breadcrumbs_links_color":"","ocean_breadcrumbs_links_hover_color":"","ocean_display_footer_widgets":"default","ocean_display_footer_bottom":"default","ocean_custom_footer_template":"0","jetpack_publicize_message":"","jetpack_publicize_feature_enabled":true,"jetpack_social_post_already_shared":true,"jetpack_social_options":{"image_generator_settings":{"template":"highway","default_image_id":0,"font":"","enabled":false},"version":2}},"pwb-brand":[543],"product_brand":[],"product_cat":[18,17,126],"product_tag":[38,834,2058,314,24,2059,20],"class_list":{"0":"post-7732","1":"product","2":"type-product","3":"status-publish","4":"has-post-thumbnail","6":"pwb-brand-vortex","7":"product_cat-kiikaritahtaimet","8":"product_cat-optiikka","9":"product_cat-vortex-optics","10":"product_tag-30mm","11":"product_tag-diamondback","12":"product_tag-ebr-2c","13":"product_tag-ffp","14":"product_tag-mrad","15":"product_tag-tactical-turrets","16":"product_tag-vortex","18":"entry","19":"has-media","21":"first","22":"instock","23":"taxable","24":"shipping-taxable","25":"purchasable","26":"product-type-simple","27":"has-product-nav","28":"col","29":"span_1_of_4","30":"owp-content-center","31":"owp-thumbs-layout-horizontal","32":"owp-btn-normal","33":"owp-tabs-layout-horizontal"},"jetpack_publicize_connections":[],"jetpack_sharing_enabled":true,"brands":[{"id":543,"name":"Vortex","slug":"vortex"}],"_links":{"self":[{"href":"https:\/\/mildot.fi\/index.php\/wp-json\/wp\/v2\/product\/7732","targetHints":{"allow":["GET"]}}],"collection":[{"href":"https:\/\/mildot.fi\/index.php\/wp-json\/wp\/v2\/product"}],"about":[{"href":"https:\/\/mildot.fi\/index.php\/wp-json\/wp\/v2\/types\/product"}],"replies":[{"embeddable":true,"href":"https:\/\/mildot.fi\/index.php\/wp-json\/wp\/v2\/comments?post=7732"}],"wp:featuredmedia":[{"embeddable":true,"href":"https:\/\/mildot.fi\/index.php\/wp-json\/wp\/v2\/media\/7735"}],"wp:attachment":[{"href":"https:\/\/mildot.fi\/index.php\/wp-json\/wp\/v2\/media?parent=7732"}],"wp:term":[{"taxonomy":"pwb-brand","embeddable":true,"href":"https:\/\/mildot.fi\/index.php\/wp-json\/wp\/v2\/pwb-brand?post=7732"},{"taxonomy":"product_brand","embeddable":true,"href":"https:\/\/mildot.fi\/index.php\/wp-json\/wp\/v2\/product_brand?post=7732"},{"taxonomy":"product_cat","embeddable":true,"href":"https:\/\/mildot.fi\/index.php\/wp-json\/wp\/v2\/product_cat?post=7732"},{"taxonomy":"product_tag","embeddable":true,"href":"https:\/\/mildot.fi\/index.php\/wp-json\/wp\/v2\/product_tag?post=7732"}],"curies":[{"name":"wp","href":"https:\/\/api.w.org\/{rel}","templated":true}]}}