{"id":7725,"date":"2020-11-16T13:03:17","date_gmt":"2020-11-16T11:03:17","guid":{"rendered":"https:\/\/mildot.fi\/?post_type=product&#038;p=7725"},"modified":"2026-04-10T20:08:08","modified_gmt":"2026-04-10T18:08:08","slug":"metallimaalitaulu-75cm-10cm","status":"publish","type":"product","link":"https:\/\/mildot.fi\/index.php\/product\/metallimaalitaulu-75cm-10cm\/","title":{"rendered":"Metallimaalitaulu 7,5cm ja 10cm -12mm paksuus"},"content":{"rendered":"<p>Metallimaalitaulut ovat valmistettu 12mm paksusta Hardox 500 ter\u00e4slevyst\u00e4.<br \/>\nKaikki metallimaalitaulut ovat laserleikkattu oikean kokoiseksi noin +\/-0,1mm tarkkuudella.<br \/>\nOsumaalueen l\u00e4pimatta on 75\/100mm ja pystyakseli on 25mm leve\u00e4.<\/p>\n<p>N\u00e4m\u00e4 maalitaulut ovat suunniteltu 6,5x55SE kiv\u00e4\u00e4rik\u00e4ytt\u00f6\u00f6n, joten isommat kaliberit ammut omalla vastuulla.<br \/>\nT\u00e4h\u00e4n menness\u00e4 en ole testannut tehokkampaa kun Scenar 8g 6,5x55SE (920m\/s) ja maalitaulu toimii hyvin 300 metriss\u00e4 (laskettu ernergia-arvo 2057J@300m).<\/p>\n<p>Pulttien rei\u00e4t ovat nyky\u00e4\u00e4n 13mm leveydelt\u00e4\u00e4n ja sopii mainiosti esimerkiksi M12 lukkokantapulteille jos haluaa k\u00e4ytt\u00e4\u00e4 kiinitinkumia kun ripustaa maalit radalla. Toinen ratkaisu on hy\u00f6dynt\u00e4\u00e4 reikien hiukan soikea muotoa, niist\u00e4 on helppo pujottaa maalitaulu metallikoukkuihin joka voi olla harjater\u00e4ksest\u00e4 valmistetut.<br \/>\nReikien C-C mitta: 6cm (Reikien v\u00e4linen et\u00e4isyys keskikohta &#8211; keskikohta)<\/p>\n<p>Paino:0,95kg \/ 1,25kg<\/p>\n<p>MILDOT metallimaalitaulut ovat Suomessa valmistettu laatutuote ruotsalaisesta SSAB ter\u00e4ksest\u00e4,tai kotimaista Rautaruukin vastaavaa laatuter\u00e4st\u00e4.<\/p>\n","protected":false},"excerpt":{"rendered":"<p>Mildot metallimaalitaulu on valmistettu Hardox 500 ter\u00e4slevyst\u00e4 ja laserleikkattu tarkkoihin mittoihin. Metallimaalitaulut ovat helposti itsemaalattavissa ja n\u00e4in osumat ovat helppo tunnistaa pidemm\u00e4lt\u00e4kin matkalta.<\/p>\n","protected":false},"featured_media":7726,"comment_status":"open","ping_status":"closed","template":"","meta":{"ocean_post_layout":"","ocean_both_sidebars_style":"","ocean_both_sidebars_content_width":0,"ocean_both_sidebars_sidebars_width":0,"ocean_sidebar":"0","ocean_second_sidebar":"0","ocean_disable_margins":"enable","ocean_add_body_class":"","ocean_shortcode_before_top_bar":"","ocean_shortcode_after_top_bar":"","ocean_shortcode_before_header":"","ocean_shortcode_after_header":"","ocean_has_shortcode":"","ocean_shortcode_after_title":"","ocean_shortcode_before_footer_widgets":"","ocean_shortcode_after_footer_widgets":"","ocean_shortcode_before_footer_bottom":"","ocean_shortcode_after_footer_bottom":"","ocean_display_top_bar":"default","ocean_display_header":"default","ocean_header_style":"","ocean_center_header_left_menu":"0","ocean_custom_header_template":"0","ocean_custom_logo":0,"ocean_custom_retina_logo":0,"ocean_custom_logo_max_width":0,"ocean_custom_logo_tablet_max_width":0,"ocean_custom_logo_mobile_max_width":0,"ocean_custom_logo_max_height":0,"ocean_custom_logo_tablet_max_height":0,"ocean_custom_logo_mobile_max_height":0,"ocean_header_custom_menu":"0","ocean_menu_typo_font_family":"0","ocean_menu_typo_font_subset":"","ocean_menu_typo_font_size":0,"ocean_menu_typo_font_size_tablet":0,"ocean_menu_typo_font_size_mobile":0,"ocean_menu_typo_font_size_unit":"px","ocean_menu_typo_font_weight":"","ocean_menu_typo_font_weight_tablet":"","ocean_menu_typo_font_weight_mobile":"","ocean_menu_typo_transform":"","ocean_menu_typo_transform_tablet":"","ocean_menu_typo_transform_mobile":"","ocean_menu_typo_line_height":0,"ocean_menu_typo_line_height_tablet":0,"ocean_menu_typo_line_height_mobile":0,"ocean_menu_typo_line_height_unit":"","ocean_menu_typo_spacing":0,"ocean_menu_typo_spacing_tablet":0,"ocean_menu_typo_spacing_mobile":0,"ocean_menu_typo_spacing_unit":"","ocean_menu_link_color":"","ocean_menu_link_color_hover":"","ocean_menu_link_color_active":"","ocean_menu_link_background":"","ocean_menu_link_hover_background":"","ocean_menu_link_active_background":"","ocean_menu_social_links_bg":"","ocean_menu_social_hover_links_bg":"","ocean_menu_social_links_color":"","ocean_menu_social_hover_links_color":"","ocean_disable_title":"default","ocean_disable_heading":"default","ocean_post_title":"","ocean_post_subheading":"","ocean_post_title_style":"","ocean_post_title_background_color":"","ocean_post_title_background":0,"ocean_post_title_bg_image_position":"","ocean_post_title_bg_image_attachment":"","ocean_post_title_bg_image_repeat":"","ocean_post_title_bg_image_size":"","ocean_post_title_height":0,"ocean_post_title_bg_overlay":0.5,"ocean_post_title_bg_overlay_color":"","ocean_disable_breadcrumbs":"default","ocean_breadcrumbs_color":"","ocean_breadcrumbs_separator_color":"","ocean_breadcrumbs_links_color":"","ocean_breadcrumbs_links_hover_color":"","ocean_display_footer_widgets":"default","ocean_display_footer_bottom":"default","ocean_custom_footer_template":"0","jetpack_publicize_message":"","jetpack_publicize_feature_enabled":true,"jetpack_social_post_already_shared":true,"jetpack_social_options":{"image_generator_settings":{"template":"highway","default_image_id":0,"font":"","enabled":false},"version":2}},"pwb-brand":[570],"product_brand":[],"product_cat":[2129,162],"product_tag":[2055,100,92,2056,2054,289,93,94,288,97,96,98,91,274,1879],"class_list":{"0":"post-7725","1":"product","2":"type-product","3":"status-publish","4":"has-post-thumbnail","6":"pwb-brand-mildot","7":"product_cat-maalitaulut-12mm","8":"product_cat-mildot","9":"product_tag-100mm","10":"product_tag-10cm","11":"product_tag-12mm","12":"product_tag-7-5cm","13":"product_tag-75mm","14":"product_tag-gongi","15":"product_tag-hardox","16":"product_tag-hardox-500","17":"product_tag-kongi","18":"product_tag-maalitaulu","19":"product_tag-metallimaalitaulu","20":"product_tag-mildot","21":"product_tag-plate","22":"product_tag-pleitti","23":"product_tag-raex","25":"entry","26":"has-media","28":"first","29":"instock","30":"taxable","31":"shipping-taxable","32":"purchasable","33":"product-type-variable","34":"has-product-nav","35":"col","36":"span_1_of_4","37":"owp-content-center","38":"owp-thumbs-layout-horizontal","39":"owp-btn-normal","40":"owp-tabs-layout-horizontal"},"jetpack_publicize_connections":[],"jetpack_sharing_enabled":true,"brands":[{"id":570,"name":"Mildot","slug":"mildot"}],"_links":{"self":[{"href":"https:\/\/mildot.fi\/index.php\/wp-json\/wp\/v2\/product\/7725","targetHints":{"allow":["GET"]}}],"collection":[{"href":"https:\/\/mildot.fi\/index.php\/wp-json\/wp\/v2\/product"}],"about":[{"href":"https:\/\/mildot.fi\/index.php\/wp-json\/wp\/v2\/types\/product"}],"replies":[{"embeddable":true,"href":"https:\/\/mildot.fi\/index.php\/wp-json\/wp\/v2\/comments?post=7725"}],"wp:featuredmedia":[{"embeddable":true,"href":"https:\/\/mildot.fi\/index.php\/wp-json\/wp\/v2\/media\/7726"}],"wp:attachment":[{"href":"https:\/\/mildot.fi\/index.php\/wp-json\/wp\/v2\/media?parent=7725"}],"wp:term":[{"taxonomy":"pwb-brand","embeddable":true,"href":"https:\/\/mildot.fi\/index.php\/wp-json\/wp\/v2\/pwb-brand?post=7725"},{"taxonomy":"product_brand","embeddable":true,"href":"https:\/\/mildot.fi\/index.php\/wp-json\/wp\/v2\/product_brand?post=7725"},{"taxonomy":"product_cat","embeddable":true,"href":"https:\/\/mildot.fi\/index.php\/wp-json\/wp\/v2\/product_cat?post=7725"},{"taxonomy":"product_tag","embeddable":true,"href":"https:\/\/mildot.fi\/index.php\/wp-json\/wp\/v2\/product_tag?post=7725"}],"curies":[{"name":"wp","href":"https:\/\/api.w.org\/{rel}","templated":true}]}}