{"id":767,"date":"2019-06-05T10:49:41","date_gmt":"2019-06-05T08:49:41","guid":{"rendered":"https:\/\/mildot.fi\/?post_type=product&#038;p=767"},"modified":"2025-07-08T10:56:51","modified_gmt":"2025-07-08T08:56:51","slug":"metallimaalitaulu-20cm-mildot","status":"publish","type":"product","link":"https:\/\/mildot.fi\/index.php\/product\/metallimaalitaulu-20cm-mildot\/","title":{"rendered":"Metallimaalitaulu 20cm &#8211; 12mm &#8211; MILDOT"},"content":{"rendered":"<p>Metallimaalitaulut ovat valmistettu 12mm paksusta Hardox 500 ter\u00e4slevyst\u00e4.<br \/>\nTarkka (noin +\/-0,1mm) laserleikkaus oikean kokoiseksi.<\/p>\n<p>Kest\u00e4\u00e4 kaikki v\u00e4lill\u00e4 22LR -338LM@300m joustavalla kiinnityksell\u00e4\/kaatuvana maalina (paitsi panssaril\u00e4p\u00e4isevi\u00e4 luoteja).<\/p>\n<p>Pulttien rei\u00e4t ovat nyky\u00e4\u00e4n 13mm leveydelt\u00e4\u00e4n ja sopii mainiosti esimerkiksi M12 lukkokantapulteille jos haluaa k\u00e4ytt\u00e4\u00e4 kiinitinkumia kun ripustaa maalit radalla. Toinen ratkaisu on hy\u00f6dynt\u00e4\u00e4 reikien hiukan soikea muotoa, niist\u00e4 on helppo pujottaa maalitaulu metallikoukkuihin joka voi olla harjater\u00e4ksest\u00e4 valmistetut.<br \/>\nReikien C-C mitta: 6cm (Reikien v\u00e4linen et\u00e4isyys keskikohta &#8211; keskikohta)<\/p>\n<p>Kuvassa n\u00e4kyy alkaen vasemmalta: 10cm, 20cm, 30cm metallimaalitaulut.<\/p>\n<p>Paino 3,3kg<\/p>\n<p>MILDOT metallimaalitaulut ovat Suomessa valmistettu laatutuote Ruotsalaisesta SSAB ter\u00e4ksest\u00e4, ter\u00e4ksen saatavuudesta riippuen k\u00e4yt\u00e4mme my\u00f6s kotimaista Rautaruukin vastaavaa laatuter\u00e4st\u00e4.<\/p>\n","protected":false},"excerpt":{"rendered":"<p>Mildot metallimaalitaulu on valmistettu Hardox 500 ter\u00e4slevyst\u00e4 ja laserleikkattu tarkkoihin mittoihin. Maalitaulujen pinta on maalaamaton,voit itse maalata ne esimerkiksi vaalealla sprayv\u00e4rill\u00e4 ja sitten osumat ovat helppo tunnistaa pidemm\u00e4lt\u00e4kin matkalta.<\/p>\n","protected":false},"featured_media":2360,"comment_status":"open","ping_status":"closed","template":"","meta":{"ocean_post_layout":"","ocean_both_sidebars_style":"","ocean_both_sidebars_content_width":0,"ocean_both_sidebars_sidebars_width":0,"ocean_sidebar":"0","ocean_second_sidebar":"0","ocean_disable_margins":"enable","ocean_add_body_class":"","ocean_shortcode_before_top_bar":"","ocean_shortcode_after_top_bar":"","ocean_shortcode_before_header":"","ocean_shortcode_after_header":"","ocean_has_shortcode":"","ocean_shortcode_after_title":"","ocean_shortcode_before_footer_widgets":"","ocean_shortcode_after_footer_widgets":"","ocean_shortcode_before_footer_bottom":"","ocean_shortcode_after_footer_bottom":"","ocean_display_top_bar":"default","ocean_display_header":"default","ocean_header_style":"","ocean_center_header_left_menu":"0","ocean_custom_header_template":"0","ocean_custom_logo":0,"ocean_custom_retina_logo":0,"ocean_custom_logo_max_width":0,"ocean_custom_logo_tablet_max_width":0,"ocean_custom_logo_mobile_max_width":0,"ocean_custom_logo_max_height":0,"ocean_custom_logo_tablet_max_height":0,"ocean_custom_logo_mobile_max_height":0,"ocean_header_custom_menu":"0","ocean_menu_typo_font_family":"0","ocean_menu_typo_font_subset":"","ocean_menu_typo_font_size":0,"ocean_menu_typo_font_size_tablet":0,"ocean_menu_typo_font_size_mobile":0,"ocean_menu_typo_font_size_unit":"px","ocean_menu_typo_font_weight":"","ocean_menu_typo_font_weight_tablet":"","ocean_menu_typo_font_weight_mobile":"","ocean_menu_typo_transform":"","ocean_menu_typo_transform_tablet":"","ocean_menu_typo_transform_mobile":"","ocean_menu_typo_line_height":0,"ocean_menu_typo_line_height_tablet":0,"ocean_menu_typo_line_height_mobile":0,"ocean_menu_typo_line_height_unit":"","ocean_menu_typo_spacing":0,"ocean_menu_typo_spacing_tablet":0,"ocean_menu_typo_spacing_mobile":0,"ocean_menu_typo_spacing_unit":"","ocean_menu_link_color":"","ocean_menu_link_color_hover":"","ocean_menu_link_color_active":"","ocean_menu_link_background":"","ocean_menu_link_hover_background":"","ocean_menu_link_active_background":"","ocean_menu_social_links_bg":"","ocean_menu_social_hover_links_bg":"","ocean_menu_social_links_color":"","ocean_menu_social_hover_links_color":"","ocean_disable_title":"default","ocean_disable_heading":"default","ocean_post_title":"","ocean_post_subheading":"","ocean_post_title_style":"","ocean_post_title_background_color":"","ocean_post_title_background":0,"ocean_post_title_bg_image_position":"","ocean_post_title_bg_image_attachment":"","ocean_post_title_bg_image_repeat":"","ocean_post_title_bg_image_size":"","ocean_post_title_height":0,"ocean_post_title_bg_overlay":0.5,"ocean_post_title_bg_overlay_color":"","ocean_disable_breadcrumbs":"default","ocean_breadcrumbs_color":"","ocean_breadcrumbs_separator_color":"","ocean_breadcrumbs_links_color":"","ocean_breadcrumbs_links_hover_color":"","ocean_display_footer_widgets":"default","ocean_display_footer_bottom":"default","ocean_custom_footer_template":"0","jetpack_publicize_message":"","jetpack_publicize_feature_enabled":true,"jetpack_social_post_already_shared":false,"jetpack_social_options":{"image_generator_settings":{"template":"highway","default_image_id":0,"font":"","enabled":false},"version":2}},"pwb-brand":[570],"product_brand":[],"product_cat":[2129,162],"product_tag":[92,99,93,94,97,96,98,91,274,1879],"class_list":{"0":"post-767","1":"product","2":"type-product","3":"status-publish","4":"has-post-thumbnail","6":"pwb-brand-mildot","7":"product_cat-maalitaulut-12mm","8":"product_cat-mildot","9":"product_tag-12mm","10":"product_tag-20cm","11":"product_tag-hardox","12":"product_tag-hardox-500","13":"product_tag-maalitaulu","14":"product_tag-metallimaalitaulu","15":"product_tag-mildot","16":"product_tag-plate","17":"product_tag-pleitti","18":"product_tag-raex","20":"entry","21":"has-media","23":"first","24":"instock","25":"taxable","26":"shipping-taxable","27":"purchasable","28":"product-type-simple","29":"has-product-nav","30":"col","31":"span_1_of_4","32":"owp-content-center","33":"owp-thumbs-layout-horizontal","34":"owp-btn-normal","35":"owp-tabs-layout-horizontal"},"jetpack_publicize_connections":[],"jetpack_sharing_enabled":true,"brands":[{"id":570,"name":"Mildot","slug":"mildot"}],"_links":{"self":[{"href":"https:\/\/mildot.fi\/index.php\/wp-json\/wp\/v2\/product\/767","targetHints":{"allow":["GET"]}}],"collection":[{"href":"https:\/\/mildot.fi\/index.php\/wp-json\/wp\/v2\/product"}],"about":[{"href":"https:\/\/mildot.fi\/index.php\/wp-json\/wp\/v2\/types\/product"}],"replies":[{"embeddable":true,"href":"https:\/\/mildot.fi\/index.php\/wp-json\/wp\/v2\/comments?post=767"}],"wp:featuredmedia":[{"embeddable":true,"href":"https:\/\/mildot.fi\/index.php\/wp-json\/wp\/v2\/media\/2360"}],"wp:attachment":[{"href":"https:\/\/mildot.fi\/index.php\/wp-json\/wp\/v2\/media?parent=767"}],"wp:term":[{"taxonomy":"pwb-brand","embeddable":true,"href":"https:\/\/mildot.fi\/index.php\/wp-json\/wp\/v2\/pwb-brand?post=767"},{"taxonomy":"product_brand","embeddable":true,"href":"https:\/\/mildot.fi\/index.php\/wp-json\/wp\/v2\/product_brand?post=767"},{"taxonomy":"product_cat","embeddable":true,"href":"https:\/\/mildot.fi\/index.php\/wp-json\/wp\/v2\/product_cat?post=767"},{"taxonomy":"product_tag","embeddable":true,"href":"https:\/\/mildot.fi\/index.php\/wp-json\/wp\/v2\/product_tag?post=767"}],"curies":[{"name":"wp","href":"https:\/\/api.w.org\/{rel}","templated":true}]}}