{"id":7508,"date":"2020-10-28T10:46:12","date_gmt":"2020-10-28T08:46:12","guid":{"rendered":"https:\/\/mildot.fi\/?post_type=product&#038;p=7508"},"modified":"2025-03-18T13:03:33","modified_gmt":"2025-03-18T11:03:33","slug":"slik-pro-700dx-amt","status":"publish","type":"product","link":"https:\/\/mildot.fi\/index.php\/product\/slik-pro-700dx-amt\/","title":{"rendered":"SLIK Pro 700DX AMT jalusta MUSTA"},"content":{"rendered":"<p>Kevyt, mutta tukeva jalusta.<\/p>\n<p>Valmistettu Slikin A.M.T.(alumiinimagnesiumtitaani)-metalliseoksesta. Seoksella on eritt\u00e4in suuri vahvuus\/painosuhde. Jaloissa on yl\u00e4osassa pehmusteet.<\/p>\n<p>Jaloissa nopeat pikalukot.<br \/>\nSile\u00e4, irrotettava ja yl\u00f6salaisin k\u00e4\u00e4nnett\u00e4v\u00e4 keskiputki.<br \/>\nMoniasentoinen jalkojen kulmien s\u00e4\u00e4t\u00f6 mahdollistaa jalustan k\u00e4yt\u00f6n ep\u00e4tasaisessakin maastossa.<\/p>\n<p>1\/4 ja 3\/8 tuuman kierre.<\/p>\n<p>Huomio! Kuulap\u00e4\u00e4 myyd\u00e4\u00e4n erikseen!<br \/>\nK\u00e4yttohje englanniksi: <a href=\"https:\/\/mildot.fi\/wp-content\/uploads\/2020\/10\/slik_pro_700dx_manual.pdf\" target=\"_blank\" rel=\"noopener\">slik_pro_700dx_manual<\/a><\/p>\n<p>The SLIK PRO 700DX AMT can handle the heavy loads. It offers the user the strength and stability they need on flat and uneven surfaces. SLIK\u2019s exclusive AMT\u00a0 titanium alloy legs make the PRO 700DX tripod rock steady yet lighter than its competitors with similar max weight capacities.<br \/>\n* \u201cWhat\u2019s so great about AMT alloy?\u201d It has 40% greater strength to weight ratio than standard aluminum. The legs weigh less and are stronger than the standard aluminum used in most of today\u2019s tripods.<br \/>\n* Head mounting screw -corresponding to both U1\/4 and U3\/8 head mounting screws.<br \/>\n* 3-steps leg angle adjustment &#8211; Leg angle adjustable from a high position to a low position.<br \/>\n* Lever-type leg lock &#8211; Robust leg lock system that can operate quickly and easily.<br \/>\n* Plastic lever-type leg lock &#8211; Compact and light-weight plastic leg lock.<\/p>\n<p>Note, the PRO 700DX is full-sized, with just the legs extended and the center column still down then the upper surface is already at eye level for most people.<\/p>\n<p>Raise the smooth gearless center column to its maximum height and your camera is more than 1,700mm off the ground!<\/p>\n<p>Folded Length: 680mm<br \/>\nMaximum Operating Height: 1,780mm<br \/>\nMinimum Operating Height: 275mm<br \/>\nMaximum Center Column Ext.: 380mm<br \/>\nWeight: 2,67kg<br \/>\nLeg Lock Type: S.R.L.<br \/>\nLeg Tip: Rubber<br \/>\nHead attachment screw: U1\/4.U3\/8<br \/>\nNumber of Leg Sections: 3<br \/>\nDiameter of the first upper leg: 30.2mm<br \/>\nType of Center Column Elevation: Center column type<br \/>\nSpecial Features: Multi-position leg<\/p>\n","protected":false},"excerpt":{"rendered":"<p>Kevyt, mutta tukeva jalusta. Valmistettu Slikin A.M.T.(alumiinimagnesiumtitaani)-metalliseoksesta. Seoksella on eritt\u00e4in suuri vahvuus\/painosuhde. Jaloissa on yl\u00e4osassa pehmusteet. Jaloissa nopeat pikalukot. Sile\u00e4, irrotettava ja yl\u00f6salaisin k\u00e4\u00e4nnett\u00e4v\u00e4 keskiputki. Moniasentoinen jalkojen kulmien s\u00e4\u00e4t\u00f6 mahdollistaa jalustan k\u00e4yt\u00f6n ep\u00e4tasaisessakin maastossa. 1\/4 ja 3\/8 tuuman kierre. Huomio! Kuulap\u00e4\u00e4 myyd\u00e4\u00e4n erikseen! K\u00e4yttohje englanniksi: slik_pro_700dx_manual The SLIK PRO 700DX AMT can handle the heavy [&hellip;]<\/p>\n","protected":false},"featured_media":7516,"comment_status":"open","ping_status":"closed","template":"","meta":{"ocean_post_layout":"","ocean_both_sidebars_style":"","ocean_both_sidebars_content_width":0,"ocean_both_sidebars_sidebars_width":0,"ocean_sidebar":"0","ocean_second_sidebar":"0","ocean_disable_margins":"enable","ocean_add_body_class":"","ocean_shortcode_before_top_bar":"","ocean_shortcode_after_top_bar":"","ocean_shortcode_before_header":"","ocean_shortcode_after_header":"","ocean_has_shortcode":"","ocean_shortcode_after_title":"","ocean_shortcode_before_footer_widgets":"","ocean_shortcode_after_footer_widgets":"","ocean_shortcode_before_footer_bottom":"","ocean_shortcode_after_footer_bottom":"","ocean_display_top_bar":"default","ocean_display_header":"default","ocean_header_style":"","ocean_center_header_left_menu":"0","ocean_custom_header_template":"0","ocean_custom_logo":0,"ocean_custom_retina_logo":0,"ocean_custom_logo_max_width":0,"ocean_custom_logo_tablet_max_width":0,"ocean_custom_logo_mobile_max_width":0,"ocean_custom_logo_max_height":0,"ocean_custom_logo_tablet_max_height":0,"ocean_custom_logo_mobile_max_height":0,"ocean_header_custom_menu":"0","ocean_menu_typo_font_family":"0","ocean_menu_typo_font_subset":"","ocean_menu_typo_font_size":0,"ocean_menu_typo_font_size_tablet":0,"ocean_menu_typo_font_size_mobile":0,"ocean_menu_typo_font_size_unit":"px","ocean_menu_typo_font_weight":"","ocean_menu_typo_font_weight_tablet":"","ocean_menu_typo_font_weight_mobile":"","ocean_menu_typo_transform":"","ocean_menu_typo_transform_tablet":"","ocean_menu_typo_transform_mobile":"","ocean_menu_typo_line_height":0,"ocean_menu_typo_line_height_tablet":0,"ocean_menu_typo_line_height_mobile":0,"ocean_menu_typo_line_height_unit":"","ocean_menu_typo_spacing":0,"ocean_menu_typo_spacing_tablet":0,"ocean_menu_typo_spacing_mobile":0,"ocean_menu_typo_spacing_unit":"","ocean_menu_link_color":"","ocean_menu_link_color_hover":"","ocean_menu_link_color_active":"","ocean_menu_link_background":"","ocean_menu_link_hover_background":"","ocean_menu_link_active_background":"","ocean_menu_social_links_bg":"","ocean_menu_social_hover_links_bg":"","ocean_menu_social_links_color":"","ocean_menu_social_hover_links_color":"","ocean_disable_title":"default","ocean_disable_heading":"default","ocean_post_title":"","ocean_post_subheading":"","ocean_post_title_style":"","ocean_post_title_background_color":"","ocean_post_title_background":0,"ocean_post_title_bg_image_position":"","ocean_post_title_bg_image_attachment":"","ocean_post_title_bg_image_repeat":"","ocean_post_title_bg_image_size":"","ocean_post_title_height":0,"ocean_post_title_bg_overlay":0.5,"ocean_post_title_bg_overlay_color":"","ocean_disable_breadcrumbs":"default","ocean_breadcrumbs_color":"","ocean_breadcrumbs_separator_color":"","ocean_breadcrumbs_links_color":"","ocean_breadcrumbs_links_hover_color":"","ocean_display_footer_widgets":"default","ocean_display_footer_bottom":"default","ocean_custom_footer_template":"0","jetpack_publicize_message":"","jetpack_publicize_feature_enabled":true,"jetpack_social_post_already_shared":true,"jetpack_social_options":{"image_generator_settings":{"template":"highway","default_image_id":0,"font":"","enabled":false},"version":2}},"pwb-brand":[2034,1994],"product_brand":[],"product_cat":[299,2147],"product_tag":[1996,2158,1997,2159,2035,30,2024,643,1995,1998,1999],"class_list":{"0":"post-7508","1":"product","2":"type-product","3":"status-publish","4":"has-post-thumbnail","6":"pwb-brand-hog-saddle","7":"pwb-brand-slik","8":"product_cat-ampumatuet","9":"product_cat-hog-saddle","10":"product_tag-700dx","11":"product_tag-ammuntatuki","12":"product_tag-amt","13":"product_tag-apumatuki","14":"product_tag-hog-saddle","15":"product_tag-jalusta","16":"product_tag-kolmijalka","17":"product_tag-pro","18":"product_tag-slik","19":"product_tag-tripodi","20":"product_tag-tuki","22":"entry","23":"has-media","25":"first","26":"instock","27":"sale","28":"taxable","29":"shipping-taxable","30":"purchasable","31":"product-type-simple","32":"has-product-nav","33":"col","34":"span_1_of_4","35":"owp-content-center","36":"owp-thumbs-layout-horizontal","37":"owp-btn-normal","38":"owp-tabs-layout-horizontal"},"jetpack_publicize_connections":[],"jetpack_sharing_enabled":true,"brands":[{"id":2034,"name":"HOG Saddle \/ Shadowtech","slug":"hog-saddle"},{"id":1994,"name":"Slik","slug":"slik"}],"_links":{"self":[{"href":"https:\/\/mildot.fi\/index.php\/wp-json\/wp\/v2\/product\/7508","targetHints":{"allow":["GET"]}}],"collection":[{"href":"https:\/\/mildot.fi\/index.php\/wp-json\/wp\/v2\/product"}],"about":[{"href":"https:\/\/mildot.fi\/index.php\/wp-json\/wp\/v2\/types\/product"}],"replies":[{"embeddable":true,"href":"https:\/\/mildot.fi\/index.php\/wp-json\/wp\/v2\/comments?post=7508"}],"wp:featuredmedia":[{"embeddable":true,"href":"https:\/\/mildot.fi\/index.php\/wp-json\/wp\/v2\/media\/7516"}],"wp:attachment":[{"href":"https:\/\/mildot.fi\/index.php\/wp-json\/wp\/v2\/media?parent=7508"}],"wp:term":[{"taxonomy":"pwb-brand","embeddable":true,"href":"https:\/\/mildot.fi\/index.php\/wp-json\/wp\/v2\/pwb-brand?post=7508"},{"taxonomy":"product_brand","embeddable":true,"href":"https:\/\/mildot.fi\/index.php\/wp-json\/wp\/v2\/product_brand?post=7508"},{"taxonomy":"product_cat","embeddable":true,"href":"https:\/\/mildot.fi\/index.php\/wp-json\/wp\/v2\/product_cat?post=7508"},{"taxonomy":"product_tag","embeddable":true,"href":"https:\/\/mildot.fi\/index.php\/wp-json\/wp\/v2\/product_tag?post=7508"}],"curies":[{"name":"wp","href":"https:\/\/api.w.org\/{rel}","templated":true}]}}