{"id":7503,"date":"2020-10-28T09:55:37","date_gmt":"2020-10-28T07:55:37","guid":{"rendered":"https:\/\/mildot.fi\/?post_type=product&#038;p=7503"},"modified":"2024-05-04T07:42:00","modified_gmt":"2024-05-04T05:42:00","slug":"benro-b4pu70","status":"publish","type":"product","link":"https:\/\/mildot.fi\/index.php\/product\/benro-b4pu70\/","title":{"rendered":"Benro B4 Kuulap\u00e4\u00e4 ja PU70 QR-levy"},"content":{"rendered":"<p>A very strong ballhead with a maximum load capacity of 20 kg<br \/>\nPU70 Quick Release (QR) plate included<br \/>\nBubble Level:yes<br \/>\nWeight 0.65 kg<\/p>\n<p>Vuonna 1996 perustettu <a href=\"https:\/\/www.digitarvike.fi\/brand\/28\/benro\">Benro<\/a> haastaa perinteiset jalustamerkit. Benron hinta\/laatu on aina on ollut loistava.<\/p>\n<p>Suositeltu maksimipaino 20kg.\u00a0 Suuresta kantokyvyst\u00e4 huolimatta Benro B4 on kompakti mitoiltaan ja kennomaisen vahvistetun alumiinirungon ansiosta kuulap\u00e4\u00e4n paino on uskomattoman alhainen 640g.<\/p>\n<p>Mukana tulevassa pikakiinnityslevyss\u00e4 (PU-70) on noin 4cm pituussuuntainen s\u00e4\u00e4t\u00f6vara, jonka avulla voit korjata yhdistelm\u00e4n painopistett\u00e4. Levyn pohjassa on turvatapit, jotka est\u00e4v\u00e4t levyn irtoamisen s\u00e4\u00e4t\u00f6varojen \u00e4\u00e4rip\u00e4iss\u00e4.<\/p>\n<p>Kuulap\u00e4st\u00e4 l\u00f6ytyy kiinnitys\/lukitusen hienos\u00e4\u00e4t\u00f6, jolla s\u00e4\u00e4det\u00e4\u00e4n pallon liikkeen j\u00e4ykkyytt\u00e4. T\u00e4m\u00e4n s\u00e4\u00e4timen avulla kameraa tms. voidaan liikutella ilman kiristysvipuihin koskemista ja silti kuulap\u00e4\u00e4 antaa riitt\u00e4v\u00e4n tuen. Pallop\u00e4\u00e4 on erityisen hyv\u00e4 tilanteisiin, joissa kamera pit\u00e4\u00e4 suunnata nopeasti kohteesta toiseen. Se sopii my\u00f6s hyvin my\u00f6s panoraamakuvaukseen. Liikuttelu vaakatasossa on halutessasi oman lukituksen takana, joten voit liikuttaa kameraa sivusuunnassa vaikka pallo on lukittuna.<\/p>\n<p><strong>Ominaisuuksia:<\/strong><\/p>\n<ul>\n<li>Kitkas\u00e4\u00e4din &#8211; saadaan juuri oikea vastus ja sulava liike<\/li>\n<li>Itsen\u00e4inen 360\u00b0 vaakakierto ja lukitus, varustettu asteikolla &#8211; mahdollistaa tarkkojen panoraamojen ottamisen<\/li>\n<li>Arca-Swiss (Kirk, RRS, Markins, Wimberley, Acratech&#8230;) -yhteensopiva universaali pikakiinnitysj\u00e4rjestelm\u00e4<\/li>\n<li>Erikoislaatuinen kuulap\u00e4\u00e4suunnittelu &#8211; hyv\u00e4 t\u00e4rin\u00e4nvaimennus ja sulava liike<\/li>\n<\/ul>\n<p><strong>Tekniset tiedot:<\/strong><\/p>\n<ul>\n<li>pikakiinnityskisko PU-70 (s\u00e4\u00e4t\u00f6vara noin 4cm)<\/li>\n<li>sopii still- ja videokuvaukseen sek\u00e4 kaukoputkille<\/li>\n<li>korkeus\u00a0 noin10,5cm Arcaswiss kiskon kiinnityspinnan pohjaan<\/li>\n<li>kuula py\u00f6rii akselin ymp\u00e4ri vapaasti (360), ja lukittava.<\/li>\n<li>kiristys k\u00e4tev\u00e4sti yhdell\u00e4 nupilla.<\/li>\n<li>py\u00f6rii my\u00f6s jalustan pystyputken akselin ymp\u00e4ri (asteikko) ja on my\u00f6s lukittava<\/li>\n<li>pikakiinnityslevy kumisella kosketuspinnalla<\/li>\n<li>kiinnityskierre 1\/4&#8243; tai 3\/8&#8243;<\/li>\n<li>paino 0.64kg<\/li>\n<li>suositeltu kuorma 20kg<\/li>\n<li>mukana tulee 1\/4&#8243; -&gt; 3\/8&#8243; kierreadapteri<\/li>\n<\/ul>\n<p>HUOMIO! Jalusta ja kuulap\u00e4\u00e4 myyd\u00e4\u00e4n erikseen.<\/p>\n","protected":false},"excerpt":{"rendered":"<p>A very strong ballhead with a maximum load capacity of 20 kg PU70 Quick Release (QR) plate included Bubble Level:yes Weight 0.65 kg Vuonna 1996 perustettu Benro haastaa perinteiset jalustamerkit. Benron hinta\/laatu on aina on ollut loistava. Suositeltu maksimipaino 20kg.\u00a0 Suuresta kantokyvyst\u00e4 huolimatta Benro B4 on kompakti mitoiltaan ja kennomaisen vahvistetun alumiinirungon ansiosta kuulap\u00e4\u00e4n paino [&hellip;]<\/p>\n","protected":false},"featured_media":7504,"comment_status":"open","ping_status":"closed","template":"","meta":{"ocean_post_layout":"","ocean_both_sidebars_style":"","ocean_both_sidebars_content_width":0,"ocean_both_sidebars_sidebars_width":0,"ocean_sidebar":"0","ocean_second_sidebar":"0","ocean_disable_margins":"enable","ocean_add_body_class":"","ocean_shortcode_before_top_bar":"","ocean_shortcode_after_top_bar":"","ocean_shortcode_before_header":"","ocean_shortcode_after_header":"","ocean_has_shortcode":"","ocean_shortcode_after_title":"","ocean_shortcode_before_footer_widgets":"","ocean_shortcode_after_footer_widgets":"","ocean_shortcode_before_footer_bottom":"","ocean_shortcode_after_footer_bottom":"","ocean_display_top_bar":"default","ocean_display_header":"default","ocean_header_style":"","ocean_center_header_left_menu":"0","ocean_custom_header_template":"0","ocean_custom_logo":0,"ocean_custom_retina_logo":0,"ocean_custom_logo_max_width":0,"ocean_custom_logo_tablet_max_width":0,"ocean_custom_logo_mobile_max_width":0,"ocean_custom_logo_max_height":0,"ocean_custom_logo_tablet_max_height":0,"ocean_custom_logo_mobile_max_height":0,"ocean_header_custom_menu":"0","ocean_menu_typo_font_family":"0","ocean_menu_typo_font_subset":"","ocean_menu_typo_font_size":0,"ocean_menu_typo_font_size_tablet":0,"ocean_menu_typo_font_size_mobile":0,"ocean_menu_typo_font_size_unit":"px","ocean_menu_typo_font_weight":"","ocean_menu_typo_font_weight_tablet":"","ocean_menu_typo_font_weight_mobile":"","ocean_menu_typo_transform":"","ocean_menu_typo_transform_tablet":"","ocean_menu_typo_transform_mobile":"","ocean_menu_typo_line_height":0,"ocean_menu_typo_line_height_tablet":0,"ocean_menu_typo_line_height_mobile":0,"ocean_menu_typo_line_height_unit":"","ocean_menu_typo_spacing":0,"ocean_menu_typo_spacing_tablet":0,"ocean_menu_typo_spacing_mobile":0,"ocean_menu_typo_spacing_unit":"","ocean_menu_link_color":"","ocean_menu_link_color_hover":"","ocean_menu_link_color_active":"","ocean_menu_link_background":"","ocean_menu_link_hover_background":"","ocean_menu_link_active_background":"","ocean_menu_social_links_bg":"","ocean_menu_social_hover_links_bg":"","ocean_menu_social_links_color":"","ocean_menu_social_hover_links_color":"","ocean_disable_title":"default","ocean_disable_heading":"default","ocean_post_title":"","ocean_post_subheading":"","ocean_post_title_style":"","ocean_post_title_background_color":"","ocean_post_title_background":0,"ocean_post_title_bg_image_position":"","ocean_post_title_bg_image_attachment":"","ocean_post_title_bg_image_repeat":"","ocean_post_title_bg_image_size":"","ocean_post_title_height":0,"ocean_post_title_bg_overlay":0.5,"ocean_post_title_bg_overlay_color":"","ocean_disable_breadcrumbs":"default","ocean_breadcrumbs_color":"","ocean_breadcrumbs_separator_color":"","ocean_breadcrumbs_links_color":"","ocean_breadcrumbs_links_hover_color":"","ocean_display_footer_widgets":"default","ocean_display_footer_bottom":"default","ocean_custom_footer_template":"0","jetpack_publicize_message":"","jetpack_publicize_feature_enabled":true,"jetpack_social_post_already_shared":true,"jetpack_social_options":{"image_generator_settings":{"template":"highway","default_image_id":0,"font":"","enabled":false},"version":2}},"pwb-brand":[1986,2034],"product_brand":[],"product_cat":[299,2147],"product_tag":[1993,1988,1990,1987,1991,1989,1992],"class_list":{"0":"post-7503","1":"product","2":"type-product","3":"status-publish","4":"has-post-thumbnail","6":"pwb-brand-benro","7":"pwb-brand-hog-saddle","8":"product_cat-ampumatuet","9":"product_cat-hog-saddle","10":"product_tag-arca-swiss","11":"product_tag-b4","12":"product_tag-ballhead","13":"product_tag-benro","14":"product_tag-kuulapaa","15":"product_tag-pu70","16":"product_tag-qr","18":"entry","19":"has-media","21":"first","22":"instock","23":"taxable","24":"shipping-taxable","25":"purchasable","26":"product-type-simple","27":"has-product-nav","28":"col","29":"span_1_of_4","30":"owp-content-center","31":"owp-thumbs-layout-horizontal","32":"owp-btn-normal","33":"owp-tabs-layout-horizontal"},"jetpack_publicize_connections":[],"jetpack_sharing_enabled":true,"brands":[{"id":1986,"name":"Benro","slug":"benro"},{"id":2034,"name":"HOG Saddle \/ Shadowtech","slug":"hog-saddle"}],"_links":{"self":[{"href":"https:\/\/mildot.fi\/index.php\/wp-json\/wp\/v2\/product\/7503","targetHints":{"allow":["GET"]}}],"collection":[{"href":"https:\/\/mildot.fi\/index.php\/wp-json\/wp\/v2\/product"}],"about":[{"href":"https:\/\/mildot.fi\/index.php\/wp-json\/wp\/v2\/types\/product"}],"replies":[{"embeddable":true,"href":"https:\/\/mildot.fi\/index.php\/wp-json\/wp\/v2\/comments?post=7503"}],"wp:featuredmedia":[{"embeddable":true,"href":"https:\/\/mildot.fi\/index.php\/wp-json\/wp\/v2\/media\/7504"}],"wp:attachment":[{"href":"https:\/\/mildot.fi\/index.php\/wp-json\/wp\/v2\/media?parent=7503"}],"wp:term":[{"taxonomy":"pwb-brand","embeddable":true,"href":"https:\/\/mildot.fi\/index.php\/wp-json\/wp\/v2\/pwb-brand?post=7503"},{"taxonomy":"product_brand","embeddable":true,"href":"https:\/\/mildot.fi\/index.php\/wp-json\/wp\/v2\/product_brand?post=7503"},{"taxonomy":"product_cat","embeddable":true,"href":"https:\/\/mildot.fi\/index.php\/wp-json\/wp\/v2\/product_cat?post=7503"},{"taxonomy":"product_tag","embeddable":true,"href":"https:\/\/mildot.fi\/index.php\/wp-json\/wp\/v2\/product_tag?post=7503"}],"curies":[{"name":"wp","href":"https:\/\/api.w.org\/{rel}","templated":true}]}}