{"id":7236,"date":"2020-08-16T20:40:24","date_gmt":"2020-08-16T18:40:24","guid":{"rendered":"https:\/\/mildot.fi\/?post_type=product&#038;p=7236"},"modified":"2025-08-26T07:54:28","modified_gmt":"2025-08-26T05:54:28","slug":"vortex-strike-eagle-5-25x56-ffp","status":"publish","type":"product","link":"https:\/\/mildot.fi\/index.php\/product\/vortex-strike-eagle-5-25x56-ffp\/","title":{"rendered":"Vortex Strike Eagle 5-25X56 FFP MRAD EBR-7C"},"content":{"rendered":"<p><a href=\"https:\/\/mildot.fi\/wp-content\/uploads\/2020\/08\/vortex-strike-eagle-5-25x56-ffp_manual.pdf\">Vortex Strike Eagle Product Manual.pdf<\/a><\/p>\n<p><a href=\"https:\/\/mildot.fi\/wp-content\/uploads\/2020\/08\/vortex_strike_eagle_5-2_manual_mildot_finland_ebr-7c.pdf\">Vortex Strike Eagle Reticle Manual.pdf<\/a><\/p>\n<p>EBR-7C (MRAD) Reticle | 34 mm Tube<\/p>\n<p>When you&#8217;re ready to step up your long-distance game, the Strike Eagle gives you more of the tools you need for less than you&#8217;d expect. Start with excellent edge-to-edge sharpness, and add a <strong>first focal plane<\/strong> (FFP) <strong>illuminated reticle<\/strong> for fast reads at any magnification and lighting situation. Add in our <strong>RevStop Zero<\/strong> System for a hard return to zero, and locking turrets for fast, stay-put adjustments. Build it around a 34mm tube that accommodates massive amounts of elevation and windage travel, and a throw lever for rapid magnification changes, and you&#8217;ve got a long-distance impact machine that&#8217;ll have you wondering how you ever shot without it.<\/p>\n<p><strong>Optical Features:<\/strong><\/p>\n<ul>\n<li>XD\u2122 Lens Elements: Extra-low dispersion (XD) glass increases resolution and color fidelity, resulting in crisp, sharp images.<\/li>\n<li>Fully Multi-Coated: Proprietary coatings increase light transmission with multiple anti-reflective coatings on all air-to-glass surfaces.<\/li>\n<li>First Focal Plane Reticle: Scale of reticle remains in proportion to the zoomed image. Constant subtensions allow accurate holdover and ranging at all magnifications.<\/li>\n<li>Glass-Etched Reticle: Allows for intricate reticle design. Protected between two layers of glass for optimum durability and reliability.<\/li>\n<\/ul>\n<p><strong>Construction Features:<\/strong><\/p>\n<ul>\n<li>ArmorTek: Ultra-hard, scratch-resistant coating protects exterior lenses from scratches, oil and dirt.<\/li>\n<li>Shockproof: Rugged construction withstands recoil and impact.<\/li>\n<li>Waterproof: O-ring seals prevent moisture, dust and debris from penetrating for reliable performance in all environments.<\/li>\n<li>Fogproof: Nitrogen gas purging prevents internal fogging over a wide range of temperatures.<\/li>\n<li>Tube Size: 34 mm diameter provides maximized internal adjustment and strength.<\/li>\n<li>Side Focus: Adjustment located on left side of turret housing is easily accessible from shooting position. Provides optimal image focus and parallax removal.<\/li>\n<li>Aircraft-Grade Aluminum: Constructed from a solid block of aircraft-grade aluminum for strength and rigidity.<\/li>\n<li>Matte Anodized Finish: Corrosion and wear resistant anodization provides low-glare matte surface and helps camouflage the shooter&#8217;s position.<\/li>\n<li>Tactical Locking Turrets: Integrated locking mechanism prevents accidental adjustments. Turrets provide fast, accurate, easily read elevation and windage adjustments.<\/li>\n<\/ul>\n<p><strong>Convenience Features:<\/strong><\/p>\n<ul>\n<li>Fast Focus Eyepiece: Allows quick and easy reticle focusing.<\/li>\n<li>Throw Lever: The included throw lever can be installed for quick and easy magnification adjustments.<\/li>\n<li>RevStop\u2122 Zero System: Patented streamlined design offers an easy to set, rock-solid return to zero after turret adjustments.<\/li>\n<li>Illuminated reticle.<\/li>\n<\/ul>\n<p><strong>Reticle:<\/strong><\/p>\n<ul>\n<li>EBR-7C (MRAD): Hash-marked reticle using\u00a0 MRAD-based subtension lines and floating wind hold dots for ranging, holdover, and windage corrections.<\/li>\n<\/ul>\n<p><strong>Specifications:<\/strong><\/p>\n<ul>\n<li>Magnification\u00a0\u00a0\u00a0\u00a0\u00a0\u00a0\u00a0\u00a0\u00a0\u00a0\u00a0\u00a0\u00a0\u00a0\u00a0\u00a0\u00a0\u00a0\u00a0\u00a0\u00a0\u00a0\u00a0\u00a0\u00a0\u00a0\u00a0\u00a0\u00a0\u00a0\u00a0\u00a0\u00a0\u00a0\u00a0\u00a0\u00a0\u00a0\u00a0\u00a0 5-25x<\/li>\n<li>Objective Lens Diameter\u00a0\u00a0\u00a0\u00a0\u00a0\u00a0\u00a0\u00a0\u00a0\u00a0\u00a0\u00a0\u00a0\u00a0\u00a0\u00a0\u00a0\u00a0\u00a0\u00a0 56 mm<\/li>\n<li>Objective outer diameter front\/back\u00a0 64mm\/46.7mm<\/li>\n<li>Eye Relief\u00a0\u00a0\u00a0\u00a0\u00a0\u00a0\u00a0\u00a0\u00a0\u00a0\u00a0\u00a0\u00a0\u00a0\u00a0\u00a0\u00a0\u00a0\u00a0\u00a0\u00a0\u00a0\u00a0\u00a0\u00a0\u00a0\u00a0\u00a0\u00a0\u00a0\u00a0\u00a0\u00a0\u00a0\u00a0\u00a0\u00a0\u00a0\u00a0\u00a0\u00a0\u00a0\u00a0\u00a0\u00a0\u00a0\u00a0 9,4cm =3.7 inches<\/li>\n<li>Field of View\u00a0\u00a0\u00a0\u00a0\u00a0\u00a0\u00a0\u00a0\u00a0\u00a0\u00a0\u00a0\u00a0\u00a0\u00a0\u00a0\u00a0\u00a0\u00a0\u00a0\u00a0\u00a0\u00a0\u00a0\u00a0\u00a0\u00a0\u00a0\u00a0\u00a0\u00a0\u00a0\u00a0\u00a0\u00a0\u00a0\u00a0 \u00a0\u00a0 24.0 &#8211; 5.2 ft @100 yds<\/li>\n<li>Tube Size\u00a0\u00a0\u00a0\u00a0\u00a0\u00a0\u00a0\u00a0\u00a0\u00a0\u00a0\u00a0\u00a0\u00a0\u00a0\u00a0\u00a0\u00a0\u00a0\u00a0\u00a0\u00a0\u00a0\u00a0\u00a0\u00a0\u00a0\u00a0\u00a0\u00a0\u00a0\u00a0\u00a0\u00a0\u00a0\u00a0\u00a0\u00a0\u00a0\u00a0\u00a0\u00a0\u00a0\u00a0\u00a0 34 mm<\/li>\n<li>Elevation Turret Style\u00a0\u00a0\u00a0\u00a0\u00a0\u00a0\u00a0\u00a0\u00a0\u00a0\u00a0\u00a0\u00a0\u00a0\u00a0\u00a0\u00a0\u00a0\u00a0\u00a0\u00a0\u00a0\u00a0\u00a0\u00a0 Locking\/Zero Stop<\/li>\n<li>Windage Turret Style\u00a0\u00a0\u00a0\u00a0\u00a0\u00a0\u00a0\u00a0\u00a0\u00a0\u00a0\u00a0\u00a0\u00a0\u00a0\u00a0\u00a0\u00a0\u00a0\u00a0\u00a0\u00a0\u00a0\u00a0\u00a0 Locking<\/li>\n<li>Adjustment Graduation\u00a0\u00a0\u00a0\u00a0\u00a0\u00a0\u00a0\u00a0\u00a0\u00a0\u00a0\u00a0\u00a0\u00a0\u00a0\u00a0\u00a0\u00a0\u00a0\u00a0\u00a0 0,1MRAD<\/li>\n<li>Travel Per Rotation\u00a0\u00a0\u00a0\u00a0\u00a0\u00a0\u00a0\u00a0\u00a0\u00a0\u00a0\u00a0\u00a0\u00a0\u00a0\u00a0\u00a0\u00a0\u00a0\u00a0\u00a0\u00a0\u00a0\u00a0\u00a0\u00a0\u00a0 10 MRAD<\/li>\n<li>Max Elevation Adjustment\u00a0\u00a0\u00a0\u00a0\u00a0\u00a0\u00a0\u00a0\u00a0\u00a0\u00a0\u00a0\u00a0 \u00a0 31MRAD<\/li>\n<li>Max Windage Adjustment\u00a0\u00a0\u00a0\u00a0\u00a0\u00a0\u00a0\u00a0\u00a0\u00a0\u00a0\u00a0 \u00a0\u00a0 23MRAD<\/li>\n<li>Parallax Setting\u00a0\u00a0\u00a0\u00a0\u00a0\u00a0\u00a0\u00a0\u00a0\u00a0\u00a0\u00a0\u00a0\u00a0\u00a0\u00a0\u00a0\u00a0\u00a0\u00a0\u00a0\u00a0\u00a0\u00a0\u00a0\u00a0\u00a0\u00a0 \u00a0\u00a0\u00a0\u00a0\u00a0 15 yards to infinity<\/li>\n<li>length\u00a0\u00a0\u00a0\u00a0\u00a0\u00a0\u00a0\u00a0\u00a0\u00a0\u00a0\u00a0\u00a0\u00a0\u00a0\u00a0\u00a0\u00a0\u00a0\u00a0\u00a0\u00a0\u00a0\u00a0\u00a0\u00a0\u00a0\u00a0\u00a0\u00a0\u00a0\u00a0\u00a0\u00a0\u00a0\u00a0\u00a0\u00a0\u00a0\u00a0\u00a0\u00a0\u00a0\u00a0 \u00a0 \u00a0 7,1cm<\/li>\n<li>Weight\u00a0\u00a0\u00a0\u00a0\u00a0\u00a0\u00a0\u00a0\u00a0\u00a0\u00a0\u00a0\u00a0\u00a0\u00a0\u00a0\u00a0\u00a0\u00a0\u00a0\u00a0\u00a0\u00a0\u00a0\u00a0\u00a0\u00a0\u00a0\u00a0\u00a0\u00a0\u00a0\u00a0\u00a0\u00a0\u00a0\u00a0\u00a0\u00a0\u00a0\u00a0\u00a0\u00a0\u00a0\u00a0\u00a0\u00a0\u00a0\u00a0\u00a0 862g<\/li>\n<\/ul>\n<p><strong>Included in the Box:<\/strong><\/p>\n<ul>\n<li>Sunshade<\/li>\n<li>Lens cloth<\/li>\n<li>CR2032 battery<\/li>\n<li>Turret tool<\/li>\n<li>2mm hex wrench<\/li>\n<li>Throw lever<\/li>\n<li>Rubber style lens covers<\/li>\n<\/ul>\n<p><strong><br \/>\n<\/strong>We can also offer Vortex famously strong flip-up caps, check out: <strong><a href=\"https:\/\/mildot.fi\/index.php\/product\/vortex-linssisuoja-flip-cap-o-56\/\">O-56<\/a><\/strong> and\u00a0<strong> <a href=\"https:\/\/mildot.fi\/index.php\/product\/vortex-defender-flip-cap-e-10\/\">E-10<\/a><\/strong><\/p>\n<p>&nbsp;<\/p>\n<p class=\"responsive-video-wrap clr\"><iframe title=\"Vortex Strike Eagle\u00ae 5-25x56 FFP Riflescope\" width=\"1200\" height=\"675\" src=\"https:\/\/www.youtube.com\/embed\/CjBHTfi_y7g?feature=oembed\" frameborder=\"0\" allow=\"accelerometer; autoplay; clipboard-write; encrypted-media; gyroscope; picture-in-picture; web-share\" referrerpolicy=\"strict-origin-when-cross-origin\" allowfullscreen><\/iframe><\/p>\n","protected":false},"excerpt":{"rendered":"<p>Hash-marked reticle using\u00a0 MRAD-based subtension lines and floating wind hold dots for ranging, holdover, and windage corrections.<\/p>\n<p><span style=\"color: red;\"><strong>ILMAINEN RAHTI T\u00c4LLE TUOTTEELLE, K\u00c4YT\u00c4 ALENNUSKOODIA: RAHTI-STRIKE-EAGLE<\/strong><\/span><\/p>\n<p>&nbsp;<\/p>\n<p><span style=\"color: red;\">Please ask for a quote combining this riflescope with <a href=\"https:\/\/mildot.fi\/index.php\/product-category\/spuhr\/34mm-runkoputki-spuhr\/\">Spuhr ISMS mounts<\/a><\/span>. This is the perfect setup for the demanding shooter that wants the best.<\/p>\n<p>Do you wonder how high scope mount you will need? Try our <a href=\"https:\/\/mildot.fi\/index.php\/mildot-ring-height-calculator\/\">scope mount height calculator, <\/a>feel free to call or email us if you still have any questions.<\/p>\n","protected":false},"featured_media":7393,"comment_status":"open","ping_status":"closed","template":"","meta":{"ocean_post_layout":"","ocean_both_sidebars_style":"","ocean_both_sidebars_content_width":0,"ocean_both_sidebars_sidebars_width":0,"ocean_sidebar":"0","ocean_second_sidebar":"0","ocean_disable_margins":"enable","ocean_add_body_class":"","ocean_shortcode_before_top_bar":"","ocean_shortcode_after_top_bar":"","ocean_shortcode_before_header":"","ocean_shortcode_after_header":"","ocean_has_shortcode":"","ocean_shortcode_after_title":"","ocean_shortcode_before_footer_widgets":"","ocean_shortcode_after_footer_widgets":"","ocean_shortcode_before_footer_bottom":"","ocean_shortcode_after_footer_bottom":"","ocean_display_top_bar":"default","ocean_display_header":"default","ocean_header_style":"","ocean_center_header_left_menu":"0","ocean_custom_header_template":"0","ocean_custom_logo":0,"ocean_custom_retina_logo":0,"ocean_custom_logo_max_width":0,"ocean_custom_logo_tablet_max_width":0,"ocean_custom_logo_mobile_max_width":0,"ocean_custom_logo_max_height":0,"ocean_custom_logo_tablet_max_height":0,"ocean_custom_logo_mobile_max_height":0,"ocean_header_custom_menu":"0","ocean_menu_typo_font_family":"0","ocean_menu_typo_font_subset":"","ocean_menu_typo_font_size":0,"ocean_menu_typo_font_size_tablet":0,"ocean_menu_typo_font_size_mobile":0,"ocean_menu_typo_font_size_unit":"px","ocean_menu_typo_font_weight":"","ocean_menu_typo_font_weight_tablet":"","ocean_menu_typo_font_weight_mobile":"","ocean_menu_typo_transform":"","ocean_menu_typo_transform_tablet":"","ocean_menu_typo_transform_mobile":"","ocean_menu_typo_line_height":0,"ocean_menu_typo_line_height_tablet":0,"ocean_menu_typo_line_height_mobile":0,"ocean_menu_typo_line_height_unit":"","ocean_menu_typo_spacing":0,"ocean_menu_typo_spacing_tablet":0,"ocean_menu_typo_spacing_mobile":0,"ocean_menu_typo_spacing_unit":"","ocean_menu_link_color":"","ocean_menu_link_color_hover":"","ocean_menu_link_color_active":"","ocean_menu_link_background":"","ocean_menu_link_hover_background":"","ocean_menu_link_active_background":"","ocean_menu_social_links_bg":"","ocean_menu_social_hover_links_bg":"","ocean_menu_social_links_color":"","ocean_menu_social_hover_links_color":"","ocean_disable_title":"default","ocean_disable_heading":"default","ocean_post_title":"","ocean_post_subheading":"","ocean_post_title_style":"","ocean_post_title_background_color":"","ocean_post_title_background":0,"ocean_post_title_bg_image_position":"","ocean_post_title_bg_image_attachment":"","ocean_post_title_bg_image_repeat":"","ocean_post_title_bg_image_size":"","ocean_post_title_height":0,"ocean_post_title_bg_overlay":0.5,"ocean_post_title_bg_overlay_color":"","ocean_disable_breadcrumbs":"default","ocean_breadcrumbs_color":"","ocean_breadcrumbs_separator_color":"","ocean_breadcrumbs_links_color":"","ocean_breadcrumbs_links_hover_color":"","ocean_display_footer_widgets":"default","ocean_display_footer_bottom":"default","ocean_custom_footer_template":"0","jetpack_publicize_message":"","jetpack_publicize_feature_enabled":true,"jetpack_social_post_already_shared":true,"jetpack_social_options":{"image_generator_settings":{"template":"highway","default_image_id":0,"font":"","enabled":false},"version":2}},"pwb-brand":[543],"product_brand":[],"product_cat":[18,17,126],"product_tag":[1945,1949,2060,314,830,20],"class_list":{"0":"post-7236","1":"product","2":"type-product","3":"status-publish","4":"has-post-thumbnail","6":"pwb-brand-vortex","7":"product_cat-kiikaritahtaimet","8":"product_cat-optiikka","9":"product_cat-vortex-optics","10":"product_tag-34-mm","11":"product_tag-5-25x","12":"product_tag-ebr-7c","13":"product_tag-ffp","14":"product_tag-strike-eagle","15":"product_tag-vortex","17":"entry","18":"has-media","20":"first","21":"instock","22":"taxable","23":"shipping-taxable","24":"purchasable","25":"product-type-simple","26":"has-product-nav","27":"col","28":"span_1_of_4","29":"owp-content-center","30":"owp-thumbs-layout-horizontal","31":"owp-btn-normal","32":"owp-tabs-layout-horizontal"},"jetpack_publicize_connections":[],"jetpack_sharing_enabled":true,"brands":[{"id":543,"name":"Vortex","slug":"vortex"}],"_links":{"self":[{"href":"https:\/\/mildot.fi\/index.php\/wp-json\/wp\/v2\/product\/7236","targetHints":{"allow":["GET"]}}],"collection":[{"href":"https:\/\/mildot.fi\/index.php\/wp-json\/wp\/v2\/product"}],"about":[{"href":"https:\/\/mildot.fi\/index.php\/wp-json\/wp\/v2\/types\/product"}],"replies":[{"embeddable":true,"href":"https:\/\/mildot.fi\/index.php\/wp-json\/wp\/v2\/comments?post=7236"}],"wp:featuredmedia":[{"embeddable":true,"href":"https:\/\/mildot.fi\/index.php\/wp-json\/wp\/v2\/media\/7393"}],"wp:attachment":[{"href":"https:\/\/mildot.fi\/index.php\/wp-json\/wp\/v2\/media?parent=7236"}],"wp:term":[{"taxonomy":"pwb-brand","embeddable":true,"href":"https:\/\/mildot.fi\/index.php\/wp-json\/wp\/v2\/pwb-brand?post=7236"},{"taxonomy":"product_brand","embeddable":true,"href":"https:\/\/mildot.fi\/index.php\/wp-json\/wp\/v2\/product_brand?post=7236"},{"taxonomy":"product_cat","embeddable":true,"href":"https:\/\/mildot.fi\/index.php\/wp-json\/wp\/v2\/product_cat?post=7236"},{"taxonomy":"product_tag","embeddable":true,"href":"https:\/\/mildot.fi\/index.php\/wp-json\/wp\/v2\/product_tag?post=7236"}],"curies":[{"name":"wp","href":"https:\/\/api.w.org\/{rel}","templated":true}]}}