{"id":6810,"date":"2020-02-11T14:52:05","date_gmt":"2020-02-11T12:52:05","guid":{"rendered":"https:\/\/mildot.fi\/?post_type=product&#038;p=6810"},"modified":"2024-05-16T09:58:15","modified_gmt":"2024-05-16T07:58:15","slug":"latauksenestopuikko_chamber_flag","status":"publish","type":"product","link":"https:\/\/mildot.fi\/index.php\/product\/latauksenestopuikko_chamber_flag\/","title":{"rendered":"Latauksenestopuikko &#8211; Chamber flag"},"content":{"rendered":"","protected":false},"excerpt":{"rendered":"<p>Helppok\u00e4ytt\u00f6inen latauksenestopuikko. Verrattuna moneen vastaaviin ratkaisuihin niin t\u00e4m\u00e4n puikon taivutetun muotona ansiosta se pysyy paikkallansa vaikka aseen liikuvat osat ovat vedetty taakse, jopa haulikossa, katso kuva.<br \/>\nAseen liikuvat osat voi my\u00f6s saattaa hallitusti eteen lep\u00e4\u00e4m\u00e4\u00e4n puikkoa vasten.<\/p>\n<p>Jos haluaa niin puikon &#8220;lippuosaan&#8221; voi porata 3mm reik\u00e4 ja avainrenkaan avulla asentaa isomman lipun.\u00a0 Esimerksiki t\u00e4m\u00e4n:\u00a0 <a href=\"https:\/\/mildot.fi\/index.php\/product\/remove-before-pew-pew-chamber-flag-3kpl\/\">remove-before-pew-pew-chamber-flag<\/a><\/p>\n<p>Huomiothan ett\u00e4 se isompi latauksenestopuikko EI SOVI pienoiskiv\u00e4\u00e4riin!<\/p>\n<p>Kaikki joka ovat kerrankin ottaneet piipusta kiinni tiet\u00e4\u00e4 miten kivasti se l\u00e4mmitt\u00e4\u00e4 n\u00e4ppej\u00e4, jos yleens\u00e4 ammut 30 ptr lippaallinen kerrallaan niin puikon lyhent\u00e4minen voi olla hyv\u00e4 vaihtoehto.<\/p>\n<p>Jos tilaat ainoastaan 1-10 kpl latauksenestopuikkoa niin l\u00e4het\u00e4n ne kirjekuoressa, silloin rahti on vain 5\u20ac, korjaan rahtihinnan manuaalisesti ennen kun l\u00e4het\u00e4n laskun.<\/p>\n","protected":false},"featured_media":6816,"comment_status":"open","ping_status":"closed","template":"","meta":{"ocean_post_layout":"","ocean_both_sidebars_style":"","ocean_both_sidebars_content_width":0,"ocean_both_sidebars_sidebars_width":0,"ocean_sidebar":"0","ocean_second_sidebar":"0","ocean_disable_margins":"enable","ocean_add_body_class":"","ocean_shortcode_before_top_bar":"","ocean_shortcode_after_top_bar":"","ocean_shortcode_before_header":"","ocean_shortcode_after_header":"","ocean_has_shortcode":"","ocean_shortcode_after_title":"","ocean_shortcode_before_footer_widgets":"","ocean_shortcode_after_footer_widgets":"","ocean_shortcode_before_footer_bottom":"","ocean_shortcode_after_footer_bottom":"","ocean_display_top_bar":"default","ocean_display_header":"default","ocean_header_style":"","ocean_center_header_left_menu":"0","ocean_custom_header_template":"0","ocean_custom_logo":0,"ocean_custom_retina_logo":0,"ocean_custom_logo_max_width":0,"ocean_custom_logo_tablet_max_width":0,"ocean_custom_logo_mobile_max_width":0,"ocean_custom_logo_max_height":0,"ocean_custom_logo_tablet_max_height":0,"ocean_custom_logo_mobile_max_height":0,"ocean_header_custom_menu":"0","ocean_menu_typo_font_family":"0","ocean_menu_typo_font_subset":"","ocean_menu_typo_font_size":0,"ocean_menu_typo_font_size_tablet":0,"ocean_menu_typo_font_size_mobile":0,"ocean_menu_typo_font_size_unit":"px","ocean_menu_typo_font_weight":"","ocean_menu_typo_font_weight_tablet":"","ocean_menu_typo_font_weight_mobile":"","ocean_menu_typo_transform":"","ocean_menu_typo_transform_tablet":"","ocean_menu_typo_transform_mobile":"","ocean_menu_typo_line_height":0,"ocean_menu_typo_line_height_tablet":0,"ocean_menu_typo_line_height_mobile":0,"ocean_menu_typo_line_height_unit":"","ocean_menu_typo_spacing":0,"ocean_menu_typo_spacing_tablet":0,"ocean_menu_typo_spacing_mobile":0,"ocean_menu_typo_spacing_unit":"","ocean_menu_link_color":"","ocean_menu_link_color_hover":"","ocean_menu_link_color_active":"","ocean_menu_link_background":"","ocean_menu_link_hover_background":"","ocean_menu_link_active_background":"","ocean_menu_social_links_bg":"","ocean_menu_social_hover_links_bg":"","ocean_menu_social_links_color":"","ocean_menu_social_hover_links_color":"","ocean_disable_title":"default","ocean_disable_heading":"default","ocean_post_title":"","ocean_post_subheading":"","ocean_post_title_style":"","ocean_post_title_background_color":"","ocean_post_title_background":0,"ocean_post_title_bg_image_position":"","ocean_post_title_bg_image_attachment":"","ocean_post_title_bg_image_repeat":"","ocean_post_title_bg_image_size":"","ocean_post_title_height":0,"ocean_post_title_bg_overlay":0.5,"ocean_post_title_bg_overlay_color":"","ocean_disable_breadcrumbs":"default","ocean_breadcrumbs_color":"","ocean_breadcrumbs_separator_color":"","ocean_breadcrumbs_links_color":"","ocean_breadcrumbs_links_hover_color":"","ocean_display_footer_widgets":"default","ocean_display_footer_bottom":"default","ocean_custom_footer_template":"0","jetpack_publicize_message":"","jetpack_publicize_feature_enabled":true,"jetpack_social_post_already_shared":true,"jetpack_social_options":{"image_generator_settings":{"template":"highway","default_image_id":0,"font":"","enabled":false},"version":2}},"pwb-brand":[570],"product_brand":[],"product_cat":[162,269,136],"product_tag":[263,1790,1788,1789,98],"class_list":{"0":"post-6810","1":"product","2":"type-product","3":"status-publish","4":"has-post-thumbnail","6":"pwb-brand-mildot","7":"product_cat-mildot","8":"product_cat-muut-tuotteet","9":"product_cat-tyokalut-ja-pientuotteet","10":"product_tag-chamber-flag","11":"product_tag-chamber-saftey-flag","12":"product_tag-latauksenesto","13":"product_tag-latauksenestopuikko","14":"product_tag-mildot","16":"entry","17":"has-media","19":"first","20":"instock","21":"taxable","22":"shipping-taxable","23":"purchasable","24":"product-type-variable","25":"has-product-nav","26":"col","27":"span_1_of_4","28":"owp-content-center","29":"owp-thumbs-layout-horizontal","30":"owp-btn-normal","31":"owp-tabs-layout-horizontal"},"jetpack_publicize_connections":[],"jetpack_sharing_enabled":true,"brands":[{"id":570,"name":"Mildot","slug":"mildot"}],"_links":{"self":[{"href":"https:\/\/mildot.fi\/index.php\/wp-json\/wp\/v2\/product\/6810","targetHints":{"allow":["GET"]}}],"collection":[{"href":"https:\/\/mildot.fi\/index.php\/wp-json\/wp\/v2\/product"}],"about":[{"href":"https:\/\/mildot.fi\/index.php\/wp-json\/wp\/v2\/types\/product"}],"replies":[{"embeddable":true,"href":"https:\/\/mildot.fi\/index.php\/wp-json\/wp\/v2\/comments?post=6810"}],"wp:featuredmedia":[{"embeddable":true,"href":"https:\/\/mildot.fi\/index.php\/wp-json\/wp\/v2\/media\/6816"}],"wp:attachment":[{"href":"https:\/\/mildot.fi\/index.php\/wp-json\/wp\/v2\/media?parent=6810"}],"wp:term":[{"taxonomy":"pwb-brand","embeddable":true,"href":"https:\/\/mildot.fi\/index.php\/wp-json\/wp\/v2\/pwb-brand?post=6810"},{"taxonomy":"product_brand","embeddable":true,"href":"https:\/\/mildot.fi\/index.php\/wp-json\/wp\/v2\/product_brand?post=6810"},{"taxonomy":"product_cat","embeddable":true,"href":"https:\/\/mildot.fi\/index.php\/wp-json\/wp\/v2\/product_cat?post=6810"},{"taxonomy":"product_tag","embeddable":true,"href":"https:\/\/mildot.fi\/index.php\/wp-json\/wp\/v2\/product_tag?post=6810"}],"curies":[{"name":"wp","href":"https:\/\/api.w.org\/{rel}","templated":true}]}}