{"id":6740,"date":"2020-01-28T16:40:44","date_gmt":"2020-01-28T14:40:44","guid":{"rendered":"https:\/\/mildot.fi\/?post_type=product&#038;p=6740"},"modified":"2024-10-16T10:05:25","modified_gmt":"2024-10-16T08:05:25","slug":"triggertech-diamond-ar15-straight-black","status":"publish","type":"product","link":"https:\/\/mildot.fi\/index.php\/product\/triggertech-diamond-ar15-straight-black\/","title":{"rendered":"Triggertech &#8211; Diamond AR15 straight black"},"content":{"rendered":"<p>Trigger Control Details<br \/>\nTrigger Lever Type: Straight<br \/>\nTrigger Action: Short Two Stage Action, designed to feel like a 1911<br \/>\nFRT: Yes<br \/>\nTKR Technology: Yes<br \/>\nCLKR Technology: No<br \/>\nFLTWR Technology: Yes<br \/>\nCreep: 0.000&#8243;<br \/>\nOvertravel: &lt; 0.381 mm \/ 0.015&#8243;<br \/>\nReset: &lt; 0.762 mm \/ 0.030&#8243;<br \/>\nReset Feel: Tactile mid force<br \/>\nTotal Pull Weight: 680 g &#8211; 1,814 g \/1.5lbs &#8211; 4.00lbs<br \/>\nHammer Strike Force: Full<br \/>\nPin Size: Standard Mil-Spec Pin (0.154&#8243;)<br \/>\nWeapon Platform: AR 15<br \/>\nWeight: 60g<br \/>\nSKU:AR0-TRB-14-NNF<\/p>\n<p>Material Details<br \/>\nHousing: 7075 Aluminum (anodized)<br \/>\nKey Components: 440C Stainless Steel<br \/>\nPVD Black \u2013 PVD stands for Physical Vapour Deposition. It is a hard and durable coating that is applied to external stainless components to give them a clean black color.<\/p>\n<p><img data-recalc-dims=\"1\" fetchpriority=\"high\" decoding=\"async\" class=\"wp-image-9033 alignnone\" src=\"https:\/\/i0.wp.com\/mildot.fi\/wp-content\/uploads\/2020\/09\/triggertech-pullweight.jpg?resize=464%2C151&#038;ssl=1\" alt=\"\" width=\"464\" height=\"151\" srcset=\"https:\/\/i0.wp.com\/mildot.fi\/wp-content\/uploads\/2020\/09\/triggertech-pullweight.jpg?w=630&amp;ssl=1 630w, https:\/\/i0.wp.com\/mildot.fi\/wp-content\/uploads\/2020\/09\/triggertech-pullweight.jpg?resize=300%2C98&amp;ssl=1 300w\" sizes=\"(max-width: 464px) 100vw, 464px\" \/><\/p>\n<p>Ohjekirja: <a href=\"https:\/\/mildot.fi\/wp-content\/uploads\/2020\/01\/Triggertech-AR15_Instructions.pdf\">Triggertech-AR15_Instructions.pdf<\/a><\/p>\n","protected":false},"excerpt":{"rendered":"<p>The Diamond AR Primary Trigger was built to satisfy the demand of having one trigger capable of enhancing the accuracy and precision of an AR in every role.<\/p>\n<p>Intended Use<br \/>\n3 Gun, competition, harsh environments operations, high speed shooting, long range hunting, precision shooting, target shooting, varmint hunting.<\/p>\n<p><strong>ILMAINEN RAHTI T\u00c4LLE TUOTTEELLE, K\u00c4YT\u00c4 ALENNUSKOODIA: RAHTI-TRIGGERTECH<\/strong><\/p>\n<p><strong>\u00a0<\/strong><\/p>\n","protected":false},"featured_media":6736,"comment_status":"open","ping_status":"closed","template":"","meta":{"ocean_post_layout":"","ocean_both_sidebars_style":"","ocean_both_sidebars_content_width":0,"ocean_both_sidebars_sidebars_width":0,"ocean_sidebar":"0","ocean_second_sidebar":"0","ocean_disable_margins":"enable","ocean_add_body_class":"","ocean_shortcode_before_top_bar":"","ocean_shortcode_after_top_bar":"","ocean_shortcode_before_header":"","ocean_shortcode_after_header":"","ocean_has_shortcode":"","ocean_shortcode_after_title":"","ocean_shortcode_before_footer_widgets":"","ocean_shortcode_after_footer_widgets":"","ocean_shortcode_before_footer_bottom":"","ocean_shortcode_after_footer_bottom":"","ocean_display_top_bar":"default","ocean_display_header":"default","ocean_header_style":"","ocean_center_header_left_menu":"0","ocean_custom_header_template":"0","ocean_custom_logo":0,"ocean_custom_retina_logo":0,"ocean_custom_logo_max_width":0,"ocean_custom_logo_tablet_max_width":0,"ocean_custom_logo_mobile_max_width":0,"ocean_custom_logo_max_height":0,"ocean_custom_logo_tablet_max_height":0,"ocean_custom_logo_mobile_max_height":0,"ocean_header_custom_menu":"0","ocean_menu_typo_font_family":"0","ocean_menu_typo_font_subset":"","ocean_menu_typo_font_size":0,"ocean_menu_typo_font_size_tablet":0,"ocean_menu_typo_font_size_mobile":0,"ocean_menu_typo_font_size_unit":"px","ocean_menu_typo_font_weight":"","ocean_menu_typo_font_weight_tablet":"","ocean_menu_typo_font_weight_mobile":"","ocean_menu_typo_transform":"","ocean_menu_typo_transform_tablet":"","ocean_menu_typo_transform_mobile":"","ocean_menu_typo_line_height":0,"ocean_menu_typo_line_height_tablet":0,"ocean_menu_typo_line_height_mobile":0,"ocean_menu_typo_line_height_unit":"","ocean_menu_typo_spacing":0,"ocean_menu_typo_spacing_tablet":0,"ocean_menu_typo_spacing_mobile":0,"ocean_menu_typo_spacing_unit":"","ocean_menu_link_color":"","ocean_menu_link_color_hover":"","ocean_menu_link_color_active":"","ocean_menu_link_background":"","ocean_menu_link_hover_background":"","ocean_menu_link_active_background":"","ocean_menu_social_links_bg":"","ocean_menu_social_hover_links_bg":"","ocean_menu_social_links_color":"","ocean_menu_social_hover_links_color":"","ocean_disable_title":"default","ocean_disable_heading":"default","ocean_post_title":"","ocean_post_subheading":"","ocean_post_title_style":"","ocean_post_title_background_color":"","ocean_post_title_background":0,"ocean_post_title_bg_image_position":"","ocean_post_title_bg_image_attachment":"","ocean_post_title_bg_image_repeat":"","ocean_post_title_bg_image_size":"","ocean_post_title_height":0,"ocean_post_title_bg_overlay":0.5,"ocean_post_title_bg_overlay_color":"","ocean_disable_breadcrumbs":"default","ocean_breadcrumbs_color":"","ocean_breadcrumbs_separator_color":"","ocean_breadcrumbs_links_color":"","ocean_breadcrumbs_links_hover_color":"","ocean_display_footer_widgets":"default","ocean_display_footer_bottom":"default","ocean_custom_footer_template":"0","jetpack_publicize_message":"","jetpack_publicize_feature_enabled":true,"jetpack_social_post_already_shared":true,"jetpack_social_options":{"image_generator_settings":{"template":"highway","default_image_id":0,"font":"","enabled":false},"version":2}},"pwb-brand":[1717],"product_brand":[],"product_cat":[2094,1716,2568],"product_tag":[1742,1735,1961,2406,1962,1738,1737,1734,1964,1739,1733,1731,1959,1740,1960,1736,1741,1730],"class_list":{"0":"post-6740","1":"product","2":"type-product","3":"status-publish","4":"has-post-thumbnail","6":"pwb-brand-triggertech","7":"product_cat-triggertech-laukaisukoneisto-ar15","8":"product_cat-laukaisukoneistot-triggertech","9":"product_cat-triggertech-ar15-diamond","10":"product_tag-2-stage","11":"product_tag-ar","12":"product_tag-ar-15","13":"product_tag-ar0-trb-14-nnf","14":"product_tag-ar15","15":"product_tag-arska","16":"product_tag-black","17":"product_tag-diamond","18":"product_tag-drop-in","19":"product_tag-koneisto","20":"product_tag-laite","21":"product_tag-laukaisu","22":"product_tag-laukaisukoneisto","23":"product_tag-liipaisin","24":"product_tag-saadettava","25":"product_tag-straight","26":"product_tag-suora","27":"product_tag-triggertech","29":"entry","30":"has-media","32":"first","33":"instock","34":"taxable","35":"shipping-taxable","36":"purchasable","37":"product-type-simple","38":"has-product-nav","39":"col","40":"span_1_of_4","41":"owp-content-center","42":"owp-thumbs-layout-horizontal","43":"owp-btn-normal","44":"owp-tabs-layout-horizontal"},"jetpack_publicize_connections":[],"jetpack_sharing_enabled":true,"brands":[{"id":1717,"name":"Triggertech","slug":"triggertech"}],"_links":{"self":[{"href":"https:\/\/mildot.fi\/index.php\/wp-json\/wp\/v2\/product\/6740","targetHints":{"allow":["GET"]}}],"collection":[{"href":"https:\/\/mildot.fi\/index.php\/wp-json\/wp\/v2\/product"}],"about":[{"href":"https:\/\/mildot.fi\/index.php\/wp-json\/wp\/v2\/types\/product"}],"replies":[{"embeddable":true,"href":"https:\/\/mildot.fi\/index.php\/wp-json\/wp\/v2\/comments?post=6740"}],"wp:featuredmedia":[{"embeddable":true,"href":"https:\/\/mildot.fi\/index.php\/wp-json\/wp\/v2\/media\/6736"}],"wp:attachment":[{"href":"https:\/\/mildot.fi\/index.php\/wp-json\/wp\/v2\/media?parent=6740"}],"wp:term":[{"taxonomy":"pwb-brand","embeddable":true,"href":"https:\/\/mildot.fi\/index.php\/wp-json\/wp\/v2\/pwb-brand?post=6740"},{"taxonomy":"product_brand","embeddable":true,"href":"https:\/\/mildot.fi\/index.php\/wp-json\/wp\/v2\/product_brand?post=6740"},{"taxonomy":"product_cat","embeddable":true,"href":"https:\/\/mildot.fi\/index.php\/wp-json\/wp\/v2\/product_cat?post=6740"},{"taxonomy":"product_tag","embeddable":true,"href":"https:\/\/mildot.fi\/index.php\/wp-json\/wp\/v2\/product_tag?post=6740"}],"curies":[{"name":"wp","href":"https:\/\/api.w.org\/{rel}","templated":true}]}}