{"id":6661,"date":"2020-01-09T07:39:43","date_gmt":"2020-01-09T05:39:43","guid":{"rendered":"https:\/\/mildot.fi\/?post_type=product&#038;p=6661"},"modified":"2026-03-18T09:53:02","modified_gmt":"2026-03-18T07:53:02","slug":"vortex-razor-1-10x","status":"publish","type":"product","link":"https:\/\/mildot.fi\/index.php\/product\/vortex-razor-1-10x\/","title":{"rendered":"Vortex Razor HD Gen III 1-10&#215;24 EBR-9 MRAD 34mm"},"content":{"rendered":"<p>OPTICAL FEATURES<br \/>\n<strong>HD Optical System <\/strong>Optimized with select glass elements to deliver exceptional resolution, cut chromatic aberration and provide outstanding color fidelity, edge-to-edge sharpness and light transmission.<br \/>\n<strong>XR\u2122 Fully Multi-Coated <\/strong>Proprietary coatings increase light transmission with multiple anti-reflective coatings on all air-to-glass surfaces.<br \/>\n<strong>APO System <\/strong>Index-matched lenses correct color across the entire visual spectrum.<br \/>\nOptically Indexed Lenses &#8211; Optimize image sharpness and brightness from edge to edge.<br \/>\n<strong>Daylight Bright Illumination<\/strong> &#8211; Daylight bright, illuminated reticle aids in faster target acquistion in bright daylight conditions.<\/p>\n<p>CONSTRUCTION FEATURES<br \/>\n<strong>ArmorTek\u00ae<\/strong>Ultra-hard, scratch-resistant coating protects exterior lenses from scratches, oil and dirt.<br \/>\n<strong>Shockproof<\/strong> Rugged construction withstands recoil and impact.<br \/>\n<strong>Waterproof &#8211; IPX7<\/strong> Designed to meet IPX7 waterproofing standards.<br \/>\n<strong>Fogproof <\/strong>Argon gas purging prevents internal fogging over a wide range of temperatures.<br \/>\n<strong>Tube Size<\/strong> 34 mm diameter provides maximized internal adjustment and strength.<br \/>\n<strong>Hard Anodized Stealth Shadow Finish <\/strong>Highly durable anodization provides a low-glare matte surface and helps camouflage the shooter&#8217;s position.<br \/>\n<strong>Aircraft-Grade Aluminum <\/strong>Constructed from a solid block of aircraft-grade aluminum for strength and rigidity.<\/p>\n<p>INTERNAL MECHANISM DESIGN FEATURES<br \/>\n<strong>Friction Reduction System <\/strong>Heat-treated, hardened-steel pad floats on the end of the turret screw and interfaces with a hardened steel ring on the erector tube for steel-on-steel contact. US Patent 7,958,665<br \/>\n<strong>Erector Tube System <\/strong>Precision-machined from premium brass alloy with anti-galling properties for strength and durability. Chromium vanadium erector spring, tumble-polished.<\/p>\n<p>CONVENIENCE FEATURES<br \/>\n<strong>L-Tec\u2122 Tool <\/strong>Included with your scope for precise adjustments to the turret.<br \/>\n<strong>Locking Side Illumination <\/strong>Easily accessible and lockable illumination dial is located on the left side of turret housing. Features eleven intensity levels of illumination with off positions between each setting.<\/p>\n<p>SPECIFICATIONS<br \/>\nMagnification 1-10x<br \/>\nObjective Lens Diameter 24 mm<br \/>\nEye Relief 3.6 inches<br \/>\nField of View 116-11.7 ft @100 yds (35,3m-35,6m @91,44m)<br \/>\nTube Size 34 mm<br \/>\nTurret Style Low Capped<br \/>\nAdjustment Graduation .1 MRAD<br \/>\nTravel Per Rotation 10 MRAD<br \/>\nMax Elevation Adjustment 30 MRAD<br \/>\nMax Windage Adjustment 30 MRAD<br \/>\nParallax Setting Fixed @100 yds<br \/>\nLength 10.1 inches (256,5mm)<br \/>\nWeight 21.5 oz (609.5g)<br \/>\nWarranty: 30 years<\/p>\n<p>Included in the box<\/p>\n<p>Sunshade<br \/>\nObjective lens cover (<strong>Observe<\/strong>: Simple transport cover, we recommend buying <a href=\"https:\/\/mildot.fi\/index.php\/product\/vortex-defender-flip-cap-e-10\/\">E-10<\/a> ja <a href=\"https:\/\/mildot.fi\/index.php\/product\/vortex-linssisuoja-flip-cap-o-24\/\">O-24 <\/a>together with this rifle scope )<br \/>\nOcular lens cover\u00a0\u00a0 (<strong>Observe<\/strong>: Simple transport cover, we recommend buying <a href=\"https:\/\/mildot.fi\/index.php\/product\/vortex-defender-flip-cap-e-10\/\">E-10<\/a> ja <a href=\"https:\/\/mildot.fi\/index.php\/product\/vortex-linssisuoja-flip-cap-o-24\/\">O-24<\/a> together with this rifle scope )<br \/>\nLens cloth<br \/>\nBattery CR2032<br \/>\nThrow lever<br \/>\nL-TEC Tool<\/p>\n<p>MANUALS<\/p>\n<p><a href=\"https:\/\/mildot.fi\/wp-content\/uploads\/2020\/01\/vortex_razor_gen_III_1-10x24_manual_mildot-finland.pdf\">vortex_razor_gen_III_1-10x24_manual<\/a><\/p>\n<p><a href=\"https:\/\/mildot.fi\/wp-content\/uploads\/2020\/01\/vortex_razor_gen_III_1-10x24_reticle_manual_mildot-finland.pdf\">vortex_razor_gen_III_1-10x24_reticle_manual<\/a><\/p>\n<p>Product SKU: RZR-11002<\/p>\n<p class=\"responsive-video-wrap clr\"><iframe title=\"Vortex Razor\u00ae HD Gen III 1-10x24 Riflescope\" width=\"1200\" height=\"675\" src=\"https:\/\/www.youtube.com\/embed\/Ij9OTzYvqzM?feature=oembed\" frameborder=\"0\" allow=\"accelerometer; autoplay; clipboard-write; encrypted-media; gyroscope; picture-in-picture; web-share\" referrerpolicy=\"strict-origin-when-cross-origin\" allowfullscreen><\/iframe><\/p>\n<p>&nbsp;<\/p>\n<p>&nbsp;<\/p>\n<p>Video: 1-10 zoom range Vortex Razor 1-10&#215;24<\/p>\n<div style=\"width: 640px;\" class=\"wp-video\"><video class=\"wp-video-shortcode\" id=\"video-6661-1\" width=\"640\" height=\"640\" preload=\"metadata\" controls=\"controls\"><source type=\"video\/mp4\" src=\"https:\/\/mildot.fi\/wp-content\/uploads\/2020\/01\/Vortex-razor-1-10x_mildot_finland.mp4?_=1\" \/><a href=\"https:\/\/mildot.fi\/wp-content\/uploads\/2020\/01\/Vortex-razor-1-10x_mildot_finland.mp4\">https:\/\/mildot.fi\/wp-content\/uploads\/2020\/01\/Vortex-razor-1-10x_mildot_finland.mp4<\/a><\/video><\/div>\n<p>&nbsp;<\/p>\n","protected":false},"excerpt":{"rendered":"<p>The next evolution of our wildly popular Razor line, the Razor HD Gen III 1-10&#215;24 brings the highest level of first focal plane performance to those who demand the versatility of 1-10x power. Military, law enforcement, and competition shooters alike will love the clarity of an HD optical system and a crisp, illuminated reticle in a package that weighs the same as our 1-6x, but doesn\u2019t sacrifice any durability. A true 1x on the low end and daylight bright illumination for reliable performance in all conditions makes this a single solution for close-quarters and long-range.<\/p>\n<p><span style=\"color: red;\"><strong>ILMAINEN RAHTI T\u00c4LLE TUOTTEELLE, K\u00c4YT\u00c4 ALENNUSKOODIA: RAHTI-RAZOR<\/strong><\/span><\/p>\n<p><span style=\"color: red;\">Please ask for a quote combining this riflescope with <a href=\"https:\/\/mildot.fi\/index.php\/product-category\/spuhr\/34mm-runkoputki-spuhr\/\">Spuhr ISMS mounts<\/a><\/span>. This is the perfect setup for the demanding shooter that wants the best.<\/p>\n<p>Do you wonder how high scope mount you will need? Try our <a href=\"https:\/\/mildot.fi\/index.php\/mildot-ring-height-calculator\/\">scope mount height calculator, <\/a>feel free to call or email us if you still have any questions.<\/p>\n","protected":false},"featured_media":15217,"comment_status":"open","ping_status":"closed","template":"","meta":{"ocean_post_layout":"","ocean_both_sidebars_style":"","ocean_both_sidebars_content_width":0,"ocean_both_sidebars_sidebars_width":0,"ocean_sidebar":"0","ocean_second_sidebar":"0","ocean_disable_margins":"enable","ocean_add_body_class":"","ocean_shortcode_before_top_bar":"","ocean_shortcode_after_top_bar":"","ocean_shortcode_before_header":"","ocean_shortcode_after_header":"","ocean_has_shortcode":"","ocean_shortcode_after_title":"","ocean_shortcode_before_footer_widgets":"","ocean_shortcode_after_footer_widgets":"","ocean_shortcode_before_footer_bottom":"","ocean_shortcode_after_footer_bottom":"","ocean_display_top_bar":"default","ocean_display_header":"default","ocean_header_style":"","ocean_center_header_left_menu":"0","ocean_custom_header_template":"0","ocean_custom_logo":0,"ocean_custom_retina_logo":0,"ocean_custom_logo_max_width":0,"ocean_custom_logo_tablet_max_width":0,"ocean_custom_logo_mobile_max_width":0,"ocean_custom_logo_max_height":0,"ocean_custom_logo_tablet_max_height":0,"ocean_custom_logo_mobile_max_height":0,"ocean_header_custom_menu":"0","ocean_menu_typo_font_family":"0","ocean_menu_typo_font_subset":"","ocean_menu_typo_font_size":0,"ocean_menu_typo_font_size_tablet":0,"ocean_menu_typo_font_size_mobile":0,"ocean_menu_typo_font_size_unit":"px","ocean_menu_typo_font_weight":"","ocean_menu_typo_font_weight_tablet":"","ocean_menu_typo_font_weight_mobile":"","ocean_menu_typo_transform":"","ocean_menu_typo_transform_tablet":"","ocean_menu_typo_transform_mobile":"","ocean_menu_typo_line_height":0,"ocean_menu_typo_line_height_tablet":0,"ocean_menu_typo_line_height_mobile":0,"ocean_menu_typo_line_height_unit":"","ocean_menu_typo_spacing":0,"ocean_menu_typo_spacing_tablet":0,"ocean_menu_typo_spacing_mobile":0,"ocean_menu_typo_spacing_unit":"","ocean_menu_link_color":"","ocean_menu_link_color_hover":"","ocean_menu_link_color_active":"","ocean_menu_link_background":"","ocean_menu_link_hover_background":"","ocean_menu_link_active_background":"","ocean_menu_social_links_bg":"","ocean_menu_social_hover_links_bg":"","ocean_menu_social_links_color":"","ocean_menu_social_hover_links_color":"","ocean_disable_title":"default","ocean_disable_heading":"default","ocean_post_title":"","ocean_post_subheading":"","ocean_post_title_style":"","ocean_post_title_background_color":"","ocean_post_title_background":0,"ocean_post_title_bg_image_position":"","ocean_post_title_bg_image_attachment":"","ocean_post_title_bg_image_repeat":"","ocean_post_title_bg_image_size":"","ocean_post_title_height":0,"ocean_post_title_bg_overlay":0.5,"ocean_post_title_bg_overlay_color":"","ocean_disable_breadcrumbs":"default","ocean_breadcrumbs_color":"","ocean_breadcrumbs_separator_color":"","ocean_breadcrumbs_links_color":"","ocean_breadcrumbs_links_hover_color":"","ocean_display_footer_widgets":"default","ocean_display_footer_bottom":"default","ocean_custom_footer_template":"0","jetpack_publicize_message":"","jetpack_publicize_feature_enabled":true,"jetpack_social_post_already_shared":true,"jetpack_social_options":{"image_generator_settings":{"template":"highway","default_image_id":0,"font":"","enabled":false},"version":2}},"pwb-brand":[543],"product_brand":[],"product_cat":[18,17,126],"product_tag":[862,863,314,861,24,21,3347,20],"class_list":{"0":"post-6661","1":"product","2":"type-product","3":"status-publish","4":"has-post-thumbnail","6":"pwb-brand-vortex","7":"product_cat-kiikaritahtaimet","8":"product_cat-optiikka","9":"product_cat-vortex-optics","10":"product_tag-1-10x","11":"product_tag-ebr-9","12":"product_tag-ffp","13":"product_tag-gen-iii","14":"product_tag-mrad","15":"product_tag-razor","16":"product_tag-rzr-11002","17":"product_tag-vortex","19":"entry","20":"has-media","22":"first","23":"instock","24":"sale","25":"taxable","26":"shipping-taxable","27":"purchasable","28":"product-type-simple","29":"has-product-nav","30":"col","31":"span_1_of_4","32":"owp-content-center","33":"owp-thumbs-layout-horizontal","34":"owp-btn-normal","35":"owp-tabs-layout-horizontal"},"jetpack_publicize_connections":[],"jetpack_sharing_enabled":true,"brands":[{"id":543,"name":"Vortex","slug":"vortex"}],"_links":{"self":[{"href":"https:\/\/mildot.fi\/index.php\/wp-json\/wp\/v2\/product\/6661","targetHints":{"allow":["GET"]}}],"collection":[{"href":"https:\/\/mildot.fi\/index.php\/wp-json\/wp\/v2\/product"}],"about":[{"href":"https:\/\/mildot.fi\/index.php\/wp-json\/wp\/v2\/types\/product"}],"replies":[{"embeddable":true,"href":"https:\/\/mildot.fi\/index.php\/wp-json\/wp\/v2\/comments?post=6661"}],"wp:featuredmedia":[{"embeddable":true,"href":"https:\/\/mildot.fi\/index.php\/wp-json\/wp\/v2\/media\/15217"}],"wp:attachment":[{"href":"https:\/\/mildot.fi\/index.php\/wp-json\/wp\/v2\/media?parent=6661"}],"wp:term":[{"taxonomy":"pwb-brand","embeddable":true,"href":"https:\/\/mildot.fi\/index.php\/wp-json\/wp\/v2\/pwb-brand?post=6661"},{"taxonomy":"product_brand","embeddable":true,"href":"https:\/\/mildot.fi\/index.php\/wp-json\/wp\/v2\/product_brand?post=6661"},{"taxonomy":"product_cat","embeddable":true,"href":"https:\/\/mildot.fi\/index.php\/wp-json\/wp\/v2\/product_cat?post=6661"},{"taxonomy":"product_tag","embeddable":true,"href":"https:\/\/mildot.fi\/index.php\/wp-json\/wp\/v2\/product_tag?post=6661"}],"curies":[{"name":"wp","href":"https:\/\/api.w.org\/{rel}","templated":true}]}}