{"id":664,"date":"2019-05-27T09:01:14","date_gmt":"2019-05-27T07:01:14","guid":{"rendered":"https:\/\/mildot.fi\/?post_type=product&#038;p=664"},"modified":"2025-09-23T10:51:02","modified_gmt":"2025-09-23T08:51:02","slug":"carinthia-tropen-kesamakuupussi","status":"publish","type":"product","link":"https:\/\/mildot.fi\/index.php\/product\/carinthia-tropen-kesamakuupussi\/","title":{"rendered":"Carinthia Tropen &#8211; makuupussi"},"content":{"rendered":"<table border=\"0\" cellspacing=\"2\" cellpadding=\"2\">\n<tbody>\n<tr>\n<td><strong><img data-recalc-dims=\"1\" decoding=\"async\" src=\"https:\/\/i0.wp.com\/www.carinthia.eu\/userdata\/images\/Carinthia\/03_THERMOFLECT.png?w=1200&#038;ssl=1\" \/><\/strong><\/td>\n<td><strong>THERMOFLECT<\/strong><br \/>\nThermoflect increases the heat retention of a sleeping bag by around 11 %. Thermoflect is our solution to heat loss due to body radiation. Thermoflect is an ultra-light, ultra-soft, breathable scrim with the unique ability to reflect body-heat.<\/td>\n<\/tr>\n<tr>\n<td><strong><img data-recalc-dims=\"1\" decoding=\"async\" src=\"https:\/\/i0.wp.com\/www.carinthia.eu\/userdata\/images\/Carinthia\/04_TRAP_FOOT_SECTION.png?w=1200&#038;ssl=1\" \/><\/strong><\/td>\n<td><strong>THE TRAPEZOIDAL FOOT SECTION<\/strong><br \/>\nExperience has shown that the trapezoidal cut provides the ultimate foot space. In a normal sleeping position, the feet do not poke the insulation outward, avoiding cold spots. There is also enough room to store a shoe bag or extra clothing.<\/td>\n<\/tr>\n<tr>\n<td><strong><img data-recalc-dims=\"1\" decoding=\"async\" src=\"https:\/\/i0.wp.com\/www.carinthia.eu\/userdata\/images\/Carinthia\/05_MUMMY_SHAPE.png?w=1200&#038;ssl=1\" \/><\/strong><\/td>\n<td><strong>THE MUMMY SHAPE<\/strong><br \/>\nHere the criteria of stuff size, weight and warmth are most important. The tapered foot section reduces weight and stuff size. The main advantage is, however, that from the knee downwards there is increasingly less internal volume to keep warm. The foot section should not be so small that the feet cause the layers of insulation to poke out. A trapezoidal foot section has proven to be ideal. A wedge shape, declining evenly in width from top to bottom, does not fit the true proportions of the body.<\/td>\n<\/tr>\n<tr>\n<td><strong><img data-recalc-dims=\"1\" decoding=\"async\" src=\"https:\/\/i0.wp.com\/www.carinthia.eu\/userdata\/images\/Carinthia\/06_SINGLE_LAYER.png?w=1200&#038;ssl=1\" \/><\/strong><\/td>\n<td><strong>SINGLE-LAYER NOT QUILTED WITH SHELL<\/strong><br \/>\nIn this lightweight design, the outer shell is loosely attached to the bag. The G-LOFT ISO+ filling is quilted to an insulating scrim. As a result, an additional air pocket is formed between the quilted insulation layer and the shell, yet no cold seams can occur.<\/td>\n<\/tr>\n<tr>\n<td><strong><img data-recalc-dims=\"1\" decoding=\"async\" src=\"https:\/\/i0.wp.com\/www.carinthia.eu\/userdata\/images\/Carinthia\/09_TWO_WAY_ZIPPER.png?w=1200&#038;ssl=1\" \/><\/strong><\/td>\n<td><strong>TWO WAY ZIPPER<\/strong><br \/>\nAll Carinthia military sleeping bags are equipped with a two way zipper. The glider on the top does not snag, allowing a quick step out if necessary (in case of alert for example). The glider on the down side does stick and can be opened for ventilation.<\/td>\n<\/tr>\n<tr>\n<td><img data-recalc-dims=\"1\" decoding=\"async\" src=\"https:\/\/i0.wp.com\/www.carinthia.eu\/userdata\/images\/Carinthia\/10_COMBINABLE.png?w=1200&#038;ssl=1\" \/><\/td>\n<td><strong>COMBINABLE SLEEPING BAG SYSTEM<\/strong><br \/>\nSome of our sleeping bags can be combined to a sleeping bag system. Such a system can be used as a 4 Season Sleeping Bag and allows you to carry only the weight and the bulk necessary for the prevailing temperatures.<\/td>\n<\/tr>\n<tr>\n<td><img data-recalc-dims=\"1\" decoding=\"async\" src=\"https:\/\/i0.wp.com\/www.carinthia.eu\/userdata\/images\/Carinthia\/11_MOSQUITO_NET.png?w=1200&#038;ssl=1\" alt=\"\" \/><\/td>\n<td><strong>MOSQUITO NET<\/strong><\/td>\n<\/tr>\n<\/tbody>\n<\/table>\n<p>&nbsp;<\/p>\n<p>Temperature according to\u00a0 EN 1357<\/p>\n<p>Insulation: G-LOFT\u00ae, 100% Polyester<br \/>\nOuter fabric: 100% Polyamide<br \/>\nInner lining: 100% Polyamide<br \/>\nSizes: M, L<br \/>\nColors: Oliv<br \/>\nInner dimensions (cm): 220\/85\/60 (M), 235\/87\/65 (L)<br \/>\nWeight (g): 1.100 (M), 1.300 (L)<br \/>\nPack size compressed (cm): 19&#215;24 (M), 19&#215;25 (L)<\/p>\n<p>&nbsp;<\/p>\n<p><img data-recalc-dims=\"1\" decoding=\"async\" src=\"https:\/\/i0.wp.com\/mildot.fi\/wp-content\/uploads\/2019\/12\/temperatures-carinthia-tropen.jpg?w=1200&#038;ssl=1\" alt=\"temperatures carinthia tropen\" \/><\/p>\n","protected":false},"excerpt":{"rendered":"<p>The Tropen is an extremely lightweight sleeping bag with a very small pack size and low weight.<br \/>\nThe head region is characterized by an integrated mosquito net and thus ensures quiet nights.<\/p>\n<p><span style=\"color: red;\"><strong>ILMAINEN RAHTI T\u00c4LLE TUOTTEELLE, K\u00c4YT\u00c4 ALENNUSKOODIA: RAHTI-CARINTHIA<\/strong><\/span><\/p>\n","protected":false},"featured_media":665,"comment_status":"open","ping_status":"closed","template":"","meta":{"ocean_post_layout":"","ocean_both_sidebars_style":"","ocean_both_sidebars_content_width":0,"ocean_both_sidebars_sidebars_width":0,"ocean_sidebar":"0","ocean_second_sidebar":"0","ocean_disable_margins":"enable","ocean_add_body_class":"","ocean_shortcode_before_top_bar":"","ocean_shortcode_after_top_bar":"","ocean_shortcode_before_header":"","ocean_shortcode_after_header":"","ocean_has_shortcode":"","ocean_shortcode_after_title":"","ocean_shortcode_before_footer_widgets":"","ocean_shortcode_after_footer_widgets":"","ocean_shortcode_before_footer_bottom":"","ocean_shortcode_after_footer_bottom":"","ocean_display_top_bar":"default","ocean_display_header":"default","ocean_header_style":"","ocean_center_header_left_menu":"0","ocean_custom_header_template":"0","ocean_custom_logo":0,"ocean_custom_retina_logo":0,"ocean_custom_logo_max_width":0,"ocean_custom_logo_tablet_max_width":0,"ocean_custom_logo_mobile_max_width":0,"ocean_custom_logo_max_height":0,"ocean_custom_logo_tablet_max_height":0,"ocean_custom_logo_mobile_max_height":0,"ocean_header_custom_menu":"0","ocean_menu_typo_font_family":"0","ocean_menu_typo_font_subset":"","ocean_menu_typo_font_size":0,"ocean_menu_typo_font_size_tablet":0,"ocean_menu_typo_font_size_mobile":0,"ocean_menu_typo_font_size_unit":"px","ocean_menu_typo_font_weight":"","ocean_menu_typo_font_weight_tablet":"","ocean_menu_typo_font_weight_mobile":"","ocean_menu_typo_transform":"","ocean_menu_typo_transform_tablet":"","ocean_menu_typo_transform_mobile":"","ocean_menu_typo_line_height":0,"ocean_menu_typo_line_height_tablet":0,"ocean_menu_typo_line_height_mobile":0,"ocean_menu_typo_line_height_unit":"","ocean_menu_typo_spacing":0,"ocean_menu_typo_spacing_tablet":0,"ocean_menu_typo_spacing_mobile":0,"ocean_menu_typo_spacing_unit":"","ocean_menu_link_color":"","ocean_menu_link_color_hover":"","ocean_menu_link_color_active":"","ocean_menu_link_background":"","ocean_menu_link_hover_background":"","ocean_menu_link_active_background":"","ocean_menu_social_links_bg":"","ocean_menu_social_hover_links_bg":"","ocean_menu_social_links_color":"","ocean_menu_social_hover_links_color":"","ocean_disable_title":"default","ocean_disable_heading":"default","ocean_post_title":"","ocean_post_subheading":"","ocean_post_title_style":"","ocean_post_title_background_color":"","ocean_post_title_background":0,"ocean_post_title_bg_image_position":"","ocean_post_title_bg_image_attachment":"","ocean_post_title_bg_image_repeat":"","ocean_post_title_bg_image_size":"","ocean_post_title_height":0,"ocean_post_title_bg_overlay":0.5,"ocean_post_title_bg_overlay_color":"","ocean_disable_breadcrumbs":"default","ocean_breadcrumbs_color":"","ocean_breadcrumbs_separator_color":"","ocean_breadcrumbs_links_color":"","ocean_breadcrumbs_links_hover_color":"","ocean_display_footer_widgets":"default","ocean_display_footer_bottom":"default","ocean_custom_footer_template":"0","jetpack_publicize_message":"","jetpack_publicize_feature_enabled":true,"jetpack_social_post_already_shared":false,"jetpack_social_options":{"image_generator_settings":{"template":"highway","default_image_id":0,"font":"","enabled":false},"version":2}},"pwb-brand":[807],"product_brand":[],"product_cat":[2234,248,137,249],"product_tag":[241,254,245,253,105],"class_list":{"0":"post-664","1":"product","2":"type-product","3":"status-publish","4":"has-post-thumbnail","6":"pwb-brand-carinthia","7":"product_cat-ale-tuotteet","8":"product_cat-carinthia","9":"product_cat-leiriytymisvarusteet","10":"product_cat-makuupussit","11":"product_tag-carinthia","12":"product_tag-kesamakuupussi","13":"product_tag-makuupussi","14":"product_tag-tropen","15":"product_tag-vihrea","17":"entry","18":"has-media","20":"first","21":"instock","22":"sale","23":"taxable","24":"shipping-taxable","25":"purchasable","26":"product-type-variable","27":"has-product-nav","28":"col","29":"span_1_of_4","30":"owp-content-center","31":"owp-thumbs-layout-horizontal","32":"owp-btn-normal","33":"owp-tabs-layout-horizontal"},"jetpack_publicize_connections":[],"jetpack_sharing_enabled":true,"brands":[{"id":807,"name":"Carinthia","slug":"carinthia"}],"_links":{"self":[{"href":"https:\/\/mildot.fi\/index.php\/wp-json\/wp\/v2\/product\/664","targetHints":{"allow":["GET"]}}],"collection":[{"href":"https:\/\/mildot.fi\/index.php\/wp-json\/wp\/v2\/product"}],"about":[{"href":"https:\/\/mildot.fi\/index.php\/wp-json\/wp\/v2\/types\/product"}],"replies":[{"embeddable":true,"href":"https:\/\/mildot.fi\/index.php\/wp-json\/wp\/v2\/comments?post=664"}],"wp:featuredmedia":[{"embeddable":true,"href":"https:\/\/mildot.fi\/index.php\/wp-json\/wp\/v2\/media\/665"}],"wp:attachment":[{"href":"https:\/\/mildot.fi\/index.php\/wp-json\/wp\/v2\/media?parent=664"}],"wp:term":[{"taxonomy":"pwb-brand","embeddable":true,"href":"https:\/\/mildot.fi\/index.php\/wp-json\/wp\/v2\/pwb-brand?post=664"},{"taxonomy":"product_brand","embeddable":true,"href":"https:\/\/mildot.fi\/index.php\/wp-json\/wp\/v2\/product_brand?post=664"},{"taxonomy":"product_cat","embeddable":true,"href":"https:\/\/mildot.fi\/index.php\/wp-json\/wp\/v2\/product_cat?post=664"},{"taxonomy":"product_tag","embeddable":true,"href":"https:\/\/mildot.fi\/index.php\/wp-json\/wp\/v2\/product_tag?post=664"}],"curies":[{"name":"wp","href":"https:\/\/api.w.org\/{rel}","templated":true}]}}