{"id":632,"date":"2019-05-23T14:37:09","date_gmt":"2019-05-23T12:37:09","guid":{"rendered":"https:\/\/mildot.fi\/?post_type=product&#038;p=632"},"modified":"2025-11-30T12:15:12","modified_gmt":"2025-11-30T10:15:12","slug":"foxa-foxdura-1000d-varustekangas-m05-metsakuvio-metritavara","status":"publish","type":"product","link":"https:\/\/mildot.fi\/index.php\/product\/foxa-foxdura-1000d-varustekangas-m05-metsakuvio-metritavara\/","title":{"rendered":"Foxa Foxdura 1000D varustekangas, M05 mets\u00e4kuvio, metritavara"},"content":{"rendered":"<p>Kankaan leveys: 150cm, hy\u00f6dyllinen k\u00e4ytt\u00f6leveys on noin 145cm.<br \/>\nMyyd\u00e4\u00e4n metritt\u00e4in, ei palatusoikeuutta.<br \/>\nEsim.\u00a0 Jos tilaat 4 kpl niin saat 4 x1,5m kangasta.<\/p>\n<p>Foxdura on suomalaisfirma Foxan (Puolustusvoimain suurin yksitt\u00e4inen kangastoimittaja) oma Corduran tyylinen kangas. 1000 denierin kangas on paksua ja t\u00f6rke\u00e4n kest\u00e4v\u00e4\u00e4, 1000D Corduraa k\u00e4ytet\u00e4\u00e4n mm. armeijan M05-varusteissa. Takapuolella vedenpit\u00e4v\u00e4 PU-sively. Luonnollisesti NIR-ominaisuuksiltaan PV:n vaatimusten mukaista.<\/p>\n<p>Paino: 350 g\/m<sup>2<\/sup>, konepesu 40 asteessa.<\/p>\n<p>&nbsp;<\/p>\n","protected":false},"excerpt":{"rendered":"<p>Tosi kest\u00e4v\u00e4\u00e4 Foxdura 1000D , Suomalaisen Foxa valmistama M05 mets\u00e4kuviolla.<\/p>\n","protected":false},"featured_media":634,"comment_status":"open","ping_status":"closed","template":"","meta":{"ocean_post_layout":"","ocean_both_sidebars_style":"","ocean_both_sidebars_content_width":0,"ocean_both_sidebars_sidebars_width":0,"ocean_sidebar":"0","ocean_second_sidebar":"0","ocean_disable_margins":"enable","ocean_add_body_class":"","ocean_shortcode_before_top_bar":"","ocean_shortcode_after_top_bar":"","ocean_shortcode_before_header":"","ocean_shortcode_after_header":"","ocean_has_shortcode":"","ocean_shortcode_after_title":"","ocean_shortcode_before_footer_widgets":"","ocean_shortcode_after_footer_widgets":"","ocean_shortcode_before_footer_bottom":"","ocean_shortcode_after_footer_bottom":"","ocean_display_top_bar":"default","ocean_display_header":"default","ocean_header_style":"","ocean_center_header_left_menu":"0","ocean_custom_header_template":"0","ocean_custom_logo":0,"ocean_custom_retina_logo":0,"ocean_custom_logo_max_width":0,"ocean_custom_logo_tablet_max_width":0,"ocean_custom_logo_mobile_max_width":0,"ocean_custom_logo_max_height":0,"ocean_custom_logo_tablet_max_height":0,"ocean_custom_logo_mobile_max_height":0,"ocean_header_custom_menu":"0","ocean_menu_typo_font_family":"0","ocean_menu_typo_font_subset":"","ocean_menu_typo_font_size":0,"ocean_menu_typo_font_size_tablet":0,"ocean_menu_typo_font_size_mobile":0,"ocean_menu_typo_font_size_unit":"px","ocean_menu_typo_font_weight":"","ocean_menu_typo_font_weight_tablet":"","ocean_menu_typo_font_weight_mobile":"","ocean_menu_typo_transform":"","ocean_menu_typo_transform_tablet":"","ocean_menu_typo_transform_mobile":"","ocean_menu_typo_line_height":0,"ocean_menu_typo_line_height_tablet":0,"ocean_menu_typo_line_height_mobile":0,"ocean_menu_typo_line_height_unit":"","ocean_menu_typo_spacing":0,"ocean_menu_typo_spacing_tablet":0,"ocean_menu_typo_spacing_mobile":0,"ocean_menu_typo_spacing_unit":"","ocean_menu_link_color":"","ocean_menu_link_color_hover":"","ocean_menu_link_color_active":"","ocean_menu_link_background":"","ocean_menu_link_hover_background":"","ocean_menu_link_active_background":"","ocean_menu_social_links_bg":"","ocean_menu_social_hover_links_bg":"","ocean_menu_social_links_color":"","ocean_menu_social_hover_links_color":"","ocean_disable_title":"default","ocean_disable_heading":"default","ocean_post_title":"","ocean_post_subheading":"","ocean_post_title_style":"","ocean_post_title_background_color":"","ocean_post_title_background":0,"ocean_post_title_bg_image_position":"","ocean_post_title_bg_image_attachment":"","ocean_post_title_bg_image_repeat":"","ocean_post_title_bg_image_size":"","ocean_post_title_height":0,"ocean_post_title_bg_overlay":0.5,"ocean_post_title_bg_overlay_color":"","ocean_disable_breadcrumbs":"default","ocean_breadcrumbs_color":"","ocean_breadcrumbs_separator_color":"","ocean_breadcrumbs_links_color":"","ocean_breadcrumbs_links_hover_color":"","ocean_display_footer_widgets":"default","ocean_display_footer_bottom":"default","ocean_custom_footer_template":"0","jetpack_publicize_message":"","jetpack_publicize_feature_enabled":true,"jetpack_social_post_already_shared":false,"jetpack_social_options":{"image_generator_settings":{"template":"highway","default_image_id":0,"font":"","enabled":false},"version":2}},"pwb-brand":[812],"product_brand":[],"product_cat":[233],"product_tag":[236,234,235,240,80,82,237,282],"class_list":{"0":"post-632","1":"product","2":"type-product","3":"status-publish","4":"has-post-thumbnail","6":"pwb-brand-foxa","7":"product_cat-tekstiilit","8":"product_tag-1000d","9":"product_tag-foxa","10":"product_tag-foxdura","11":"product_tag-kangas","12":"product_tag-m05","13":"product_tag-maastokuvio","14":"product_tag-metri","15":"product_tag-nailonikangas","17":"entry","18":"has-media","20":"first","21":"instock","22":"taxable","23":"shipping-taxable","24":"purchasable","25":"product-type-simple","26":"has-product-nav","27":"col","28":"span_1_of_4","29":"owp-content-center","30":"owp-thumbs-layout-horizontal","31":"owp-btn-normal","32":"owp-tabs-layout-horizontal","33":"has-no-thumbnails"},"jetpack_publicize_connections":[],"jetpack_sharing_enabled":true,"brands":[{"id":812,"name":"Foxa","slug":"foxa"}],"_links":{"self":[{"href":"https:\/\/mildot.fi\/index.php\/wp-json\/wp\/v2\/product\/632","targetHints":{"allow":["GET"]}}],"collection":[{"href":"https:\/\/mildot.fi\/index.php\/wp-json\/wp\/v2\/product"}],"about":[{"href":"https:\/\/mildot.fi\/index.php\/wp-json\/wp\/v2\/types\/product"}],"replies":[{"embeddable":true,"href":"https:\/\/mildot.fi\/index.php\/wp-json\/wp\/v2\/comments?post=632"}],"wp:featuredmedia":[{"embeddable":true,"href":"https:\/\/mildot.fi\/index.php\/wp-json\/wp\/v2\/media\/634"}],"wp:attachment":[{"href":"https:\/\/mildot.fi\/index.php\/wp-json\/wp\/v2\/media?parent=632"}],"wp:term":[{"taxonomy":"pwb-brand","embeddable":true,"href":"https:\/\/mildot.fi\/index.php\/wp-json\/wp\/v2\/pwb-brand?post=632"},{"taxonomy":"product_brand","embeddable":true,"href":"https:\/\/mildot.fi\/index.php\/wp-json\/wp\/v2\/product_brand?post=632"},{"taxonomy":"product_cat","embeddable":true,"href":"https:\/\/mildot.fi\/index.php\/wp-json\/wp\/v2\/product_cat?post=632"},{"taxonomy":"product_tag","embeddable":true,"href":"https:\/\/mildot.fi\/index.php\/wp-json\/wp\/v2\/product_tag?post=632"}],"curies":[{"name":"wp","href":"https:\/\/api.w.org\/{rel}","templated":true}]}}