{"id":6193,"date":"2019-12-12T09:25:02","date_gmt":"2019-12-12T07:25:02","guid":{"rendered":"https:\/\/mildot.fi\/?post_type=product&#038;p=6193"},"modified":"2026-03-18T09:58:56","modified_gmt":"2026-03-18T07:58:56","slug":"vortex-razor-hd-gen-ii-4-5-27x56-ebr-7c","status":"publish","type":"product","link":"https:\/\/mildot.fi\/index.php\/product\/vortex-razor-hd-gen-ii-4-5-27x56-ebr-7c\/","title":{"rendered":"Vortex Razor HD Gen II 4.5-27&#215;56 MRAD FFP  Uusi ristikko EBR-7C"},"content":{"rendered":"<p>Takuu:\u00a0\u00a0\u00a0\u00a0\u00a0\u00a0\u00a0\u00a0\u00a0\u00a0\u00a0\u00a0\u00a0\u00a0\u00a0\u00a0\u00a0\u00a0\u00a0\u00a0\u00a0\u00a0\u00a0\u00a0\u00a0\u00a0\u00a0\u00a0\u00a0\u00a0\u00a0\u00a0\u00a0\u00a0\u00a0\u00a0\u00a0\u00a0\u00a0 30 vuotta<br \/>\nRistikon taso:\u00a0\u00a0\u00a0\u00a0\u00a0\u00a0\u00a0\u00a0\u00a0\u00a0\u00a0\u00a0\u00a0\u00a0\u00a0\u00a0\u00a0\u00a0\u00a0\u00a0\u00a0\u00a0\u00a0\u00a0\u00a0\u00a0\u00a0\u00a0 FFP (Ensinmm\u00e4isen polttotason ristikko)<br \/>\nRistikkotyyppi:\u00a0\u00a0\u00a0\u00a0\u00a0\u00a0\u00a0\u00a0\u00a0\u00a0\u00a0\u00a0\u00a0\u00a0\u00a0\u00a0\u00a0\u00a0\u00a0\u00a0\u00a0\u00a0\u00a0\u00a0\u00a0\u00a0 EBR-7C, MRAD<br \/>\nValaistu ristikko:\u00a0\u00a0\u00a0\u00a0\u00a0\u00a0\u00a0\u00a0\u00a0\u00a0\u00a0\u00a0\u00a0\u00a0\u00a0\u00a0 \u00a0 \u00a0 \u00a0 \u00a0 Kyll\u00e4, 11 tasoa ja jokaisen tason v\u00e4lill\u00e4 off-tila. Valonuppilukitus.<br \/>\nSuurenus:\u00a0\u00a0\u00a0\u00a0\u00a0\u00a0\u00a0\u00a0\u00a0\u00a0\u00a0\u00a0\u00a0\u00a0\u00a0\u00a0\u00a0\u00a0\u00a0\u00a0\u00a0\u00a0\u00a0\u00a0\u00a0\u00a0\u00a0\u00a0\u00a0\u00a0\u00a0\u00a0\u00a0 4.5-27x<br \/>\nLinssi\/objektiivi:\u00a0\u00a0\u00a0\u00a0\u00a0\u00a0\u00a0\u00a0\u00a0\u00a0\u00a0\u00a0\u00a0\u00a0\u00a0\u00a0\u00a0\u00a0\u00a0\u00a0\u00a0\u00a0\u00a0 56 mm<br \/>\nRunkoputken ulkohalkaisija:\u00a0\u00a0\u00a0 46mm\/65mm<br \/>\nSilm\u00e4et\u00e4isyys :\u00a0\u00a0\u00a0\u00a0\u00a0\u00a0\u00a0\u00a0\u00a0\u00a0\u00a0\u00a0\u00a0\u00a0\u00a0\u00a0\u00a0\u00a0\u00a0\u00a0\u00a0\u00a0\u00a0\u00a0\u00a0 7,5cm<br \/>\nN\u00e4k\u00f6kentt\u00e4 :\u00a0\u00a0\u00a0\u00a0\u00a0\u00a0\u00a0\u00a0\u00a0\u00a0\u00a0\u00a0\u00a0\u00a0\u00a0\u00a0\u00a0\u00a0\u00a0\u00a0\u00a0\u00a0\u00a0\u00a0\u00a0\u00a0\u00a0 1,5 -8,4m \/100m<br \/>\nPutken halkasija:\u00a0\u00a0\u00a0\u00a0\u00a0\u00a0\u00a0\u00a0\u00a0\u00a0\u00a0\u00a0\u00a0\u00a0\u00a0\u00a0\u00a0\u00a0\u00a0\u00a0\u00a0 34 mm<br \/>\nTornityyppi:\u00a0\u00a0\u00a0\u00a0\u00a0\u00a0\u00a0\u00a0\u00a0\u00a0\u00a0\u00a0\u00a0\u00a0\u00a0\u00a0\u00a0\u00a0\u00a0\u00a0\u00a0\u00a0\u00a0\u00a0\u00a0\u00a0\u00a0\u00a0\u00a0 L-Tec\u00a0 Taktinen &#8211; lukittava<br \/>\nS\u00e4\u00e4t\u00f6naksu:\u00a0\u00a0\u00a0\u00a0\u00a0\u00a0\u00a0\u00a0\u00a0\u00a0\u00a0\u00a0\u00a0\u00a0\u00a0\u00a0\u00a0\u00a0\u00a0\u00a0\u00a0\u00a0\u00a0\u00a0\u00a0\u00a0\u00a0\u00a0 0.1 MRAD ( 1cm@100m)<br \/>\nTornin s\u00e4\u00e4t\u00f6 t\u00e4yskierros:\u00a0\u00a0\u00a0\u00a0\u00a0 \u00a0\u00a0 10 MRAD<br \/>\nKorotus s\u00e4\u00e4t\u00f6vara:\u00a0\u00a0\u00a0\u00a0\u00a0\u00a0\u00a0\u00a0\u00a0\u00a0\u00a0\u00a0\u00a0\u00a0\u00a0\u00a0 \u00a0 28.5 MRAD<br \/>\nSivuttainen s\u00e4\u00e4t\u00f6vara:\u00a0\u00a0\u00a0\u00a0\u00a0\u00a0\u00a0\u00a0\u00a0 \u00a0 10 MRAD<br \/>\nTornis\u00e4\u00e4t\u00f6:\u00a0\u00a0\u00a0\u00a0\u00a0\u00a0\u00a0\u00a0\u00a0\u00a0\u00a0\u00a0\u00a0\u00a0\u00a0\u00a0\u00a0\u00a0\u00a0\u00a0\u00a0\u00a0\u00a0\u00a0\u00a0\u00a0\u00a0\u00a0\u00a0 Vastap\u00e4iv\u00e4\u00e4n (CCW)<br \/>\nParallaksi:\u00a0\u00a0\u00a0\u00a0\u00a0\u00a0\u00a0\u00a0\u00a0\u00a0\u00a0\u00a0\u00a0\u00a0\u00a0\u00a0\u00a0\u00a0\u00a0\u00a0\u00a0\u00a0\u00a0\u00a0\u00a0\u00a0\u00a0\u00a0\u00a0\u00a0\u00a0 29m &#8211; \u221e\u00a0 (32yd &#8211; \u221e )<br \/>\nPituus:\u00a0\u00a0\u00a0\u00a0\u00a0\u00a0\u00a0\u00a0\u00a0\u00a0\u00a0\u00a0\u00a0\u00a0\u00a0\u00a0\u00a0\u00a0\u00a0\u00a0\u00a0\u00a0\u00a0\u00a0\u00a0\u00a0\u00a0\u00a0\u00a0\u00a0\u00a0\u00a0\u00a0\u00a0\u00a0\u00a0\u00a0 36,6 cm<br \/>\nPaino:\u00a0\u00a0\u00a0\u00a0\u00a0\u00a0\u00a0\u00a0\u00a0\u00a0\u00a0\u00a0\u00a0\u00a0\u00a0\u00a0\u00a0\u00a0\u00a0\u00a0\u00a0\u00a0\u00a0\u00a0\u00a0\u00a0\u00a0\u00a0\u00a0\u00a0\u00a0\u00a0\u00a0\u00a0\u00a0\u00a0\u00a0 1.38 kg<\/p>\n<p>Tuote SKU: RZR-42708<\/p>\n<p><strong><br \/>\n<\/strong>Meid\u00e4n valikoimasta l\u00f6yd\u00e4t my\u00f6s Vortexin valmistamat tosi kest\u00e4v\u00e4t suojal\u00e4p\u00e4t, katso : <strong><a href=\"https:\/\/mildot.fi\/index.php\/product\/vortex-linssisuoja-flip-cap-o-56\/\">O-56<\/a><\/strong> and <strong> <a href=\"https:\/\/mildot.fi\/index.php\/product\/vortex-defender-flip-cap-e-10\/\">E-10<\/a><\/strong><\/p>\n<div class=\"spec-item\">\n<p class=\"responsive-video-wrap clr\"><iframe title=\"Vortex Razor HD Gen II EBR-7C Reticle\" width=\"1200\" height=\"675\" src=\"https:\/\/www.youtube.com\/embed\/yvz-LY8BD8E?feature=oembed\" frameborder=\"0\" allow=\"accelerometer; autoplay; clipboard-write; encrypted-media; gyroscope; picture-in-picture; web-share\" referrerpolicy=\"strict-origin-when-cross-origin\" allowfullscreen><\/iframe><\/p>\n<p>Vortex Razor HD Gen II kiikarit\u00e4ht\u00e4in:<\/p>\n<p class=\"responsive-video-wrap clr\"><iframe title=\"Vortex Razor HD Gen II Riflescope\" width=\"1200\" height=\"675\" src=\"https:\/\/www.youtube.com\/embed\/19LFDI12e24?feature=oembed\" frameborder=\"0\" allow=\"accelerometer; autoplay; clipboard-write; encrypted-media; gyroscope; picture-in-picture; web-share\" referrerpolicy=\"strict-origin-when-cross-origin\" allowfullscreen><\/iframe><\/p>\n<p>L-tec tornien s\u00e4\u00e4t\u00f6:<\/p>\n<p class=\"responsive-video-wrap clr\"><iframe title=\"How to Set The L-Tec Zero Stop\" width=\"1200\" height=\"675\" src=\"https:\/\/www.youtube.com\/embed\/vUbYGQEKYEY?feature=oembed\" frameborder=\"0\" allow=\"accelerometer; autoplay; clipboard-write; encrypted-media; gyroscope; picture-in-picture; web-share\" referrerpolicy=\"strict-origin-when-cross-origin\" allowfullscreen><\/iframe><\/p>\n<\/div>\n<div><\/div>\n","protected":false},"excerpt":{"rendered":"<p><span style=\"color: red;\"><strong>Kysy mielell\u00e4\u00e4n tarjousta kiikarit\u00e4ht\u00e4imest\u00e4 + Spuhr tai Vortex renkaista\/jalustasta.<\/strong><\/span><\/p>\n<p>Vortex Razor Gen II on edell\u00e4k\u00e4vij\u00e4 pitk\u00e4n matkan ampujille.<br \/>\nGen II kiikarit\u00e4ht\u00e4imet ovat eritt\u00e4in tarkkoja ja suunniteltu \u00e4\u00e4riolosuhteisiin.<br \/>\nKiikarissa on Vortexin uusi FFP ristikko (EBR-7C) ja 6x zoomaus alue.<\/p>\n<p>L-tec tornit ovat taktiset ja nopeasti s\u00e4\u00e4dett\u00e4viss\u00e4, tarvittaessa voit lukita tornit paikalleen siirtym\u00e4vaihetta varten. Katso alempanaolevasta viedeosta miten helppoa tornien s\u00e4\u00e4t\u00e4minen ja lukitseminen on.<br \/>\nLaitteen putki on valmistettu yhdest\u00e4 alumiinikappaleesta, jonka pinta on anodisoitu eritt\u00e4in kovaksi suojaamaan mekaaniselta kulutukselta ja ymp\u00e4rist\u00f6olosuhteilta. Putki on t\u00e4ytetty argon-kaasulla est\u00e4m\u00e4\u00e4n kosteuden p\u00e4\u00e4seminen kiikarit\u00e4ht\u00e4imen sis\u00e4lle. Linssien ulkopinnat on p\u00e4\u00e4llystetty useita kertoja ArmorTek-pinnoitteella v\u00e4hent\u00e4m\u00e4\u00e4n tahroja, naarmuja, sek\u00e4 veden-, p\u00f6lyn- ja sormenj\u00e4lki\u00e4 linseiss\u00e4.<br \/>\nTaktisen tornin korkeudessa on 10 mradin s\u00e4\u00e4t\u00f6mahdollisuus yhdell\u00e4 kierroksella ja sen kokonaismatka on kolme kierrosta. Tornissa on k\u00e4\u00e4nt\u00f6ilmaisin, joten ampuja voi aina n\u00e4hd\u00e4 ja tuntea mill\u00e4 s\u00e4\u00e4t\u00f6kierroksella k\u00e4\u00e4nt\u00f6torni on. Sis\u00e4iset linssipinnat on p\u00e4\u00e4llystetty XR-Plus pinnoitteella, jotta valonl\u00e4p\u00e4isevyys olisi poikkeuksellisen korkealla tasolla. Micro Adjust Zero-asetukset L-Tec torneissa mahdollistaa s\u00e4\u00e4t\u00f6naksujen v\u00e4liss\u00e4 hienos\u00e4\u00e4d\u00f6n kun nollaat t\u00e4ht\u00e4int\u00e4 tarkkuuden parantamiseksi.<\/p>\n<p><span style=\"color: red;\"><strong>ILMAINEN RAHTI T\u00c4LLE TUOTTEELLE, K\u00c4YT\u00c4 ALENNUSKOODIA: RAHTI-RAZOR<\/strong><\/span><\/p>\n<p><span style=\"color: red;\">Please ask for a quote combining this riflescope with <a href=\"https:\/\/mildot.fi\/index.php\/product-category\/spuhr\/34mm-runkoputki-spuhr\/\">Spuhr ISMS mounts<\/a><\/span>. This is the perfect setup for the demanding shooter that wants the best.<\/p>\n<p>Do you wonder how high scope mount you will need? Try our <a href=\"https:\/\/mildot.fi\/index.php\/mildot-ring-height-calculator\/\">scope mount height calculator, <\/a>feel free to call or email us if you still have any questions.<\/p>\n","protected":false},"featured_media":15220,"comment_status":"open","ping_status":"closed","template":"","meta":{"ocean_post_layout":"","ocean_both_sidebars_style":"","ocean_both_sidebars_content_width":0,"ocean_both_sidebars_sidebars_width":0,"ocean_sidebar":"0","ocean_second_sidebar":"0","ocean_disable_margins":"enable","ocean_add_body_class":"","ocean_shortcode_before_top_bar":"","ocean_shortcode_after_top_bar":"","ocean_shortcode_before_header":"","ocean_shortcode_after_header":"","ocean_has_shortcode":"","ocean_shortcode_after_title":"","ocean_shortcode_before_footer_widgets":"","ocean_shortcode_after_footer_widgets":"","ocean_shortcode_before_footer_bottom":"","ocean_shortcode_after_footer_bottom":"","ocean_display_top_bar":"default","ocean_display_header":"default","ocean_header_style":"","ocean_center_header_left_menu":"0","ocean_custom_header_template":"0","ocean_custom_logo":0,"ocean_custom_retina_logo":0,"ocean_custom_logo_max_width":0,"ocean_custom_logo_tablet_max_width":0,"ocean_custom_logo_mobile_max_width":0,"ocean_custom_logo_max_height":0,"ocean_custom_logo_tablet_max_height":0,"ocean_custom_logo_mobile_max_height":0,"ocean_header_custom_menu":"0","ocean_menu_typo_font_family":"0","ocean_menu_typo_font_subset":"","ocean_menu_typo_font_size":0,"ocean_menu_typo_font_size_tablet":0,"ocean_menu_typo_font_size_mobile":0,"ocean_menu_typo_font_size_unit":"px","ocean_menu_typo_font_weight":"","ocean_menu_typo_font_weight_tablet":"","ocean_menu_typo_font_weight_mobile":"","ocean_menu_typo_transform":"","ocean_menu_typo_transform_tablet":"","ocean_menu_typo_transform_mobile":"","ocean_menu_typo_line_height":0,"ocean_menu_typo_line_height_tablet":0,"ocean_menu_typo_line_height_mobile":0,"ocean_menu_typo_line_height_unit":"","ocean_menu_typo_spacing":0,"ocean_menu_typo_spacing_tablet":0,"ocean_menu_typo_spacing_mobile":0,"ocean_menu_typo_spacing_unit":"","ocean_menu_link_color":"","ocean_menu_link_color_hover":"","ocean_menu_link_color_active":"","ocean_menu_link_background":"","ocean_menu_link_hover_background":"","ocean_menu_link_active_background":"","ocean_menu_social_links_bg":"","ocean_menu_social_hover_links_bg":"","ocean_menu_social_links_color":"","ocean_menu_social_hover_links_color":"","ocean_disable_title":"default","ocean_disable_heading":"default","ocean_post_title":"","ocean_post_subheading":"","ocean_post_title_style":"","ocean_post_title_background_color":"","ocean_post_title_background":0,"ocean_post_title_bg_image_position":"","ocean_post_title_bg_image_attachment":"","ocean_post_title_bg_image_repeat":"","ocean_post_title_bg_image_size":"","ocean_post_title_height":0,"ocean_post_title_bg_overlay":0.5,"ocean_post_title_bg_overlay_color":"","ocean_disable_breadcrumbs":"default","ocean_breadcrumbs_color":"","ocean_breadcrumbs_separator_color":"","ocean_breadcrumbs_links_color":"","ocean_breadcrumbs_links_hover_color":"","ocean_display_footer_widgets":"default","ocean_display_footer_bottom":"default","ocean_custom_footer_template":"0","jetpack_publicize_message":"","jetpack_publicize_feature_enabled":true,"jetpack_social_post_already_shared":true,"jetpack_social_options":{"image_generator_settings":{"template":"highway","default_image_id":0,"font":"","enabled":false},"version":2}},"pwb-brand":[543],"product_brand":[],"product_cat":[18,126],"product_tag":[32,22,23,2060,314,149,24,21,3348,20],"class_list":{"0":"post-6193","1":"product","2":"type-product","3":"status-publish","4":"has-post-thumbnail","6":"pwb-brand-vortex","7":"product_cat-kiikaritahtaimet","8":"product_cat-vortex-optics","9":"product_tag-34mm","10":"product_tag-4-5-27","11":"product_tag-56mm","12":"product_tag-ebr-7c","13":"product_tag-ffp","14":"product_tag-kiikaritahtain","15":"product_tag-mrad","16":"product_tag-razor","17":"product_tag-rzr-42708","18":"product_tag-vortex","20":"entry","21":"has-media","23":"first","24":"instock","25":"sale","26":"taxable","27":"shipping-taxable","28":"purchasable","29":"product-type-simple","30":"has-product-nav","31":"col","32":"span_1_of_4","33":"owp-content-center","34":"owp-thumbs-layout-horizontal","35":"owp-btn-normal","36":"owp-tabs-layout-horizontal"},"jetpack_publicize_connections":[],"jetpack_sharing_enabled":true,"brands":[{"id":543,"name":"Vortex","slug":"vortex"}],"_links":{"self":[{"href":"https:\/\/mildot.fi\/index.php\/wp-json\/wp\/v2\/product\/6193","targetHints":{"allow":["GET"]}}],"collection":[{"href":"https:\/\/mildot.fi\/index.php\/wp-json\/wp\/v2\/product"}],"about":[{"href":"https:\/\/mildot.fi\/index.php\/wp-json\/wp\/v2\/types\/product"}],"replies":[{"embeddable":true,"href":"https:\/\/mildot.fi\/index.php\/wp-json\/wp\/v2\/comments?post=6193"}],"wp:featuredmedia":[{"embeddable":true,"href":"https:\/\/mildot.fi\/index.php\/wp-json\/wp\/v2\/media\/15220"}],"wp:attachment":[{"href":"https:\/\/mildot.fi\/index.php\/wp-json\/wp\/v2\/media?parent=6193"}],"wp:term":[{"taxonomy":"pwb-brand","embeddable":true,"href":"https:\/\/mildot.fi\/index.php\/wp-json\/wp\/v2\/pwb-brand?post=6193"},{"taxonomy":"product_brand","embeddable":true,"href":"https:\/\/mildot.fi\/index.php\/wp-json\/wp\/v2\/product_brand?post=6193"},{"taxonomy":"product_cat","embeddable":true,"href":"https:\/\/mildot.fi\/index.php\/wp-json\/wp\/v2\/product_cat?post=6193"},{"taxonomy":"product_tag","embeddable":true,"href":"https:\/\/mildot.fi\/index.php\/wp-json\/wp\/v2\/product_tag?post=6193"}],"curies":[{"name":"wp","href":"https:\/\/api.w.org\/{rel}","templated":true}]}}