{"id":3505,"date":"2019-10-07T11:15:23","date_gmt":"2019-10-07T09:15:23","guid":{"rendered":"https:\/\/mildot.fi\/?post_type=product&#038;p=3505"},"modified":"2025-05-10T11:36:43","modified_gmt":"2025-05-10T09:36:43","slug":"vortex-hd4000-etaisyysmittari","status":"publish","type":"product","link":"https:\/\/mildot.fi\/index.php\/product\/vortex-hd4000-etaisyysmittari\/","title":{"rendered":"Vortex Razor HD4000 Et\u00e4isyysmittari"},"content":{"rendered":"<div class=\"spec-item\">\n<p><span class=\"title\">Tekninen tiedote: <a href=\"https:\/\/mildot.fi\/wp-content\/uploads\/2019\/10\/vortex_hd4000_razor_et\u00e4isyysmittari.pdf\">vortex_hd4000_razor_et\u00e4isyysmittari.pdf<\/a><\/span><\/p>\n<p>Minumum range 5yd = 4m<br \/>\nAccuracy (\u2264 199.9 yds) 0.5 yds<br \/>\nAccuracy (200 \u2013 1000 yds) 1 yds<br \/>\nAccuracy (&gt; 1000 yds) 2 yds<br \/>\nMeasuring time &lt; 0.25seconds (normal mode) Battery life: &gt;4000 range cycles ( Cold weather may reduce battery performance).<br \/>\nOperating temperature: -20 to +60 degress C<br \/>\nStorage temperature: -25 to +60 degress C<br \/>\nMax Angle Reading + \/ \u2013 70 degrees<br \/>\nMagnification 7x<br \/>\nObjective Lens Diameter 25 mm<br \/>\nLinear Field of View 341.25 ft @ 1,000 yds<br \/>\nAngular Field of View 6.5 degrees<br \/>\nEye Relief 16-19 mm<br \/>\nDipoter +\/-2<br \/>\nLength 11,4mm \/ 4.49 inches<br \/>\nHeight 80mm<br \/>\nWidth 34mm \/1.34 inches<br \/>\nWeight 275 \/ 9.9 oz (including battery =CR2).<\/p>\n<p>OPTICAL FEATURES<br \/>\nHD Optical System Optimized with select glass elements to deliver exceptional resolution, cut chromatic aberration and provide outstanding color fidelity, edge-to-edge sharpness and light transmission.<br \/>\nXR\u2122 Plus Fully Multi-Coated Ultimate anti-reflective coatings on all air-to-glass surfaces provide maximum light transmission for peak clarity and the pinnacle of low-light performance.<\/p>\n<p>CONSTRUCTION FEATURES<br \/>\nArmorTek \u00ae Ultra-hard, scratch-resistant coating protects exterior lenses from scratches, oil and dirt.<br \/>\nWaterproof O-ring seals prevent moisture, dust and debris from penetrating for reliable performance in all environments.<br \/>\nRugged Design Built to handle tough situations. Compact and lightweight.<br \/>\nRubber Armor Provides a secure, non-slip grip, and durable external protection.<br \/>\nDiopter Adjusts for differences in a user\u2019s eyes. Located on right eyepiece.<br \/>\nTripod Adaptable Compatible with a tripod adapter, allowing use on a tripod or car window mount.<br \/>\nMagnesium Chassis Decreases weight and increases strength.<\/p>\n<p>PERFORMANCE FEATURES<br \/>\nELR Ideal for ranging targets at extreme distances. A slightly longer response time allows greatly extended range distances. Best used on a tripod.<br \/>\nHCD Horizontal Component Distance (HCD) mode for angle compensated ranging.<br \/>\nLOS Line of Sight (LOS) mode displays actual line of sight range.<br \/>\nScan This feature displays continual distance readings when panning across a landscape or tracking a moving animal.<br \/>\nEasy-to-use Menu Intuitive, easy-to-use menus feature a simple, clean illuminated display.<br \/>\nAWC \u2122 All Weather Capable ranging allows the unit to return a distance even in a variety of adverse weather conditions.<br \/>\nRanging Format Range in yards or meters.<\/p>\n<p>HCD CORRECTED SHOOT-TO RANGE<br \/>\nThe Razor HD 4000 uses HCD (Horizontal Component Distance) angle-compensated ranging technology to give bow and rifle shooters the critical distance data needed to make accurate shots.<\/p>\n<p>Included in the Box<\/p>\n<p>Carrying case<br \/>\nLens cloth<br \/>\nHex wrench<br \/>\nCR2 battery<br \/>\nManual in english<\/p>\n<p class=\"responsive-video-wrap clr\"><iframe title=\"Razor HD 4000 Rangefinder | Target and Ranging Modes (R)\" width=\"1200\" height=\"675\" src=\"https:\/\/www.youtube.com\/embed\/Z94s9sS6sRs?feature=oembed\" frameborder=\"0\" allow=\"accelerometer; autoplay; clipboard-write; encrypted-media; gyroscope; picture-in-picture\" allowfullscreen><\/iframe><\/p>\n<p>&nbsp;<\/p>\n<p class=\"responsive-video-wrap clr\"><iframe title=\"Vortex Razor HD 4000 Laser Rangefinder (R)\" width=\"1200\" height=\"675\" src=\"https:\/\/www.youtube.com\/embed\/HrWdrq8hCFM?feature=oembed\" frameborder=\"0\" allow=\"accelerometer; autoplay; clipboard-write; encrypted-media; gyroscope; picture-in-picture\" allowfullscreen><\/iframe><\/p>\n<\/div>\n","protected":false},"excerpt":{"rendered":"<p><span style=\"font-family: arial, helvetica, sans-serif; font-size: medium;\">Razor HD 4000 on t\u00e4rke\u00e4 apuv\u00e4line mets\u00e4st\u00e4j\u00e4lle, jousiampujalle tai pitk\u00e4n matkan ampujalle. Eritt\u00e4in tehokas laser et\u00e4isyysmittari sis\u00e4lt\u00e4\u00e4 4 kohdistusmoodia (Normal Mode, First Mode, Last Mode and Extended Laser Range Mode). Ensisijainen HCD (Horizontal Component Distance) -toimintatila tarjoaa avainkulman kompensoiman alueen tiedot, joita valtaosa ampujista tarvitsee yksinkertaisella, nopeasti luettavalla n\u00e4yt\u00f6ll\u00e4. Razor HD 4000: ss\u00e4 on my\u00f6s LOS (Line of Sight) -alue-tila ja skannaustoiminto.<\/span><\/p>\n<p>&nbsp;<\/p>\n<p>&nbsp;<\/p>\n<p>The Razor HD 4000 is the essential companion for the extreme hunter, archer and shooter. The extremely effective angle compensated laser rangefinder features four targeting modes (Normal Mode, First Mode, Last Mode and Extended Laser Range Mode) for any ranging environment. The primary HCD (Horizontal Component Distance) range mode provides key angle compensated range information required by the vast majority of shooters in a simple, quick to read display. The Razor HD 4000 also has a LOS (Line of Sight) range mode and scan feature.<\/p>\n<table>\n<tbody>\n<tr>\n<td width=\"86\">.<\/td>\n<td width=\"86\">DEER RANGE<\/td>\n<td width=\"86\">TREE RANGE<\/td>\n<td width=\"86\">REFLECTIVE RANGE<\/td>\n<\/tr>\n<tr>\n<td><\/td>\n<td><\/td>\n<td><\/td>\n<td><\/td>\n<\/tr>\n<tr>\n<td>NORMAL MODE<\/td>\n<td>1,600 yds (1,463 m)<\/td>\n<td>1,800 yds (1,646 m)<\/td>\n<td>2,400 yds (2,194 m)<\/td>\n<\/tr>\n<tr>\n<td>NORMAL MODE (SCAN)<\/td>\n<td>2,000 yds (1,829 m)<\/td>\n<td>2,200 yds (2,012 m)<\/td>\n<td>2,400 yds (2,194 m)<\/td>\n<\/tr>\n<tr>\n<td>ELR MODE<\/td>\n<td>2,200 yds (2,012 m)<\/td>\n<td>2,500 yds (2,286 m)<\/td>\n<td>4,000 yds (3,658 m)<\/td>\n<\/tr>\n<\/tbody>\n<\/table>\n","protected":false},"featured_media":3508,"comment_status":"open","ping_status":"closed","template":"","meta":{"ocean_post_layout":"","ocean_both_sidebars_style":"","ocean_both_sidebars_content_width":0,"ocean_both_sidebars_sidebars_width":0,"ocean_sidebar":"0","ocean_second_sidebar":"0","ocean_disable_margins":"enable","ocean_add_body_class":"","ocean_shortcode_before_top_bar":"","ocean_shortcode_after_top_bar":"","ocean_shortcode_before_header":"","ocean_shortcode_after_header":"","ocean_has_shortcode":"","ocean_shortcode_after_title":"","ocean_shortcode_before_footer_widgets":"","ocean_shortcode_after_footer_widgets":"","ocean_shortcode_before_footer_bottom":"","ocean_shortcode_after_footer_bottom":"","ocean_display_top_bar":"default","ocean_display_header":"default","ocean_header_style":"","ocean_center_header_left_menu":"0","ocean_custom_header_template":"0","ocean_custom_logo":0,"ocean_custom_retina_logo":0,"ocean_custom_logo_max_width":0,"ocean_custom_logo_tablet_max_width":0,"ocean_custom_logo_mobile_max_width":0,"ocean_custom_logo_max_height":0,"ocean_custom_logo_tablet_max_height":0,"ocean_custom_logo_mobile_max_height":0,"ocean_header_custom_menu":"0","ocean_menu_typo_font_family":"0","ocean_menu_typo_font_subset":"","ocean_menu_typo_font_size":0,"ocean_menu_typo_font_size_tablet":0,"ocean_menu_typo_font_size_mobile":0,"ocean_menu_typo_font_size_unit":"px","ocean_menu_typo_font_weight":"","ocean_menu_typo_font_weight_tablet":"","ocean_menu_typo_font_weight_mobile":"","ocean_menu_typo_transform":"","ocean_menu_typo_transform_tablet":"","ocean_menu_typo_transform_mobile":"","ocean_menu_typo_line_height":0,"ocean_menu_typo_line_height_tablet":0,"ocean_menu_typo_line_height_mobile":0,"ocean_menu_typo_line_height_unit":"","ocean_menu_typo_spacing":0,"ocean_menu_typo_spacing_tablet":0,"ocean_menu_typo_spacing_mobile":0,"ocean_menu_typo_spacing_unit":"","ocean_menu_link_color":"","ocean_menu_link_color_hover":"","ocean_menu_link_color_active":"","ocean_menu_link_background":"","ocean_menu_link_hover_background":"","ocean_menu_link_active_background":"","ocean_menu_social_links_bg":"","ocean_menu_social_hover_links_bg":"","ocean_menu_social_links_color":"","ocean_menu_social_hover_links_color":"","ocean_disable_title":"default","ocean_disable_heading":"default","ocean_post_title":"","ocean_post_subheading":"","ocean_post_title_style":"","ocean_post_title_background_color":"","ocean_post_title_background":0,"ocean_post_title_bg_image_position":"","ocean_post_title_bg_image_attachment":"","ocean_post_title_bg_image_repeat":"","ocean_post_title_bg_image_size":"","ocean_post_title_height":0,"ocean_post_title_bg_overlay":0.5,"ocean_post_title_bg_overlay_color":"","ocean_disable_breadcrumbs":"default","ocean_breadcrumbs_color":"","ocean_breadcrumbs_separator_color":"","ocean_breadcrumbs_links_color":"","ocean_breadcrumbs_links_hover_color":"","ocean_display_footer_widgets":"default","ocean_display_footer_bottom":"default","ocean_custom_footer_template":"0","jetpack_publicize_message":"","jetpack_publicize_feature_enabled":true,"jetpack_social_post_already_shared":false,"jetpack_social_options":{"image_generator_settings":{"template":"highway","default_image_id":0,"font":"","enabled":false},"version":2}},"pwb-brand":[],"product_brand":[],"product_cat":[324,17,126],"product_tag":[325,330,327,328,21,20],"class_list":{"0":"post-3505","1":"product","2":"type-product","3":"status-publish","4":"has-post-thumbnail","6":"product_cat-etaisyysmittarit","7":"product_cat-optiikka","8":"product_cat-vortex-optics","9":"product_tag-etaisyysmittari","10":"product_tag-hd4000","11":"product_tag-laser","12":"product_tag-rangefinder","13":"product_tag-razor","14":"product_tag-vortex","16":"entry","17":"has-media","19":"first","20":"onbackorder","21":"taxable","22":"shipping-taxable","23":"purchasable","24":"product-type-simple","25":"has-product-nav","26":"col","27":"span_1_of_4","28":"owp-content-center","29":"owp-thumbs-layout-horizontal","30":"owp-btn-normal","31":"owp-tabs-layout-horizontal"},"jetpack_publicize_connections":[],"jetpack_sharing_enabled":true,"brands":[],"_links":{"self":[{"href":"https:\/\/mildot.fi\/index.php\/wp-json\/wp\/v2\/product\/3505","targetHints":{"allow":["GET"]}}],"collection":[{"href":"https:\/\/mildot.fi\/index.php\/wp-json\/wp\/v2\/product"}],"about":[{"href":"https:\/\/mildot.fi\/index.php\/wp-json\/wp\/v2\/types\/product"}],"replies":[{"embeddable":true,"href":"https:\/\/mildot.fi\/index.php\/wp-json\/wp\/v2\/comments?post=3505"}],"wp:featuredmedia":[{"embeddable":true,"href":"https:\/\/mildot.fi\/index.php\/wp-json\/wp\/v2\/media\/3508"}],"wp:attachment":[{"href":"https:\/\/mildot.fi\/index.php\/wp-json\/wp\/v2\/media?parent=3505"}],"wp:term":[{"taxonomy":"pwb-brand","embeddable":true,"href":"https:\/\/mildot.fi\/index.php\/wp-json\/wp\/v2\/pwb-brand?post=3505"},{"taxonomy":"product_brand","embeddable":true,"href":"https:\/\/mildot.fi\/index.php\/wp-json\/wp\/v2\/product_brand?post=3505"},{"taxonomy":"product_cat","embeddable":true,"href":"https:\/\/mildot.fi\/index.php\/wp-json\/wp\/v2\/product_cat?post=3505"},{"taxonomy":"product_tag","embeddable":true,"href":"https:\/\/mildot.fi\/index.php\/wp-json\/wp\/v2\/product_tag?post=3505"}],"curies":[{"name":"wp","href":"https:\/\/api.w.org\/{rel}","templated":true}]}}