{"id":3380,"date":"2019-10-03T05:41:38","date_gmt":"2019-10-03T03:41:38","guid":{"rendered":"https:\/\/mildot.fi\/?post_type=product&#038;p=3380"},"modified":"2024-10-21T11:20:51","modified_gmt":"2024-10-21T09:20:51","slug":"metallimaalitaulu-teline-mildot","status":"publish","type":"product","link":"https:\/\/mildot.fi\/index.php\/product\/metallimaalitaulu-teline-mildot\/","title":{"rendered":"Metallimaalitaulujen teline &#8211; MILDOT"},"content":{"rendered":"<p>12mm harjater\u00e4ksest\u00e4 valmistettu maalitauluteline. Kotimaista tuotantoa.<br \/>\nPakkautuu hyvin pineen tilaan ja on nopea pystytt\u00e4\u00e4 ja kasata.<br \/>\nTelineess\u00e4 on useaampi koukku johon saat kumipalalla,ketjulla, metallikoukkulla tai vaijerilla useaampi maali ( koosta riippuen) roikkumaan. Itse tykk\u00e4\u00e4n kumikiinnityksest\u00e4 koska maalitaulu palaa perusasentoon kohtalaisen nopeasti osuman j\u00e4lkeen.<br \/>\nMeid\u00e4n esimerkkikuvassa on kaksi 30cm ja keskell\u00e4 20cm metallimaalitauluja.<\/p>\n<p>Huomiothan ett\u00e4 maalitaulut ostetaan erikseen.<\/p>\n<p><strong>TARJOUS: Jos tilaat telineen yhteyydess\u00e4 maalitaulun tai useamman niin saat 50% alennuksen niiden pulteista\u00a0 ja kumipidikeist\u00e4!<\/strong><br \/>\n<a href=\"https:\/\/mildot.fi\/index.php\/product\/metallimaalitaulun-pultit-m12-mildot\/\">https:\/\/mildot.fi\/index.php\/product\/metallimaalitaulun-pultit-m12-mildot\/<\/a><br \/>\n<a href=\"https:\/\/mildot.fi\/index.php\/product\/kiinitinkumi-metallimaalutaululle-mildot\/\">https:\/\/mildot.fi\/index.php\/product\/kiinitinkumi-metallimaalutaululle-mildot\/<\/a><\/p>\n<p>Lis\u00e4\u00e4 vaan tilaukseesi toivottu m\u00e4\u00e4r\u00e4 puletteja&amp;kumipidikkeit\u00e4 <strong>ja odota laskun maksamisen kanssa<\/strong> niin korjaamme loppusumman ja saat kohta uuden laskun.<\/p>\n<p>Telineiden v\u00e4ri voi vaihdella, yleens\u00e4 ne ovat harmaat mutta vuosien varrella ne ovat v\u00e4lill\u00e4 olleet siniset, harmaat, hopeanharmaat, valkoiset ja mustat.\u00a0 Jos v\u00e4ri on t\u00e4rke\u00e4 kriteeri niin soita niin katsotaan mit\u00e4 voin tarjota juuri silloin.<\/p>\n<p>Telineen yl\u00e4rima ja jalat voi my\u00f6s ostaa erikseen varaosina.<br \/>\nJalat myyd\u00e4\u00e4n aina parittain: Jos tilaat 1kpl niin saat setin jossa on 4 harjater\u00e4stankoa saranamekanismill\u00e4.<\/p>\n","protected":false},"excerpt":{"rendered":"<p>Kotimaista k\u00e4sity\u00f6t\u00e4.<br \/>\n12mm harjater\u00e4ksest\u00e4 valmistettu maalitauluteline.<\/p>\n<p>Harjater\u00e4ksest\u00e4 valmistettu metallimaalitaulutelineess\u00e4 on monta hyv\u00e4\u00e4 etua verrattuna puukehykseen:<\/p>\n<p>* Pakkautuu kuljetusta varten hyvin pineen tilaan, noin 105x15x6cm. K\u00e4tev\u00e4 kuljetuspussi myyd\u00e4\u00e4n erikseen, katso : <a href=\"https:\/\/mildot.fi\/index.php\/product\/kuljetuspussi-metallimaalitaulujen-telineelle-mildot\">https:\/\/mildot.fi\/index.php\/product\/kuljetuspussi-metallimaalitaulujen-telineelle-mildot<\/a><br \/>\n* Nopea pystytt\u00e4\u00e4 ja purkaa, vain kolme osaa.<br \/>\n* Helppo pystytt\u00e4\u00e4 my\u00f6s rinteeseen niin roiskeet tulee sinne minne ne kuuluukin. (muista tarkistaa ampumaradan maalitaulujen pystytt\u00e4mis-s\u00e4\u00e4nn\u00f6t).<\/p>\n","protected":false},"featured_media":3381,"comment_status":"open","ping_status":"closed","template":"","meta":{"ocean_post_layout":"","ocean_both_sidebars_style":"","ocean_both_sidebars_content_width":0,"ocean_both_sidebars_sidebars_width":0,"ocean_sidebar":"0","ocean_second_sidebar":"0","ocean_disable_margins":"enable","ocean_add_body_class":"","ocean_shortcode_before_top_bar":"","ocean_shortcode_after_top_bar":"","ocean_shortcode_before_header":"","ocean_shortcode_after_header":"","ocean_has_shortcode":"","ocean_shortcode_after_title":"","ocean_shortcode_before_footer_widgets":"","ocean_shortcode_after_footer_widgets":"","ocean_shortcode_before_footer_bottom":"","ocean_shortcode_after_footer_bottom":"","ocean_display_top_bar":"default","ocean_display_header":"default","ocean_header_style":"","ocean_center_header_left_menu":"0","ocean_custom_header_template":"0","ocean_custom_logo":0,"ocean_custom_retina_logo":0,"ocean_custom_logo_max_width":0,"ocean_custom_logo_tablet_max_width":0,"ocean_custom_logo_mobile_max_width":0,"ocean_custom_logo_max_height":0,"ocean_custom_logo_tablet_max_height":0,"ocean_custom_logo_mobile_max_height":0,"ocean_header_custom_menu":"0","ocean_menu_typo_font_family":"0","ocean_menu_typo_font_subset":"","ocean_menu_typo_font_size":0,"ocean_menu_typo_font_size_tablet":0,"ocean_menu_typo_font_size_mobile":0,"ocean_menu_typo_font_size_unit":"px","ocean_menu_typo_font_weight":"","ocean_menu_typo_font_weight_tablet":"","ocean_menu_typo_font_weight_mobile":"","ocean_menu_typo_transform":"","ocean_menu_typo_transform_tablet":"","ocean_menu_typo_transform_mobile":"","ocean_menu_typo_line_height":0,"ocean_menu_typo_line_height_tablet":0,"ocean_menu_typo_line_height_mobile":0,"ocean_menu_typo_line_height_unit":"","ocean_menu_typo_spacing":0,"ocean_menu_typo_spacing_tablet":0,"ocean_menu_typo_spacing_mobile":0,"ocean_menu_typo_spacing_unit":"","ocean_menu_link_color":"","ocean_menu_link_color_hover":"","ocean_menu_link_color_active":"","ocean_menu_link_background":"","ocean_menu_link_hover_background":"","ocean_menu_link_active_background":"","ocean_menu_social_links_bg":"","ocean_menu_social_hover_links_bg":"","ocean_menu_social_links_color":"","ocean_menu_social_hover_links_color":"","ocean_disable_title":"default","ocean_disable_heading":"default","ocean_post_title":"","ocean_post_subheading":"","ocean_post_title_style":"","ocean_post_title_background_color":"","ocean_post_title_background":0,"ocean_post_title_bg_image_position":"","ocean_post_title_bg_image_attachment":"","ocean_post_title_bg_image_repeat":"","ocean_post_title_bg_image_size":"","ocean_post_title_height":0,"ocean_post_title_bg_overlay":0.5,"ocean_post_title_bg_overlay_color":"","ocean_disable_breadcrumbs":"default","ocean_breadcrumbs_color":"","ocean_breadcrumbs_separator_color":"","ocean_breadcrumbs_links_color":"","ocean_breadcrumbs_links_hover_color":"","ocean_display_footer_widgets":"default","ocean_display_footer_bottom":"default","ocean_custom_footer_template":"0","jetpack_publicize_message":"","jetpack_publicize_feature_enabled":true,"jetpack_social_post_already_shared":false,"jetpack_social_options":{"image_generator_settings":{"template":"highway","default_image_id":0,"font":"","enabled":false},"version":2}},"pwb-brand":[570],"product_brand":[],"product_cat":[90,162],"product_tag":[92,318,97,316,98,91,274,317,344,319],"class_list":{"0":"post-3380","1":"product","2":"type-product","3":"status-publish","4":"has-post-thumbnail","6":"pwb-brand-mildot","7":"product_cat-maalilaitteet","8":"product_cat-mildot","9":"product_tag-12mm","10":"product_tag-harjateras","11":"product_tag-maalitaulu","12":"product_tag-maalitauluteline","13":"product_tag-mildot","14":"product_tag-plate","15":"product_tag-pleitti","16":"product_tag-teline","17":"product_tag-teline-metallimaalitauluille","18":"product_tag-teras","20":"entry","21":"has-media","23":"first","24":"instock","25":"taxable","26":"shipping-taxable","27":"purchasable","28":"product-type-variable","29":"has-product-nav","30":"col","31":"span_1_of_4","32":"owp-content-center","33":"owp-thumbs-layout-horizontal","34":"owp-btn-normal","35":"owp-tabs-layout-horizontal"},"jetpack_publicize_connections":[],"jetpack_sharing_enabled":true,"brands":[{"id":570,"name":"Mildot","slug":"mildot"}],"_links":{"self":[{"href":"https:\/\/mildot.fi\/index.php\/wp-json\/wp\/v2\/product\/3380","targetHints":{"allow":["GET"]}}],"collection":[{"href":"https:\/\/mildot.fi\/index.php\/wp-json\/wp\/v2\/product"}],"about":[{"href":"https:\/\/mildot.fi\/index.php\/wp-json\/wp\/v2\/types\/product"}],"replies":[{"embeddable":true,"href":"https:\/\/mildot.fi\/index.php\/wp-json\/wp\/v2\/comments?post=3380"}],"wp:featuredmedia":[{"embeddable":true,"href":"https:\/\/mildot.fi\/index.php\/wp-json\/wp\/v2\/media\/3381"}],"wp:attachment":[{"href":"https:\/\/mildot.fi\/index.php\/wp-json\/wp\/v2\/media?parent=3380"}],"wp:term":[{"taxonomy":"pwb-brand","embeddable":true,"href":"https:\/\/mildot.fi\/index.php\/wp-json\/wp\/v2\/pwb-brand?post=3380"},{"taxonomy":"product_brand","embeddable":true,"href":"https:\/\/mildot.fi\/index.php\/wp-json\/wp\/v2\/product_brand?post=3380"},{"taxonomy":"product_cat","embeddable":true,"href":"https:\/\/mildot.fi\/index.php\/wp-json\/wp\/v2\/product_cat?post=3380"},{"taxonomy":"product_tag","embeddable":true,"href":"https:\/\/mildot.fi\/index.php\/wp-json\/wp\/v2\/product_tag?post=3380"}],"curies":[{"name":"wp","href":"https:\/\/api.w.org\/{rel}","templated":true}]}}