{"id":291,"date":"2019-03-28T07:46:30","date_gmt":"2019-03-28T05:46:30","guid":{"rendered":"https:\/\/mildot.fi\/?post_type=product&#038;p=291"},"modified":"2025-03-17T15:13:40","modified_gmt":"2025-03-17T13:13:40","slug":"metallimaalitaulu-mini-ipsc-a-c-alue-mildot","status":"publish","type":"product","link":"https:\/\/mildot.fi\/index.php\/product\/metallimaalitaulu-mini-ipsc-a-c-alue-mildot\/","title":{"rendered":"Metallimaalitaulu: Mini IPSC pelkk\u00e4 A-C alue &#8211; 12mm &#8211; MILDOT"},"content":{"rendered":"<p>A-C alueen kokoinen metallimaalitaulu, valmistettu 12mm paksusta Hardox 500 ter\u00e4slevyst\u00e4.<br \/>\nTarkka (noin +\/-0,1mm) laserleikkaus oikean kokoiseksi.<\/p>\n<p>Kest\u00e4\u00e4 jopa 338LM@300m joustavalla kiinnityksell\u00e4\/kaatuvana maalina.<\/p>\n<p>Mitta 300x200mm<\/p>\n<p>Nyt muotoiltiin rei\u00e4t ovaaliksi ett\u00e4 olisi yht\u00e4 helppoa laittaa kiinnikkeeksi M12 lukkokantapultin tai vaihtoehtoisesti pujottaa l\u00e4pi esimerkiksi\u00a0 harjater\u00e4ksest\u00e4 valmistetut koukut.<\/p>\n<p>Paino. 4.5kg<\/p>\n<p>MILDOT metallimaalitaulut ovat Suomessa valmistettu laatutuote ruotsalaisesta SSAB ter\u00e4ksest\u00e4,tai kotimaista Rautaruukin vastaavaa laatuter\u00e4st\u00e4.<\/p>\n","protected":false},"excerpt":{"rendered":"<p>Mildot metallimaalitaulu on valmistettu Hardox 500 ter\u00e4slevyst\u00e4 ja laserleikkattu tarkkoihin mittoihin(+\/-0,1mm). Ensinmm\u00e4isen er\u00e4n taulut ovat jo valmiiksi spraymaalattuja, seuraavan er\u00e4n maalitaulujen pinta on maalaamaton, ne ovat helposti itsemaalattavissa ja n\u00e4in osumat ovat helppo tunnistaa pidemm\u00e4lt\u00e4kin matkalta.<\/p>\n<p>&nbsp;<\/p>\n","protected":false},"featured_media":712,"comment_status":"open","ping_status":"closed","template":"","meta":{"ocean_post_layout":"","ocean_both_sidebars_style":"","ocean_both_sidebars_content_width":0,"ocean_both_sidebars_sidebars_width":0,"ocean_sidebar":"0","ocean_second_sidebar":"0","ocean_disable_margins":"enable","ocean_add_body_class":"","ocean_shortcode_before_top_bar":"","ocean_shortcode_after_top_bar":"","ocean_shortcode_before_header":"","ocean_shortcode_after_header":"","ocean_has_shortcode":"","ocean_shortcode_after_title":"","ocean_shortcode_before_footer_widgets":"","ocean_shortcode_after_footer_widgets":"","ocean_shortcode_before_footer_bottom":"","ocean_shortcode_after_footer_bottom":"","ocean_display_top_bar":"default","ocean_display_header":"default","ocean_header_style":"","ocean_center_header_left_menu":"0","ocean_custom_header_template":"0","ocean_custom_logo":0,"ocean_custom_retina_logo":0,"ocean_custom_logo_max_width":0,"ocean_custom_logo_tablet_max_width":0,"ocean_custom_logo_mobile_max_width":0,"ocean_custom_logo_max_height":0,"ocean_custom_logo_tablet_max_height":0,"ocean_custom_logo_mobile_max_height":0,"ocean_header_custom_menu":"0","ocean_menu_typo_font_family":"0","ocean_menu_typo_font_subset":"","ocean_menu_typo_font_size":0,"ocean_menu_typo_font_size_tablet":0,"ocean_menu_typo_font_size_mobile":0,"ocean_menu_typo_font_size_unit":"px","ocean_menu_typo_font_weight":"","ocean_menu_typo_font_weight_tablet":"","ocean_menu_typo_font_weight_mobile":"","ocean_menu_typo_transform":"","ocean_menu_typo_transform_tablet":"","ocean_menu_typo_transform_mobile":"","ocean_menu_typo_line_height":0,"ocean_menu_typo_line_height_tablet":0,"ocean_menu_typo_line_height_mobile":0,"ocean_menu_typo_line_height_unit":"","ocean_menu_typo_spacing":0,"ocean_menu_typo_spacing_tablet":0,"ocean_menu_typo_spacing_mobile":0,"ocean_menu_typo_spacing_unit":"","ocean_menu_link_color":"","ocean_menu_link_color_hover":"","ocean_menu_link_color_active":"","ocean_menu_link_background":"","ocean_menu_link_hover_background":"","ocean_menu_link_active_background":"","ocean_menu_social_links_bg":"","ocean_menu_social_hover_links_bg":"","ocean_menu_social_links_color":"","ocean_menu_social_hover_links_color":"","ocean_disable_title":"default","ocean_disable_heading":"default","ocean_post_title":"","ocean_post_subheading":"","ocean_post_title_style":"","ocean_post_title_background_color":"","ocean_post_title_background":0,"ocean_post_title_bg_image_position":"","ocean_post_title_bg_image_attachment":"","ocean_post_title_bg_image_repeat":"","ocean_post_title_bg_image_size":"","ocean_post_title_height":0,"ocean_post_title_bg_overlay":0.5,"ocean_post_title_bg_overlay_color":"","ocean_disable_breadcrumbs":"default","ocean_breadcrumbs_color":"","ocean_breadcrumbs_separator_color":"","ocean_breadcrumbs_links_color":"","ocean_breadcrumbs_links_hover_color":"","ocean_display_footer_widgets":"default","ocean_display_footer_bottom":"default","ocean_custom_footer_template":"0","jetpack_publicize_message":"","jetpack_publicize_feature_enabled":true,"jetpack_social_post_already_shared":false,"jetpack_social_options":{"image_generator_settings":{"template":"highway","default_image_id":0,"font":"","enabled":false},"version":2}},"pwb-brand":[570],"product_brand":[],"product_cat":[90,2129,162],"product_tag":[92,341,93,94,270,271,97,96,98,91,274,1879],"class_list":{"0":"post-291","1":"product","2":"type-product","3":"status-publish","4":"has-post-thumbnail","6":"pwb-brand-mildot","7":"product_cat-maalilaitteet","8":"product_cat-maalitaulut-12mm","9":"product_cat-mildot","10":"product_tag-12mm","11":"product_tag-a-c-alue","12":"product_tag-hardox","13":"product_tag-hardox-500","14":"product_tag-ipsc","15":"product_tag-ipsc-a-c","16":"product_tag-maalitaulu","17":"product_tag-metallimaalitaulu","18":"product_tag-mildot","19":"product_tag-plate","20":"product_tag-pleitti","21":"product_tag-raex","23":"entry","24":"has-media","26":"first","27":"instock","28":"taxable","29":"shipping-taxable","30":"purchasable","31":"product-type-simple","32":"has-product-nav","33":"col","34":"span_1_of_4","35":"owp-content-center","36":"owp-thumbs-layout-horizontal","37":"owp-btn-normal","38":"owp-tabs-layout-horizontal"},"jetpack_publicize_connections":[],"jetpack_sharing_enabled":true,"brands":[{"id":570,"name":"Mildot","slug":"mildot"}],"_links":{"self":[{"href":"https:\/\/mildot.fi\/index.php\/wp-json\/wp\/v2\/product\/291","targetHints":{"allow":["GET"]}}],"collection":[{"href":"https:\/\/mildot.fi\/index.php\/wp-json\/wp\/v2\/product"}],"about":[{"href":"https:\/\/mildot.fi\/index.php\/wp-json\/wp\/v2\/types\/product"}],"replies":[{"embeddable":true,"href":"https:\/\/mildot.fi\/index.php\/wp-json\/wp\/v2\/comments?post=291"}],"wp:featuredmedia":[{"embeddable":true,"href":"https:\/\/mildot.fi\/index.php\/wp-json\/wp\/v2\/media\/712"}],"wp:attachment":[{"href":"https:\/\/mildot.fi\/index.php\/wp-json\/wp\/v2\/media?parent=291"}],"wp:term":[{"taxonomy":"pwb-brand","embeddable":true,"href":"https:\/\/mildot.fi\/index.php\/wp-json\/wp\/v2\/pwb-brand?post=291"},{"taxonomy":"product_brand","embeddable":true,"href":"https:\/\/mildot.fi\/index.php\/wp-json\/wp\/v2\/product_brand?post=291"},{"taxonomy":"product_cat","embeddable":true,"href":"https:\/\/mildot.fi\/index.php\/wp-json\/wp\/v2\/product_cat?post=291"},{"taxonomy":"product_tag","embeddable":true,"href":"https:\/\/mildot.fi\/index.php\/wp-json\/wp\/v2\/product_tag?post=291"}],"curies":[{"name":"wp","href":"https:\/\/api.w.org\/{rel}","templated":true}]}}