{"id":286,"date":"2019-03-27T19:57:03","date_gmt":"2019-03-27T17:57:03","guid":{"rendered":"https:\/\/mildot.fi\/?post_type=product&#038;p=286"},"modified":"2021-08-03T07:30:51","modified_gmt":"2021-08-03T05:30:51","slug":"tarkka-ampuja-1-pauli-salo","status":"publish","type":"product","link":"https:\/\/mildot.fi\/index.php\/product\/tarkka-ampuja-1-pauli-salo\/","title":{"rendered":"Tarkka-ampuja 1 &#8211; Pauli Salo"},"content":{"rendered":"<p><strong>SIS\u00c4LLYSLUETTELO<\/strong><\/p>\n<p>JOHDANTO \u2026\u2026\u2026\u2026\u2026\u2026\u2026\u2026\u2026\u2026\u2026\u2026\u2026\u2026\u2026\u2026\u2026\u2026\u2026\u2026\u2026\u2026\u2026\u2026. 5<\/p>\n<p>1. PERUSTEITA<br \/>\n1.1 Tarkka-ampuja \u2026\u2026\u2026\u2026\u2026\u2026\u2026\u2026\u2026\u2026\u2026\u2026\u2026\u2026\u2026\u2026\u2026\u2026\u2026\u2026\u2026. 7<br \/>\n1.2 Organisaatioita Suomessa \u2026\u2026\u2026\u2026\u2026\u2026\u2026\u2026\u2026\u2026\u2026\u2026\u2026\u2026\u2026.. 7<br \/>\n1.3 Henkil\u00f6st\u00f6n teht\u00e4v\u00e4t \u2026\u2026\u2026\u2026\u2026\u2026\u2026\u2026\u2026\u2026\u2026\u2026\u2026\u2026\u2026\u2026\u2026\u2026.. 8<br \/>\n1.4 Ampujien valinta \u2026\u2026\u2026\u2026\u2026\u2026\u2026\u2026\u2026\u2026\u2026\u2026\u2026\u2026\u2026\u2026\u2026\u2026\u2026\u2026.. 9<\/p>\n<p>2. ASEITA<br \/>\n2.1 Tarkkuuskiv\u00e4\u00e4rien ominaisuuksia \u2026\u2026\u2026\u2026\u2026\u2026\u2026\u2026\u2026\u2026\u2026\u2026. 11<br \/>\n2.2 Optisten t\u00e4ht\u00e4inten ominaisuuksia \u2026\u2026\u2026\u2026\u2026\u2026\u2026\u2026\u2026\u2026\u2026.. 12<br \/>\n2.3 7,62 Tarkkuuskiv\u00e4\u00e4ri 85 \u2026\u2026\u2026\u2026\u2026\u2026\u2026\u2026\u2026\u2026\u2026\u2026\u2026\u2026\u2026\u2026.. 19<br \/>\n2.4 7,62 Tarkkuuskiv\u00e4\u00e4ri Dragunov \u2026\u2026\u2026\u2026\u2026\u2026\u2026\u2026\u2026\u2026\u2026\u2026\u2026.. 25<br \/>\n2.5 8.6 Tarkkuuskiv\u00e4\u00e4ri 2000 \u2026\u2026\u2026\u2026\u2026\u2026\u2026\u2026\u2026\u2026\u2026\u2026\u2026\u2026\u2026\u2026. 28<br \/>\n2.6 Ulkomailla k\u00e4yt\u00f6ss\u00e4 olevia tarkkuuskiv\u00e4\u00e4rej\u00e4 \u2026\u2026\u2026\u2026\u2026\u2026\u2026 33<\/p>\n<p>3. PATRUUNOITA<br \/>\n3.1 Suomalaiset tarkkuuskiv\u00e4\u00e4rin patruunat \u2026\u2026\u2026\u2026\u2026\u2026\u2026\u2026\u2026. 36<br \/>\n3.2 Kiv\u00e4\u00e4rin 7,62x53R patruuna \u2026\u2026\u2026\u2026\u2026\u2026\u2026\u2026\u2026\u2026\u2026\u2026\u2026\u2026\u2026 37<br \/>\n3.3 Uudelleen pakattuja patruunoita \u2026\u2026\u2026\u2026\u2026\u2026\u2026\u2026\u2026\u2026\u2026\u2026\u2026 39<br \/>\n3.4 D166 luotisia 7,62x53R patruunoita \u2026\u2026\u2026\u2026\u2026\u2026\u2026\u2026\u2026\u2026\u2026. 39<br \/>\n3.5 S283 luotisia 7,62x53R patruunoita \u2026\u2026\u2026\u2026\u2026\u2026\u2026\u2026\u2026\u2026\u2026. 41<br \/>\n3.6 S284 luotisia 7,62x53R patruunoita \u2026\u2026\u2026\u2026\u2026\u2026\u2026\u2026\u2026\u2026\u2026. 42<br \/>\n3.7 D46 ja D47 luotisia patruunoita \u2026\u2026\u2026\u2026\u2026\u2026\u2026\u2026\u2026\u2026\u2026\u2026\u2026. 42<br \/>\n3.8 7,62x53R onttosyd\u00e4nluotisia patruunoita \u2026\u2026\u2026\u2026\u2026\u2026\u2026\u2026.. 44<br \/>\n3.9 7,62x53R valojuovapatruunoita \u2026\u2026\u2026\u2026\u2026\u2026\u2026\u2026\u2026\u2026\u2026\u2026\u2026. 45<br \/>\n3.10 7,62x53R paukkupatruunoita \u2026\u2026\u2026\u2026\u2026\u2026\u2026\u2026\u2026\u2026\u2026\u2026\u2026.. 46<br \/>\n3.11 7,62x53R latausharjoituspatruunoita \u2026\u2026\u2026\u2026\u2026\u2026\u2026\u2026\u2026\u2026 48<br \/>\n3.12 Ven\u00e4l\u00e4isi\u00e4 7,62x54R patruunoita \u2026\u2026\u2026\u2026\u2026\u2026\u2026\u2026\u2026\u2026\u2026.. 49<br \/>\n3.13 Muita 7,62x53R patruunoita \u2026\u2026\u2026\u2026\u2026\u2026\u2026\u2026\u2026\u2026\u2026\u2026\u2026\u2026 50<br \/>\n3.14 Kaliberin .338 Lapua Magnum patruunoita \u2026\u2026\u2026\u2026\u2026\u2026\u2026. 50<\/p>\n<p>4. MUITA V\u00c4LINEIT\u00c4<br \/>\n4.1 T\u00e4hystysoptiikka \u2026\u2026\u2026\u2026\u2026\u2026\u2026\u2026\u2026\u2026\u2026\u2026\u2026\u2026\u2026\u2026\u2026\u2026\u2026\u2026. 54<br \/>\n4.2 Asekortti \u2026\u2026\u2026\u2026\u2026\u2026\u2026\u2026\u2026\u2026\u2026\u2026\u2026\u2026\u2026\u2026\u2026\u2026\u2026\u2026\u2026\u2026\u2026\u2026. 58<br \/>\n4.3 Muita v\u00e4lineit\u00e4 \u2026\u2026\u2026\u2026\u2026\u2026\u2026\u2026\u2026\u2026\u2026\u2026\u2026\u2026\u2026\u2026\u2026\u2026\u2026\u2026\u2026.. 59<br \/>\n4.4 Naamiointi \u2026\u2026\u2026\u2026\u2026\u2026\u2026\u2026\u2026\u2026\u2026\u2026\u2026\u2026\u2026\u2026\u2026\u2026\u2026\u2026\u2026\u2026\u2026.. 63<\/p>\n<p>5. BALLISTIIKAN PERUSTEITA<br \/>\n5.1 K\u00e4sitteit\u00e4 \u2026\u2026\u2026\u2026\u2026\u2026\u2026\u2026\u2026\u2026\u2026\u2026\u2026\u2026\u2026\u2026\u2026\u2026\u2026. 69<br \/>\n5.2 Maan vetovoima \u2026\u2026\u2026\u2026\u2026\u2026\u2026\u2026\u2026\u2026\u2026\u2026\u2026\u2026\u2026\u2026. 70<br \/>\n5.3 Ilmanvastus \u2026\u2026\u2026\u2026\u2026\u2026\u2026\u2026\u2026\u2026\u2026\u2026\u2026\u2026\u2026\u2026\u2026\u2026. 73<br \/>\n5.4 Tuuli \u2026\u2026\u2026\u2026\u2026\u2026\u2026\u2026\u2026\u2026\u2026\u2026\u2026\u2026\u2026\u2026\u2026\u2026\u2026\u2026\u2026\u2026 74<br \/>\n5.5 Kiertopoikkeama \u2026\u2026\u2026\u2026\u2026\u2026\u2026\u2026\u2026\u2026\u2026\u2026\u2026\u2026\u2026\u2026. 78<br \/>\n5.6 Ruudin l\u00e4mp\u00f6tila \u2026\u2026\u2026\u2026\u2026\u2026\u2026\u2026\u2026\u2026\u2026\u2026\u2026\u2026\u2026\u2026. 79<br \/>\n5.7 Aseen hajonta \u2026\u2026\u2026\u2026\u2026\u2026\u2026\u2026\u2026\u2026\u2026\u2026\u2026\u2026\u2026\u2026\u2026. 80<br \/>\n5.8 Hajonnan m\u00e4\u00e4ritt\u00e4minen \u2026\u2026\u2026\u2026\u2026\u2026\u2026\u2026\u2026\u2026\u2026\u2026.. 80<br \/>\n5.9 Hajonnan pienent\u00e4minen \u2026\u2026\u2026\u2026\u2026\u2026\u2026\u2026\u2026\u2026\u2026\u2026.. 81<\/p>\n<p>6. TOIMINTA TULIASEMASSA<br \/>\n6.1 Eteneminen asemaan \u2026\u2026\u2026\u2026\u2026\u2026\u2026\u2026\u2026\u2026\u2026\u2026\u2026\u2026\u2026\u2026\u2026.. 84<br \/>\n6.2 Tuliasema \u2026\u2026\u2026\u2026\u2026\u2026\u2026\u2026\u2026\u2026\u2026\u2026\u2026\u2026\u2026\u2026\u2026\u2026\u2026\u2026\u2026\u2026\u2026. 86<br \/>\n6.3 T\u00e4hyst\u00e4minen \u2026\u2026\u2026\u2026\u2026\u2026\u2026\u2026\u2026\u2026\u2026\u2026\u2026\u2026\u2026\u2026\u2026\u2026\u2026\u2026\u2026. 90<br \/>\n6.4 Maalien havaitseminen ja valinta \u2026\u2026\u2026\u2026\u2026\u2026\u2026\u2026\u2026\u2026\u2026\u2026.. 92<br \/>\n6.5 Ampumaet\u00e4isyyden m\u00e4\u00e4ritt\u00e4minen \u2026\u2026\u2026\u2026\u2026\u2026\u2026\u2026\u2026\u2026\u2026. 93<br \/>\n6.6 T\u00e4ht\u00e4yspisteen m\u00e4\u00e4ritt\u00e4minen \u2026\u2026\u2026\u2026\u2026\u2026\u2026\u2026\u2026\u2026\u2026\u2026\u2026.. 99<br \/>\n6.7 Ennakon m\u00e4\u00e4ritt\u00e4minen \u2026\u2026\u2026\u2026\u2026\u2026\u2026\u2026\u2026\u2026\u2026\u2026\u2026\u2026\u2026\u2026.. 100<br \/>\n6.8 Tuliasemakortti \u2026\u2026\u2026\u2026\u2026\u2026\u2026\u2026\u2026\u2026\u2026\u2026\u2026\u2026\u2026\u2026\u2026\u2026\u2026\u2026.. 103<br \/>\n6.9 Parin toiminta \u2026\u2026\u2026\u2026\u2026\u2026\u2026\u2026\u2026\u2026\u2026\u2026\u2026\u2026\u2026\u2026\u2026\u2026\u2026\u2026\u2026. 105<br \/>\n6.10 Henkinen taistelunkest\u00e4vyys \u2026\u2026\u2026\u2026\u2026\u2026\u2026\u2026\u2026\u2026\u2026\u2026\u2026.. 107<\/p>\n<p>LIITTEET<br \/>\n1. Milliradiaanien mittaustaulu \u2026\u2026\u2026\u2026\u2026\u2026\u2026\u2026\u2026\u2026\u2026\u2026\u2026 109<br \/>\n2. Asekortti 7,62 KIV 85 ja Zeiss Diavari ZA 1,5-6\u00d742 \u2026\u2026 110<br \/>\n3. Asekortti 7,62 KIV 85 ja Shmidt &amp; Bender 4\u00d736 \u2026\u2026\u2026. 111<br \/>\n4. Asekortti 7,62 KIV Dragunov \u2026\u2026\u2026\u2026\u2026\u2026\u2026\u2026\u2026\u2026\u2026\u2026.. 112<br \/>\n5. Asekortti 8,6 KIV 2000 \u2026\u2026\u2026\u2026\u2026\u2026\u2026\u2026\u2026\u2026\u2026\u2026\u2026\u2026\u2026. 113<br \/>\n6. Esimerkki tarkka-ampujan ja t\u00e4hyst\u00e4j\u00e4n varusteista\u2026\u2026 114<br \/>\n7. Mittayksik\u00f6iden muuntotaulukko \u2026\u2026\u2026\u2026\u2026\u2026\u2026\u2026\u2026\u2026.. 116<br \/>\n8. Siviilimallisten laser-et\u00e4isyysmittarien vertailu \u2026\u2026\u2026\u2026.. 117<br \/>\n9. Naamiopuvun valmistaminen \u2026\u2026\u2026\u2026\u2026\u2026\u2026\u2026\u2026\u2026\u2026\u2026.. 118<br \/>\n10. Havaintokortti \u2026\u2026\u2026\u2026\u2026\u2026\u2026\u2026\u2026\u2026\u2026\u2026\u2026\u2026\u2026\u2026\u2026\u2026\u2026. 119<br \/>\n11. Tuliasemakorttimalleja leve\u00e4\u00e4n sektoriin \u2026\u2026\u2026\u2026\u2026\u2026.. 120<br \/>\n12. Tuliasemakorttimalli kapeaan sektoriin \u2026\u2026\u2026\u2026\u2026\u2026\u2026. 121<br \/>\n13. K\u00e4simerkkej\u00e4 \u2026\u2026\u2026\u2026\u2026\u2026\u2026\u2026\u2026\u2026\u2026\u2026\u2026\u2026\u2026\u2026\u2026\u2026\u2026 122<br \/>\n14. Kirjallisuutta \u2026\u2026\u2026\u2026\u2026\u2026\u2026\u2026\u2026\u2026\u2026\u2026\u2026\u2026\u2026\u2026\u2026\u2026\u2026.. 125<\/p>\n","protected":false},"excerpt":{"rendered":"<p>8. t\u00e4ydennetty painos<br \/>\nKoko A4<br \/>\nSivuja 134<br \/>\nKuvia: yli 150.<br \/>\nISBN 978-952-92-2129-5<\/p>\n","protected":false},"featured_media":284,"comment_status":"open","ping_status":"closed","template":"","meta":{"ocean_post_layout":"","ocean_both_sidebars_style":"","ocean_both_sidebars_content_width":0,"ocean_both_sidebars_sidebars_width":0,"ocean_sidebar":"0","ocean_second_sidebar":"0","ocean_disable_margins":"enable","ocean_add_body_class":"","ocean_shortcode_before_top_bar":"","ocean_shortcode_after_top_bar":"","ocean_shortcode_before_header":"","ocean_shortcode_after_header":"","ocean_has_shortcode":"","ocean_shortcode_after_title":"","ocean_shortcode_before_footer_widgets":"","ocean_shortcode_after_footer_widgets":"","ocean_shortcode_before_footer_bottom":"","ocean_shortcode_after_footer_bottom":"","ocean_display_top_bar":"default","ocean_display_header":"default","ocean_header_style":"","ocean_center_header_left_menu":"0","ocean_custom_header_template":"0","ocean_custom_logo":0,"ocean_custom_retina_logo":0,"ocean_custom_logo_max_width":0,"ocean_custom_logo_tablet_max_width":0,"ocean_custom_logo_mobile_max_width":0,"ocean_custom_logo_max_height":0,"ocean_custom_logo_tablet_max_height":0,"ocean_custom_logo_mobile_max_height":0,"ocean_header_custom_menu":"0","ocean_menu_typo_font_family":"0","ocean_menu_typo_font_subset":"","ocean_menu_typo_font_size":0,"ocean_menu_typo_font_size_tablet":0,"ocean_menu_typo_font_size_mobile":0,"ocean_menu_typo_font_size_unit":"px","ocean_menu_typo_font_weight":"","ocean_menu_typo_font_weight_tablet":"","ocean_menu_typo_font_weight_mobile":"","ocean_menu_typo_transform":"","ocean_menu_typo_transform_tablet":"","ocean_menu_typo_transform_mobile":"","ocean_menu_typo_line_height":0,"ocean_menu_typo_line_height_tablet":0,"ocean_menu_typo_line_height_mobile":0,"ocean_menu_typo_line_height_unit":"","ocean_menu_typo_spacing":0,"ocean_menu_typo_spacing_tablet":0,"ocean_menu_typo_spacing_mobile":0,"ocean_menu_typo_spacing_unit":"","ocean_menu_link_color":"","ocean_menu_link_color_hover":"","ocean_menu_link_color_active":"","ocean_menu_link_background":"","ocean_menu_link_hover_background":"","ocean_menu_link_active_background":"","ocean_menu_social_links_bg":"","ocean_menu_social_hover_links_bg":"","ocean_menu_social_links_color":"","ocean_menu_social_hover_links_color":"","ocean_disable_title":"default","ocean_disable_heading":"default","ocean_post_title":"","ocean_post_subheading":"","ocean_post_title_style":"","ocean_post_title_background_color":"","ocean_post_title_background":0,"ocean_post_title_bg_image_position":"","ocean_post_title_bg_image_attachment":"","ocean_post_title_bg_image_repeat":"","ocean_post_title_bg_image_size":"","ocean_post_title_height":0,"ocean_post_title_bg_overlay":0.5,"ocean_post_title_bg_overlay_color":"","ocean_disable_breadcrumbs":"default","ocean_breadcrumbs_color":"","ocean_breadcrumbs_separator_color":"","ocean_breadcrumbs_links_color":"","ocean_breadcrumbs_links_hover_color":"","ocean_display_footer_widgets":"default","ocean_display_footer_bottom":"default","ocean_custom_footer_template":"0","jetpack_publicize_message":"","jetpack_publicize_feature_enabled":true,"jetpack_social_post_already_shared":false,"jetpack_social_options":{"image_generator_settings":{"template":"highway","default_image_id":0,"font":"","enabled":false},"version":2}},"pwb-brand":[],"product_brand":[],"product_cat":[86],"product_tag":[2115,205,88,2112,2113,2114,2125,2124,87,817,223,259,89,2117,2126],"class_list":{"0":"post-286","1":"product","2":"type-product","3":"status-publish","4":"has-post-thumbnail","6":"product_cat-kirjat","7":"product_tag-aseet","8":"product_tag-ballistiikka","9":"product_tag-kirja","10":"product_tag-koulutus","11":"product_tag-kurssi","12":"product_tag-kurssikirja","13":"product_tag-naamiopuku","14":"product_tag-patruunat","15":"product_tag-pauli-salo","16":"product_tag-sniper","17":"product_tag-tarkka-ammunta","18":"product_tag-tarkka-ampuja","19":"product_tag-tarkka-ampuja-1","20":"product_tag-tuliasema","21":"product_tag-tuliasemakortti","23":"entry","24":"has-media","26":"first","27":"onbackorder","28":"taxable","29":"shipping-taxable","30":"purchasable","31":"product-type-simple","32":"has-product-nav","33":"col","34":"span_1_of_4","35":"owp-content-center","36":"owp-thumbs-layout-horizontal","37":"owp-btn-normal","38":"owp-tabs-layout-horizontal","39":"has-no-thumbnails"},"jetpack_publicize_connections":[],"jetpack_sharing_enabled":true,"brands":[],"_links":{"self":[{"href":"https:\/\/mildot.fi\/index.php\/wp-json\/wp\/v2\/product\/286","targetHints":{"allow":["GET"]}}],"collection":[{"href":"https:\/\/mildot.fi\/index.php\/wp-json\/wp\/v2\/product"}],"about":[{"href":"https:\/\/mildot.fi\/index.php\/wp-json\/wp\/v2\/types\/product"}],"replies":[{"embeddable":true,"href":"https:\/\/mildot.fi\/index.php\/wp-json\/wp\/v2\/comments?post=286"}],"wp:featuredmedia":[{"embeddable":true,"href":"https:\/\/mildot.fi\/index.php\/wp-json\/wp\/v2\/media\/284"}],"wp:attachment":[{"href":"https:\/\/mildot.fi\/index.php\/wp-json\/wp\/v2\/media?parent=286"}],"wp:term":[{"taxonomy":"pwb-brand","embeddable":true,"href":"https:\/\/mildot.fi\/index.php\/wp-json\/wp\/v2\/pwb-brand?post=286"},{"taxonomy":"product_brand","embeddable":true,"href":"https:\/\/mildot.fi\/index.php\/wp-json\/wp\/v2\/product_brand?post=286"},{"taxonomy":"product_cat","embeddable":true,"href":"https:\/\/mildot.fi\/index.php\/wp-json\/wp\/v2\/product_cat?post=286"},{"taxonomy":"product_tag","embeddable":true,"href":"https:\/\/mildot.fi\/index.php\/wp-json\/wp\/v2\/product_tag?post=286"}],"curies":[{"name":"wp","href":"https:\/\/api.w.org\/{rel}","templated":true}]}}