{"id":2849,"date":"2019-09-11T05:56:06","date_gmt":"2019-09-11T03:56:06","guid":{"rendered":"https:\/\/mildot.fi\/?post_type=product&#038;p=2849"},"modified":"2025-10-13T12:04:04","modified_gmt":"2025-10-13T10:04:04","slug":"vortex-viper-pst-gen-ii-5-25x50-ffp-mrad-ebr-7c","status":"publish","type":"product","link":"https:\/\/mildot.fi\/index.php\/product\/vortex-viper-pst-gen-ii-5-25x50-ffp-mrad-ebr-7c\/","title":{"rendered":"Vortex Viper PST Gen II 5-25&#215;50 FFP MRAD EBR-7C"},"content":{"rendered":"<p>Takuu: 30 vuotta<br \/>\nRistikon taso: FFP (Ensinmm\u00e4isen polttotason ristikko)<br \/>\nRistikkotyyppi: <strong>EBR-7C,<\/strong> MRAD<br \/>\nValaistu ristikko: Kyll\u00e4, 10 tasoa ja OFF-tila jokaisen tason v\u00e4lill\u00e4.<br \/>\nSuurenus: 5-25x<br \/>\nLinssi\/objektiivi: 50 mm<br \/>\nRunkoputken ulkohalkaisija: 46mm\/58mm<br \/>\nSilm\u00e4et\u00e4isyys: noin 8,6cm<br \/>\nN\u00e4k\u00f6kentt\u00e4: 1,5 -7,3m \/100m<br \/>\nPutken halkasija: 30mm<br \/>\nTornityyppi: Taktinen + ZERO STOP<br \/>\nS\u00e4\u00e4t\u00f6naksu: 0.1 MRAD ( 1cm@100m)<br \/>\nTornin s\u00e4\u00e4t\u00f6 (1)t\u00e4yskierros: 10 MRAD<br \/>\nKorotus s\u00e4\u00e4t\u00f6vara: 20 MRAD<br \/>\nSivuttainen s\u00e4\u00e4t\u00f6vara : 10 MRAD<br \/>\nTornis\u00e4\u00e4t\u00f6: Vastap\u00e4iv\u00e4\u00e4n (CCW)<br \/>\nParallaksi: 22,8m &#8211; \u221e\u00a0 (25yd &#8211; \u221e )<br \/>\nPituus: 40,6cm<br \/>\nPaino: 885 g<\/p>\n<p>Myyntipakkauksessa on mukana:<br \/>\n3&#8243; pituinen vastavalosuoja<br \/>\n2mm kuusiokoloavain<br \/>\nCR2032 patteri<br \/>\nlinssipyyhe<br \/>\nK\u00e4ytt\u00f6ohje (englanniksi)<br \/>\nRistikon k\u00e4ytt\u00f6ohje ( englanniksi)<\/p>\n<p>Alla olevassa videossa n\u00e4ytet\u00e4\u00e4n se uusi ristikko k\u00e4ytt\u00e4en Vortex Razor kiikarit\u00e4ht\u00e4int\u00e4.<\/p>\n<p>Uudessa EBR-7C ristikossa on (verrattuna EBR-2C):<br \/>\n* Kelluva keskipiste<br \/>\n*Pidemm\u00e4t hienojakoiset t\u00e4ht\u00e4inviivat vaakataso asteikkolla (ennen 7mrad,\u00a0 nyt 10mrad)<br \/>\n*Tihe\u00e4mpi mitta-asteikko horisontaalisessa tasossa (0,5mrad alapuolella ja 0,2mrad yl\u00e4puolella).<br \/>\n* &#8220;Joulukuusen&#8221; numerointi siiretty\u00a0 ulkoreunaan.<br \/>\n* Paksuissa t\u00e4ht\u00e4inviivoissa on nyky\u00e4\u00e4n karkea mitta-asteikko joka on jaettu 5mrad osiin.<\/p>\n<p>Kiikarit\u00e4ht\u00e4imen kanssa tulee bikinim\u00e4inen linsissuoja mukana mutta lis\u00e4varusteeksi suosittelemme Vortexin omia laadukkaita suojal\u00e4ppi\u00e4 <a href=\"https:\/\/mildot.fi\/index.php\/product\/vortex-defender-flip-cap-e-10\/\">E-10<\/a>(silm\u00e4puolinen) ja <a href=\"https:\/\/mildot.fi\/index.php\/product\/vortex-linssisuoja-flip-cap-o-50\/\">O-50<\/a> (etulinssille). Ne ovat niin hyvi\u00e4 ett\u00e4 monet ostavat niit\u00e4 erikseen moneen muuhun kiikarit\u00e4ht\u00e4imeen.<br \/>\nSen lis\u00e4ksi suosittelemme kiikarit\u00e4ht\u00e4imeen suurennusvivun asennusta jos k\u00e4yt\u00e4t sit\u00e4 tarkka-ammunnasta tai kilpailuissa <a href=\"https:\/\/mildot.fi\/index.php\/product\/vortex-switchview-throwlever-sv-5\/\">SV-5<\/a>.<\/p>\n<p class=\"responsive-video-wrap clr\"><iframe title=\"Vortex Razor HD Gen II EBR-7C Reticle\" width=\"1200\" height=\"675\" src=\"https:\/\/www.youtube.com\/embed\/yvz-LY8BD8E?feature=oembed\" frameborder=\"0\" allow=\"accelerometer; autoplay; clipboard-write; encrypted-media; gyroscope; picture-in-picture; web-share\" referrerpolicy=\"strict-origin-when-cross-origin\" allowfullscreen><\/iframe><\/p>\n","protected":false},"excerpt":{"rendered":"<p><span style=\"color: red;\"><strong>ILMAINEN RAHTI T\u00c4LLE TUOTTEELLE, K\u00c4YT\u00c4 ALENNUSKOODIA: RAHTI-VIPER<\/strong><\/span><\/p>\n<p>Vortex Viper PST Gen. 2 5-25&#215;50 FFP on taktinen kiikarit\u00e4ht\u00e4in, t\u00e4ss\u00e4 mallissa ristikkona on<strong>EBR-7C<\/strong>, joka on suunniteltu tarkkaan pitk\u00e4nmatkanammuntaan. Ensimm\u00e4isen polttotason ristikko auttaa k\u00e4ytt\u00e4j\u00e4\u00e4 tekem\u00e4\u00e4n korkeus- ja tuulenkorjauksia, laskemaan et\u00e4isyyden kohteeseen ja my\u00f6s muille ampujille\u00a0 kertomaan heid\u00e4n tarvitsemansa korjaukset. FFP-ristikko muuttaa kokoa, kun muutat suurennosta, joten mittaukset ovat aina oikeat riippumatta t\u00e4ht\u00e4imen suurennoksesta.<br \/>\nRistkkon valaistus valitsin\u00a0 (10 valaistustasoa) on integroitu t\u00e4ht\u00e4imen kylkeen helpottamaan sen k\u00e4ytt\u00f6\u00e4.<br \/>\nZERO STOP antaa sinulle referenssitason tornien s\u00e4\u00e4d\u00f6ille, voit siis aina palata peruss\u00e4\u00e4d\u00f6ille, jos s\u00e4\u00e4t\u00e4ess\u00e4 tulee ajatuksenkatkos.<\/p>\n<p><span style=\"color: red;\">Please ask for a quote combining this riflescope with <a href=\"https:\/\/mildot.fi\/index.php\/product-category\/spuhr\/34mm-runkoputki-spuhr\/\">Spuhr ISMS mounts<\/a><\/span>. This is the perfect setup for the demanding shooter that wants the best.<\/p>\n<p>Do you wonder how high scope mount you will need? Try our <a href=\"https:\/\/mildot.fi\/index.php\/mildot-ring-height-calculator\/\">scope mount height calculator, <\/a>feel free to call or email us if you still have any questions.<\/p>\n","protected":false},"featured_media":15215,"comment_status":"open","ping_status":"closed","template":"","meta":{"ocean_post_layout":"","ocean_both_sidebars_style":"","ocean_both_sidebars_content_width":0,"ocean_both_sidebars_sidebars_width":0,"ocean_sidebar":"0","ocean_second_sidebar":"0","ocean_disable_margins":"enable","ocean_add_body_class":"","ocean_shortcode_before_top_bar":"","ocean_shortcode_after_top_bar":"","ocean_shortcode_before_header":"","ocean_shortcode_after_header":"","ocean_has_shortcode":"","ocean_shortcode_after_title":"","ocean_shortcode_before_footer_widgets":"","ocean_shortcode_after_footer_widgets":"","ocean_shortcode_before_footer_bottom":"","ocean_shortcode_after_footer_bottom":"","ocean_display_top_bar":"default","ocean_display_header":"default","ocean_header_style":"","ocean_center_header_left_menu":"0","ocean_custom_header_template":"0","ocean_custom_logo":0,"ocean_custom_retina_logo":0,"ocean_custom_logo_max_width":0,"ocean_custom_logo_tablet_max_width":0,"ocean_custom_logo_mobile_max_width":0,"ocean_custom_logo_max_height":0,"ocean_custom_logo_tablet_max_height":0,"ocean_custom_logo_mobile_max_height":0,"ocean_header_custom_menu":"0","ocean_menu_typo_font_family":"0","ocean_menu_typo_font_subset":"","ocean_menu_typo_font_size":0,"ocean_menu_typo_font_size_tablet":0,"ocean_menu_typo_font_size_mobile":0,"ocean_menu_typo_font_size_unit":"px","ocean_menu_typo_font_weight":"","ocean_menu_typo_font_weight_tablet":"","ocean_menu_typo_font_weight_mobile":"","ocean_menu_typo_transform":"","ocean_menu_typo_transform_tablet":"","ocean_menu_typo_transform_mobile":"","ocean_menu_typo_line_height":0,"ocean_menu_typo_line_height_tablet":0,"ocean_menu_typo_line_height_mobile":0,"ocean_menu_typo_line_height_unit":"","ocean_menu_typo_spacing":0,"ocean_menu_typo_spacing_tablet":0,"ocean_menu_typo_spacing_mobile":0,"ocean_menu_typo_spacing_unit":"","ocean_menu_link_color":"","ocean_menu_link_color_hover":"","ocean_menu_link_color_active":"","ocean_menu_link_background":"","ocean_menu_link_hover_background":"","ocean_menu_link_active_background":"","ocean_menu_social_links_bg":"","ocean_menu_social_hover_links_bg":"","ocean_menu_social_links_color":"","ocean_menu_social_hover_links_color":"","ocean_disable_title":"default","ocean_disable_heading":"default","ocean_post_title":"","ocean_post_subheading":"","ocean_post_title_style":"","ocean_post_title_background_color":"","ocean_post_title_background":0,"ocean_post_title_bg_image_position":"","ocean_post_title_bg_image_attachment":"","ocean_post_title_bg_image_repeat":"","ocean_post_title_bg_image_size":"","ocean_post_title_height":0,"ocean_post_title_bg_overlay":0.5,"ocean_post_title_bg_overlay_color":"","ocean_disable_breadcrumbs":"default","ocean_breadcrumbs_color":"","ocean_breadcrumbs_separator_color":"","ocean_breadcrumbs_links_color":"","ocean_breadcrumbs_links_hover_color":"","ocean_display_footer_widgets":"default","ocean_display_footer_bottom":"default","ocean_custom_footer_template":"0","jetpack_publicize_message":"","jetpack_publicize_feature_enabled":true,"jetpack_social_post_already_shared":false,"jetpack_social_options":{"image_generator_settings":{"template":"highway","default_image_id":0,"font":"","enabled":false},"version":2}},"pwb-brand":[543],"product_brand":[],"product_cat":[18,126],"product_tag":[27,28,314,315,149,24,26,150,313,25,20],"class_list":{"0":"post-2849","1":"product","2":"type-product","3":"status-publish","4":"has-post-thumbnail","6":"pwb-brand-vortex","7":"product_cat-kiikaritahtaimet","8":"product_cat-vortex-optics","9":"product_tag-5-25","10":"product_tag-50mm","11":"product_tag-ffp","12":"product_tag-gen-ii","13":"product_tag-kiikaritahtain","14":"product_tag-mrad","15":"product_tag-pst","16":"product_tag-ristikko","17":"product_tag-taktinen","18":"product_tag-viper","19":"product_tag-vortex","21":"entry","22":"has-media","24":"first","25":"instock","26":"taxable","27":"shipping-taxable","28":"purchasable","29":"product-type-simple","30":"has-product-nav","31":"col","32":"span_1_of_4","33":"owp-content-center","34":"owp-thumbs-layout-horizontal","35":"owp-btn-normal","36":"owp-tabs-layout-horizontal"},"jetpack_publicize_connections":[],"jetpack_sharing_enabled":true,"brands":[{"id":543,"name":"Vortex","slug":"vortex"}],"_links":{"self":[{"href":"https:\/\/mildot.fi\/index.php\/wp-json\/wp\/v2\/product\/2849","targetHints":{"allow":["GET"]}}],"collection":[{"href":"https:\/\/mildot.fi\/index.php\/wp-json\/wp\/v2\/product"}],"about":[{"href":"https:\/\/mildot.fi\/index.php\/wp-json\/wp\/v2\/types\/product"}],"replies":[{"embeddable":true,"href":"https:\/\/mildot.fi\/index.php\/wp-json\/wp\/v2\/comments?post=2849"}],"wp:featuredmedia":[{"embeddable":true,"href":"https:\/\/mildot.fi\/index.php\/wp-json\/wp\/v2\/media\/15215"}],"wp:attachment":[{"href":"https:\/\/mildot.fi\/index.php\/wp-json\/wp\/v2\/media?parent=2849"}],"wp:term":[{"taxonomy":"pwb-brand","embeddable":true,"href":"https:\/\/mildot.fi\/index.php\/wp-json\/wp\/v2\/pwb-brand?post=2849"},{"taxonomy":"product_brand","embeddable":true,"href":"https:\/\/mildot.fi\/index.php\/wp-json\/wp\/v2\/product_brand?post=2849"},{"taxonomy":"product_cat","embeddable":true,"href":"https:\/\/mildot.fi\/index.php\/wp-json\/wp\/v2\/product_cat?post=2849"},{"taxonomy":"product_tag","embeddable":true,"href":"https:\/\/mildot.fi\/index.php\/wp-json\/wp\/v2\/product_tag?post=2849"}],"curies":[{"name":"wp","href":"https:\/\/api.w.org\/{rel}","templated":true}]}}