{"id":254,"date":"2019-03-20T11:46:20","date_gmt":"2019-03-20T09:46:20","guid":{"rendered":"https:\/\/mildot.fi\/?post_type=product&#038;p=254"},"modified":"2026-01-13T13:41:22","modified_gmt":"2026-01-13T11:41:22","slug":"vortex-torque-wrench-mounting-kit","status":"publish","type":"product","link":"https:\/\/mildot.fi\/index.php\/product\/vortex-torque-wrench-mounting-kit\/","title":{"rendered":"Vortex Pro Torque Wrench &#8211; Momenttiavain"},"content":{"rendered":"<p>Varmista tarkkuus jokaisessa k\u00e4\u00e4nn\u00f6ksess\u00e4 Vortex\u00ae Pro -momenttiavaimella. S\u00e4\u00e4dett\u00e4v\u00e4 momenttialue 10\u201390 tuuma-naulaa takaa, ettei kiinnityksiss\u00e4 tapahdu yli- tai alikiristyst\u00e4 \u2013 olipa kyseess\u00e4 kiikarit\u00e4ht\u00e4imen asennus, pulttien s\u00e4\u00e4t\u00f6 tai aseen rungon ruuvit. Ergonominen muotoilu ja lukittava bittipidike parantavat hallittavuutta ja tarkkuutta. Laaja valikoima bitit mukana ja Vortex\u00ae VIP\u00ae -takuu varmistavat, ett\u00e4 t\u00e4m\u00e4 sarja on korvaamaton ty\u00f6kalu jokaiselle vaativalle ampujalle.<\/p>\n<p>Bittipidike: Yhteensopiva kaikkien 1\/4&#8243; bittien kanssa<br data-start=\"54\" data-end=\"57\" \/>Momenttialue: 10\u201390 tuuma-naulaa (in-lbs)<\/p>\n<p class=\"\" data-start=\"0\" data-end=\"21\">Pakkauksen sis\u00e4lt\u00f6:<\/p>\n<ul data-start=\"22\" data-end=\"248\" data-is-last-node=\"\" data-is-only-node=\"\">\n<li class=\"\" data-start=\"22\" data-end=\"100\">\n<p class=\"\" data-start=\"24\" data-end=\"100\">(8) Kuusiokolo-bitti\u00e4: 3\/16&#8243;, 5\/32&#8243;, 9\/64&#8243;, 5 mm, 4 mm, 3 mm, 2.5 mm, 2 mm<\/p>\n<\/li>\n<li class=\"\" data-start=\"101\" data-end=\"146\">\n<p class=\"\" data-start=\"103\" data-end=\"146\">(3) Torx\u00ae-bitti\u00e4: Pitk\u00e4t T-10, T-15, T-25<\/p>\n<\/li>\n<li class=\"\" data-start=\"147\" data-end=\"183\">\n<p class=\"\" data-start=\"149\" data-end=\"183\">(1) 10 mm leve\u00e4 ruuvitalttabitti<\/p>\n<\/li>\n<li class=\"\" data-start=\"184\" data-end=\"202\">\n<p class=\"\" data-start=\"186\" data-end=\"202\">(1) 1\/2&#8243; hylsy<\/p>\n<\/li>\n<li class=\"\" data-start=\"203\" data-end=\"248\">\n<p class=\"\" data-start=\"205\" data-end=\"248\">(1) 1\/4&#8243; kuusiokolo\u20131\/4&#8243; neli\u00f6hylsyadapteri<\/p>\n<\/li>\n<\/ul>\n","protected":false},"excerpt":{"rendered":"<p>Varmista tarkkuus jokaisessa k\u00e4\u00e4nn\u00f6ksess\u00e4 Vortex\u00ae Pro -momenttiavaimella. S\u00e4\u00e4dett\u00e4v\u00e4 momenttialue 10\u201390 tuuma-naulaa takaa, ettei kiinnityksiss\u00e4 tapahdu yli- tai alikiristyst\u00e4 \u2013 olipa kyseess\u00e4 kiikarit\u00e4ht\u00e4imen asennus, pulttien s\u00e4\u00e4t\u00f6 tai aseen rungon ruuvit. Ergonominen muotoilu ja lukittava bittipidike parantavat hallittavuutta ja tarkkuutta. Laaja valikoima bitit mukana ja Vortex\u00ae VIP\u00ae -takuu varmistavat, ett\u00e4 t\u00e4m\u00e4 sarja on korvaamaton ty\u00f6kalu jokaiselle vaativalle [&hellip;]<\/p>\n","protected":false},"featured_media":255,"comment_status":"open","ping_status":"closed","template":"","meta":{"ocean_post_layout":"","ocean_both_sidebars_style":"","ocean_both_sidebars_content_width":0,"ocean_both_sidebars_sidebars_width":0,"ocean_sidebar":"0","ocean_second_sidebar":"0","ocean_disable_margins":"enable","ocean_add_body_class":"","ocean_shortcode_before_top_bar":"","ocean_shortcode_after_top_bar":"","ocean_shortcode_before_header":"","ocean_shortcode_after_header":"","ocean_has_shortcode":"","ocean_shortcode_after_title":"","ocean_shortcode_before_footer_widgets":"","ocean_shortcode_after_footer_widgets":"","ocean_shortcode_before_footer_bottom":"","ocean_shortcode_after_footer_bottom":"","ocean_display_top_bar":"default","ocean_display_header":"default","ocean_header_style":"","ocean_center_header_left_menu":"0","ocean_custom_header_template":"0","ocean_custom_logo":0,"ocean_custom_retina_logo":0,"ocean_custom_logo_max_width":0,"ocean_custom_logo_tablet_max_width":0,"ocean_custom_logo_mobile_max_width":0,"ocean_custom_logo_max_height":0,"ocean_custom_logo_tablet_max_height":0,"ocean_custom_logo_mobile_max_height":0,"ocean_header_custom_menu":"0","ocean_menu_typo_font_family":"0","ocean_menu_typo_font_subset":"","ocean_menu_typo_font_size":0,"ocean_menu_typo_font_size_tablet":0,"ocean_menu_typo_font_size_mobile":0,"ocean_menu_typo_font_size_unit":"px","ocean_menu_typo_font_weight":"","ocean_menu_typo_font_weight_tablet":"","ocean_menu_typo_font_weight_mobile":"","ocean_menu_typo_transform":"","ocean_menu_typo_transform_tablet":"","ocean_menu_typo_transform_mobile":"","ocean_menu_typo_line_height":0,"ocean_menu_typo_line_height_tablet":0,"ocean_menu_typo_line_height_mobile":0,"ocean_menu_typo_line_height_unit":"","ocean_menu_typo_spacing":0,"ocean_menu_typo_spacing_tablet":0,"ocean_menu_typo_spacing_mobile":0,"ocean_menu_typo_spacing_unit":"","ocean_menu_link_color":"","ocean_menu_link_color_hover":"","ocean_menu_link_color_active":"","ocean_menu_link_background":"","ocean_menu_link_hover_background":"","ocean_menu_link_active_background":"","ocean_menu_social_links_bg":"","ocean_menu_social_hover_links_bg":"","ocean_menu_social_links_color":"","ocean_menu_social_hover_links_color":"","ocean_disable_title":"default","ocean_disable_heading":"default","ocean_post_title":"","ocean_post_subheading":"","ocean_post_title_style":"","ocean_post_title_background_color":"","ocean_post_title_background":0,"ocean_post_title_bg_image_position":"","ocean_post_title_bg_image_attachment":"","ocean_post_title_bg_image_repeat":"","ocean_post_title_bg_image_size":"","ocean_post_title_height":0,"ocean_post_title_bg_overlay":0.5,"ocean_post_title_bg_overlay_color":"","ocean_disable_breadcrumbs":"default","ocean_breadcrumbs_color":"","ocean_breadcrumbs_separator_color":"","ocean_breadcrumbs_links_color":"","ocean_breadcrumbs_links_hover_color":"","ocean_display_footer_widgets":"default","ocean_display_footer_bottom":"default","ocean_custom_footer_template":"0","jetpack_publicize_message":"","jetpack_publicize_feature_enabled":true,"jetpack_social_post_already_shared":false,"jetpack_social_options":{"image_generator_settings":{"template":"highway","default_image_id":0,"font":"","enabled":false},"version":2}},"pwb-brand":[],"product_brand":[],"product_cat":[64,269,136,126],"product_tag":[69,74,128,2128,127,3201,70,71,72,73,75,68,20],"class_list":{"0":"post-254","1":"product","2":"type-product","3":"status-publish","4":"has-post-thumbnail","6":"product_cat-lisavarusteet","7":"product_cat-muut-tuotteet","8":"product_cat-tyokalut-ja-pientuotteet","9":"product_cat-vortex-optics","10":"product_tag-hex","11":"product_tag-momentti","12":"product_tag-momenttiavain","13":"product_tag-momenttimeisseli","14":"product_tag-nm","15":"product_tag-pr-tw","16":"product_tag-ruuvi","17":"product_tag-ruuvimeisseli","18":"product_tag-t15","19":"product_tag-t25","20":"product_tag-torque","21":"product_tag-torx","22":"product_tag-vortex","24":"entry","25":"has-media","27":"first","28":"instock","29":"taxable","30":"shipping-taxable","31":"purchasable","32":"product-type-simple","33":"has-product-nav","34":"col","35":"span_1_of_4","36":"owp-content-center","37":"owp-thumbs-layout-horizontal","38":"owp-btn-normal","39":"owp-tabs-layout-horizontal","40":"has-no-thumbnails"},"jetpack_publicize_connections":[],"jetpack_sharing_enabled":true,"brands":[],"_links":{"self":[{"href":"https:\/\/mildot.fi\/index.php\/wp-json\/wp\/v2\/product\/254","targetHints":{"allow":["GET"]}}],"collection":[{"href":"https:\/\/mildot.fi\/index.php\/wp-json\/wp\/v2\/product"}],"about":[{"href":"https:\/\/mildot.fi\/index.php\/wp-json\/wp\/v2\/types\/product"}],"replies":[{"embeddable":true,"href":"https:\/\/mildot.fi\/index.php\/wp-json\/wp\/v2\/comments?post=254"}],"wp:featuredmedia":[{"embeddable":true,"href":"https:\/\/mildot.fi\/index.php\/wp-json\/wp\/v2\/media\/255"}],"wp:attachment":[{"href":"https:\/\/mildot.fi\/index.php\/wp-json\/wp\/v2\/media?parent=254"}],"wp:term":[{"taxonomy":"pwb-brand","embeddable":true,"href":"https:\/\/mildot.fi\/index.php\/wp-json\/wp\/v2\/pwb-brand?post=254"},{"taxonomy":"product_brand","embeddable":true,"href":"https:\/\/mildot.fi\/index.php\/wp-json\/wp\/v2\/product_brand?post=254"},{"taxonomy":"product_cat","embeddable":true,"href":"https:\/\/mildot.fi\/index.php\/wp-json\/wp\/v2\/product_cat?post=254"},{"taxonomy":"product_tag","embeddable":true,"href":"https:\/\/mildot.fi\/index.php\/wp-json\/wp\/v2\/product_tag?post=254"}],"curies":[{"name":"wp","href":"https:\/\/api.w.org\/{rel}","templated":true}]}}