{"id":2463,"date":"2019-08-16T05:02:53","date_gmt":"2019-08-16T03:02:53","guid":{"rendered":"https:\/\/mildot.fi\/?post_type=product&#038;p=2463"},"modified":"2026-02-28T12:13:50","modified_gmt":"2026-02-28T10:13:50","slug":"mildot-barricade-bag-d","status":"publish","type":"product","link":"https:\/\/mildot.fi\/index.php\/product\/mildot-barricade-bag-d\/","title":{"rendered":"Barricade bag D &#8211; MILDOT"},"content":{"rendered":"<p>M05 Foxa Foxdura 1000D kankaasta valmistettu tukeva&#8221;barricade bag&#8221;, hiukan fortune cookie muotoisena,<\/p>\n<p>Versiot:<\/p>\n<p>1. Tyhj\u00e4 ISO tukis\u00e4kki, t\u00e4yt\u00e4 tukis\u00e4kki omalla t\u00e4ytteell\u00e4.<br \/>\n2. Tyhj\u00e4 PIENI tukis\u00e4kki, t\u00e4yt\u00e4 tukis\u00e4kki omalla t\u00e4ytteell\u00e4.<br \/>\n3. Kevyt ISO versio, painaa vain noin 350 grammaa t\u00e4yttetyn\u00e4 EPS-kuulilla (ominaispaino vain noin 20grammaa\/dm3 = 1litra).<br \/>\n4. Painava ISO versio, t\u00e4ytteen\u00e4 muovigranulaatti.pussin kokonaispainoksi tulee noin 4,1 kiloa. (granulaatin ominaispaino noin 0,9kg\/dm3( = 1litra).<br \/>\n5. Painava PIENI versio, t\u00e4ytteen\u00e4 muovigranulaatti.pussin kokonaispainoksi tulee noin 1,7 kiloa. (granulaatin ominaispaino noin 0,9kg\/dm3( = 1litra).<br \/>\n6. Kevyt PIENI versio, painaa vain noin 200 grammaa t\u00e4yttetyn\u00e4 EPS-kuulilla (ominaispaino vain noin 20grammaa\/dm3 = 1litra).<\/p>\n<p>S\u00e4kin ulkomitat:<br \/>\nISO:noin 23x16x15cm(KxLxS) cm kun kangas on pingotettu .<br \/>\nPIENI: noin\u00a0 19.13x11cm<\/p>\n<p>Muodonsa vuoksi saat s\u00e4kill\u00e4 hyv\u00e4n otteen oksasta, tolpasta, tuolin selk\u00e4nojasta tai muusta kapeasta esineest\u00e4.<br \/>\nPussin molemissa p\u00e4\u00e4dyiss\u00e4 on kahvat, ja pienet lenkit pussin saumassa johon voit kiinnitt\u00e4\u00e4 karbiinikhakan tai narun jos haluat olla varma ett\u00e4 pussi pysyy mukana kyydiss\u00e4 eik\u00e4 tipu matkan varrella.<\/p>\n<p>Pussin toisessa p\u00e4\u00e4dyss\u00e4 on t\u00e4ytt\u00f6aukko jokaa sulkeutuu leve\u00e4ll\u00e4 velcronauhalla kiinni ja sen alla on viel\u00e4 vetoketju. Velcro ei ole ikuista kuten kaikki luultavasti tiet\u00e4\u00e4 joten sille annamme 1 kuukauden takuun. Siin\u00e4 ajassa ehdit varmasti s\u00e4\u00e4t\u00e4\u00e4 t\u00e4ytt\u00f6m\u00e4\u00e4r\u00e4n sinulle sopivaksi ja sitten halutessa liimata (sikaflexilla?) tai ommella umpeen. Voimme my\u00f6s valmistaa kokonaan suljetun s\u00e4kin jos tied\u00e4t sinulle sopivan t\u00e4ytt\u00f6m\u00e4\u00e4r\u00e4n, ja jos joskus tavitset s\u00e4\u00e4t\u00e4\u00e4 t\u00e4ytt\u00f6m\u00e4\u00e4r\u00e4\u00e4 niin ratkot pari senttimetri\u00e4 saumaa ja ompelmaan sen uudestaan kiinni ( omalla vastuulla). Yleens\u00e4 paikallinen suutari voi hoitaa t\u00e4m\u00e4n puolestasi pient\u00e4 korvausta vastaan.<\/p>\n<p>Valmistamme tuotetta tilauksesta, siin\u00e4 menee yleens\u00e4 3-5 ty\u00f6p\u00e4iv\u00e4\u00e4.<\/p>\n<p>Muita v\u00e4rej\u00e4 (musta, vihre\u00e4, sininen, tummansininen, punainen, viininpunainen, beige, keltainen, oranssi, turkoosi) tilauksesta +20\u20ac, toimtitusaika on yleens\u00e4 noin 4-5 p\u00e4iv\u00e4\u00e4.<\/p>\n<p>Jos haluat\u00a0 askarrella tyynyn itse niin meilt\u00e4 saat kankaat, t\u00e4ytteet y.m.<\/p>\n","protected":false},"excerpt":{"rendered":"<p>Barricade bag D &#8211; ammuntaan tarkoitettu tukis\u00e4kki, valmistamme n\u00e4it\u00e4 tilauksesta.<br \/>\nJos haluat\u00a0 askarrella tyynyn itse niin meilt\u00e4 saat tilattua kankaat, t\u00e4ytteet y.m.<\/p>\n","protected":false},"featured_media":7632,"comment_status":"open","ping_status":"closed","template":"","meta":{"ocean_post_layout":"","ocean_both_sidebars_style":"","ocean_both_sidebars_content_width":0,"ocean_both_sidebars_sidebars_width":0,"ocean_sidebar":"0","ocean_second_sidebar":"0","ocean_disable_margins":"enable","ocean_add_body_class":"","ocean_shortcode_before_top_bar":"","ocean_shortcode_after_top_bar":"","ocean_shortcode_before_header":"","ocean_shortcode_after_header":"","ocean_has_shortcode":"","ocean_shortcode_after_title":"","ocean_shortcode_before_footer_widgets":"","ocean_shortcode_after_footer_widgets":"","ocean_shortcode_before_footer_bottom":"","ocean_shortcode_after_footer_bottom":"","ocean_display_top_bar":"default","ocean_display_header":"default","ocean_header_style":"","ocean_center_header_left_menu":"0","ocean_custom_header_template":"0","ocean_custom_logo":0,"ocean_custom_retina_logo":0,"ocean_custom_logo_max_width":0,"ocean_custom_logo_tablet_max_width":0,"ocean_custom_logo_mobile_max_width":0,"ocean_custom_logo_max_height":0,"ocean_custom_logo_tablet_max_height":0,"ocean_custom_logo_mobile_max_height":0,"ocean_header_custom_menu":"0","ocean_menu_typo_font_family":"0","ocean_menu_typo_font_subset":"","ocean_menu_typo_font_size":0,"ocean_menu_typo_font_size_tablet":0,"ocean_menu_typo_font_size_mobile":0,"ocean_menu_typo_font_size_unit":"px","ocean_menu_typo_font_weight":"","ocean_menu_typo_font_weight_tablet":"","ocean_menu_typo_font_weight_mobile":"","ocean_menu_typo_transform":"","ocean_menu_typo_transform_tablet":"","ocean_menu_typo_transform_mobile":"","ocean_menu_typo_line_height":0,"ocean_menu_typo_line_height_tablet":0,"ocean_menu_typo_line_height_mobile":0,"ocean_menu_typo_line_height_unit":"","ocean_menu_typo_spacing":0,"ocean_menu_typo_spacing_tablet":0,"ocean_menu_typo_spacing_mobile":0,"ocean_menu_typo_spacing_unit":"","ocean_menu_link_color":"","ocean_menu_link_color_hover":"","ocean_menu_link_color_active":"","ocean_menu_link_background":"","ocean_menu_link_hover_background":"","ocean_menu_link_active_background":"","ocean_menu_social_links_bg":"","ocean_menu_social_hover_links_bg":"","ocean_menu_social_links_color":"","ocean_menu_social_hover_links_color":"","ocean_disable_title":"default","ocean_disable_heading":"default","ocean_post_title":"","ocean_post_subheading":"","ocean_post_title_style":"","ocean_post_title_background_color":"","ocean_post_title_background":0,"ocean_post_title_bg_image_position":"","ocean_post_title_bg_image_attachment":"","ocean_post_title_bg_image_repeat":"","ocean_post_title_bg_image_size":"","ocean_post_title_height":0,"ocean_post_title_bg_overlay":0.5,"ocean_post_title_bg_overlay_color":"","ocean_disable_breadcrumbs":"default","ocean_breadcrumbs_color":"","ocean_breadcrumbs_separator_color":"","ocean_breadcrumbs_links_color":"","ocean_breadcrumbs_links_hover_color":"","ocean_display_footer_widgets":"default","ocean_display_footer_bottom":"default","ocean_custom_footer_template":"0","jetpack_publicize_message":"","jetpack_publicize_feature_enabled":true,"jetpack_social_post_already_shared":false,"jetpack_social_options":{"image_generator_settings":{"template":"highway","default_image_id":0,"font":"","enabled":false},"version":2}},"pwb-brand":[570],"product_brand":[],"product_cat":[299,162],"product_tag":[307,234,235,80,301,300,223,302,303],"class_list":{"0":"post-2463","1":"product","2":"type-product","3":"status-publish","4":"has-post-thumbnail","6":"pwb-brand-mildot","7":"product_cat-ampumatuet","8":"product_cat-mildot","9":"product_tag-barricade-bag","10":"product_tag-foxa","11":"product_tag-foxdura","12":"product_tag-m05","13":"product_tag-precision-rifle-series","14":"product_tag-prs","15":"product_tag-tarkka-ammunta","16":"product_tag-tukipussi","17":"product_tag-tukisakki","19":"entry","20":"has-media","22":"first","23":"instock","24":"taxable","25":"shipping-taxable","26":"purchasable","27":"product-type-variable","28":"has-product-nav","29":"col","30":"span_1_of_4","31":"owp-content-center","32":"owp-thumbs-layout-horizontal","33":"owp-btn-normal","34":"owp-tabs-layout-horizontal"},"jetpack_publicize_connections":[],"jetpack_sharing_enabled":true,"brands":[{"id":570,"name":"Mildot","slug":"mildot"}],"_links":{"self":[{"href":"https:\/\/mildot.fi\/index.php\/wp-json\/wp\/v2\/product\/2463","targetHints":{"allow":["GET"]}}],"collection":[{"href":"https:\/\/mildot.fi\/index.php\/wp-json\/wp\/v2\/product"}],"about":[{"href":"https:\/\/mildot.fi\/index.php\/wp-json\/wp\/v2\/types\/product"}],"replies":[{"embeddable":true,"href":"https:\/\/mildot.fi\/index.php\/wp-json\/wp\/v2\/comments?post=2463"}],"wp:featuredmedia":[{"embeddable":true,"href":"https:\/\/mildot.fi\/index.php\/wp-json\/wp\/v2\/media\/7632"}],"wp:attachment":[{"href":"https:\/\/mildot.fi\/index.php\/wp-json\/wp\/v2\/media?parent=2463"}],"wp:term":[{"taxonomy":"pwb-brand","embeddable":true,"href":"https:\/\/mildot.fi\/index.php\/wp-json\/wp\/v2\/pwb-brand?post=2463"},{"taxonomy":"product_brand","embeddable":true,"href":"https:\/\/mildot.fi\/index.php\/wp-json\/wp\/v2\/product_brand?post=2463"},{"taxonomy":"product_cat","embeddable":true,"href":"https:\/\/mildot.fi\/index.php\/wp-json\/wp\/v2\/product_cat?post=2463"},{"taxonomy":"product_tag","embeddable":true,"href":"https:\/\/mildot.fi\/index.php\/wp-json\/wp\/v2\/product_tag?post=2463"}],"curies":[{"name":"wp","href":"https:\/\/api.w.org\/{rel}","templated":true}]}}