{"id":237,"date":"2019-03-19T19:15:16","date_gmt":"2019-03-19T17:15:16","guid":{"rendered":"https:\/\/mildot.fi\/?post_type=product&#038;p=237"},"modified":"2025-05-10T11:38:31","modified_gmt":"2025-05-10T09:38:31","slug":"vortex-pmr-30-126","status":"publish","type":"product","link":"https:\/\/mildot.fi\/index.php\/product\/vortex-pmr-30-126\/","title":{"rendered":"Vortex PMR-30-126 &#8211; Precision matched rings 30mm, korkeus 32,0mm"},"content":{"rendered":"<p>Huippulaadukkaat kiikarinjalat. Vortex Precision-kiikarinjalat ovat valmistettu aina parina koko valmistusprosessin ajan. N\u00e4in ollen ne ovat ik\u00e4\u00e4n kuin yht\u00e4 toistensa kanssa. Precision-kiikarinjalkojen valmistuksessa pienint\u00e4k\u00e4\u00e4n poikkeamaa ei sallita, sill\u00e4 ne valmistetaan millintuhannesosien tarkkuudella parhaasta saatavilla olevasta alumiinista.<\/p>\n<p>Asennuskorkeus: 32,0mm (1,26&#8243;)\u00a0 kiikarint\u00e4ht\u00e4imen keskilinjasta &#8211; kiinnitysosan yl\u00e4pintaan<br \/>\nKiikarinkiinitys momentti: 1,6-2Nm<br \/>\nKiskokiinnitys momentti: 5,1-5,6Nm<br \/>\nPaino: 56g\/ rengas<br \/>\nKiinnitystyyppi: Picatinny<br \/>\nTorx avain toimtitetaan rengasparin mukana.<\/p>\n<p>Machined with certified USA 7075 T6 billet aluminum and held to an extremely tight tolerance of .0005 inches using a precision Computer Numeric Controlled (CNC) mill. These Vortex rings are then serialized, vibratory tumbled, bead blasted and finished with a Type III hard coat anodize.<br \/>\n\u2022 Rugged, lightweight, anti-snag design<br \/>\n\u2022 Robust, Grade 8 fasteners<br \/>\n\u2022 100% made in USA<\/p>\n<p>Torque Specs<\/p>\n<p>Base Clamp Screws: 45-50 in\/lbs<br \/>\nRing Screws: 15-18 in\/lbs<\/p>\n<div class=\"specs-details\">Center Scope Height: 32,0mm (1,26&#8243;)<br \/>\n(Center of the riflescope tube from the top surface of the mount base.)<br \/>\nWeight (per ring): 56 grams<br \/>\nMount Compatibility: Picatinny<\/div>\n<p>&nbsp;<\/p>\n<p>&nbsp;<\/p>\n<p>&nbsp;<\/p>\n<p class=\"responsive-video-wrap clr\"><iframe title=\"How To: Tighten Riflescope Rings\" width=\"1200\" height=\"675\" src=\"https:\/\/www.youtube.com\/embed\/p3yJ2JF9L5E?start=1&#038;feature=oembed\" frameborder=\"0\" allow=\"accelerometer; autoplay; clipboard-write; encrypted-media; gyroscope; picture-in-picture; web-share\" allowfullscreen><\/iframe><\/p>\n<p>&nbsp;<\/p>\n","protected":false},"excerpt":{"rendered":"<p>Huippulaadukkaat kiikarinjalat. Vortex Precision matched rings-kiikarinjalat ovat valmistettu aina parina koko valmistusprosessin ajan. N\u00e4in ollen ne ovat ik\u00e4\u00e4n kuin yht\u00e4 toistensa kanssa. Precision-kiikarinjalkojen valmistuksessa pienint\u00e4k\u00e4\u00e4n poikkeamaa ei sallita, sill\u00e4 ne valmistetaan millintuhannesosien tarkkuudella parhaasta saatavilla olevasta alumiinista.<\/p>\n","protected":false},"featured_media":155,"comment_status":"open","ping_status":"closed","template":"","meta":{"ocean_post_layout":"","ocean_both_sidebars_style":"","ocean_both_sidebars_content_width":0,"ocean_both_sidebars_sidebars_width":0,"ocean_sidebar":"0","ocean_second_sidebar":"0","ocean_disable_margins":"enable","ocean_add_body_class":"","ocean_shortcode_before_top_bar":"","ocean_shortcode_after_top_bar":"","ocean_shortcode_before_header":"","ocean_shortcode_after_header":"","ocean_has_shortcode":"","ocean_shortcode_after_title":"","ocean_shortcode_before_footer_widgets":"","ocean_shortcode_after_footer_widgets":"","ocean_shortcode_before_footer_bottom":"","ocean_shortcode_after_footer_bottom":"","ocean_display_top_bar":"default","ocean_display_header":"default","ocean_header_style":"","ocean_center_header_left_menu":"0","ocean_custom_header_template":"0","ocean_custom_logo":0,"ocean_custom_retina_logo":0,"ocean_custom_logo_max_width":0,"ocean_custom_logo_tablet_max_width":0,"ocean_custom_logo_mobile_max_width":0,"ocean_custom_logo_max_height":0,"ocean_custom_logo_tablet_max_height":0,"ocean_custom_logo_mobile_max_height":0,"ocean_header_custom_menu":"0","ocean_menu_typo_font_family":"0","ocean_menu_typo_font_subset":"","ocean_menu_typo_font_size":0,"ocean_menu_typo_font_size_tablet":0,"ocean_menu_typo_font_size_mobile":0,"ocean_menu_typo_font_size_unit":"px","ocean_menu_typo_font_weight":"","ocean_menu_typo_font_weight_tablet":"","ocean_menu_typo_font_weight_mobile":"","ocean_menu_typo_transform":"","ocean_menu_typo_transform_tablet":"","ocean_menu_typo_transform_mobile":"","ocean_menu_typo_line_height":0,"ocean_menu_typo_line_height_tablet":0,"ocean_menu_typo_line_height_mobile":0,"ocean_menu_typo_line_height_unit":"","ocean_menu_typo_spacing":0,"ocean_menu_typo_spacing_tablet":0,"ocean_menu_typo_spacing_mobile":0,"ocean_menu_typo_spacing_unit":"","ocean_menu_link_color":"","ocean_menu_link_color_hover":"","ocean_menu_link_color_active":"","ocean_menu_link_background":"","ocean_menu_link_hover_background":"","ocean_menu_link_active_background":"","ocean_menu_social_links_bg":"","ocean_menu_social_hover_links_bg":"","ocean_menu_social_links_color":"","ocean_menu_social_hover_links_color":"","ocean_disable_title":"default","ocean_disable_heading":"default","ocean_post_title":"","ocean_post_subheading":"","ocean_post_title_style":"","ocean_post_title_background_color":"","ocean_post_title_background":0,"ocean_post_title_bg_image_position":"","ocean_post_title_bg_image_attachment":"","ocean_post_title_bg_image_repeat":"","ocean_post_title_bg_image_size":"","ocean_post_title_height":0,"ocean_post_title_bg_overlay":0.5,"ocean_post_title_bg_overlay_color":"","ocean_disable_breadcrumbs":"default","ocean_breadcrumbs_color":"","ocean_breadcrumbs_separator_color":"","ocean_breadcrumbs_links_color":"","ocean_breadcrumbs_links_hover_color":"","ocean_display_footer_widgets":"default","ocean_display_footer_bottom":"default","ocean_custom_footer_template":"0","jetpack_publicize_message":"","jetpack_publicize_feature_enabled":true,"jetpack_social_post_already_shared":false,"jetpack_social_options":{"image_generator_settings":{"template":"highway","default_image_id":0,"font":"","enabled":false},"version":2}},"pwb-brand":[543],"product_brand":[],"product_cat":[59,29,126],"product_tag":[58,57,38,42,148,2737,43,44,20],"class_list":{"0":"post-237","1":"product","2":"type-product","3":"status-publish","4":"has-post-thumbnail","6":"pwb-brand-vortex","7":"product_cat-30mm-runkoputki","8":"product_cat-jalustat-ja-kiikarinjalat","9":"product_cat-vortex-optics","10":"product_tag-0-87","11":"product_tag-22-1mm","12":"product_tag-30mm","13":"product_tag-kiikarinjalat","14":"product_tag-kiinnitysrenkaat","15":"product_tag-pmr-30-126","16":"product_tag-precision-matched","17":"product_tag-rings","18":"product_tag-vortex","20":"entry","21":"has-media","23":"first","24":"onbackorder","25":"taxable","26":"shipping-taxable","27":"purchasable","28":"product-type-simple","29":"has-product-nav","30":"col","31":"span_1_of_4","32":"owp-content-center","33":"owp-thumbs-layout-horizontal","34":"owp-btn-normal","35":"owp-tabs-layout-horizontal"},"jetpack_publicize_connections":[],"jetpack_sharing_enabled":true,"brands":[{"id":543,"name":"Vortex","slug":"vortex"}],"_links":{"self":[{"href":"https:\/\/mildot.fi\/index.php\/wp-json\/wp\/v2\/product\/237","targetHints":{"allow":["GET"]}}],"collection":[{"href":"https:\/\/mildot.fi\/index.php\/wp-json\/wp\/v2\/product"}],"about":[{"href":"https:\/\/mildot.fi\/index.php\/wp-json\/wp\/v2\/types\/product"}],"replies":[{"embeddable":true,"href":"https:\/\/mildot.fi\/index.php\/wp-json\/wp\/v2\/comments?post=237"}],"wp:featuredmedia":[{"embeddable":true,"href":"https:\/\/mildot.fi\/index.php\/wp-json\/wp\/v2\/media\/155"}],"wp:attachment":[{"href":"https:\/\/mildot.fi\/index.php\/wp-json\/wp\/v2\/media?parent=237"}],"wp:term":[{"taxonomy":"pwb-brand","embeddable":true,"href":"https:\/\/mildot.fi\/index.php\/wp-json\/wp\/v2\/pwb-brand?post=237"},{"taxonomy":"product_brand","embeddable":true,"href":"https:\/\/mildot.fi\/index.php\/wp-json\/wp\/v2\/product_brand?post=237"},{"taxonomy":"product_cat","embeddable":true,"href":"https:\/\/mildot.fi\/index.php\/wp-json\/wp\/v2\/product_cat?post=237"},{"taxonomy":"product_tag","embeddable":true,"href":"https:\/\/mildot.fi\/index.php\/wp-json\/wp\/v2\/product_tag?post=237"}],"curies":[{"name":"wp","href":"https:\/\/api.w.org\/{rel}","templated":true}]}}