{"id":17770,"date":"2026-03-30T10:22:34","date_gmt":"2026-03-30T08:22:34","guid":{"rendered":"https:\/\/mildot.fi\/?post_type=product&#038;p=17770"},"modified":"2026-04-02T06:24:29","modified_gmt":"2026-04-02T04:24:29","slug":"meopta-meopro-r6-5-30x56-rd-ffp-mrad","status":"publish","type":"product","link":"https:\/\/mildot.fi\/index.php\/product\/meopta-meopro-r6-5-30x56-rd-ffp-mrad\/","title":{"rendered":"Meopta Meopro R6 5-30&#215;56 FFP RD MRAD"},"content":{"rendered":"<p>Kuva ensimm\u00e4isell\u00e4 kuvatasolla, joten ristikon mittasuhteet pysyv\u00e4t samoina suurennoksesta riippumatta<\/p>\n<p>Meopta Meopro Optika 6:sen manttelinperij\u00e4, MeoPro R6 on uusi t\u00e4ht\u00e4inkiikarisarja 6-kertaisella suurennoksella sek\u00e4 loistavilla k\u00e4ytt\u00f6ominaisuuksilla. Kiikari on varusteltu 6-portaisella punapisteen s\u00e4\u00e4d\u00f6ll\u00e4, joka kattaa molemmat \u00e4\u00e4rip\u00e4\u00e4t niin h\u00e4m\u00e4r\u00e4ss\u00e4 tapahtuvaan mets\u00e4stykseen kuin kirkkaaseen p\u00e4iv\u00e4nvaloonkin. Punapisteen s\u00e4\u00e4t\u00f6 on toteutettu totutusti v\u00e4li-stopeilla sek\u00e4 3h AUTO-OFFilla, jos punapiste sattuu j\u00e4\u00e4m\u00e4\u00e4n s\u00e4ilytyksess\u00e4 p\u00e4\u00e4lle. Tyylik\u00e4s ja virtaviivainen muotoilu pit\u00e4vill\u00e4 otepinnoilla. Kiikari toimitetaan alumiinisilla linssinsuojal\u00e4pill\u00e4<\/p>\n<ul>\n<li>Valaistu ristikko parantaa n\u00e4kyvyytt\u00e4 h\u00e4m\u00e4r\u00e4ss\u00e4<\/li>\n<li>MeoBright 5501 ja Meoshield -pinnoitteet suojaavat linssi\u00e4<\/li>\n<li>30 mm runkoputki tarjoaa kest\u00e4vyytt\u00e4 ja s\u00e4\u00e4t\u00f6mahdollisuuksia<\/li>\n<li>DichroTech-t\u00e4ht\u00e4inkuvio parantaa kohteen l\u00f6yt\u00e4mist\u00e4<\/li>\n<li>Laaja 5-30-kertainen suurennos sopii moniin tilanteisiin<\/li>\n<li>Lukittavat tornit ja hyvin selke\u00e4t naksut<\/li>\n<li>Takuu 2 vuotta, 10 vuotta rekister\u00f6im\u00e4ll\u00e4.<\/li>\n<li>Elektroniikalle 2 vuoden takuu.<\/li>\n<\/ul>\n<p><strong><br \/>\nTekniset ominaisuudet<\/strong><\/p>\n<ul>\n<li>Suurennos 5-30<\/li>\n<li>Etulinssin halkaisija 56 mm<\/li>\n<li>Runkoputken halkaisija 34 mm<\/li>\n<li>Ristikkotyyppi MRAD 1<\/li>\n<li>Ristikko ensimm\u00e4isell\u00e4 polttotasolla<\/li>\n<li>Sis. alumiiniset flip-upit<\/li>\n<li>Valonl\u00e4p\u00e4isy 90 %<\/li>\n<li>N\u00e4k\u00f6kentt\u00e4 (@100 m) 8,2 \u2013 1,2 m<\/li>\n<li>Valopiste 6-portainen<\/li>\n<li>Parallaksis\u00e4\u00e4t\u00f6 25 \u2013 \u221e m<\/li>\n<li>Diopteris\u00e4\u00e4t\u00f6 -2 \/ 2<\/li>\n<li>Silm\u00e4et\u00e4isyys 100-98 mm<\/li>\n<li>Paino 1080 g<\/li>\n<li>Pituus 392 mm\n<p><a href=\"https:\/\/mildot.fi\/wp-content\/uploads\/2026\/04\/MeoPro_R6_EN.pdf\">Meopta R6 Manual.pdf<\/a><\/li>\n<\/ul>\n","protected":false},"excerpt":{"rendered":"<p>Meopta MeoPro R6 5-30&#215;50 MRAD RD FFP<\/p>\n<p>0.1 MRAD s\u00e4\u00e4d\u00f6ill\u00e4<br \/>\nT\u00e4ht\u00e4inkiikari valopisteell\u00e4.<\/p>\n<p>Ensimm\u00e4isen polttotason MRAD RD ristikko.<\/p>\n","protected":false},"featured_media":17771,"comment_status":"open","ping_status":"closed","template":"","meta":{"ocean_post_layout":"","ocean_both_sidebars_style":"","ocean_both_sidebars_content_width":0,"ocean_both_sidebars_sidebars_width":0,"ocean_sidebar":"0","ocean_second_sidebar":"0","ocean_disable_margins":"enable","ocean_add_body_class":"","ocean_shortcode_before_top_bar":"","ocean_shortcode_after_top_bar":"","ocean_shortcode_before_header":"","ocean_shortcode_after_header":"","ocean_has_shortcode":"","ocean_shortcode_after_title":"","ocean_shortcode_before_footer_widgets":"","ocean_shortcode_after_footer_widgets":"","ocean_shortcode_before_footer_bottom":"","ocean_shortcode_after_footer_bottom":"","ocean_display_top_bar":"default","ocean_display_header":"default","ocean_header_style":"","ocean_center_header_left_menu":"0","ocean_custom_header_template":"0","ocean_custom_logo":0,"ocean_custom_retina_logo":0,"ocean_custom_logo_max_width":0,"ocean_custom_logo_tablet_max_width":0,"ocean_custom_logo_mobile_max_width":0,"ocean_custom_logo_max_height":0,"ocean_custom_logo_tablet_max_height":0,"ocean_custom_logo_mobile_max_height":0,"ocean_header_custom_menu":"0","ocean_menu_typo_font_family":"0","ocean_menu_typo_font_subset":"","ocean_menu_typo_font_size":0,"ocean_menu_typo_font_size_tablet":0,"ocean_menu_typo_font_size_mobile":0,"ocean_menu_typo_font_size_unit":"px","ocean_menu_typo_font_weight":"","ocean_menu_typo_font_weight_tablet":"","ocean_menu_typo_font_weight_mobile":"","ocean_menu_typo_transform":"","ocean_menu_typo_transform_tablet":"","ocean_menu_typo_transform_mobile":"","ocean_menu_typo_line_height":0,"ocean_menu_typo_line_height_tablet":0,"ocean_menu_typo_line_height_mobile":0,"ocean_menu_typo_line_height_unit":"","ocean_menu_typo_spacing":0,"ocean_menu_typo_spacing_tablet":0,"ocean_menu_typo_spacing_mobile":0,"ocean_menu_typo_spacing_unit":"","ocean_menu_link_color":"","ocean_menu_link_color_hover":"","ocean_menu_link_color_active":"","ocean_menu_link_background":"","ocean_menu_link_hover_background":"","ocean_menu_link_active_background":"","ocean_menu_social_links_bg":"","ocean_menu_social_hover_links_bg":"","ocean_menu_social_links_color":"","ocean_menu_social_hover_links_color":"","ocean_disable_title":"default","ocean_disable_heading":"default","ocean_post_title":"","ocean_post_subheading":"","ocean_post_title_style":"","ocean_post_title_background_color":"","ocean_post_title_background":0,"ocean_post_title_bg_image_position":"","ocean_post_title_bg_image_attachment":"","ocean_post_title_bg_image_repeat":"","ocean_post_title_bg_image_size":"","ocean_post_title_height":0,"ocean_post_title_bg_overlay":0.5,"ocean_post_title_bg_overlay_color":"","ocean_disable_breadcrumbs":"default","ocean_breadcrumbs_color":"","ocean_breadcrumbs_separator_color":"","ocean_breadcrumbs_links_color":"","ocean_breadcrumbs_links_hover_color":"","ocean_display_footer_widgets":"default","ocean_display_footer_bottom":"default","ocean_custom_footer_template":"0","jetpack_publicize_message":"","jetpack_publicize_feature_enabled":true,"jetpack_social_post_already_shared":true,"jetpack_social_options":{"image_generator_settings":{"template":"highway","default_image_id":0,"font":"","enabled":false},"version":2}},"pwb-brand":[2446],"product_brand":[],"product_cat":[18,2445,17],"product_tag":[2449,2447,188,24,2448,3349],"class_list":{"0":"post-17770","1":"product","2":"type-product","3":"status-publish","4":"has-post-thumbnail","6":"pwb-brand-meopta","7":"product_cat-kiikaritahtaimet","8":"product_cat-meopta","9":"product_cat-optiikka","10":"product_tag-5-30x","11":"product_tag-meopta","12":"product_tag-mil","13":"product_tag-mrad","14":"product_tag-optika6","15":"product_tag-r6","17":"entry","18":"has-media","20":"first","21":"instock","22":"taxable","23":"shipping-taxable","24":"purchasable","25":"product-type-simple","26":"has-product-nav","27":"col","28":"span_1_of_4","29":"owp-content-center","30":"owp-thumbs-layout-horizontal","31":"owp-btn-normal","32":"owp-tabs-layout-horizontal"},"jetpack_publicize_connections":[],"jetpack_sharing_enabled":true,"brands":[{"id":2446,"name":"Meopta","slug":"meopta"}],"_links":{"self":[{"href":"https:\/\/mildot.fi\/index.php\/wp-json\/wp\/v2\/product\/17770","targetHints":{"allow":["GET"]}}],"collection":[{"href":"https:\/\/mildot.fi\/index.php\/wp-json\/wp\/v2\/product"}],"about":[{"href":"https:\/\/mildot.fi\/index.php\/wp-json\/wp\/v2\/types\/product"}],"replies":[{"embeddable":true,"href":"https:\/\/mildot.fi\/index.php\/wp-json\/wp\/v2\/comments?post=17770"}],"wp:featuredmedia":[{"embeddable":true,"href":"https:\/\/mildot.fi\/index.php\/wp-json\/wp\/v2\/media\/17771"}],"wp:attachment":[{"href":"https:\/\/mildot.fi\/index.php\/wp-json\/wp\/v2\/media?parent=17770"}],"wp:term":[{"taxonomy":"pwb-brand","embeddable":true,"href":"https:\/\/mildot.fi\/index.php\/wp-json\/wp\/v2\/pwb-brand?post=17770"},{"taxonomy":"product_brand","embeddable":true,"href":"https:\/\/mildot.fi\/index.php\/wp-json\/wp\/v2\/product_brand?post=17770"},{"taxonomy":"product_cat","embeddable":true,"href":"https:\/\/mildot.fi\/index.php\/wp-json\/wp\/v2\/product_cat?post=17770"},{"taxonomy":"product_tag","embeddable":true,"href":"https:\/\/mildot.fi\/index.php\/wp-json\/wp\/v2\/product_tag?post=17770"}],"curies":[{"name":"wp","href":"https:\/\/api.w.org\/{rel}","templated":true}]}}