{"id":16672,"date":"2026-02-06T13:23:47","date_gmt":"2026-02-06T11:23:47","guid":{"rendered":"https:\/\/mildot.fi\/?post_type=product&#038;p=16672"},"modified":"2026-02-06T13:25:59","modified_gmt":"2026-02-06T11:25:59","slug":"leofoto-ls-324c-lh-40","status":"publish","type":"product","link":"https:\/\/mildot.fi\/index.php\/product\/leofoto-ls-324c-lh-40\/","title":{"rendered":"Leofoto LS-324C+LH-40 Ranger tripod"},"content":{"rendered":"<div class=\"bm\">\n<div class=\"li lj f6 ez\">\n<div class=\"d7 d6\">\n<div>\n<div class=\"\">\n<h3 class=\"kj du g3 g4 d7 a9 aa\">Ominaisuudet<\/h3>\n<ul>\n<li>Tukeva hiilikuitujalusta mihin tahansa ymp\u00e4rist\u00f6\u00f6n<\/li>\n<li>K\u00e4tev\u00e4 ja tarkka kuulap\u00e4\u00e4<\/li>\n<li>Kevyt paino, mutta suuri kantavuus<\/li>\n<li>Modulaarinen rakenne joustavuutta varten<\/li>\n<li>Premium Toray 10-kerroksinen hiilikuitu<\/li>\n<li>Erinomainen valokuviin ja videoihin<\/li>\n<li>Osta <strong>luottavaisin mielin \u2013<\/strong> 10 vuoden takuu<\/li>\n<\/ul>\n<p class=\"g3 g4\"><img decoding=\"async\" class=\"ax j7 j8 j9 nm jb\" src=\"https:\/\/asset.productmarketingcloud.com\/api\/assetstorage\/368_d62783c9-bcbc-4cbc-9283-2fd3c848058b?w=1920&amp;h=1920&amp;mode=max\" srcset=\"https:\/\/asset.productmarketingcloud.com\/api\/assetstorage\/368_d62783c9-bcbc-4cbc-9283-2fd3c848058b?w=3840&amp;h=3840&amp;mode=max 2x\" alt=\"Leofoto LS-324C\" \/><\/p>\n<div id=\"lightbox\" class=\"lightbox\"><img decoding=\"async\" id=\"lightbox-img\" class=\"ax j7 j8 j9 nm jb\" src=\"https:\/\/asset.productmarketingcloud.com\/api\/assetstorage\/368_205b2059-c61c-4176-92f5-6e6e73c17f12?w=1920&amp;h=1920&amp;mode=max\" srcset=\"https:\/\/asset.productmarketingcloud.com\/api\/assetstorage\/368_205b2059-c61c-4176-92f5-6e6e73c17f12?w=3840&amp;h=3840&amp;mode=max 2x\" alt=\"Lefoto LS-324C hiilikuitujalusta\" \/><\/p>\n<\/div>\n<h3 class=\"kj du g3 g4 d7 a9 aa\">Vakaa ja kevyt jalusta luoville ammattilaisille<\/h3>\n<p class=\"g3 g4\">Leofoto LH40 -kuulap\u00e4\u00e4 on suorituskykyinen alumiininen kuvausp\u00e4\u00e4, joka on suunniteltu niille, jotka tarvitsevat luotettavaa vakautta ja tarkkaa hallintaa. Kuulap\u00e4\u00e4 kest\u00e4\u00e4 jopa 20 kg:n painoja ja tarjoaa tasaisen ja tarkan panoroinnin ja kallistuksen.<\/p>\n<p class=\"g3 g4\"><img decoding=\"async\" class=\"ax j7 j8 j9 nm jb\" src=\"https:\/\/asset.productmarketingcloud.com\/api\/assetstorage\/368_0a6542d8-1d48-446c-a7d4-58958232d529?w=1920&amp;h=1920&amp;mode=max\" srcset=\"https:\/\/asset.productmarketingcloud.com\/api\/assetstorage\/368_0a6542d8-1d48-446c-a7d4-58958232d529?w=3840&amp;h=3840&amp;mode=max 2x\" alt=\"Leofoto Ranger LS-324C+LH40 hiilikuitujalusta\" \/><\/p>\n<h3 class=\"kj du g3 g4 d7 a9 aa\">Runko on valmistettu korkealaatuisesta hiilikuidusta<\/h3>\n<p class=\"g3 g4\">Leofoto Ranger on valmistettu kymmenest\u00e4 kerroksesta korkealaatuista Toray-hiilikuitua, joka on suunniteltu valokuvaajille ja videokuvaajille, jotka vaativat kevytt\u00e4 painoa, suurta vakautta ja maksimaalista kest\u00e4vyytt\u00e4.<\/p>\n<p>Jalusta kest\u00e4\u00e4 raskaita kameroita ja vaikeita olosuhteita taipumatta tai roikkumatta, kun taas materiaalin t\u00e4rin\u00e4nvaimennusominaisuudet takaavat vakaat kuvat my\u00f6s pitkill\u00e4 suljinajoilla tai tuulisissa ymp\u00e4rist\u00f6iss\u00e4.<\/p>\n<p><img decoding=\"async\" class=\"ax j7 j8 j9 nm jb\" src=\"https:\/\/asset.productmarketingcloud.com\/api\/assetstorage\/368_467040fa-424f-4b1b-81d8-a01707b3ab4d?w=1920&amp;h=1920&amp;mode=max\" srcset=\"https:\/\/asset.productmarketingcloud.com\/api\/assetstorage\/368_467040fa-424f-4b1b-81d8-a01707b3ab4d?w=3840&amp;h=3840&amp;mode=max 2x\" alt=\"Mit\u00e4 Leofoto Ranger LS-225C+LH25 sis\u00e4lt\u00e4\u00e4\" \/><\/p>\n<h3 class=\"kj du g3 g4 d7 a9 aa\">Toimitukseen sis\u00e4ltyy<\/h3>\n<ul>\n<li>Leofoto Ranger LS-324C hiilikuitujalusta<\/li>\n<li>Leofoto LH-40 kuulap\u00e4\u00e4<\/li>\n<li>Kantolaukku helpottaa kuljetusta<\/li>\n<li>Piikkijalat lis\u00e4\u00e4v\u00e4t pitoa ep\u00e4tasaisilla pinnoilla<br \/>\n<table>\n<tbody>\n<tr class=\"s8\">\n<td class=\"o9 oa a7 a8 s9 sa rj rk sb sc rl rm sd se rn ro sf sg rp rq sh si rr rs sj sk rt ru\">Jalustap\u00e4\u00e4<\/td>\n<td class=\"o9 oa a7 a8 s9 sa rj rk sb sc rl rm sd se rn ro sf sg rp rq sh si rr rs sj sk rt ru dh\">Kuulap\u00e4\u00e4<\/td>\n<\/tr>\n<tr class=\"s8\">\n<td class=\"o9 oa a7 a8 s9 sa rj rk sb sc rl rm sd se rn ro sf sg rp rq sh si rr rs sj sk rt ru\">Materiaali<\/td>\n<td class=\"o9 oa a7 a8 s9 sa rj rk sb sc rl rm sd se rn ro sf sg rp rq sh si rr rs sj sk rt ru dh\">Hiilikuitu<\/td>\n<\/tr>\n<tr class=\"s8\">\n<td class=\"o9 oa a7 a8 s9 sa rj rk sb sc rl rm sd se rn ro sf sg rp rq sh si rr rs sj sk rt ru\">Max. korkeus<\/td>\n<td class=\"o9 oa a7 a8 s9 sa rj rk sb sc rl rm sd se rn ro sf sg rp rq sh si rr rs sj sk rt ru dh\">139.5 cm<\/td>\n<\/tr>\n<tr class=\"s8\">\n<td class=\"o9 oa a7 a8 s9 sa rj rk sb sc rl rm sd se rn ro sf sg rp rq sh si rr rs sj sk rt ru\">Alin korkeus<\/td>\n<td class=\"o9 oa a7 a8 s9 sa rj rk sb sc rl rm sd se rn ro sf sg rp rq sh si rr rs sj sk rt ru dh\">16.5 cm<\/td>\n<\/tr>\n<tr class=\"s8\">\n<td class=\"o9 oa a7 a8 s9 sa rj rk sb sc rl rm sd se rn ro sf sg rp rq sh si rr rs sj sk rt ru\">Pituus kokoontaitettuna<\/td>\n<td class=\"o9 oa a7 a8 s9 sa rj rk sb sc rl rm sd se rn ro sf sg rp rq sh si rr rs sj sk rt ru dh\">57 cm<\/td>\n<\/tr>\n<tr class=\"s8\">\n<td class=\"o9 oa a7 a8 s9 sa rj rk sb sc rl rm sd se rn ro sf sg rp rq sh si rr rs sj sk rt ru\">Jalkaosien lukum\u00e4\u00e4r\u00e4<\/td>\n<td class=\"o9 oa a7 a8 s9 sa rj rk sb sc rl rm sd se rn ro sf sg rp rq sh si rr rs sj sk rt ru dh\">4 kpl<\/td>\n<\/tr>\n<tr class=\"s8\">\n<td class=\"o9 oa a7 a8 s9 sa rj rk sb sc rl rm sd se rn ro sf sg rp rq sh si rr rs sj sk rt ru\">Spagaatti-tila<\/td>\n<td class=\"o9 oa a7 a8 s9 sa rj rk sb sc rl rm sd se rn ro sf sg rp rq sh si rr rs sj sk rt ru dh\">Kyll\u00e4<\/td>\n<\/tr>\n<tr class=\"s8\">\n<td class=\"o9 oa a7 a8 s9 sa rj rk sb sc rl rm sd se rn ro sf sg rp rq sh si rr rs sj sk rt ru\">Lukkotyyppi<\/td>\n<td class=\"o9 oa a7 a8 s9 sa rj rk sb sc rl rm sd se rn ro sf sg rp rq sh si rr rs sj sk rt ru dh\">Kierrelukko<\/td>\n<\/tr>\n<tr class=\"s8\">\n<td class=\"o9 oa a7 a8 s9 sa rj rk sb sc rl rm sd se rn ro sf sg rp rq sh si rr rs sj sk rt ru\">Max. kuormitus<\/td>\n<td class=\"o9 oa a7 a8 s9 sa rj rk sb sc rl rm sd se rn ro sf sg rp rq sh si rr rs sj sk rt ru dh\">15 kg<\/td>\n<\/tr>\n<tr class=\"s8\">\n<td class=\"o9 oa a7 a8 s9 sa rj rk sb sc rl rm sd se rn ro sf sg rp rq sh si rr rs sj sk rt ru\">Paino<\/td>\n<td class=\"o9 oa a7 a8 s9 sa rj rk sb sc rl rm sd se rn ro sf sg rp rq sh si rr rs sj sk rt ru dh\">1.88 kg<\/td>\n<\/tr>\n<tr class=\"s8\">\n<td class=\"o9 oa a7 a8 s9 sa rj rk sb sc rl rm sd se rn ro sf sg rp rq sh si rr rs sj sk rt ru\">Takuu<\/td>\n<td class=\"o9 oa a7 a8 s9 sa rj rk sb sc rl rm sd se rn ro sf sg rp rq sh si rr rs sj sk rt ru dh\">10 vuotta<\/td>\n<\/tr>\n<tr class=\"s8\">\n<td class=\"o9 oa a7 a8 s9 sa rj rk sb sc rl rm sd se rn ro sf sg rp rq sh si rr rs sj sk rt ru\">Valmistajan tuotenumero:<\/td>\n<td class=\"o9 oa a7 a8 s9 sa rj rk sb sc rl rm sd se rn ro sf sg rp rq sh si rr rs sj sk rt ru dh\">LS-324C+LH-40<\/td>\n<\/tr>\n<\/tbody>\n<\/table>\n<\/li>\n<\/ul>\n<\/div>\n<\/div>\n<\/div>\n<\/div>\n<\/div>\n","protected":false},"excerpt":{"rendered":"<p>Leofoto Ranger LS-324C+LH40 Carbon on t\u00e4ydellinen hiilikuituinen jalusta luovan ty\u00f6n tekij\u00f6ille, valokuvaajille ja videokuvaajille, jotka vaativat vakautta ja ketteryytt\u00e4 miss\u00e4 tahansa ymp\u00e4rist\u00f6ss\u00e4. T\u00e4ss\u00e4 vakaassa premium-jalustassa yhdistyv\u00e4t kevyt paino, vaikuttava kantavuus ja tarkkuus, mik\u00e4 tekee siit\u00e4 v\u00e4ltt\u00e4m\u00e4tt\u00f6m\u00e4n ty\u00f6kalun sek\u00e4 studio- ett\u00e4 luontokuvaukseen.<\/p>\n","protected":false},"featured_media":16673,"comment_status":"open","ping_status":"closed","template":"","meta":{"ocean_post_layout":"","ocean_both_sidebars_style":"","ocean_both_sidebars_content_width":0,"ocean_both_sidebars_sidebars_width":0,"ocean_sidebar":"0","ocean_second_sidebar":"0","ocean_disable_margins":"enable","ocean_add_body_class":"","ocean_shortcode_before_top_bar":"","ocean_shortcode_after_top_bar":"","ocean_shortcode_before_header":"","ocean_shortcode_after_header":"","ocean_has_shortcode":"","ocean_shortcode_after_title":"","ocean_shortcode_before_footer_widgets":"","ocean_shortcode_after_footer_widgets":"","ocean_shortcode_before_footer_bottom":"","ocean_shortcode_after_footer_bottom":"","ocean_display_top_bar":"default","ocean_display_header":"default","ocean_header_style":"","ocean_center_header_left_menu":"0","ocean_custom_header_template":"0","ocean_custom_logo":0,"ocean_custom_retina_logo":0,"ocean_custom_logo_max_width":0,"ocean_custom_logo_tablet_max_width":0,"ocean_custom_logo_mobile_max_width":0,"ocean_custom_logo_max_height":0,"ocean_custom_logo_tablet_max_height":0,"ocean_custom_logo_mobile_max_height":0,"ocean_header_custom_menu":"0","ocean_menu_typo_font_family":"0","ocean_menu_typo_font_subset":"","ocean_menu_typo_font_size":0,"ocean_menu_typo_font_size_tablet":0,"ocean_menu_typo_font_size_mobile":0,"ocean_menu_typo_font_size_unit":"px","ocean_menu_typo_font_weight":"","ocean_menu_typo_font_weight_tablet":"","ocean_menu_typo_font_weight_mobile":"","ocean_menu_typo_transform":"","ocean_menu_typo_transform_tablet":"","ocean_menu_typo_transform_mobile":"","ocean_menu_typo_line_height":0,"ocean_menu_typo_line_height_tablet":0,"ocean_menu_typo_line_height_mobile":0,"ocean_menu_typo_line_height_unit":"","ocean_menu_typo_spacing":0,"ocean_menu_typo_spacing_tablet":0,"ocean_menu_typo_spacing_mobile":0,"ocean_menu_typo_spacing_unit":"","ocean_menu_link_color":"","ocean_menu_link_color_hover":"","ocean_menu_link_color_active":"","ocean_menu_link_background":"","ocean_menu_link_hover_background":"","ocean_menu_link_active_background":"","ocean_menu_social_links_bg":"","ocean_menu_social_hover_links_bg":"","ocean_menu_social_links_color":"","ocean_menu_social_hover_links_color":"","ocean_disable_title":"default","ocean_disable_heading":"default","ocean_post_title":"","ocean_post_subheading":"","ocean_post_title_style":"","ocean_post_title_background_color":"","ocean_post_title_background":0,"ocean_post_title_bg_image_position":"","ocean_post_title_bg_image_attachment":"","ocean_post_title_bg_image_repeat":"","ocean_post_title_bg_image_size":"","ocean_post_title_height":0,"ocean_post_title_bg_overlay":0.5,"ocean_post_title_bg_overlay_color":"","ocean_disable_breadcrumbs":"default","ocean_breadcrumbs_color":"","ocean_breadcrumbs_separator_color":"","ocean_breadcrumbs_links_color":"","ocean_breadcrumbs_links_hover_color":"","ocean_display_footer_widgets":"default","ocean_display_footer_bottom":"default","ocean_custom_footer_template":"0","jetpack_publicize_message":"","jetpack_publicize_feature_enabled":true,"jetpack_social_post_already_shared":true,"jetpack_social_options":{"image_generator_settings":{"template":"highway","default_image_id":0,"font":"","enabled":false},"version":2}},"pwb-brand":[3264],"product_brand":[],"product_cat":[299],"product_tag":[2024,3265,3267,3266,2041],"class_list":{"0":"post-16672","1":"product","2":"type-product","3":"status-publish","4":"has-post-thumbnail","6":"pwb-brand-leofoto","7":"product_cat-ampumatuet","8":"product_tag-kolmijalka","9":"product_tag-leofoto","10":"product_tag-lh-40","11":"product_tag-ls-324c","12":"product_tag-tripod","14":"entry","15":"has-media","17":"first","18":"instock","19":"taxable","20":"shipping-taxable","21":"purchasable","22":"product-type-simple","23":"has-product-nav","24":"col","25":"span_1_of_4","26":"owp-content-center","27":"owp-thumbs-layout-horizontal","28":"owp-btn-normal","29":"owp-tabs-layout-horizontal"},"jetpack_publicize_connections":[],"jetpack_sharing_enabled":true,"brands":[{"id":3264,"name":"Leofoto","slug":"leofoto"}],"_links":{"self":[{"href":"https:\/\/mildot.fi\/index.php\/wp-json\/wp\/v2\/product\/16672","targetHints":{"allow":["GET"]}}],"collection":[{"href":"https:\/\/mildot.fi\/index.php\/wp-json\/wp\/v2\/product"}],"about":[{"href":"https:\/\/mildot.fi\/index.php\/wp-json\/wp\/v2\/types\/product"}],"replies":[{"embeddable":true,"href":"https:\/\/mildot.fi\/index.php\/wp-json\/wp\/v2\/comments?post=16672"}],"wp:featuredmedia":[{"embeddable":true,"href":"https:\/\/mildot.fi\/index.php\/wp-json\/wp\/v2\/media\/16673"}],"wp:attachment":[{"href":"https:\/\/mildot.fi\/index.php\/wp-json\/wp\/v2\/media?parent=16672"}],"wp:term":[{"taxonomy":"pwb-brand","embeddable":true,"href":"https:\/\/mildot.fi\/index.php\/wp-json\/wp\/v2\/pwb-brand?post=16672"},{"taxonomy":"product_brand","embeddable":true,"href":"https:\/\/mildot.fi\/index.php\/wp-json\/wp\/v2\/product_brand?post=16672"},{"taxonomy":"product_cat","embeddable":true,"href":"https:\/\/mildot.fi\/index.php\/wp-json\/wp\/v2\/product_cat?post=16672"},{"taxonomy":"product_tag","embeddable":true,"href":"https:\/\/mildot.fi\/index.php\/wp-json\/wp\/v2\/product_tag?post=16672"}],"curies":[{"name":"wp","href":"https:\/\/api.w.org\/{rel}","templated":true}]}}