{"id":16562,"date":"2026-01-21T09:09:35","date_gmt":"2026-01-21T07:09:35","guid":{"rendered":"https:\/\/mildot.fi\/?post_type=product&#038;p=16562"},"modified":"2026-02-09T12:17:28","modified_gmt":"2026-02-09T10:17:28","slug":"garmin-xero-c2","status":"publish","type":"product","link":"https:\/\/mildot.fi\/index.php\/product\/garmin-xero-c2\/","title":{"rendered":"Garmin Xero C2 kronogafi"},"content":{"rendered":"<div class=\"app__img-banner\">\n<p class=\"responsive-video-wrap clr\"><iframe title=\"Trust Xero C2 Chronograph for ballistics data | Garmin\" width=\"1200\" height=\"675\" src=\"https:\/\/www.youtube.com\/embed\/gSZSbtsduDU?feature=oembed\" frameborder=\"0\" allow=\"accelerometer; autoplay; clipboard-write; encrypted-media; gyroscope; picture-in-picture; web-share\" referrerpolicy=\"strict-origin-when-cross-origin\" allowfullscreen><\/iframe><\/p>\n<\/div>\n<div class=\"app__video-banner__video__play-bt app__video-banner__video__play-bt--light\" tabindex=\"0\" data-test=\"app__video-banner__video__play-bt\"><\/div>\n<div class=\"app__overview__intro\" data-translate=\"\">\n<div class=\"app__layout-container app__layout-container--small app__layout-container--light\">\n<h2>VARMISTA TARKKUUS. SAAVUTA T\u00c4YDELLINEN LAUKAUS.<\/h2>\n<div class=\"app__overview__intro__description\">\n<p>Ballistiikassa ei ole sijaa virheille. Xero\u00ae C2 -kronografi on luotettava l\u00e4hde. Se ohittaa edelt\u00e4j\u00e4ns\u00e4 nopeammalla suorittimella ja parannetuilla ominaisuuksilla, jotka takaavat ainutlaatuisen kokemuksen.<\/p>\n<\/div>\n<div class=\"app__column-layout app__column-layout__column--6 app__column-layout__column__mobile--2 app__overview__intro__icons\">\n<div class=\"app__feature__card\" data-translate=\"\">\n<p><img decoding=\"async\" class=\"app__feature__card__image\" src=\"https:\/\/res.garmin.com\/icons\/bullet-speed.svg\" alt=\"\" \/><\/p>\n<p class=\"app__feature__card__description app__feature__card__description--left\">MITTAA AMMUSTEN NOPEUDET 1524 m\/s\u00a0 (5000 ft\/s)<\/p>\n<\/div>\n<div class=\"app__feature__card\" data-translate=\"\">\n<p><img decoding=\"async\" class=\"app__feature__card__image\" src=\"https:\/\/res.garmin.com\/icons\/Compact.svg\" alt=\"\" \/><\/p>\n<p class=\"app__feature__card__description app__feature__card__description--left\">KOMPAKTI LAITE MAHTUU TAKATASKUUN JA ON HELPPO M\u00c4\u00c4RITT\u00c4\u00c4<\/p>\n<\/div>\n<div class=\"app__feature__card\" data-translate=\"\">\n<p><img decoding=\"async\" class=\"app__feature__card__image\" src=\"https:\/\/static.garmincdn.com\/gdc\/Product_Pages\/ICONS\/track-fitness.svg\" alt=\"\" \/><\/p>\n<p class=\"app__feature__card__description app__feature__card__description--left\">TARKASTELE REAALIAIKAISIA TIETOJA PARILIITETYSS\u00c4 GARMIN-\u00c4LYKELLOSSA<\/p>\n<\/div>\n<div class=\"app__feature__card\" data-translate=\"\">\n<p><img decoding=\"async\" class=\"app__feature__card__image\" src=\"https:\/\/res.garmin.com\/icons\/SHOTVIEW-SMARTPHONE-APP.svg\" alt=\"\" \/><\/p>\n<p class=\"app__feature__card__description app__feature__card__description--left\">PARILIIT\u00c4 SHOTVIEW\u2122-\u00c4LYPUHELIN\u00adSOVELLUKSEEN<\/p>\n<\/div>\n<div class=\"app__feature__card\" data-translate=\"\">\n<p><img decoding=\"async\" class=\"app__feature__card__image\" src=\"https:\/\/static.garmincdn.com\/gdc\/Product_Pages\/ICONS\/Military_Standard_Toughness.svg\" alt=\"\" \/><\/p>\n<p class=\"app__feature__card__description app__feature__card__description--left\">VAHVISTETTU KOTELO<\/p>\n<\/div>\n<div class=\"app__feature__card\" data-translate=\"\">\n<p><img decoding=\"async\" class=\"app__feature__card__image\" src=\"https:\/\/res.garmin.com\/icons\/RAPID-FIRE-SUPPORT.svg\" alt=\"\" \/><\/p>\n<p class=\"app__feature__card__description app__feature__card__description--left\">SEURAA JOPA 10 LAUKAUSTA SEKUNNISSA JA TUKEE PIKATULITOIMINTOA<\/p>\n<\/div>\n<\/div>\n<\/div>\n<\/div>\n<div class=\"app__layout-container app__layout-container--small app__layout-container--light\">\n<div class=\"app__column-layout app__column-layout__column--1 app__column-layout__column__mobile--1\">\n<div class=\"app__headline app__headline--dark app__headline--center app__headline--mobile--center\" data-translate=\"\">\n<h2>T\u00c4H\u00c4N IHASTUT<\/h2>\n<\/div>\n<\/div>\n<\/div>\n<div class=\"app__layout-container app__layout-container--small app__layout-container--light\">\n<div class=\"app__column-layout app__column-layout__column--3 app__column-layout__column__mobile--1\">\n<div class=\"app__feature__card\" data-translate=\"\">\n<p><img data-recalc-dims=\"1\" fetchpriority=\"high\" decoding=\"async\" class=\"app__feature__card__image\" src=\"https:\/\/i0.wp.com\/res.garmin.com\/en\/products\/010-03953-00\/g\/81241-1.jpg?resize=382%2C430&#038;ssl=1\" alt=\"\" width=\"382\" height=\"430\" \/><\/p>\n<h3>MONIPUOLINEN JA LUOTETTAVA TEHO<\/h3>\n<p class=\"app__feature__card__description app__feature__card__description--left\">Kronografi havaitsee laukauksen luotettavasti tarkan anturin ansiosta. Laite pystyy mittaamaan ammusten nopeudet 100\u20135\u00a0000 jalkaa \/ s. Ammukset voivat olla mm. luoteja, nuolia, hauleja tai airsoft BB -biokuulia.<\/p>\n<\/div>\n<div class=\"app__feature__card\" data-translate=\"\">\n<p><img data-recalc-dims=\"1\" decoding=\"async\" class=\"app__feature__card__image\" src=\"https:\/\/i0.wp.com\/res.garmin.com\/en\/products\/010-03953-00\/g\/81241-2.jpg?resize=377%2C424&#038;ssl=1\" alt=\"\" width=\"377\" height=\"424\" \/><\/p>\n<h3>JATKA ISTUNTOA<\/h3>\n<p class=\"app__feature__card__description app__feature__card__description--left\">Voit ampua eri aseilla piipun j\u00e4\u00e4htyess\u00e4 tai testata useita jousia tai nuolia samalla laitteella istunnonjatkamistoiminnolla, joka pit\u00e4\u00e4 tiedot erillisin\u00e4.<\/p>\n<\/div>\n<div class=\"app__feature__card\" data-translate=\"\">\n<p><img data-recalc-dims=\"1\" decoding=\"async\" class=\"app__feature__card__image\" src=\"https:\/\/i0.wp.com\/res.garmin.com\/en\/products\/010-03953-00\/g\/81241-3.jpg?resize=345%2C388&#038;ssl=1\" alt=\"\" width=\"345\" height=\"388\" \/><\/p>\n<h3>\u00c4LYKELLON INTEGROINTI<\/h3>\n<p class=\"app__feature__card__description app__feature__card__description--left\">\u00c4lykellon integroinnin ansiosta voit k\u00e4ytt\u00e4\u00e4 tietojasi helposti liikkumatta ampuma-asennosta. Yhdist\u00e4m\u00e4ll\u00e4 yhteensopivan Garmin-\u00e4lykellon saat k\u00e4ytt\u00f6\u00f6si istuntojen hallinnan, voit tarkastella reaaliaikaisia tietoja ja tuoda piipunsuun nopeustiedot sis\u00e4iseen Applied Ballistics\u00ae -laskimeen.<\/p>\n<\/div>\n<\/div>\n<div class=\"app__column-layout app__column-layout__column--3 app__column-layout__column__mobile--1\">\n<div class=\"app__feature__card\" data-translate=\"\">\n<p><img data-recalc-dims=\"1\" loading=\"lazy\" decoding=\"async\" class=\"app__feature__card__image\" src=\"https:\/\/i0.wp.com\/res.garmin.com\/en\/products\/010-03953-00\/g\/81241-4.jpg?resize=471%2C707&#038;ssl=1\" alt=\"\" width=\"471\" height=\"707\" \/><\/p>\n<h3>PIKATULEN TUKI<\/h3>\n<p class=\"app__feature__card__description app__feature__card__description--left\">Entist\u00e4 nopeampi suoritin tukee jopa 10 laukausta sekunnissa ammuksen nopeuden mukaan.<\/p>\n<\/div>\n<div class=\"app__feature__card\" data-translate=\"\">\n<p><img data-recalc-dims=\"1\" loading=\"lazy\" decoding=\"async\" class=\"app__feature__card__image\" src=\"https:\/\/i0.wp.com\/res.garmin.com\/en\/products\/010-03953-00\/g\/81241-5.jpg?resize=417%2C626&#038;ssl=1\" alt=\"\" width=\"417\" height=\"626\" \/><\/p>\n<h3>SHOTVIEW\u2122-SOVELLUS<\/h3>\n<p class=\"app__feature__card__description app__feature__card__description--left\">Pariliitt\u00e4m\u00e4ll\u00e4 \u00e4lypuhelimen ShotView-sovellukseen voit mm. seurata laukauksiasi, mitata poikkeamia, hallita istuntoja ja tarkastella reaaliaikaisia tietoja.<\/p>\n<\/div>\n<div class=\"app__feature__card\" data-translate=\"\">\n<p><img data-recalc-dims=\"1\" loading=\"lazy\" decoding=\"async\" class=\"app__feature__card__image\" src=\"https:\/\/i0.wp.com\/res.garmin.com\/en\/products\/010-03953-00\/g\/81241-6-EMEA.jpg?resize=393%2C590&#038;ssl=1\" alt=\"\" width=\"393\" height=\"590\" \/><\/p>\n<h3>LUOTU KEST\u00c4M\u00c4\u00c4N<\/h3>\n<p class=\"app__feature__card__description app__feature__card__description--left\">Vahvistettu kotelo kest\u00e4\u00e4 takapotkut ja on vesitiivis <a href=\"https:\/\/www.garmin.com\/legal\/waterrating-definitions\/\">IPX7-vesitiiviysluokituksen ansiosta<\/a>.<\/p>\n<\/div>\n<\/div>\n<\/div>\n<div class=\"app__layout-container app__layout-container--small app__layout-container--light\">\n<div class=\"app__column-layout app__column-layout__column--1 app__column-layout__column__mobile--1\">\n<div class=\"app__headline app__headline--dark app__headline--center app__headline--mobile--center\" data-translate=\"\">\n<h2><\/h2>\n<h2><\/h2>\n<h2>HIO TAITOJASI TARKKOJEN TIETOJEN AVULLA.<\/h2>\n<\/div>\n<\/div>\n<\/div>\n<div class=\"app__layout-container app__layout-container--small app__layout-container--light\">\n<div class=\"app__column-layout app__column-layout__column--5 app__column-layout__column__mobile--2\">\n<div class=\"app__feature__card\" data-translate=\"\">\n<p><img decoding=\"async\" class=\"app__feature__card__image\" src=\"https:\/\/res.garmin.com\/icons\/applied-ballistics.svg\" alt=\"\" \/><\/p>\n<h3>AB-INTEGROINTI<\/h3>\n<p class=\"app__feature__card__description app__feature__card__description--center\">Xero C2 -kronografi toimii Applied Ballistics -sovelluksen kanssa, joten voit tuoda piipun nopeustiedot suoraan AB Quantum -sovellukseen.<\/p>\n<\/div>\n<div class=\"app__feature__card\" data-translate=\"\">\n<p><img decoding=\"async\" class=\"app__feature__card__image\" src=\"https:\/\/res.garmin.com\/icons\/THUMB-UP.svg\" alt=\"\" \/><\/p>\n<h3>HELPPO K\u00c4YTT\u00c4\u00c4<\/h3>\n<p class=\"app__feature__card__description app__feature__card__description--center\">K\u00e4ytt\u00f6 on yksinkertaista niin sis\u00e4ll\u00e4 kuin ulkona taustavalaistun n\u00e4yt\u00f6n ja painikkeiden ansiosta.<\/p>\n<\/div>\n<div class=\"app__feature__card\" data-translate=\"\">\n<p><img decoding=\"async\" class=\"app__feature__card__image\" src=\"https:\/\/res.garmin.com\/icons\/calibration.svg\" alt=\"\" \/><\/p>\n<h3>HELPPO ASENNUS<\/h3>\n<p class=\"app__feature__card__description app__feature__card__description--center\">K\u00e4ynnist\u00e4. M\u00e4\u00e4rit\u00e4. Osoita ampumasuuntaan ja laukaise. Ihan totta.<\/p>\n<\/div>\n<div class=\"app__feature__card\" data-translate=\"\">\n<p><img decoding=\"async\" class=\"app__feature__card__image\" src=\"https:\/\/res.garmin.com\/icons\/Battery_Life.svg\" alt=\"\" \/><\/p>\n<h3>Ladattava akku<\/h3>\n<p class=\"app__feature__card__description app__feature__card__description--center\">Sinulla on runsaasti k\u00e4ytt\u00f6aikaa ampumaradalla, kun akun virta riitt\u00e4\u00e4 jopa 2\u00a0000 laukaukseen tai jopa 6 tunniksi.<\/p>\n<\/div>\n<div class=\"app__feature__card\" data-translate=\"\">\n<p><img decoding=\"async\" class=\"app__feature__card__image\" src=\"https:\/\/res.garmin.com\/icons\/SUPPRESSOR-SUPPORT.svg\" alt=\"\" \/><\/p>\n<h3>\u00c4\u00c4NENVAIMENNIN YHTEENSOPIVA<\/h3>\n<p class=\"app__feature__card__description app__feature__card__description--center\">Laite havaitsee laukaukset my\u00f6s vaimentimellisista ja suujarrullisista aseista.<\/p>\n<\/div>\n<div class=\"app__feature__card\"><\/div>\n<\/div>\n<div class=\"app__column-layout app__column-layout__column--5 app__column-layout__column__mobile--2\">\n<div class=\"app__feature__card\" data-translate=\"\">\n<p><img decoding=\"async\" class=\"app__feature__card__image\" src=\"https:\/\/res.garmin.com\/icons\/SHOTVIEW-SMARTPHONE-APP.svg\" alt=\"\" \/><\/p>\n<h3>USEAN LAITTEEN TUKI<\/h3>\n<p class=\"app__feature__card__description app__feature__card__description--center\">Voit aloittaa istunnon laitteessa ja jatkaa sit\u00e4 eri laitteessa <a href=\"https:\/\/www.garmin.com\/fi-FI\/p\/1252333\/\">ShotView-sovelluksella<\/a>.<\/p>\n<\/div>\n<div class=\"app__feature__card\">\n<table class=\"app__product__specs__container__group\">\n<tbody>\n<tr>\n<th class=\"specs-group narrow-column\">Yleiset<\/th>\n<\/tr>\n<tr>\n<td class=\"narrow-column\">Mitat<\/td>\n<td class=\"wide-column\">77 mm (3,03\u2033) x 60,5 mm (2,38\u2033) x 34,44 mm (1,36\u2033) ilman kolmijalkaa<br \/>\n130 mm (5,1\u2033) x 115 mm (4,5\u2033) x 138,5 mm (5,5\u2033) kolmijalan kanssa<\/td>\n<\/tr>\n<tr>\n<td class=\"narrow-column\">Paino<\/td>\n<td class=\"wide-column\">123,2 g ilman kolmijalkaa<br \/>\n178,2 g kolmijalan kanssa<\/td>\n<\/tr>\n<tr>\n<td class=\"narrow-column\"><a href=\"https:\/\/www.garmin.com\/fi-FI\/legal\/waterrating-definitions\/\">Vesitiiviysluokitus<\/a><\/td>\n<td class=\"wide-column\">IPX7<\/td>\n<\/tr>\n<tr>\n<td class=\"narrow-column\">N\u00e4yt\u00f6n tyyppi<\/td>\n<td class=\"wide-column\">Auringonvalossa luettava, transflektiivinen, mustavalkoinen<\/td>\n<\/tr>\n<tr>\n<td class=\"narrow-column\">N\u00e4yt\u00f6n koko, LxK<\/td>\n<td class=\"wide-column\">33 x 44 mm (1,3\u2033 x 1,7\u2033), l\u00e4vist\u00e4j\u00e4 55 mm (2,2\u2033)<\/td>\n<\/tr>\n<tr>\n<td class=\"narrow-column\">N\u00e4yt\u00f6n tarkkuus, LxK<\/td>\n<td class=\"wide-column\">240 x 320 kuvapistett\u00e4<\/td>\n<\/tr>\n<tr>\n<td class=\"narrow-column\"><a href=\"https:\/\/www.garmin.com\/fi-FI\/sustainability\/environment\/materials-and-substances\/#battery\">Pariston tyyppi<\/a><\/td>\n<td class=\"wide-column\">Sis\u00e4inen ladattava litiumioniakku<\/td>\n<\/tr>\n<tr>\n<td class=\"narrow-column\">Akunkesto<\/td>\n<td class=\"wide-column\">Jopa 6 tuntia<\/td>\n<\/tr>\n<tr>\n<td class=\"narrow-column\">Moniv\u00e4rinen n\u00e4ytt\u00f6:<\/td>\n<td class=\"wide-column\">ei<\/td>\n<\/tr>\n<tr>\n<td class=\"narrow-column\">K\u00e4ytt\u00f6alue<\/td>\n<td class=\"wide-column\">\u201310\u201355 \u00b0C (14\u2013131 \u00b0F)<\/td>\n<\/tr>\n<tr>\n<td class=\"narrow-column\">Muisti\/historia<\/td>\n<td class=\"wide-column\">200 istuntoa, ennen kuin tietojen tallentaminen puhelimeen edellytt\u00e4\u00e4 ShotView\u2122-sovelluksen synkronointia<\/td>\n<\/tr>\n<tr>\n<td class=\"narrow-column\">Liit\u00e4nt\u00e4<\/td>\n<td class=\"wide-column\">USB-C<\/td>\n<\/tr>\n<tr>\n<td class=\"narrow-column\">Laserluokitus<\/td>\n<td class=\"wide-column\">ei<\/td>\n<\/tr>\n<\/tbody>\n<\/table>\n<table class=\"app__product__specs__container__group\">\n<tbody>\n<tr>\n<th class=\"specs-group narrow-column\">Anturit<\/th>\n<\/tr>\n<tr>\n<td class=\"narrow-column\">GPS<\/td>\n<td class=\"wide-column\">ei<\/td>\n<\/tr>\n<tr>\n<td class=\"narrow-column\">Kompassi<\/td>\n<td class=\"wide-column\">ei<\/td>\n<\/tr>\n<\/tbody>\n<\/table>\n<table class=\"app__product__specs__container__group\">\n<tbody>\n<tr>\n<th class=\"specs-group narrow-column\">P\u00e4ivitt\u00e4iset \u00e4lyominaisuudet<\/th>\n<\/tr>\n<tr>\n<td class=\"narrow-column\">Yhteydet<\/td>\n<td class=\"wide-column\">BLUETOOTH\u00ae-tekniikka<\/td>\n<\/tr>\n<tr>\n<td class=\"narrow-column\">Mobiilisovellukseen,<\/td>\n<td class=\"wide-column\">ShotView\u2122 app<\/td>\n<\/tr>\n<\/tbody>\n<\/table>\n<table class=\"app__product__specs__container__group\">\n<tbody>\n<tr>\n<th class=\"specs-group narrow-column\">Kronografin ominaisuudet<\/th>\n<\/tr>\n<tr>\n<td class=\"narrow-column\">Seuraa kiv\u00e4\u00e4rej\u00e4 jopa 1524 m\/s \/ 5000 jalkaa\/s<\/td>\n<td class=\"wide-column\">Kyll\u00e4<\/td>\n<\/tr>\n<tr>\n<td class=\"narrow-column\">Seuraa jousia ja varsijousia jopa 182 m\/s \/ 600 jalkaa\/s<\/td>\n<td class=\"wide-column\">Kyll\u00e4<\/td>\n<\/tr>\n<tr>\n<td class=\"narrow-column\">Seuraa pistooleja jopa 1524 m\/s \/ 5000 jalkaa\/s<\/td>\n<td class=\"wide-column\">Kyll\u00e4<\/td>\n<\/tr>\n<tr>\n<td class=\"narrow-column\">Seuraa ilmakiv\u00e4\u00e4rej\u00e4 jopa 609 m\/s \/ 2000 jalkaa\/s<\/td>\n<td class=\"wide-column\">Kyll\u00e4<\/td>\n<\/tr>\n<tr>\n<td class=\"narrow-column\">Seuraa airsoft-aseita jopa 304 m\/s \/ 1000 jalkaa\/s<\/td>\n<td class=\"wide-column\">Kyll\u00e4<\/td>\n<\/tr>\n<tr>\n<td class=\"narrow-column\">Seuraa muita ammuksia 1524 m\/s \/ 5000 jalkaa\/s<\/td>\n<td class=\"wide-column\">Kyll\u00e4<\/td>\n<\/tr>\n<tr>\n<td class=\"narrow-column\">Laskee kineettisen energian piipun suulla<\/td>\n<td class=\"wide-column\">Kyll\u00e4<\/td>\n<\/tr>\n<tr>\n<td class=\"narrow-column\">Laskee tehotekij\u00e4n<\/td>\n<td class=\"wide-column\">Kyll\u00e4<\/td>\n<\/tr>\n<tr>\n<td class=\"narrow-column\">Laskee \u00e4\u00e4rihajonnan<\/td>\n<td class=\"wide-column\">Kyll\u00e4<\/td>\n<\/tr>\n<tr>\n<td class=\"narrow-column\">Laskee keskihajonnan<\/td>\n<td class=\"wide-column\">Kyll\u00e4<\/td>\n<\/tr>\n<tr>\n<td class=\"narrow-column\">Laskee istunnon keskiarvon<\/td>\n<td class=\"wide-column\">Kyll\u00e4<\/td>\n<\/tr>\n<tr>\n<td class=\"narrow-column\">Poista istunnon laukaukset<\/td>\n<td class=\"wide-column\">Laite tai sovellus<\/td>\n<\/tr>\n<tr>\n<td class=\"narrow-column\">Desimaalitarkkuus<\/td>\n<td class=\"wide-column\">Kyll\u00e4<\/td>\n<\/tr>\n<tr>\n<td class=\"narrow-column\">Lis\u00e4\u00e4 muistiinpanoja yksitt\u00e4isist\u00e4 laukauksista<\/td>\n<td class=\"wide-column\">Kyll\u00e4 (ShotView\u2122 app)<\/td>\n<\/tr>\n<tr>\n<td class=\"narrow-column\">Lis\u00e4\u00e4 muistiinpanoja istunnoista<\/td>\n<td class=\"wide-column\">Kyll\u00e4 (ShotView\u2122 app)<\/td>\n<\/tr>\n<tr>\n<td class=\"narrow-column\">Merkitse laukauksiin puhdas\/kylm\u00e4 putki<\/td>\n<td class=\"wide-column\">Kyll\u00e4 (ShotView\u2122 app)<\/td>\n<\/tr>\n<tr>\n<td class=\"narrow-column\">J\u00e4t\u00e4 laukaus pois keskiarvo- ja keskihajontalaskuista<\/td>\n<td class=\"wide-column\">Laite tai sovellus<\/td>\n<\/tr>\n<tr>\n<td class=\"narrow-column\">Kolmijalan tuki<\/td>\n<td class=\"wide-column\">Kyll\u00e4 (sopii \u00bc-20-kierteiseen)<\/td>\n<\/tr>\n<\/tbody>\n<\/table>\n<table class=\"app__product__specs__container__group\" style=\"height: 86px;\" width=\"406\">\n<tbody>\n<tr>\n<th class=\"specs-group narrow-column\">Turvallisuustiedot ja oikeudelliset tiedot<\/th>\n<\/tr>\n<tr>\n<td class=\"narrow-column\"><a href=\"https:\/\/www.garmin.com\/fi-FI\/legal\/eu-data-act\/chronograph\/\">EU:n datas\u00e4\u00e4d\u00f6stiedot &#8211; Kronografi<\/a><\/td>\n<td class=\"wide-column\">Kyll\u00e4<\/td>\n<\/tr>\n<\/tbody>\n<\/table>\n<\/div>\n<\/div>\n<\/div>\n<p>Pakkaus sis\u00e4lt\u00e4\u00e4:<br \/>\nXero C2 -kronografi<br \/>\nSuojakansi<br \/>\n1\/4-20-kierteinen kolmijalka<br \/>\nLataus-\/datakaapeli<br \/>\nOppaat<\/p>\n","protected":false},"excerpt":{"rendered":"<p><strong>Tilauksille ilmainen postitus Suomessa. K\u00e4yt\u00e4 koodia: RAHTI-XERO<\/strong><\/p>\n","protected":false},"featured_media":16572,"comment_status":"open","ping_status":"closed","template":"","meta":{"ocean_post_layout":"","ocean_both_sidebars_style":"","ocean_both_sidebars_content_width":0,"ocean_both_sidebars_sidebars_width":0,"ocean_sidebar":"0","ocean_second_sidebar":"0","ocean_disable_margins":"enable","ocean_add_body_class":"","ocean_shortcode_before_top_bar":"","ocean_shortcode_after_top_bar":"","ocean_shortcode_before_header":"","ocean_shortcode_after_header":"","ocean_has_shortcode":"","ocean_shortcode_after_title":"","ocean_shortcode_before_footer_widgets":"","ocean_shortcode_after_footer_widgets":"","ocean_shortcode_before_footer_bottom":"","ocean_shortcode_after_footer_bottom":"","ocean_display_top_bar":"default","ocean_display_header":"default","ocean_header_style":"","ocean_center_header_left_menu":"0","ocean_custom_header_template":"0","ocean_custom_logo":0,"ocean_custom_retina_logo":0,"ocean_custom_logo_max_width":0,"ocean_custom_logo_tablet_max_width":0,"ocean_custom_logo_mobile_max_width":0,"ocean_custom_logo_max_height":0,"ocean_custom_logo_tablet_max_height":0,"ocean_custom_logo_mobile_max_height":0,"ocean_header_custom_menu":"0","ocean_menu_typo_font_family":"0","ocean_menu_typo_font_subset":"","ocean_menu_typo_font_size":0,"ocean_menu_typo_font_size_tablet":0,"ocean_menu_typo_font_size_mobile":0,"ocean_menu_typo_font_size_unit":"px","ocean_menu_typo_font_weight":"","ocean_menu_typo_font_weight_tablet":"","ocean_menu_typo_font_weight_mobile":"","ocean_menu_typo_transform":"","ocean_menu_typo_transform_tablet":"","ocean_menu_typo_transform_mobile":"","ocean_menu_typo_line_height":0,"ocean_menu_typo_line_height_tablet":0,"ocean_menu_typo_line_height_mobile":0,"ocean_menu_typo_line_height_unit":"","ocean_menu_typo_spacing":0,"ocean_menu_typo_spacing_tablet":0,"ocean_menu_typo_spacing_mobile":0,"ocean_menu_typo_spacing_unit":"","ocean_menu_link_color":"","ocean_menu_link_color_hover":"","ocean_menu_link_color_active":"","ocean_menu_link_background":"","ocean_menu_link_hover_background":"","ocean_menu_link_active_background":"","ocean_menu_social_links_bg":"","ocean_menu_social_hover_links_bg":"","ocean_menu_social_links_color":"","ocean_menu_social_hover_links_color":"","ocean_disable_title":"default","ocean_disable_heading":"default","ocean_post_title":"","ocean_post_subheading":"","ocean_post_title_style":"","ocean_post_title_background_color":"","ocean_post_title_background":0,"ocean_post_title_bg_image_position":"","ocean_post_title_bg_image_attachment":"","ocean_post_title_bg_image_repeat":"","ocean_post_title_bg_image_size":"","ocean_post_title_height":0,"ocean_post_title_bg_overlay":0.5,"ocean_post_title_bg_overlay_color":"","ocean_disable_breadcrumbs":"default","ocean_breadcrumbs_color":"","ocean_breadcrumbs_separator_color":"","ocean_breadcrumbs_links_color":"","ocean_breadcrumbs_links_hover_color":"","ocean_display_footer_widgets":"default","ocean_display_footer_bottom":"default","ocean_custom_footer_template":"0","jetpack_publicize_message":"","jetpack_publicize_feature_enabled":true,"jetpack_social_post_already_shared":true,"jetpack_social_options":{"image_generator_settings":{"template":"highway","default_image_id":0,"font":"","enabled":false},"version":2}},"pwb-brand":[2778],"product_brand":[],"product_cat":[3065,2301],"product_tag":[3240,3241,2779,2197,2997],"class_list":{"0":"post-16562","1":"product","2":"type-product","3":"status-publish","4":"has-post-thumbnail","6":"pwb-brand-garmin","7":"product_cat-garmin","8":"product_cat-luodinnopeusmittarit","9":"product_tag-c2","10":"product_tag-chrongraph","11":"product_tag-garmin","12":"product_tag-luodinnopeusmittari","13":"product_tag-xero","15":"entry","16":"has-media","18":"first","19":"instock","20":"sale","21":"taxable","22":"shipping-taxable","23":"purchasable","24":"product-type-simple","25":"has-product-nav","26":"col","27":"span_1_of_4","28":"owp-content-center","29":"owp-thumbs-layout-horizontal","30":"owp-btn-normal","31":"owp-tabs-layout-horizontal"},"jetpack_publicize_connections":[],"jetpack_sharing_enabled":true,"brands":[{"id":2778,"name":"Garmin","slug":"garmin"}],"_links":{"self":[{"href":"https:\/\/mildot.fi\/index.php\/wp-json\/wp\/v2\/product\/16562","targetHints":{"allow":["GET"]}}],"collection":[{"href":"https:\/\/mildot.fi\/index.php\/wp-json\/wp\/v2\/product"}],"about":[{"href":"https:\/\/mildot.fi\/index.php\/wp-json\/wp\/v2\/types\/product"}],"replies":[{"embeddable":true,"href":"https:\/\/mildot.fi\/index.php\/wp-json\/wp\/v2\/comments?post=16562"}],"wp:featuredmedia":[{"embeddable":true,"href":"https:\/\/mildot.fi\/index.php\/wp-json\/wp\/v2\/media\/16572"}],"wp:attachment":[{"href":"https:\/\/mildot.fi\/index.php\/wp-json\/wp\/v2\/media?parent=16562"}],"wp:term":[{"taxonomy":"pwb-brand","embeddable":true,"href":"https:\/\/mildot.fi\/index.php\/wp-json\/wp\/v2\/pwb-brand?post=16562"},{"taxonomy":"product_brand","embeddable":true,"href":"https:\/\/mildot.fi\/index.php\/wp-json\/wp\/v2\/product_brand?post=16562"},{"taxonomy":"product_cat","embeddable":true,"href":"https:\/\/mildot.fi\/index.php\/wp-json\/wp\/v2\/product_cat?post=16562"},{"taxonomy":"product_tag","embeddable":true,"href":"https:\/\/mildot.fi\/index.php\/wp-json\/wp\/v2\/product_tag?post=16562"}],"curies":[{"name":"wp","href":"https:\/\/api.w.org\/{rel}","templated":true}]}}