{"id":16359,"date":"2025-11-23T20:21:38","date_gmt":"2025-11-23T18:21:38","guid":{"rendered":"https:\/\/mildot.fi\/?post_type=product&#038;p=16359"},"modified":"2025-11-27T08:03:06","modified_gmt":"2025-11-27T06:03:06","slug":"benro-gx35","status":"publish","type":"product","link":"https:\/\/mildot.fi\/index.php\/product\/benro-gx35\/","title":{"rendered":"Benro GX35 Low Profile kuulap\u00e4\u00e4"},"content":{"rendered":"<p>Benron matala profiilinen kuulap\u00e4\u00e4 raskaampaankin k\u00e4ytt\u00f6\u00f6n, sill\u00e4 pienest\u00e4 koosta huolimatta kuulap\u00e4\u00e4 tarjoaa jopa 35kg kantavuuden.<\/p>\n<p>Kuulap\u00e4\u00e4 on varustettu kahdella s\u00e4\u00e4t\u00f6ruuvilla, joista pienemm\u00e4ll\u00e4 s\u00e4\u00e4d\u00e4t panorointia, ja isommalla saat kiristetty\u00e4 kuulan. Kuulan kiristysruuviin on integroitu s\u00e4\u00e4t\u00f6ruuvi kuulan j\u00e4ykkyyden s\u00e4\u00e4t\u00f6\u00e4 varten.<\/p>\n<p>Kuulap\u00e4\u00e4n pohjassa on 3\/8&#8243; kierre, ja panorointia varten mitta-asteikko. Vesivaaka helpottaa kameran suoristamista.<\/p>\n<ul>\n<li>Kantavuus max. 35kg<\/li>\n<li>Pikakiinnityslevy: Benro PU56<\/li>\n<li>Arca-Swiss -yhteensopiva<\/li>\n<li>Kiinnityskierre kameraan: 1\/4&#8243;<\/li>\n<li>Pohjan kiinnityskierre: 3\/8&#8243;<\/li>\n<li>Vesivaaka: Kyll\u00e4<\/li>\n<li>Korkeus: 85mm<\/li>\n<li>Paino 400g<\/li>\n<\/ul>\n","protected":false},"excerpt":{"rendered":"<p>Benro GX35 on vain 400g painava kuulap\u00e4\u00e4 jopa 35kg kantavuudella. Arca-swiss yhteensopiva pikalevy.<\/p>\n","protected":false},"featured_media":16370,"comment_status":"open","ping_status":"closed","template":"","meta":{"ocean_post_layout":"","ocean_both_sidebars_style":"","ocean_both_sidebars_content_width":0,"ocean_both_sidebars_sidebars_width":0,"ocean_sidebar":"0","ocean_second_sidebar":"0","ocean_disable_margins":"enable","ocean_add_body_class":"","ocean_shortcode_before_top_bar":"","ocean_shortcode_after_top_bar":"","ocean_shortcode_before_header":"","ocean_shortcode_after_header":"","ocean_has_shortcode":"","ocean_shortcode_after_title":"","ocean_shortcode_before_footer_widgets":"","ocean_shortcode_after_footer_widgets":"","ocean_shortcode_before_footer_bottom":"","ocean_shortcode_after_footer_bottom":"","ocean_display_top_bar":"default","ocean_display_header":"default","ocean_header_style":"","ocean_center_header_left_menu":"0","ocean_custom_header_template":"0","ocean_custom_logo":0,"ocean_custom_retina_logo":0,"ocean_custom_logo_max_width":0,"ocean_custom_logo_tablet_max_width":0,"ocean_custom_logo_mobile_max_width":0,"ocean_custom_logo_max_height":0,"ocean_custom_logo_tablet_max_height":0,"ocean_custom_logo_mobile_max_height":0,"ocean_header_custom_menu":"0","ocean_menu_typo_font_family":"0","ocean_menu_typo_font_subset":"","ocean_menu_typo_font_size":0,"ocean_menu_typo_font_size_tablet":0,"ocean_menu_typo_font_size_mobile":0,"ocean_menu_typo_font_size_unit":"px","ocean_menu_typo_font_weight":"","ocean_menu_typo_font_weight_tablet":"","ocean_menu_typo_font_weight_mobile":"","ocean_menu_typo_transform":"","ocean_menu_typo_transform_tablet":"","ocean_menu_typo_transform_mobile":"","ocean_menu_typo_line_height":0,"ocean_menu_typo_line_height_tablet":0,"ocean_menu_typo_line_height_mobile":0,"ocean_menu_typo_line_height_unit":"","ocean_menu_typo_spacing":0,"ocean_menu_typo_spacing_tablet":0,"ocean_menu_typo_spacing_mobile":0,"ocean_menu_typo_spacing_unit":"","ocean_menu_link_color":"","ocean_menu_link_color_hover":"","ocean_menu_link_color_active":"","ocean_menu_link_background":"","ocean_menu_link_hover_background":"","ocean_menu_link_active_background":"","ocean_menu_social_links_bg":"","ocean_menu_social_hover_links_bg":"","ocean_menu_social_links_color":"","ocean_menu_social_hover_links_color":"","ocean_disable_title":"default","ocean_disable_heading":"default","ocean_post_title":"","ocean_post_subheading":"","ocean_post_title_style":"","ocean_post_title_background_color":"","ocean_post_title_background":0,"ocean_post_title_bg_image_position":"","ocean_post_title_bg_image_attachment":"","ocean_post_title_bg_image_repeat":"","ocean_post_title_bg_image_size":"","ocean_post_title_height":0,"ocean_post_title_bg_overlay":0.5,"ocean_post_title_bg_overlay_color":"","ocean_disable_breadcrumbs":"default","ocean_breadcrumbs_color":"","ocean_breadcrumbs_separator_color":"","ocean_breadcrumbs_links_color":"","ocean_breadcrumbs_links_hover_color":"","ocean_display_footer_widgets":"default","ocean_display_footer_bottom":"default","ocean_custom_footer_template":"0","jetpack_publicize_message":"","jetpack_publicize_feature_enabled":true,"jetpack_social_post_already_shared":true,"jetpack_social_options":{"image_generator_settings":{"template":"highway","default_image_id":0,"font":"","enabled":false},"version":2}},"pwb-brand":[1986],"product_brand":[],"product_cat":[299],"product_tag":[2414,1987,3202,1991],"class_list":{"0":"post-16359","1":"product","2":"type-product","3":"status-publish","4":"has-post-thumbnail","6":"pwb-brand-benro","7":"product_cat-ampumatuet","8":"product_tag-arca","9":"product_tag-benro","10":"product_tag-gx-35","11":"product_tag-kuulapaa","13":"entry","14":"has-media","16":"first","17":"instock","18":"taxable","19":"shipping-taxable","20":"purchasable","21":"product-type-simple","22":"has-product-nav","23":"col","24":"span_1_of_4","25":"owp-content-center","26":"owp-thumbs-layout-horizontal","27":"owp-btn-normal","28":"owp-tabs-layout-horizontal"},"jetpack_publicize_connections":[],"jetpack_sharing_enabled":true,"brands":[{"id":1986,"name":"Benro","slug":"benro"}],"_links":{"self":[{"href":"https:\/\/mildot.fi\/index.php\/wp-json\/wp\/v2\/product\/16359","targetHints":{"allow":["GET"]}}],"collection":[{"href":"https:\/\/mildot.fi\/index.php\/wp-json\/wp\/v2\/product"}],"about":[{"href":"https:\/\/mildot.fi\/index.php\/wp-json\/wp\/v2\/types\/product"}],"replies":[{"embeddable":true,"href":"https:\/\/mildot.fi\/index.php\/wp-json\/wp\/v2\/comments?post=16359"}],"wp:featuredmedia":[{"embeddable":true,"href":"https:\/\/mildot.fi\/index.php\/wp-json\/wp\/v2\/media\/16370"}],"wp:attachment":[{"href":"https:\/\/mildot.fi\/index.php\/wp-json\/wp\/v2\/media?parent=16359"}],"wp:term":[{"taxonomy":"pwb-brand","embeddable":true,"href":"https:\/\/mildot.fi\/index.php\/wp-json\/wp\/v2\/pwb-brand?post=16359"},{"taxonomy":"product_brand","embeddable":true,"href":"https:\/\/mildot.fi\/index.php\/wp-json\/wp\/v2\/product_brand?post=16359"},{"taxonomy":"product_cat","embeddable":true,"href":"https:\/\/mildot.fi\/index.php\/wp-json\/wp\/v2\/product_cat?post=16359"},{"taxonomy":"product_tag","embeddable":true,"href":"https:\/\/mildot.fi\/index.php\/wp-json\/wp\/v2\/product_tag?post=16359"}],"curies":[{"name":"wp","href":"https:\/\/api.w.org\/{rel}","templated":true}]}}