{"id":16097,"date":"2025-09-19T07:22:23","date_gmt":"2025-09-19T05:22:23","guid":{"rendered":"https:\/\/mildot.fi\/?post_type=product&#038;p=16097"},"modified":"2025-09-19T07:33:20","modified_gmt":"2025-09-19T05:33:20","slug":"hornady-l-n-l-classic-kit","status":"publish","type":"product","link":"https:\/\/mildot.fi\/index.php\/product\/hornady-l-n-l-classic-kit\/","title":{"rendered":"Hornady L-N-L Classic Kit puristin sis. 13 tarviketta"},"content":{"rendered":"<p><iframe title=\"vimeo-player\" src=\"https:\/\/player.vimeo.com\/video\/803241218?h=81d7f38b95\" width=\"640\" height=\"360\" frameborder=\"0\" allowfullscreen=\"allowfullscreen\"><span style=\"display: inline-block; width: 0px; overflow: hidden; line-height: 0;\" data-mce-type=\"bookmark\" class=\"mce_SELRES_start\">\ufeff<\/span><\/iframe><\/p>\n<p>&nbsp;<\/p>\n<div class=\"row\">\n<div class=\"cutaway-left center col-3\"><img data-recalc-dims=\"1\" decoding=\"async\" class=\"border\" src=\"https:\/\/i0.wp.com\/impx.hornady.media\/wfBLNzu53zRfCxDLUuREA3uTCTRnrEP7zDvcxU8Zt5M\/w%3A150\/h%3A150\/rt%3Afill\/f%3Awebp\/aHR0cHM6Ly9zdGF0aWMuaG9ybmFkeS5tZWRpYS9wcmVzc2NlbnRlci9waG90b3MvMTQxMDk5MjI1Mi0wODUwMDEtTE5MLUNsYXNzaWMtQnVzaGluZy1TeXN0ZW0uanBn.webp?w=1200&#038;ssl=1\" alt=\"Photo of Quick Change Bushing System\" data-uw-rm-alt-original=\"Photo of Quick Change Bushing System\" data-uw-rm-alt=\"ALT\" \/><\/div>\n<div class=\"text-right col-9\">\n<h3>Lock\u2011N\u2011Load\u00ae Quick Change Bushing System<\/h3>\n<p>Lock\u2011N\u2011Load\u00ae bushings not only let you switch from one die to another in a matter of seconds, they also offer the quickest and easiest die setup on the market. Just set the die and tighten the Sure\u2011Loc\u2122 ring on to the Lock\u2011N\u2011Load\u00ae bushing. Quickly remove and re\u2011install without the need to readjust the die or keep a separate seater die for each of your pet loads.<\/p>\n<\/div>\n<\/div>\n<div class=\"row\">\n<div class=\"cutaway-left center col-3\"><img data-recalc-dims=\"1\" decoding=\"async\" class=\"border\" src=\"https:\/\/i0.wp.com\/impx.hornady.media\/uoUW9Vm7naY-T0H3PVXSOETjYoL10Jlkrok8yFB6H74\/w%3A150\/h%3A150\/rt%3Afill\/f%3Awebp\/aHR0cHM6Ly9zdGF0aWMuaG9ybmFkeS5tZWRpYS9wcmVzc2NlbnRlci9waG90b3MvMTQxMDk5MjI1My0wODUwMDEtTE5MLUNsYXNzaWMtTGlua2FnZS5qcGc.webp?w=1200&#038;ssl=1\" alt=\"Photo of Power-Pac Linkage\" data-uw-rm-alt-original=\"Photo of Power-Pac Linkage\" data-uw-rm-alt=\"ALT\" \/><\/div>\n<div class=\"text-right col-9\">\n<h3>Power\u2011Pac Linkage and Solid Steel Arms<\/h3>\n<p>Arms rotate on steel pins that run completely through the cast frame. The Power\u2011Pac linkage design multiplies the leverage you apply to the handle, making it easier to size cases and reduces user fatigue.<\/p>\n<\/div>\n<\/div>\n<div class=\"row\">\n<div class=\"cutaway-left center col-3\"><img data-recalc-dims=\"1\" decoding=\"async\" class=\"border\" src=\"https:\/\/i0.wp.com\/impx.hornady.media\/pfSEIRqPgzxOa3ug8-FiA45V722evWaitbYQ8PaO-30\/w%3A150\/h%3A150\/rt%3Afill\/f%3Awebp\/aHR0cHM6Ly9zdGF0aWMuaG9ybmFkeS5tZWRpYS9wcmVzc2NlbnRlci9waG90b3MvMTQxMDk5MjI1MS0wODUwMDEtTE5MLUNsYXNzaWMtUHJlc3MtSW5zZXJ0LTIuanBn.webp?w=1200&#038;ssl=1\" alt=\"Photo of Positive Priming System\u2122 (PPS)\" data-uw-rm-alt-original=\"Photo of Positive Priming System\u2122 (PPS)\" data-uw-rm-alt=\"ALT\" \/><\/div>\n<div class=\"text-right col-9\">\n<h3>Positive Priming System\u2122 (PPS)<\/h3>\n<p>Once the spent primer ejects at the top of the stroke, you can add a new primer to the PPS and it self\u2011aligns to feed and insert the primer at the bottom of the stroke where leverage is best. Our self\u2011aligning primer arm also allows for easy manual inserting of primers without having to raise the handle. All the work is done at the bottom of the stroke. Works easier than ram prime units and much better than old style primer arms. Small and large punch included.<\/p>\n<\/div>\n<\/div>\n<div class=\"row\">\n<div class=\"cutaway-left center col-3\"><img data-recalc-dims=\"1\" decoding=\"async\" class=\"border\" src=\"https:\/\/i0.wp.com\/impx.hornady.media\/s7fBlLD3nWFUO6Jd3nmGKuzcse6MpzYSI32hwNVAjQQ\/w%3A150\/h%3A150\/rt%3Afill\/f%3Awebp\/aHR0cHM6Ly9zdGF0aWMuaG9ybmFkeS5tZWRpYS9wcmVzc2NlbnRlci9waG90b3MvNTQxMDA4NTAwMV9sb2NrbmxvYWRfY2xhc3NpYy5qcGc.webp?w=1200&#038;ssl=1\" alt=\"Photo of Strong Angled Frame\" data-uw-rm-alt-original=\"Photo of Strong Angled Frame\" data-uw-rm-alt=\"ALT\" \/><\/div>\n<div class=\"text-right col-9\">\n<h3>Strong Angled Frame<\/h3>\n<p>This high strength alloy frame offers the rigidity and stability needed for precision reloading, and is guaranteed never to break or fail. The frame&#8217;s unique angle gives the reloader greater visibility and easier access to the cartridge in the press.<\/p>\n<\/div>\n<\/div>\n<div class=\"row\">\n<div class=\"cutaway-left center col-3\"><img data-recalc-dims=\"1\" decoding=\"async\" class=\"border\" src=\"https:\/\/i0.wp.com\/impx.hornady.media\/fWVQWfMgMl5tVtrP5qZSVg7j9ihCb3Up1QEmJYZ_Axs\/w%3A150\/h%3A150\/rt%3Afill\/f%3Awebp\/aHR0cHM6Ly9zdGF0aWMuaG9ybmFkeS5tZWRpYS9wcmVzc2NlbnRlci9waG90b3MvMTQxMDk5MjI1NC0wODUwMDEtTE5MLUNsYXNzaWMtSGFuZGxlLmpwZw.webp?w=1200&#038;ssl=1\" alt=\"Photo of Easy Grip Handle\" data-uw-rm-alt-original=\"Photo of Easy Grip Handle\" data-uw-rm-alt=\"ALT\" \/><\/div>\n<div class=\"text-right col-9\">\n<h3>Easy Grip Handle<\/h3>\n<p>Large, ball\u2011style grip reduces fatigue. The long handle increases leverage and reduces effort.<\/p>\n<\/div>\n<div class=\"text-right\">\n<h2><\/h2>\n<h2><\/h2>\n<h2><\/h2>\n<h2>How Lock\u2011N\u2011Load<sup>\u00ae<\/sup> Works<\/h2>\n<h5 role=\"heading\" aria-level=\"3\" data-uw-rm-heading=\"level\"><\/h5>\n<dl class=\"number\">\n<dd><img data-recalc-dims=\"1\" fetchpriority=\"high\" decoding=\"async\" class=\"alignleft wp-image-16099\" src=\"https:\/\/i0.wp.com\/mildot.fi\/wp-content\/uploads\/2025\/09\/hornady-how-LNL-works.png?resize=416%2C410&#038;ssl=1\" alt=\"\" width=\"416\" height=\"410\" srcset=\"https:\/\/i0.wp.com\/mildot.fi\/wp-content\/uploads\/2025\/09\/hornady-how-LNL-works.png?w=558&amp;ssl=1 558w, https:\/\/i0.wp.com\/mildot.fi\/wp-content\/uploads\/2025\/09\/hornady-how-LNL-works.png?resize=300%2C296&amp;ssl=1 300w, https:\/\/i0.wp.com\/mildot.fi\/wp-content\/uploads\/2025\/09\/hornady-how-LNL-works.png?resize=100%2C100&amp;ssl=1 100w, https:\/\/i0.wp.com\/mildot.fi\/wp-content\/uploads\/2025\/09\/hornady-how-LNL-works.png?resize=50%2C50&amp;ssl=1 50w\" sizes=\"(max-width: 416px) 100vw, 416px\" \/><\/dd>\n<dd><\/dd>\n<dd><\/dd>\n<dd><\/dd>\n<dd><\/dd>\n<dd><\/dd>\n<dd><\/dd>\n<dd><\/dd>\n<dd><\/dd>\n<dd><\/dd>\n<dd><\/dd>\n<dd><\/dd>\n<dd><\/dd>\n<dd><\/dd>\n<dd><\/dd>\n<dd><\/dd>\n<dd><\/dd>\n<dd><\/dd>\n<dd><\/dd>\n<dd><\/dd>\n<dd><\/dd>\n<dd><\/dd>\n<dd><\/dd>\n<dd><\/dd>\n<dd>\n<p role=\"heading\" aria-level=\"3\" data-uw-rm-heading=\"level\">The Hornady<sup>\u00ae<\/sup> Lock\u2011N\u2011Load<sup>\u00ae<\/sup> System is as Easy as 1\u20112\u20113Insert the Lock\u2011N\u2011Load<sup>\u00ae<\/sup> die bushing into the press bushing and lock it into place with a twist. The six locking lugs on the die and press bushings will hold it securely in position.Insert your standard die with 7\/8&#8243;\u201114 threads into the Lock\u2011N\u2011Load<sup>\u00ae<\/sup> bushing.<\/p>\n<p>Adjust the die to the proper position and lock your setting into the place with Hornady&#8217;s unique Sure\u2011Loc<sup>\u2122<\/sup> lock ring.<\/dd>\n<\/dl>\n<p>To change calibers, simply twist the die counterclockwise, remove die and insert your next preset Lock\u2011N\u2011Load<sup>\u00ae<\/sup> die and bushing. Because they remain locked in their Lock\u2011N\u2011Load<sup>\u00ae<\/sup> bushings, your dies will remain exactly as you set them. The positive locking action of the Lock\u2011N\u2011Load<sup>\u00ae<\/sup> bushings holds the dies in rock solid, perfect alignment.<\/p>\n<p role=\"heading\" aria-level=\"4\" data-uw-rm-heading=\"level\"><em>Once you try Lock\u2011N\u2011Load<sup>\u00ae<\/sup> from Hornady<sup>\u00ae<\/sup>, you&#8217;ll NEVER want to go back to your old system!<\/em><\/p>\n<p><a href=\"https:\/\/mildot.fi\/wp-content\/uploads\/2025\/09\/hornady-Classic-Press-Instructions.pdf\">Hornady Classic Press manual.pdf<\/a><\/p>\n<\/div>\n<\/div>\n","protected":false},"excerpt":{"rendered":"<p>Hornady Lock-N-Load Classic Kit on lataussarja, jolla p\u00e4\u00e4see kiv\u00e4\u00e4rin ja pistoolin patruunoiden lataaja helposti harrastuksessa alkuun. Laadukas puristin ja lis\u00e4tarvikkeet vastaavat kuitenkin hyvin my\u00f6s edistyneempien lataajien tarpeita ja setti on latausharrastuksen kehittymisen my\u00f6t\u00e4 varusteltavissa kattavilla lis\u00e4ominaisuuksilla.<\/p>\n<p>Hornady Lock-N-Load Classic Kit sis\u00e4lt\u00e4\u00e4 kest\u00e4v\u00e4n ja pitk\u00e4ik\u00e4isen yksivaiheisen latauspuristimen. Puristimen pitk\u00e4 ja ergonominen kahva helpottaa lataamistoimintaa huomattavasti.<\/p>\n<p>Hornady Lock-N-Load Classic Kit sis\u00e4lt\u00e4\u00e4:<\/p>\n<ul>\n<li>Yksivaiheinen Lock-N-Load puristin<\/li>\n<li>Lock-N- Load ruutiannostelija<\/li>\n<li>3 kpl Lock-N-Load adapteria, joilla mahdollistetaan tarvikkeiden yhteensopivuus my\u00f6s toisten lataustarvikemerkkien kesken<\/li>\n<li>Digitaalinen vaaka<\/li>\n<li>Hornadyn latausopas<\/li>\n<li>Nallinpoisto &#8220;alusta&#8221; eli Primer catcher<\/li>\n<li>Latausta helpottava positive priming system (PPS) -osa<\/li>\n<li>K\u00e4sinallitin<\/li>\n<li>Latausalusta<\/li>\n<li>Suuaukonjyrsin<\/li>\n<li>Ruutisirotin<\/li>\n<li>Hylsy\u00f6ljy<\/li>\n<\/ul>\n<p>Vaikka Lock-N-Load Classic Kit on kattava kokonaisuus, tulee sinun lis\u00e4ksi hankkia erikseen kaliberikohtainen hylsynpidin ja latausholkit.<\/p>\n","protected":false},"featured_media":16102,"comment_status":"open","ping_status":"closed","template":"","meta":{"ocean_post_layout":"","ocean_both_sidebars_style":"","ocean_both_sidebars_content_width":0,"ocean_both_sidebars_sidebars_width":0,"ocean_sidebar":"0","ocean_second_sidebar":"0","ocean_disable_margins":"enable","ocean_add_body_class":"","ocean_shortcode_before_top_bar":"","ocean_shortcode_after_top_bar":"","ocean_shortcode_before_header":"","ocean_shortcode_after_header":"","ocean_has_shortcode":"","ocean_shortcode_after_title":"","ocean_shortcode_before_footer_widgets":"","ocean_shortcode_after_footer_widgets":"","ocean_shortcode_before_footer_bottom":"","ocean_shortcode_after_footer_bottom":"","ocean_display_top_bar":"default","ocean_display_header":"default","ocean_header_style":"","ocean_center_header_left_menu":"0","ocean_custom_header_template":"0","ocean_custom_logo":0,"ocean_custom_retina_logo":0,"ocean_custom_logo_max_width":0,"ocean_custom_logo_tablet_max_width":0,"ocean_custom_logo_mobile_max_width":0,"ocean_custom_logo_max_height":0,"ocean_custom_logo_tablet_max_height":0,"ocean_custom_logo_mobile_max_height":0,"ocean_header_custom_menu":"0","ocean_menu_typo_font_family":"0","ocean_menu_typo_font_subset":"","ocean_menu_typo_font_size":0,"ocean_menu_typo_font_size_tablet":0,"ocean_menu_typo_font_size_mobile":0,"ocean_menu_typo_font_size_unit":"px","ocean_menu_typo_font_weight":"","ocean_menu_typo_font_weight_tablet":"","ocean_menu_typo_font_weight_mobile":"","ocean_menu_typo_transform":"","ocean_menu_typo_transform_tablet":"","ocean_menu_typo_transform_mobile":"","ocean_menu_typo_line_height":0,"ocean_menu_typo_line_height_tablet":0,"ocean_menu_typo_line_height_mobile":0,"ocean_menu_typo_line_height_unit":"","ocean_menu_typo_spacing":0,"ocean_menu_typo_spacing_tablet":0,"ocean_menu_typo_spacing_mobile":0,"ocean_menu_typo_spacing_unit":"","ocean_menu_link_color":"","ocean_menu_link_color_hover":"","ocean_menu_link_color_active":"","ocean_menu_link_background":"","ocean_menu_link_hover_background":"","ocean_menu_link_active_background":"","ocean_menu_social_links_bg":"","ocean_menu_social_hover_links_bg":"","ocean_menu_social_links_color":"","ocean_menu_social_hover_links_color":"","ocean_disable_title":"default","ocean_disable_heading":"default","ocean_post_title":"","ocean_post_subheading":"","ocean_post_title_style":"","ocean_post_title_background_color":"","ocean_post_title_background":0,"ocean_post_title_bg_image_position":"","ocean_post_title_bg_image_attachment":"","ocean_post_title_bg_image_repeat":"","ocean_post_title_bg_image_size":"","ocean_post_title_height":0,"ocean_post_title_bg_overlay":0.5,"ocean_post_title_bg_overlay_color":"","ocean_disable_breadcrumbs":"default","ocean_breadcrumbs_color":"","ocean_breadcrumbs_separator_color":"","ocean_breadcrumbs_links_color":"","ocean_breadcrumbs_links_hover_color":"","ocean_display_footer_widgets":"default","ocean_display_footer_bottom":"default","ocean_custom_footer_template":"0","jetpack_publicize_message":"","jetpack_publicize_feature_enabled":true,"jetpack_social_post_already_shared":true,"jetpack_social_options":{"image_generator_settings":{"template":"highway","default_image_id":0,"font":"","enabled":false},"version":2}},"pwb-brand":[3157],"product_brand":[],"product_cat":[3158,3151],"product_tag":[3168,780,3159,2427,1983],"class_list":{"0":"post-16097","1":"product","2":"type-product","3":"status-publish","4":"has-post-thumbnail","6":"pwb-brand-hornady","7":"product_cat-hornady","8":"product_cat-jalleenlataus","9":"product_tag-3168","10":"product_tag-classic","11":"product_tag-hornady","12":"product_tag-kit","13":"product_tag-reload","15":"entry","16":"has-media","18":"first","19":"instock","20":"taxable","21":"shipping-taxable","22":"purchasable","23":"product-type-simple","24":"has-product-nav","25":"col","26":"span_1_of_4","27":"owp-content-center","28":"owp-thumbs-layout-horizontal","29":"owp-btn-normal","30":"owp-tabs-layout-horizontal"},"jetpack_publicize_connections":[],"jetpack_sharing_enabled":true,"brands":[{"id":3157,"name":"Hornady","slug":"hornady"}],"_links":{"self":[{"href":"https:\/\/mildot.fi\/index.php\/wp-json\/wp\/v2\/product\/16097","targetHints":{"allow":["GET"]}}],"collection":[{"href":"https:\/\/mildot.fi\/index.php\/wp-json\/wp\/v2\/product"}],"about":[{"href":"https:\/\/mildot.fi\/index.php\/wp-json\/wp\/v2\/types\/product"}],"replies":[{"embeddable":true,"href":"https:\/\/mildot.fi\/index.php\/wp-json\/wp\/v2\/comments?post=16097"}],"wp:featuredmedia":[{"embeddable":true,"href":"https:\/\/mildot.fi\/index.php\/wp-json\/wp\/v2\/media\/16102"}],"wp:attachment":[{"href":"https:\/\/mildot.fi\/index.php\/wp-json\/wp\/v2\/media?parent=16097"}],"wp:term":[{"taxonomy":"pwb-brand","embeddable":true,"href":"https:\/\/mildot.fi\/index.php\/wp-json\/wp\/v2\/pwb-brand?post=16097"},{"taxonomy":"product_brand","embeddable":true,"href":"https:\/\/mildot.fi\/index.php\/wp-json\/wp\/v2\/product_brand?post=16097"},{"taxonomy":"product_cat","embeddable":true,"href":"https:\/\/mildot.fi\/index.php\/wp-json\/wp\/v2\/product_cat?post=16097"},{"taxonomy":"product_tag","embeddable":true,"href":"https:\/\/mildot.fi\/index.php\/wp-json\/wp\/v2\/product_tag?post=16097"}],"curies":[{"name":"wp","href":"https:\/\/api.w.org\/{rel}","templated":true}]}}