{"id":15978,"date":"2025-09-05T09:48:37","date_gmt":"2025-09-05T07:48:37","guid":{"rendered":"https:\/\/mildot.fi\/?post_type=product&#038;p=15978"},"modified":"2025-09-05T10:29:52","modified_gmt":"2025-09-05T08:29:52","slug":"nanuk-aselaukku-990","status":"publish","type":"product","link":"https:\/\/mildot.fi\/index.php\/product\/nanuk-aselaukku-990\/","title":{"rendered":"Nanuk &#8211; Aselaukku 990 Musta"},"content":{"rendered":"<p>The NANUK 990 protective case comes with two soft grip and ergonomic handles to make it easy and comfortable to transport.<br \/>\nThe handles feature stainless steel hardware and are spring-loaded to avoid harm way when traveling or during shipping.<\/p>\n<p><img data-recalc-dims=\"1\" fetchpriority=\"high\" decoding=\"async\" class=\"aligncenter wp-image-15987 size-medium\" src=\"https:\/\/i0.wp.com\/mildot.fi\/wp-content\/uploads\/2025\/09\/nanuk-990-black-padlock_1024x1024.webp?resize=300%2C300&#038;ssl=1\" alt=\"\" width=\"300\" height=\"300\" srcset=\"https:\/\/i0.wp.com\/mildot.fi\/wp-content\/uploads\/2025\/09\/nanuk-990-black-padlock_1024x1024.webp?resize=300%2C300&amp;ssl=1 300w, https:\/\/i0.wp.com\/mildot.fi\/wp-content\/uploads\/2025\/09\/nanuk-990-black-padlock_1024x1024.webp?resize=150%2C150&amp;ssl=1 150w, https:\/\/i0.wp.com\/mildot.fi\/wp-content\/uploads\/2025\/09\/nanuk-990-black-padlock_1024x1024.webp?resize=600%2C600&amp;ssl=1 600w, https:\/\/i0.wp.com\/mildot.fi\/wp-content\/uploads\/2025\/09\/nanuk-990-black-padlock_1024x1024.webp?resize=400%2C400&amp;ssl=1 400w, https:\/\/i0.wp.com\/mildot.fi\/wp-content\/uploads\/2025\/09\/nanuk-990-black-padlock_1024x1024.webp?resize=100%2C100&amp;ssl=1 100w, https:\/\/i0.wp.com\/mildot.fi\/wp-content\/uploads\/2025\/09\/nanuk-990-black-padlock_1024x1024.webp?resize=50%2C50&amp;ssl=1 50w, https:\/\/i0.wp.com\/mildot.fi\/wp-content\/uploads\/2025\/09\/nanuk-990-black-padlock_1024x1024.webp?w=700&amp;ssl=1 700w\" sizes=\"(max-width: 300px) 100vw, 300px\" \/><\/p>\n<p>&nbsp;<\/p>\n<p class=\"h2\">Automatic Pressure Release Valve<br \/>\n<span class=\"metafield-multi_line_text_field\">Changes in altitude, temperature, humidity and geographic location create a \u201cvacuum lock\u201d which can effectively seal a case shut. NANUK&#8217;s integrated auto-pressure valve equalizes this atmospheric pressure difference. Using state-of-the-art technology, the micro vent allows air to pass through while preventing water from entering.<\/span><\/p>\n<p>&nbsp;<\/p>\n<p><img data-recalc-dims=\"1\" decoding=\"async\" class=\"aligncenter size-medium wp-image-15984\" src=\"https:\/\/i0.wp.com\/mildot.fi\/wp-content\/uploads\/2025\/09\/feature-935-pressure-valve.webp?resize=300%2C300&#038;ssl=1\" alt=\"\" width=\"300\" height=\"300\" srcset=\"https:\/\/i0.wp.com\/mildot.fi\/wp-content\/uploads\/2025\/09\/feature-935-pressure-valve.webp?resize=300%2C300&amp;ssl=1 300w, https:\/\/i0.wp.com\/mildot.fi\/wp-content\/uploads\/2025\/09\/feature-935-pressure-valve.webp?resize=1024%2C1024&amp;ssl=1 1024w, https:\/\/i0.wp.com\/mildot.fi\/wp-content\/uploads\/2025\/09\/feature-935-pressure-valve.webp?resize=150%2C150&amp;ssl=1 150w, https:\/\/i0.wp.com\/mildot.fi\/wp-content\/uploads\/2025\/09\/feature-935-pressure-valve.webp?resize=768%2C768&amp;ssl=1 768w, https:\/\/i0.wp.com\/mildot.fi\/wp-content\/uploads\/2025\/09\/feature-935-pressure-valve.webp?resize=1536%2C1536&amp;ssl=1 1536w, https:\/\/i0.wp.com\/mildot.fi\/wp-content\/uploads\/2025\/09\/feature-935-pressure-valve.webp?resize=600%2C600&amp;ssl=1 600w, https:\/\/i0.wp.com\/mildot.fi\/wp-content\/uploads\/2025\/09\/feature-935-pressure-valve.webp?resize=400%2C400&amp;ssl=1 400w, https:\/\/i0.wp.com\/mildot.fi\/wp-content\/uploads\/2025\/09\/feature-935-pressure-valve.webp?resize=700%2C700&amp;ssl=1 700w, https:\/\/i0.wp.com\/mildot.fi\/wp-content\/uploads\/2025\/09\/feature-935-pressure-valve.webp?resize=100%2C100&amp;ssl=1 100w, https:\/\/i0.wp.com\/mildot.fi\/wp-content\/uploads\/2025\/09\/feature-935-pressure-valve.webp?resize=50%2C50&amp;ssl=1 50w, https:\/\/i0.wp.com\/mildot.fi\/wp-content\/uploads\/2025\/09\/feature-935-pressure-valve.webp?w=1600&amp;ssl=1 1600w\" sizes=\"(max-width: 300px) 100vw, 300px\" \/><\/p>\n<p class=\"h2\">Indestructible &amp; Lightweight NK-7 Resin<br \/>\n<span class=\"metafield-multi_line_text_field\">Impact-resistant, lightweight, and armed with an NK-7 resin body, this NANUK case is designed with rounded corners, thick, strong walls, and oversized details. No matter what nature throws its way, NANUK is built to survive. This NANUK is shock-absorbent to prevent damage to the case and, more importantly, to the valuable contents.<\/span><\/p>\n<p>&nbsp;<\/p>\n<p><img data-recalc-dims=\"1\" decoding=\"async\" class=\"aligncenter size-medium wp-image-15988\" src=\"https:\/\/i0.wp.com\/mildot.fi\/wp-content\/uploads\/2025\/09\/feature-935-impact2.webp?resize=300%2C300&#038;ssl=1\" alt=\"\" width=\"300\" height=\"300\" srcset=\"https:\/\/i0.wp.com\/mildot.fi\/wp-content\/uploads\/2025\/09\/feature-935-impact2.webp?resize=300%2C300&amp;ssl=1 300w, https:\/\/i0.wp.com\/mildot.fi\/wp-content\/uploads\/2025\/09\/feature-935-impact2.webp?resize=1024%2C1024&amp;ssl=1 1024w, https:\/\/i0.wp.com\/mildot.fi\/wp-content\/uploads\/2025\/09\/feature-935-impact2.webp?resize=150%2C150&amp;ssl=1 150w, https:\/\/i0.wp.com\/mildot.fi\/wp-content\/uploads\/2025\/09\/feature-935-impact2.webp?resize=768%2C768&amp;ssl=1 768w, https:\/\/i0.wp.com\/mildot.fi\/wp-content\/uploads\/2025\/09\/feature-935-impact2.webp?resize=1536%2C1536&amp;ssl=1 1536w, https:\/\/i0.wp.com\/mildot.fi\/wp-content\/uploads\/2025\/09\/feature-935-impact2.webp?resize=600%2C600&amp;ssl=1 600w, https:\/\/i0.wp.com\/mildot.fi\/wp-content\/uploads\/2025\/09\/feature-935-impact2.webp?resize=400%2C400&amp;ssl=1 400w, https:\/\/i0.wp.com\/mildot.fi\/wp-content\/uploads\/2025\/09\/feature-935-impact2.webp?resize=700%2C700&amp;ssl=1 700w, https:\/\/i0.wp.com\/mildot.fi\/wp-content\/uploads\/2025\/09\/feature-935-impact2.webp?resize=100%2C100&amp;ssl=1 100w, https:\/\/i0.wp.com\/mildot.fi\/wp-content\/uploads\/2025\/09\/feature-935-impact2.webp?resize=50%2C50&amp;ssl=1 50w, https:\/\/i0.wp.com\/mildot.fi\/wp-content\/uploads\/2025\/09\/feature-935-impact2.webp?w=1600&amp;ssl=1 1600w\" sizes=\"(max-width: 300px) 100vw, 300px\" \/><\/p>\n<p class=\"h2\">IP67 Waterproof &amp; Dustproof<br \/>\n<span class=\"metafield-multi_line_text_field\">NANUK protective cases were primarily designed for front line protection, search and rescue missions, first responders, military, industrial, marine and diving uses. The professionals that rely on NANUK cases require a reliable, waterproof solution which resists deformation and fatigue. NANUK ensures a long-lasting, watertight seal &#8211; nothing gets in \u2013 nothing!<\/span><\/p>\n<p>&nbsp;<\/p>\n<p><img data-recalc-dims=\"1\" loading=\"lazy\" decoding=\"async\" class=\"aligncenter size-medium wp-image-15994\" src=\"https:\/\/i0.wp.com\/mildot.fi\/wp-content\/uploads\/2025\/09\/feature-waterproof.webp?resize=300%2C300&#038;ssl=1\" alt=\"\" width=\"300\" height=\"300\" srcset=\"https:\/\/i0.wp.com\/mildot.fi\/wp-content\/uploads\/2025\/09\/feature-waterproof.webp?resize=300%2C300&amp;ssl=1 300w, https:\/\/i0.wp.com\/mildot.fi\/wp-content\/uploads\/2025\/09\/feature-waterproof.webp?resize=1024%2C1024&amp;ssl=1 1024w, https:\/\/i0.wp.com\/mildot.fi\/wp-content\/uploads\/2025\/09\/feature-waterproof.webp?resize=150%2C150&amp;ssl=1 150w, https:\/\/i0.wp.com\/mildot.fi\/wp-content\/uploads\/2025\/09\/feature-waterproof.webp?resize=768%2C768&amp;ssl=1 768w, https:\/\/i0.wp.com\/mildot.fi\/wp-content\/uploads\/2025\/09\/feature-waterproof.webp?resize=1536%2C1536&amp;ssl=1 1536w, https:\/\/i0.wp.com\/mildot.fi\/wp-content\/uploads\/2025\/09\/feature-waterproof.webp?resize=600%2C600&amp;ssl=1 600w, https:\/\/i0.wp.com\/mildot.fi\/wp-content\/uploads\/2025\/09\/feature-waterproof.webp?resize=400%2C400&amp;ssl=1 400w, https:\/\/i0.wp.com\/mildot.fi\/wp-content\/uploads\/2025\/09\/feature-waterproof.webp?resize=700%2C700&amp;ssl=1 700w, https:\/\/i0.wp.com\/mildot.fi\/wp-content\/uploads\/2025\/09\/feature-waterproof.webp?resize=100%2C100&amp;ssl=1 100w, https:\/\/i0.wp.com\/mildot.fi\/wp-content\/uploads\/2025\/09\/feature-waterproof.webp?resize=50%2C50&amp;ssl=1 50w, https:\/\/i0.wp.com\/mildot.fi\/wp-content\/uploads\/2025\/09\/feature-waterproof.webp?w=1600&amp;ssl=1 1600w\" sizes=\"(max-width: 300px) 100vw, 300px\" \/><\/p>\n<p class=\"h2\">PowerClaw Superior Latching System<br \/>\n<span class=\"metafield-multi_line_text_field\">Ensuring that your smaller gear stays well protected from the elements, this NANUK case&#8217;s patented PowerClaw latching system uses compressive force and triple action to clamp your case tight. Integrated slide locks offer added security, preventing your case from opening during transport or if it\u2019s dropped. The super tough nylon construction and stainless-steel hardware ensure that your important items stay safe in your NANUK waterproof case no matter where your journey takes you.<\/span><\/p>\n<p>&nbsp;<\/p>\n<p><img data-recalc-dims=\"1\" loading=\"lazy\" decoding=\"async\" class=\"aligncenter size-medium wp-image-15990\" src=\"https:\/\/i0.wp.com\/mildot.fi\/wp-content\/uploads\/2025\/09\/feature-935-powerclaw-latch2.webp?resize=300%2C300&#038;ssl=1\" alt=\"\" width=\"300\" height=\"300\" srcset=\"https:\/\/i0.wp.com\/mildot.fi\/wp-content\/uploads\/2025\/09\/feature-935-powerclaw-latch2.webp?resize=300%2C300&amp;ssl=1 300w, https:\/\/i0.wp.com\/mildot.fi\/wp-content\/uploads\/2025\/09\/feature-935-powerclaw-latch2.webp?resize=1024%2C1024&amp;ssl=1 1024w, https:\/\/i0.wp.com\/mildot.fi\/wp-content\/uploads\/2025\/09\/feature-935-powerclaw-latch2.webp?resize=150%2C150&amp;ssl=1 150w, https:\/\/i0.wp.com\/mildot.fi\/wp-content\/uploads\/2025\/09\/feature-935-powerclaw-latch2.webp?resize=768%2C768&amp;ssl=1 768w, https:\/\/i0.wp.com\/mildot.fi\/wp-content\/uploads\/2025\/09\/feature-935-powerclaw-latch2.webp?resize=1536%2C1536&amp;ssl=1 1536w, https:\/\/i0.wp.com\/mildot.fi\/wp-content\/uploads\/2025\/09\/feature-935-powerclaw-latch2.webp?resize=600%2C600&amp;ssl=1 600w, https:\/\/i0.wp.com\/mildot.fi\/wp-content\/uploads\/2025\/09\/feature-935-powerclaw-latch2.webp?resize=400%2C400&amp;ssl=1 400w, https:\/\/i0.wp.com\/mildot.fi\/wp-content\/uploads\/2025\/09\/feature-935-powerclaw-latch2.webp?resize=700%2C700&amp;ssl=1 700w, https:\/\/i0.wp.com\/mildot.fi\/wp-content\/uploads\/2025\/09\/feature-935-powerclaw-latch2.webp?resize=100%2C100&amp;ssl=1 100w, https:\/\/i0.wp.com\/mildot.fi\/wp-content\/uploads\/2025\/09\/feature-935-powerclaw-latch2.webp?resize=50%2C50&amp;ssl=1 50w, https:\/\/i0.wp.com\/mildot.fi\/wp-content\/uploads\/2025\/09\/feature-935-powerclaw-latch2.webp?w=1600&amp;ssl=1 1600w\" sizes=\"(max-width: 300px) 100vw, 300px\" \/><\/p>\n<p class=\"h2\">2-Stage Retractable Handle<br \/>\n<span class=\"metafield-multi_line_text_field\">Hassle-free transport comes courtesy of NANUK&#8217;s two-stage retractable handle. Posture-friendly, the handle can be adjusted to two different heights and offers easy, one-handed open and close with its quick-release button. <\/span><\/p>\n<p>&nbsp;<\/p>\n<p><img data-recalc-dims=\"1\" loading=\"lazy\" decoding=\"async\" class=\"aligncenter size-medium wp-image-15993\" src=\"https:\/\/i0.wp.com\/mildot.fi\/wp-content\/uploads\/2025\/09\/feature-retractable-handle_7845c379-6f67-43b1-8542-6df31565d58b.webp?resize=300%2C300&#038;ssl=1\" alt=\"\" width=\"300\" height=\"300\" srcset=\"https:\/\/i0.wp.com\/mildot.fi\/wp-content\/uploads\/2025\/09\/feature-retractable-handle_7845c379-6f67-43b1-8542-6df31565d58b.webp?resize=300%2C300&amp;ssl=1 300w, https:\/\/i0.wp.com\/mildot.fi\/wp-content\/uploads\/2025\/09\/feature-retractable-handle_7845c379-6f67-43b1-8542-6df31565d58b.webp?resize=1024%2C1024&amp;ssl=1 1024w, https:\/\/i0.wp.com\/mildot.fi\/wp-content\/uploads\/2025\/09\/feature-retractable-handle_7845c379-6f67-43b1-8542-6df31565d58b.webp?resize=150%2C150&amp;ssl=1 150w, https:\/\/i0.wp.com\/mildot.fi\/wp-content\/uploads\/2025\/09\/feature-retractable-handle_7845c379-6f67-43b1-8542-6df31565d58b.webp?resize=768%2C768&amp;ssl=1 768w, https:\/\/i0.wp.com\/mildot.fi\/wp-content\/uploads\/2025\/09\/feature-retractable-handle_7845c379-6f67-43b1-8542-6df31565d58b.webp?resize=1536%2C1536&amp;ssl=1 1536w, https:\/\/i0.wp.com\/mildot.fi\/wp-content\/uploads\/2025\/09\/feature-retractable-handle_7845c379-6f67-43b1-8542-6df31565d58b.webp?resize=600%2C600&amp;ssl=1 600w, https:\/\/i0.wp.com\/mildot.fi\/wp-content\/uploads\/2025\/09\/feature-retractable-handle_7845c379-6f67-43b1-8542-6df31565d58b.webp?resize=400%2C400&amp;ssl=1 400w, https:\/\/i0.wp.com\/mildot.fi\/wp-content\/uploads\/2025\/09\/feature-retractable-handle_7845c379-6f67-43b1-8542-6df31565d58b.webp?resize=700%2C700&amp;ssl=1 700w, https:\/\/i0.wp.com\/mildot.fi\/wp-content\/uploads\/2025\/09\/feature-retractable-handle_7845c379-6f67-43b1-8542-6df31565d58b.webp?resize=100%2C100&amp;ssl=1 100w, https:\/\/i0.wp.com\/mildot.fi\/wp-content\/uploads\/2025\/09\/feature-retractable-handle_7845c379-6f67-43b1-8542-6df31565d58b.webp?resize=50%2C50&amp;ssl=1 50w, https:\/\/i0.wp.com\/mildot.fi\/wp-content\/uploads\/2025\/09\/feature-retractable-handle_7845c379-6f67-43b1-8542-6df31565d58b.webp?w=1600&amp;ssl=1 1600w\" sizes=\"(max-width: 300px) 100vw, 300px\" \/><\/p>\n<p class=\"h2\">Reinforced Metal Padlock eyelets<br \/>\n<span class=\"metafield-multi_line_text_field\">NANUK comes loaded with innovative features. All models have integrate reinforced metal padlock eyelets that let you lock down your gear so you can carry and protect your valuables with confidence.<\/span><\/p>\n<p>&nbsp;<\/p>\n<p><img data-recalc-dims=\"1\" loading=\"lazy\" decoding=\"async\" class=\"aligncenter size-medium wp-image-15989\" src=\"https:\/\/i0.wp.com\/mildot.fi\/wp-content\/uploads\/2025\/09\/feature-935-metal-eyelid-300x300.webp?resize=300%2C300&#038;ssl=1\" alt=\"\" width=\"300\" height=\"300\" srcset=\"https:\/\/i0.wp.com\/mildot.fi\/wp-content\/uploads\/2025\/09\/feature-935-metal-eyelid.webp?resize=300%2C300&amp;ssl=1 300w, https:\/\/i0.wp.com\/mildot.fi\/wp-content\/uploads\/2025\/09\/feature-935-metal-eyelid.webp?resize=1024%2C1024&amp;ssl=1 1024w, https:\/\/i0.wp.com\/mildot.fi\/wp-content\/uploads\/2025\/09\/feature-935-metal-eyelid.webp?resize=150%2C150&amp;ssl=1 150w, https:\/\/i0.wp.com\/mildot.fi\/wp-content\/uploads\/2025\/09\/feature-935-metal-eyelid.webp?resize=768%2C768&amp;ssl=1 768w, https:\/\/i0.wp.com\/mildot.fi\/wp-content\/uploads\/2025\/09\/feature-935-metal-eyelid.webp?resize=1536%2C1536&amp;ssl=1 1536w, https:\/\/i0.wp.com\/mildot.fi\/wp-content\/uploads\/2025\/09\/feature-935-metal-eyelid.webp?resize=600%2C600&amp;ssl=1 600w, https:\/\/i0.wp.com\/mildot.fi\/wp-content\/uploads\/2025\/09\/feature-935-metal-eyelid.webp?resize=400%2C400&amp;ssl=1 400w, https:\/\/i0.wp.com\/mildot.fi\/wp-content\/uploads\/2025\/09\/feature-935-metal-eyelid.webp?resize=700%2C700&amp;ssl=1 700w, https:\/\/i0.wp.com\/mildot.fi\/wp-content\/uploads\/2025\/09\/feature-935-metal-eyelid.webp?resize=100%2C100&amp;ssl=1 100w, https:\/\/i0.wp.com\/mildot.fi\/wp-content\/uploads\/2025\/09\/feature-935-metal-eyelid.webp?resize=50%2C50&amp;ssl=1 50w, https:\/\/i0.wp.com\/mildot.fi\/wp-content\/uploads\/2025\/09\/feature-935-metal-eyelid.webp?w=1600&amp;ssl=1 1600w\" sizes=\"(max-width: 300px) 100vw, 300px\" \/><\/p>\n<p>&nbsp;<\/p>\n<p>&nbsp;<\/p>\n<p class=\"h2\">Polyurethane Wheels<br \/>\n<span class=\"metafield-multi_line_text_field\">Smooth mobility is a major advantage, especially when transporting cumbersome equipment. This NANUK case features polycarbonate wheels molded with polyurethane. Similar to what you\u2019d find on rollerblades, these wheels, along with their sealed stainless steel bearings, ensure a quiet, effortless trip over a multitude of terrains and through lots of weather conditions.<\/span><\/p>\n<p>&nbsp;<\/p>\n<p><img data-recalc-dims=\"1\" loading=\"lazy\" decoding=\"async\" class=\"aligncenter size-medium wp-image-15992\" src=\"https:\/\/i0.wp.com\/mildot.fi\/wp-content\/uploads\/2025\/09\/feature-poly-wheels.webp?resize=300%2C300&#038;ssl=1\" alt=\"\" width=\"300\" height=\"300\" srcset=\"https:\/\/i0.wp.com\/mildot.fi\/wp-content\/uploads\/2025\/09\/feature-poly-wheels.webp?resize=300%2C300&amp;ssl=1 300w, https:\/\/i0.wp.com\/mildot.fi\/wp-content\/uploads\/2025\/09\/feature-poly-wheels.webp?resize=1024%2C1024&amp;ssl=1 1024w, https:\/\/i0.wp.com\/mildot.fi\/wp-content\/uploads\/2025\/09\/feature-poly-wheels.webp?resize=150%2C150&amp;ssl=1 150w, https:\/\/i0.wp.com\/mildot.fi\/wp-content\/uploads\/2025\/09\/feature-poly-wheels.webp?resize=768%2C768&amp;ssl=1 768w, https:\/\/i0.wp.com\/mildot.fi\/wp-content\/uploads\/2025\/09\/feature-poly-wheels.webp?resize=1536%2C1536&amp;ssl=1 1536w, https:\/\/i0.wp.com\/mildot.fi\/wp-content\/uploads\/2025\/09\/feature-poly-wheels.webp?resize=600%2C600&amp;ssl=1 600w, https:\/\/i0.wp.com\/mildot.fi\/wp-content\/uploads\/2025\/09\/feature-poly-wheels.webp?resize=400%2C400&amp;ssl=1 400w, https:\/\/i0.wp.com\/mildot.fi\/wp-content\/uploads\/2025\/09\/feature-poly-wheels.webp?resize=700%2C700&amp;ssl=1 700w, https:\/\/i0.wp.com\/mildot.fi\/wp-content\/uploads\/2025\/09\/feature-poly-wheels.webp?resize=100%2C100&amp;ssl=1 100w, https:\/\/i0.wp.com\/mildot.fi\/wp-content\/uploads\/2025\/09\/feature-poly-wheels.webp?resize=50%2C50&amp;ssl=1 50w, https:\/\/i0.wp.com\/mildot.fi\/wp-content\/uploads\/2025\/09\/feature-poly-wheels.webp?w=1600&amp;ssl=1 1600w\" sizes=\"(max-width: 300px) 100vw, 300px\" \/><\/p>\n","protected":false},"excerpt":{"rendered":"<ul>\n<li>Parasta suojaa aseellesi.\n<ul>\n<li>Ulkomitat(P,L,K): 119,6 x 44,0 x 16,8 cm<\/li>\n<li>Sis\u00e4mitat(P,L,K): 111,8 x 36,8 x 15,2 cm<\/li>\n<li>Paino: 8,1 kg<\/li>\n<li>Materiaali: NK-7 (TM) valuhartsi<\/li>\n<li>Tiiveysluokka: IP 67 (p\u00f6lytiivis, hetkellinen upottaminen veteen)<\/li>\n<li>Muuta: Sis\u00e4pehmusteet, USA:n armeijan spesifikaation mukainen iskunkest\u00e4vyys, py\u00f6r\u00e4t, kahvat, kiinnitys ja lukitus mahdollisuus.<\/li>\n<\/ul>\n<p><strong>Tilaustuote, yleens\u00e4 noin 1 viikko.<\/strong><\/li>\n<\/ul>\n<p>&nbsp;<\/p>\n<p><strong>With NANUK\u2019s exclusive locking and latching system, your case stays shut and secured until you are ready to open it.<\/strong><\/p>\n<p>This indestructible MIL-Spec case is equipped with a lid stay feature to keep the case safely open when in use and reinforced stainless-steel eyelets can be used to secure additional padlocks.<\/p>\n<p>A favorite of sportsmen, sportswomen, hunters, law enforcement and the military, the NANUK 990 is built to survive the outdoors, water, dust and abuse of all kinds.<\/p>\n<p>At 44 inches inside, this case perfectly fits a single AR-15 or similar rifle and pistol, or a takedown shotgun and accessories. This military-grade case is also commonly used by photo and video pros as a lighting kit travel case or a tripod hard case.<\/p>\n<p>Built to organize, protect, carry and survive tough conditions, the 990 waterproof hard case is impenetrable and indestructible with a lightweight, tough NK-7 resin shell. Its four (4) PowerClaw latches, two of which feature an integrated TSA-accepted key lock, keep your equipment securely locked during transit but accessible for inspection by the TSA when required.<\/p>\n<p>&nbsp;<\/p>\n<p><img loading=\"lazy\" decoding=\"async\" class=\"aligncenter size-large wp-image-15995\" src=\"https:\/\/mildot.fi\/wp-content\/uploads\/2025\/09\/nanuk-rating-1024x330.jpg\" alt=\"\" width=\"1024\" height=\"330\" srcset=\"https:\/\/i0.wp.com\/mildot.fi\/wp-content\/uploads\/2025\/09\/nanuk-rating.jpg?resize=1024%2C330&amp;ssl=1 1024w, https:\/\/i0.wp.com\/mildot.fi\/wp-content\/uploads\/2025\/09\/nanuk-rating.jpg?resize=300%2C97&amp;ssl=1 300w, https:\/\/i0.wp.com\/mildot.fi\/wp-content\/uploads\/2025\/09\/nanuk-rating.jpg?resize=768%2C247&amp;ssl=1 768w, https:\/\/i0.wp.com\/mildot.fi\/wp-content\/uploads\/2025\/09\/nanuk-rating.jpg?resize=700%2C225&amp;ssl=1 700w, https:\/\/i0.wp.com\/mildot.fi\/wp-content\/uploads\/2025\/09\/nanuk-rating.jpg?w=1532&amp;ssl=1 1532w\" sizes=\"(max-width: 1024px) 100vw, 1024px\" \/><\/p>\n","protected":false},"featured_media":15974,"comment_status":"open","ping_status":"closed","template":"","meta":{"ocean_post_layout":"","ocean_both_sidebars_style":"","ocean_both_sidebars_content_width":0,"ocean_both_sidebars_sidebars_width":0,"ocean_sidebar":"0","ocean_second_sidebar":"0","ocean_disable_margins":"enable","ocean_add_body_class":"","ocean_shortcode_before_top_bar":"","ocean_shortcode_after_top_bar":"","ocean_shortcode_before_header":"","ocean_shortcode_after_header":"","ocean_has_shortcode":"","ocean_shortcode_after_title":"","ocean_shortcode_before_footer_widgets":"","ocean_shortcode_after_footer_widgets":"","ocean_shortcode_before_footer_bottom":"","ocean_shortcode_after_footer_bottom":"","ocean_display_top_bar":"default","ocean_display_header":"default","ocean_header_style":"","ocean_center_header_left_menu":"0","ocean_custom_header_template":"0","ocean_custom_logo":0,"ocean_custom_retina_logo":0,"ocean_custom_logo_max_width":0,"ocean_custom_logo_tablet_max_width":0,"ocean_custom_logo_mobile_max_width":0,"ocean_custom_logo_max_height":0,"ocean_custom_logo_tablet_max_height":0,"ocean_custom_logo_mobile_max_height":0,"ocean_header_custom_menu":"0","ocean_menu_typo_font_family":"0","ocean_menu_typo_font_subset":"","ocean_menu_typo_font_size":0,"ocean_menu_typo_font_size_tablet":0,"ocean_menu_typo_font_size_mobile":0,"ocean_menu_typo_font_size_unit":"px","ocean_menu_typo_font_weight":"","ocean_menu_typo_font_weight_tablet":"","ocean_menu_typo_font_weight_mobile":"","ocean_menu_typo_transform":"","ocean_menu_typo_transform_tablet":"","ocean_menu_typo_transform_mobile":"","ocean_menu_typo_line_height":0,"ocean_menu_typo_line_height_tablet":0,"ocean_menu_typo_line_height_mobile":0,"ocean_menu_typo_line_height_unit":"","ocean_menu_typo_spacing":0,"ocean_menu_typo_spacing_tablet":0,"ocean_menu_typo_spacing_mobile":0,"ocean_menu_typo_spacing_unit":"","ocean_menu_link_color":"","ocean_menu_link_color_hover":"","ocean_menu_link_color_active":"","ocean_menu_link_background":"","ocean_menu_link_hover_background":"","ocean_menu_link_active_background":"","ocean_menu_social_links_bg":"","ocean_menu_social_hover_links_bg":"","ocean_menu_social_links_color":"","ocean_menu_social_hover_links_color":"","ocean_disable_title":"default","ocean_disable_heading":"default","ocean_post_title":"","ocean_post_subheading":"","ocean_post_title_style":"","ocean_post_title_background_color":"","ocean_post_title_background":0,"ocean_post_title_bg_image_position":"","ocean_post_title_bg_image_attachment":"","ocean_post_title_bg_image_repeat":"","ocean_post_title_bg_image_size":"","ocean_post_title_height":0,"ocean_post_title_bg_overlay":0.5,"ocean_post_title_bg_overlay_color":"","ocean_disable_breadcrumbs":"default","ocean_breadcrumbs_color":"","ocean_breadcrumbs_separator_color":"","ocean_breadcrumbs_links_color":"","ocean_breadcrumbs_links_hover_color":"","ocean_display_footer_widgets":"default","ocean_display_footer_bottom":"default","ocean_custom_footer_template":"0","jetpack_publicize_message":"","jetpack_publicize_feature_enabled":true,"jetpack_social_post_already_shared":true,"jetpack_social_options":{"image_generator_settings":{"template":"highway","default_image_id":0,"font":"","enabled":false},"version":2}},"pwb-brand":[3131],"product_brand":[],"product_cat":[3080],"product_tag":[3138,3137,3083,2263,3132],"class_list":{"0":"post-15978","1":"product","2":"type-product","3":"status-publish","4":"has-post-thumbnail","6":"pwb-brand-nanuk","7":"product_cat-aselaukut","8":"product_tag-3138","9":"product_tag-3137","10":"product_tag-aselaukku","11":"product_tag-musta","12":"product_tag-nanuk","14":"entry","15":"has-media","17":"first","18":"onbackorder","19":"taxable","20":"shipping-taxable","21":"purchasable","22":"product-type-simple","23":"has-product-nav","24":"col","25":"span_1_of_4","26":"owp-content-center","27":"owp-thumbs-layout-horizontal","28":"owp-btn-normal","29":"owp-tabs-layout-horizontal"},"jetpack_publicize_connections":[],"jetpack_sharing_enabled":true,"brands":[{"id":3131,"name":"Nanuk","slug":"nanuk"}],"_links":{"self":[{"href":"https:\/\/mildot.fi\/index.php\/wp-json\/wp\/v2\/product\/15978","targetHints":{"allow":["GET"]}}],"collection":[{"href":"https:\/\/mildot.fi\/index.php\/wp-json\/wp\/v2\/product"}],"about":[{"href":"https:\/\/mildot.fi\/index.php\/wp-json\/wp\/v2\/types\/product"}],"replies":[{"embeddable":true,"href":"https:\/\/mildot.fi\/index.php\/wp-json\/wp\/v2\/comments?post=15978"}],"wp:featuredmedia":[{"embeddable":true,"href":"https:\/\/mildot.fi\/index.php\/wp-json\/wp\/v2\/media\/15974"}],"wp:attachment":[{"href":"https:\/\/mildot.fi\/index.php\/wp-json\/wp\/v2\/media?parent=15978"}],"wp:term":[{"taxonomy":"pwb-brand","embeddable":true,"href":"https:\/\/mildot.fi\/index.php\/wp-json\/wp\/v2\/pwb-brand?post=15978"},{"taxonomy":"product_brand","embeddable":true,"href":"https:\/\/mildot.fi\/index.php\/wp-json\/wp\/v2\/product_brand?post=15978"},{"taxonomy":"product_cat","embeddable":true,"href":"https:\/\/mildot.fi\/index.php\/wp-json\/wp\/v2\/product_cat?post=15978"},{"taxonomy":"product_tag","embeddable":true,"href":"https:\/\/mildot.fi\/index.php\/wp-json\/wp\/v2\/product_tag?post=15978"}],"curies":[{"name":"wp","href":"https:\/\/api.w.org\/{rel}","templated":true}]}}