{"id":15918,"date":"2025-08-29T06:04:36","date_gmt":"2025-08-29T04:04:36","guid":{"rendered":"https:\/\/mildot.fi\/?post_type=product&#038;p=15918"},"modified":"2026-03-16T10:58:22","modified_gmt":"2026-03-16T08:58:22","slug":"vortex-defender-st","status":"publish","type":"product","link":"https:\/\/mildot.fi\/index.php\/product\/vortex-defender-st\/","title":{"rendered":"Vortex Defender ST Punapistet\u00e4ht\u00e4in"},"content":{"rendered":"<p>Vortex Defender-ST on punapistet\u00e4ht\u00e4inten luotettava uusi sukupolvi \u2013 suunniteltu t\u00e4ytt\u00e4m\u00e4\u00e4n vaativien ammattilaisk\u00e4ytt\u00e4jien odotukset, mutta yht\u00e4 kotonaan harrastajien asej\u00e4rjestelmiss\u00e4. T\u00e4m\u00e4 t\u00e4ht\u00e4in yhdist\u00e4\u00e4 taktisen suorituskyvyn, kevyen rakenteen ja helppok\u00e4ytt\u00f6isyyden yhteen pakettiin, joka toimii kaikissa s\u00e4\u00e4olosuhteissa. Olitpa sitten liikkuvassa toiminnassa, harjoitusradalla tai tosipaikassa, Defender-ST on suunniteltu niin, ett\u00e4 voit keskitty\u00e4 olennaiseen \u2013 osumaan.<\/p>\n<p>Tuotteen p\u00e4\u00e4pointit<\/p>\n<p>3 MOA punapiste \u2013 erinomainen yhdistelm\u00e4 nopeaa kohdistusta ja hyv\u00e4\u00e4 tarkkuutta<br \/>\nParallax-vapaa optiikka ja eritt\u00e4in laaja n\u00e4k\u00f6kentt\u00e4<br \/>\n10 kirkkaustasoa + automaattinen kirkkaudens\u00e4\u00e4t\u00f6<br \/>\nIPX7-luokiteltu veden- ja p\u00f6lynkest\u00e4vyys<br \/>\nYhteensopiva DeltaPoint\u00ae Pro (DDP)-jalustojen kanssa<br \/>\nCR2032-paristolla jopa 25 000 tunnin k\u00e4ytt\u00f6aika<br \/>\nVortex VIP-takuu \u2013 elinik\u00e4inen, siirrett\u00e4viss\u00e4 oleva turva<\/p>\n<p>Valmiina kent\u00e4lle \u2013 kaikissa olosuhteissa<\/p>\n<p>Vortex Defender-ST:n ytimess\u00e4 on selke\u00e4, 3 MOA:n punapiste, joka auttaa sinua t\u00e4ht\u00e4\u00e4m\u00e4\u00e4n nopeasti, mutta antaa riitt\u00e4v\u00e4n tarkan pisteen my\u00f6s pidempiin laukauksiin. T\u00e4ht\u00e4in toimii saumattomasti eri valaistusolosuhteissa, sill\u00e4 sen automaattinen kirkkaudens\u00e4\u00e4t\u00f6 tunnistaa ymp\u00e4rist\u00f6n valon ja mukauttaa pisteen n\u00e4kyvyyden sen mukaan. Manuaalinen kirkkaudens\u00e4\u00e4t\u00f6 tarjoaa 10 eri tasoa, joista kaksi on yhteensopivia y\u00f6n\u00e4k\u00f6laitteiden kanssa.<\/p>\n<p>K\u00e4ytt\u00f6mukavuus on Defender-ST:ss\u00e4 etusijalla: sivulta avautuva paristokotelo mahdollistaa nopean pariston vaihdon ilman t\u00e4ht\u00e4imen irrottamista aseesta. Optiikka on t\u00e4ysin parallax-vapaa, joten t\u00e4ht\u00e4yspiste pysyy oikeassa kohdassa riippumatta siit\u00e4, mist\u00e4 kulmasta katsot.<\/p>\n<p>Runko on rakennettu kest\u00e4m\u00e4\u00e4n: se on CNC-koneistettu yhdest\u00e4 alumiinilohkosta ja p\u00e4\u00e4llystetty eritt\u00e4in kest\u00e4v\u00e4ll\u00e4 anodisoinnilla. Suunniteltu toimimaan iskujen, t\u00e4rin\u00e4n, veden ja \u00e4\u00e4rimm\u00e4isten l\u00e4mp\u00f6tilojen kanssa \u2013 juuri niin kuin taktinen varuste pit\u00e4\u00e4kin.<\/p>\n<p>Defender-ST kiinnittyy suoraan DDP-yhteensopiviin kiinnitysj\u00e4rjestelmiin, joten se sopii laajaan valikoimaan aseita aina pistooleista karbiineihin ja PCC:hin. Se on yksi monik\u00e4ytt\u00f6isimmist\u00e4 t\u00e4ht\u00e4imist\u00e4 Vortexin valikoimassa.<\/p>\n<p>Mukana pakkauksessa<\/p>\n<p>Vortex Defender-ST 3 MOA punapistet\u00e4ht\u00e4in<br \/>\nPicatinny alusta<br \/>\nClock MOS asennuslevy<br \/>\nCR2032-paristo (esiasennettuna)<br \/>\nLinssinsuojat (Snap Cover)<br \/>\nKiinnitysruuvit (DDP-yhteensopivat)<br \/>\nTorx-ty\u00f6kalu asennukseen ja s\u00e4\u00e4t\u00f6ihin<br \/>\nLinssien puhdistusliina<br \/>\nK\u00e4ytt\u00f6ohjeet ja takuutiedot<\/p>\n<p>Tekniset tiedot<\/p>\n<p>Punapisteen koko: 3 MOA tai 6 MOA<br \/>\nLinssien pinnoitus: T\u00e4ysin monikerrospinnoitettu (Fully Multi-Coated)<br \/>\nParallax-vapaa: Kyll\u00e4<br \/>\nKirkkaudens\u00e4\u00e4t\u00f6: 10 tasoa (8 p\u00e4iv\u00e4nvalotasoa + 2 y\u00f6n\u00e4k\u00f6laitteille yhteensopivaa)<br \/>\nAutomaattinen kirkkaudens\u00e4\u00e4t\u00f6: Kyll\u00e4, ymp\u00e4rist\u00f6n valon mukaan<br \/>\nVirransy\u00f6tt\u00f6: CR2032-paristo (sis\u00e4ltyy)<br \/>\nK\u00e4ytt\u00f6aika:<br \/>\nJopa 25 000 tuntia matalimmalla kirkkaustasolla<br \/>\nJopa 5 000 tuntia keskitasolla<br \/>\nParistokotelo: Sivulta avattava, nopea vaihto ilman t\u00e4ht\u00e4imen irrotusta<br \/>\nRunko: CNC-koneistettu 7075-T6 lentokonealumiini<br \/>\nPinta: Mattamusta, eritt\u00e4in kulutuskest\u00e4v\u00e4 anodisointi<br \/>\nVedenkest\u00e4vyys: IPX7 (kest\u00e4\u00e4 upotuksen 1 m syvyyteen 30 minuutiksi)<br \/>\nIskunkest\u00e4vyys: Kyll\u00e4, testattu raskaassa k\u00e4yt\u00f6ss\u00e4<br \/>\nPaino: n. 36 g (ilman jalustaa)<br \/>\nMitat:<br \/>\nPituus: 45,2 mm<br \/>\nLeveys: 27,4 mm<br \/>\nKorkeus: 25,9 mm<br \/>\nS\u00e4\u00e4t\u00f6alueet:<br \/>\nSivusuunta (windage): 150 MOA<br \/>\nKorotus (elevation): 150 MOA<br \/>\nS\u00e4\u00e4t\u00f6yksikk\u00f6: 1 MOA per klikkaus<br \/>\nYhteensopivuus: Sopii useimpiin DDP-kiinnityksiin ja -levyihin<br \/>\nTakuu: Vortex VIP Warranty \u2013 elinik\u00e4inen, ei rekister\u00f6inti\u00e4, ei kuittia, siirrett\u00e4viss\u00e4<\/p>\n<p>**********<\/p>\n<table id=\"product-vortex-specs-table\" class=\"data table spec-attributes\">\n<tbody>\n<tr>\n<th class=\"col label Mounting Footprint\" scope=\"row\">Mounting Footprint<\/th>\n<td class=\"col data\" data-th=\"Mounting Footprint\">DeltaPoint\u00ae Pro<\/td>\n<\/tr>\n<tr>\n<th class=\"col label Dot Size\" scope=\"row\">Dot Size<\/th>\n<td class=\"col data\" data-th=\"Dot Size\">3 MOA<\/td>\n<\/tr>\n<tr>\n<th class=\"col label Dot Color\" scope=\"row\">Dot Color<\/th>\n<td class=\"col data\" data-th=\"Dot Color\">Bright Red<\/td>\n<\/tr>\n<tr>\n<th class=\"col label Battery Type\" scope=\"row\">Battery Type<\/th>\n<td class=\"col data\" data-th=\"Battery Type\">CR2032<\/td>\n<\/tr>\n<tr>\n<th class=\"col label Battery Run Time\" scope=\"row\">Battery Run Time<\/th>\n<td class=\"col data\" data-th=\"Battery Run Time\">25,000 hrs.<\/td>\n<\/tr>\n<tr>\n<th class=\"col label Magnification\" scope=\"row\">Magnification<\/th>\n<td class=\"col data\" data-th=\"Magnification\">1x<\/td>\n<\/tr>\n<tr>\n<th class=\"col label Reticle\" scope=\"row\">Reticle<\/th>\n<td class=\"col data\" data-th=\"Reticle\">3 MOA Defender Dot<\/td>\n<\/tr>\n<tr>\n<th class=\"col label Eye Relief\" scope=\"row\">Eye Relief<\/th>\n<td class=\"col data\" data-th=\"Eye Relief\">Unlimited<\/td>\n<\/tr>\n<tr>\n<th class=\"col label Adjustment Graduation\" scope=\"row\">Adjustment Graduation<\/th>\n<td class=\"col data\" data-th=\"Adjustment Graduation\">1 MOA<\/td>\n<\/tr>\n<tr>\n<th class=\"col label Travel Per Rotation\" scope=\"row\">Travel Per Rotation<\/th>\n<td class=\"col data\" data-th=\"Travel Per Rotation\">40 MOA<\/td>\n<\/tr>\n<tr>\n<th class=\"col label Max Elevation Adjustment\" scope=\"row\">Max Elevation Adjustment<\/th>\n<td class=\"col data\" data-th=\"Max Elevation Adjustment\">115 MOA<\/td>\n<\/tr>\n<tr>\n<th class=\"col label Max Windage Adjustment\" scope=\"row\">Max Windage Adjustment<\/th>\n<td class=\"col data\" data-th=\"Max Windage Adjustment\">145 MOA<\/td>\n<\/tr>\n<tr>\n<th class=\"col label Parallax Setting\" scope=\"row\">Parallax Setting<\/th>\n<td class=\"col data\" data-th=\"Parallax Setting\">Parallax Free<\/td>\n<\/tr>\n<tr>\n<th class=\"col label Length\" scope=\"row\">Length<\/th>\n<td class=\"col data\" data-th=\"Length\">1.83&#8243;<\/td>\n<\/tr>\n<tr>\n<th class=\"col label Weight\" scope=\"row\">Weight<\/th>\n<td class=\"col data\" data-th=\"Weight\">1.48 oz.<\/td>\n<\/tr>\n<\/tbody>\n<\/table>\n<p>&nbsp;<\/p>\n<table>\n<tbody>\n<tr>\n<th class=\"col label\" scope=\"row\">Large Viewing Window<\/th>\n<td class=\"col data\">For fast target acquisition and large field of view.<\/td>\n<\/tr>\n<tr>\n<th class=\"col label\" scope=\"row\">Aspherical Lens<\/th>\n<td class=\"col data\">For distortion-free sight picture and truer colors.<\/td>\n<\/tr>\n<tr>\n<th class=\"col label\" scope=\"row\">ShockShield\u2122 Polymer Insert<\/th>\n<td class=\"col data\">To protect against hard, daily abuse.<\/td>\n<\/tr>\n<tr>\n<th class=\"col label\" scope=\"row\">Fast-Rack\u2122 Textured Grip<\/th>\n<td class=\"col data\">Aggressive texturing on face of optic for racking slide off any surface.<\/td>\n<\/tr>\n<tr>\n<th class=\"col label\" scope=\"row\">Motion Activation with 10 Minute Auto-Shutoff<\/th>\n<td class=\"col data\">Automatically activates with motion while 10 minute auto-shutoff saves battery life.<\/td>\n<\/tr>\n<tr>\n<th class=\"col label\" scope=\"row\">Button Lockout<\/th>\n<td class=\"col data\">Prevents accidental brightness adjustment during use or transport.<\/td>\n<\/tr>\n<tr>\n<th class=\"col label\" scope=\"row\">Top Mount Battery<\/th>\n<td class=\"col data\">Easy battery change without having to re-zero your optic.<\/td>\n<\/tr>\n<tr>\n<th class=\"col label\" scope=\"row\">10 Daylight Bright Brightness Settings<\/th>\n<td class=\"col data\">Daylight bright, illuminated center dot aids in faster center-point acquisition in bright daylight conditions.<\/td>\n<\/tr>\n<tr>\n<th class=\"col label\" scope=\"row\">Night-Vision Compatibility<\/th>\n<td class=\"col data\">The lowest 2 settings are night-vision compatible.<\/td>\n<\/tr>\n<tr>\n<th class=\"col label\" scope=\"row\">Parallax Free<\/th>\n<td class=\"col data\">All green dot and holographic sights will exhibit some small amount of parallax. Matching current industry practice, this small amount would be considered &#8220;parallax free&#8221; and will make a negligible difference in performance.<\/td>\n<\/tr>\n<tr>\n<th class=\"col label\" scope=\"row\">Unlimited Eye Relief<\/th>\n<td class=\"col data\">Non-critical eye relief for rapid target acquisition.<\/td>\n<\/tr>\n<tr>\n<th class=\"col label\" scope=\"row\">Low-Glare Matte Black Anodized<\/th>\n<td class=\"col data\">Corrosion and wear resistant anodization provides low-glare matte surface and helps camouflage the shooter&#8217;s position.<\/td>\n<\/tr>\n<tr>\n<th class=\"col label\" scope=\"row\">Single-Piece Chassis<\/th>\n<td class=\"col data\">Compact and lightweight.<\/td>\n<\/tr>\n<tr>\n<th class=\"col label\" scope=\"row\">Waterproof<\/th>\n<td class=\"col data\">Designed to withstand harsh weather conditions.<\/td>\n<\/tr>\n<tr>\n<th class=\"col label\" scope=\"row\">Fogproof<\/th>\n<td class=\"col data\">Designed to withstand a wide range of temperatures.<\/td>\n<\/tr>\n<tr>\n<th class=\"col label\" scope=\"row\">Shockproof<\/th>\n<td class=\"col data\">Rugged construction withstands recoil and impact.<\/td>\n<\/tr>\n<\/tbody>\n<\/table>\n<p>&nbsp;<\/p>\n<p><strong>3 \/6 MOA DOT<\/strong><\/p>\n<p>The Defender-ST\u2122 features a total of 10 brightness settings (eight for daylight use and two for night vision). Offered with either a 3 or 6 MOA daylight bright red dot, it is easy to see and acquire targets regardless of lighting conditions or background.<\/p>\n<p role=\"heading\" aria-level=\"3\" data-uw-rm-heading=\"level\"><strong>Included In the Box<\/strong><\/p>\n<ul>\n<li>Picatinny Mount<\/li>\n<li>Custom Tool<\/li>\n<li>Rubber Cover<\/li>\n<li>Most Common Mounting Screw Sets<\/li>\n<li>CR2032 Battery<\/li>\n<li>Lens Cloth<\/li>\n<li>Glock MOS Plate<\/li>\n<\/ul>\n<p>&nbsp;<\/p>\n<p>&nbsp;<\/p>\n<p><a href=\"https:\/\/vortexoptics.widen.net\/view\/pdf\/uez98g8soh\/VTX_M-00330-0_WEB.pdf?t.download=true&amp;u=9oqiqe\">Vortex Defender ST product manual.pdf<\/a><\/p>\n<p><a href=\"https:\/\/vortexoptics.widen.net\/view\/pdf\/becyt1bvlm\/VTX_DFST-MRD3_DFST-MRD6_RD_C_XVIEW_2024.pdf?t.download=true&amp;u=7n75lq\">Vortex Defender ST parts manual.pdf<\/a><\/p>\n<p><a href=\"https:\/\/vortexoptics.widen.net\/view\/pdf\/p3jgaa1ahw\/VTX_DFST-MRD3_DFST-MRD6_RD_C_FTPRNT_WEB_2024.pdf?t.download=true&amp;u=rr6n5o\">Vortex Defender ST foot print.pdf<\/a><\/p>\n<p>&nbsp;<\/p>\n<p class=\"responsive-video-wrap clr\"><iframe title=\"Introducing the All-New Defender-ST\u2122 Micro Red Dot\" width=\"1200\" height=\"675\" src=\"https:\/\/www.youtube.com\/embed\/vG0tNOt-nAQ?feature=oembed\" frameborder=\"0\" allow=\"accelerometer; autoplay; clipboard-write; encrypted-media; gyroscope; picture-in-picture; web-share\" referrerpolicy=\"strict-origin-when-cross-origin\" allowfullscreen><\/iframe><\/p>\n<p>&nbsp;<\/p>\n<p class=\"responsive-video-wrap clr\"><iframe title=\"Defender-CCW\u2122 Micro Red Dot vs Defender-ST\u2122 Micro Red Dot vs Defender-XL\u2122 Micro Red Dot\" width=\"1200\" height=\"675\" src=\"https:\/\/www.youtube.com\/embed\/b_R2KbXlYCw?feature=oembed\" frameborder=\"0\" allow=\"accelerometer; autoplay; clipboard-write; encrypted-media; gyroscope; picture-in-picture; web-share\" referrerpolicy=\"strict-origin-when-cross-origin\" allowfullscreen><\/iframe><\/p>\n","protected":false},"excerpt":{"rendered":"<p>Handguns. Shotguns. Offset on a carbine. Whether running drills at the range or holding the line during rigorous duty use, the all-purpose Defender-ST\u2122 delivers the toughness, accuracy, and adaptability your challenging world demands.<\/p>\n","protected":false},"featured_media":15921,"comment_status":"open","ping_status":"closed","template":"","meta":{"ocean_post_layout":"","ocean_both_sidebars_style":"","ocean_both_sidebars_content_width":0,"ocean_both_sidebars_sidebars_width":0,"ocean_sidebar":"0","ocean_second_sidebar":"0","ocean_disable_margins":"enable","ocean_add_body_class":"","ocean_shortcode_before_top_bar":"","ocean_shortcode_after_top_bar":"","ocean_shortcode_before_header":"","ocean_shortcode_after_header":"","ocean_has_shortcode":"","ocean_shortcode_after_title":"","ocean_shortcode_before_footer_widgets":"","ocean_shortcode_after_footer_widgets":"","ocean_shortcode_before_footer_bottom":"","ocean_shortcode_after_footer_bottom":"","ocean_display_top_bar":"default","ocean_display_header":"default","ocean_header_style":"","ocean_center_header_left_menu":"0","ocean_custom_header_template":"0","ocean_custom_logo":0,"ocean_custom_retina_logo":0,"ocean_custom_logo_max_width":0,"ocean_custom_logo_tablet_max_width":0,"ocean_custom_logo_mobile_max_width":0,"ocean_custom_logo_max_height":0,"ocean_custom_logo_tablet_max_height":0,"ocean_custom_logo_mobile_max_height":0,"ocean_header_custom_menu":"0","ocean_menu_typo_font_family":"0","ocean_menu_typo_font_subset":"","ocean_menu_typo_font_size":0,"ocean_menu_typo_font_size_tablet":0,"ocean_menu_typo_font_size_mobile":0,"ocean_menu_typo_font_size_unit":"px","ocean_menu_typo_font_weight":"","ocean_menu_typo_font_weight_tablet":"","ocean_menu_typo_font_weight_mobile":"","ocean_menu_typo_transform":"","ocean_menu_typo_transform_tablet":"","ocean_menu_typo_transform_mobile":"","ocean_menu_typo_line_height":0,"ocean_menu_typo_line_height_tablet":0,"ocean_menu_typo_line_height_mobile":0,"ocean_menu_typo_line_height_unit":"","ocean_menu_typo_spacing":0,"ocean_menu_typo_spacing_tablet":0,"ocean_menu_typo_spacing_mobile":0,"ocean_menu_typo_spacing_unit":"","ocean_menu_link_color":"","ocean_menu_link_color_hover":"","ocean_menu_link_color_active":"","ocean_menu_link_background":"","ocean_menu_link_hover_background":"","ocean_menu_link_active_background":"","ocean_menu_social_links_bg":"","ocean_menu_social_hover_links_bg":"","ocean_menu_social_links_color":"","ocean_menu_social_hover_links_color":"","ocean_disable_title":"default","ocean_disable_heading":"default","ocean_post_title":"","ocean_post_subheading":"","ocean_post_title_style":"","ocean_post_title_background_color":"","ocean_post_title_background":0,"ocean_post_title_bg_image_position":"","ocean_post_title_bg_image_attachment":"","ocean_post_title_bg_image_repeat":"","ocean_post_title_bg_image_size":"","ocean_post_title_height":0,"ocean_post_title_bg_overlay":0.5,"ocean_post_title_bg_overlay_color":"","ocean_disable_breadcrumbs":"default","ocean_breadcrumbs_color":"","ocean_breadcrumbs_separator_color":"","ocean_breadcrumbs_links_color":"","ocean_breadcrumbs_links_hover_color":"","ocean_display_footer_widgets":"default","ocean_display_footer_bottom":"default","ocean_custom_footer_template":"0","jetpack_publicize_message":"","jetpack_publicize_feature_enabled":true,"jetpack_social_post_already_shared":true,"jetpack_social_options":{"image_generator_settings":{"template":"highway","default_image_id":0,"font":"","enabled":false},"version":2}},"pwb-brand":[543],"product_brand":[],"product_cat":[17,19],"product_tag":[34,174,3097,36,35,3123,37,20],"class_list":{"0":"post-15918","1":"product","2":"type-product","3":"status-publish","4":"has-post-thumbnail","6":"pwb-brand-vortex","7":"product_cat-optiikka","8":"product_cat-punapiste","9":"product_tag-3moa","10":"product_tag-6moa","11":"product_tag-defender","12":"product_tag-punapiste","13":"product_tag-red-dot","14":"product_tag-st","15":"product_tag-tahtain","16":"product_tag-vortex","18":"entry","19":"has-media","21":"first","22":"instock","23":"taxable","24":"shipping-taxable","25":"purchasable","26":"product-type-variable","27":"has-product-nav","28":"col","29":"span_1_of_4","30":"owp-content-center","31":"owp-thumbs-layout-horizontal","32":"owp-btn-normal","33":"owp-tabs-layout-horizontal"},"jetpack_publicize_connections":[],"jetpack_sharing_enabled":true,"brands":[{"id":543,"name":"Vortex","slug":"vortex"}],"_links":{"self":[{"href":"https:\/\/mildot.fi\/index.php\/wp-json\/wp\/v2\/product\/15918","targetHints":{"allow":["GET"]}}],"collection":[{"href":"https:\/\/mildot.fi\/index.php\/wp-json\/wp\/v2\/product"}],"about":[{"href":"https:\/\/mildot.fi\/index.php\/wp-json\/wp\/v2\/types\/product"}],"replies":[{"embeddable":true,"href":"https:\/\/mildot.fi\/index.php\/wp-json\/wp\/v2\/comments?post=15918"}],"wp:featuredmedia":[{"embeddable":true,"href":"https:\/\/mildot.fi\/index.php\/wp-json\/wp\/v2\/media\/15921"}],"wp:attachment":[{"href":"https:\/\/mildot.fi\/index.php\/wp-json\/wp\/v2\/media?parent=15918"}],"wp:term":[{"taxonomy":"pwb-brand","embeddable":true,"href":"https:\/\/mildot.fi\/index.php\/wp-json\/wp\/v2\/pwb-brand?post=15918"},{"taxonomy":"product_brand","embeddable":true,"href":"https:\/\/mildot.fi\/index.php\/wp-json\/wp\/v2\/product_brand?post=15918"},{"taxonomy":"product_cat","embeddable":true,"href":"https:\/\/mildot.fi\/index.php\/wp-json\/wp\/v2\/product_cat?post=15918"},{"taxonomy":"product_tag","embeddable":true,"href":"https:\/\/mildot.fi\/index.php\/wp-json\/wp\/v2\/product_tag?post=15918"}],"curies":[{"name":"wp","href":"https:\/\/api.w.org\/{rel}","templated":true}]}}