{"id":15869,"date":"2025-08-22T09:48:00","date_gmt":"2025-08-22T07:48:00","guid":{"rendered":"https:\/\/mildot.fi\/?post_type=product&#038;p=15869"},"modified":"2025-08-22T09:48:35","modified_gmt":"2025-08-22T07:48:35","slug":"snigel-30-40l-combat-backpack","status":"publish","type":"product","link":"https:\/\/mildot.fi\/index.php\/product\/snigel-30-40l-combat-backpack\/","title":{"rendered":"Snigel- 30-40L Combat backpack"},"content":{"rendered":"<p>Snigel Combat Pack erbjuder smart f\u00f6rvaring, bekv\u00e4mlighet och h\u00f6g kvalite.<\/p>\n<p><strong>SPECIFIKATIONER<\/strong><\/p>\n<ul>\n<li>Volym: 30-40L<\/li>\n<li>Storlek: 50 x 34 x 17-28cm<\/li>\n<li>Vilt: 1500g<\/li>\n<li>Br\u00f6st &amp; magrem<\/li>\n<li>B\u00e4rhandtag p\u00e5 toppen och ett p\u00e5 sidan av ryggs\u00e4cken<\/li>\n<li>Molle-system p\u00e5 delar av ryggs\u00e4cken<\/li>\n<li>Huvudfackets blixtl\u00e5sdragare \u00e4r gjorda av v\u00e4v, medan de yttre fickorna har en plast\u00e4nde som g\u00f6r att de l\u00e4tt kan urskiljas i m\u00f6rker.<\/li>\n<li>Inuti huvudfacket finns det tv\u00e5 fickor, och insidan \u00e4r fodrad med kardborreband, vilket g\u00f6r det m\u00f6jligt att f\u00e4sta ytterligare fickor.<\/li>\n<li>De yttre fickorna har dragkedja och inneh\u00e5ller meshfickor inuti.<\/li>\n<li>P\u00e5 toppen kan en dragkedja \u00f6ppnas f\u00f6r \u00e5tkomst eller anv\u00e4ndas som port f\u00f6r antenner, kablar eller en slang f\u00f6r v\u00e4tskesystem.29-01410A01-000<\/li>\n<\/ul>\n<p><em>SNIGEL \u00e4r ett svenskt f\u00f6retag som utvecklar h\u00f6gkvalitativ utrustning och kl\u00e4der f\u00f6r snabb, s\u00e4ker och bekv\u00e4m anv\u00e4ndning. Utrustningen best\u00e5r av sjukv\u00e5rdssystem, utrustning f\u00f6r f\u00f6rsvarsmakten, s\u00e4kerhetspersonal och Polis.<\/em><\/p>\n","protected":false},"excerpt":{"rendered":"<p>Snigel Combat Pack erbjuder smart f\u00f6rvaring, bekv\u00e4mlighet och h\u00f6g kvalite. SPECIFIKATIONER Volym: 30-40L Storlek: 50 x 34 x 17-28cm Vilt: 1500g Br\u00f6st &amp; magrem B\u00e4rhandtag p\u00e5 toppen och ett p\u00e5 sidan av ryggs\u00e4cken Molle-system p\u00e5 delar av ryggs\u00e4cken Huvudfackets blixtl\u00e5sdragare \u00e4r gjorda av v\u00e4v, medan de yttre fickorna har en plast\u00e4nde som g\u00f6r att de [&hellip;]<\/p>\n","protected":false},"featured_media":15873,"comment_status":"open","ping_status":"closed","template":"","meta":{"ocean_post_layout":"","ocean_both_sidebars_style":"","ocean_both_sidebars_content_width":0,"ocean_both_sidebars_sidebars_width":0,"ocean_sidebar":"0","ocean_second_sidebar":"0","ocean_disable_margins":"enable","ocean_add_body_class":"","ocean_shortcode_before_top_bar":"","ocean_shortcode_after_top_bar":"","ocean_shortcode_before_header":"","ocean_shortcode_after_header":"","ocean_has_shortcode":"","ocean_shortcode_after_title":"","ocean_shortcode_before_footer_widgets":"","ocean_shortcode_after_footer_widgets":"","ocean_shortcode_before_footer_bottom":"","ocean_shortcode_after_footer_bottom":"","ocean_display_top_bar":"default","ocean_display_header":"default","ocean_header_style":"","ocean_center_header_left_menu":"0","ocean_custom_header_template":"0","ocean_custom_logo":0,"ocean_custom_retina_logo":0,"ocean_custom_logo_max_width":0,"ocean_custom_logo_tablet_max_width":0,"ocean_custom_logo_mobile_max_width":0,"ocean_custom_logo_max_height":0,"ocean_custom_logo_tablet_max_height":0,"ocean_custom_logo_mobile_max_height":0,"ocean_header_custom_menu":"0","ocean_menu_typo_font_family":"0","ocean_menu_typo_font_subset":"","ocean_menu_typo_font_size":0,"ocean_menu_typo_font_size_tablet":0,"ocean_menu_typo_font_size_mobile":0,"ocean_menu_typo_font_size_unit":"px","ocean_menu_typo_font_weight":"","ocean_menu_typo_font_weight_tablet":"","ocean_menu_typo_font_weight_mobile":"","ocean_menu_typo_transform":"","ocean_menu_typo_transform_tablet":"","ocean_menu_typo_transform_mobile":"","ocean_menu_typo_line_height":0,"ocean_menu_typo_line_height_tablet":0,"ocean_menu_typo_line_height_mobile":0,"ocean_menu_typo_line_height_unit":"","ocean_menu_typo_spacing":0,"ocean_menu_typo_spacing_tablet":0,"ocean_menu_typo_spacing_mobile":0,"ocean_menu_typo_spacing_unit":"","ocean_menu_link_color":"","ocean_menu_link_color_hover":"","ocean_menu_link_color_active":"","ocean_menu_link_background":"","ocean_menu_link_hover_background":"","ocean_menu_link_active_background":"","ocean_menu_social_links_bg":"","ocean_menu_social_hover_links_bg":"","ocean_menu_social_links_color":"","ocean_menu_social_hover_links_color":"","ocean_disable_title":"default","ocean_disable_heading":"default","ocean_post_title":"","ocean_post_subheading":"","ocean_post_title_style":"","ocean_post_title_background_color":"","ocean_post_title_background":0,"ocean_post_title_bg_image_position":"","ocean_post_title_bg_image_attachment":"","ocean_post_title_bg_image_repeat":"","ocean_post_title_bg_image_size":"","ocean_post_title_height":0,"ocean_post_title_bg_overlay":0.5,"ocean_post_title_bg_overlay_color":"","ocean_disable_breadcrumbs":"default","ocean_breadcrumbs_color":"","ocean_breadcrumbs_separator_color":"","ocean_breadcrumbs_links_color":"","ocean_breadcrumbs_links_hover_color":"","ocean_display_footer_widgets":"default","ocean_display_footer_bottom":"default","ocean_custom_footer_template":"0","jetpack_publicize_message":"","jetpack_publicize_feature_enabled":true,"jetpack_social_post_already_shared":true,"jetpack_social_options":{"image_generator_settings":{"template":"highway","default_image_id":0,"font":"","enabled":false},"version":2}},"pwb-brand":[2867],"product_brand":[],"product_cat":[2914],"product_tag":[3118,2911,1737,3117,2912,3119,2263,124,2868],"class_list":{"0":"post-15869","1":"product","2":"type-product","3":"status-publish","4":"has-post-thumbnail","6":"pwb-brand-snigel","7":"product_cat-snigel","8":"product_tag-30-40","9":"product_tag-backpack","10":"product_tag-black","11":"product_tag-combat","12":"product_tag-grey","13":"product_tag-harmaa","14":"product_tag-musta","15":"product_tag-reppu","16":"product_tag-snigel","18":"entry","19":"has-media","21":"first","22":"instock","23":"taxable","24":"shipping-taxable","25":"purchasable","26":"product-type-variable","27":"has-product-nav","28":"col","29":"span_1_of_4","30":"owp-content-center","31":"owp-thumbs-layout-horizontal","32":"owp-btn-normal","33":"owp-tabs-layout-horizontal"},"jetpack_publicize_connections":[],"jetpack_sharing_enabled":true,"brands":[{"id":2867,"name":"Snigel","slug":"snigel"}],"_links":{"self":[{"href":"https:\/\/mildot.fi\/index.php\/wp-json\/wp\/v2\/product\/15869","targetHints":{"allow":["GET"]}}],"collection":[{"href":"https:\/\/mildot.fi\/index.php\/wp-json\/wp\/v2\/product"}],"about":[{"href":"https:\/\/mildot.fi\/index.php\/wp-json\/wp\/v2\/types\/product"}],"replies":[{"embeddable":true,"href":"https:\/\/mildot.fi\/index.php\/wp-json\/wp\/v2\/comments?post=15869"}],"wp:featuredmedia":[{"embeddable":true,"href":"https:\/\/mildot.fi\/index.php\/wp-json\/wp\/v2\/media\/15873"}],"wp:attachment":[{"href":"https:\/\/mildot.fi\/index.php\/wp-json\/wp\/v2\/media?parent=15869"}],"wp:term":[{"taxonomy":"pwb-brand","embeddable":true,"href":"https:\/\/mildot.fi\/index.php\/wp-json\/wp\/v2\/pwb-brand?post=15869"},{"taxonomy":"product_brand","embeddable":true,"href":"https:\/\/mildot.fi\/index.php\/wp-json\/wp\/v2\/product_brand?post=15869"},{"taxonomy":"product_cat","embeddable":true,"href":"https:\/\/mildot.fi\/index.php\/wp-json\/wp\/v2\/product_cat?post=15869"},{"taxonomy":"product_tag","embeddable":true,"href":"https:\/\/mildot.fi\/index.php\/wp-json\/wp\/v2\/product_tag?post=15869"}],"curies":[{"name":"wp","href":"https:\/\/api.w.org\/{rel}","templated":true}]}}