{"id":15253,"date":"2025-05-04T09:20:45","date_gmt":"2025-05-04T07:20:45","guid":{"rendered":"https:\/\/mildot.fi\/?post_type=product&#038;p=15253"},"modified":"2025-05-08T08:00:46","modified_gmt":"2025-05-08T06:00:46","slug":"vanguard-endeavor-hd82a","status":"publish","type":"product","link":"https:\/\/mildot.fi\/index.php\/product\/vanguard-endeavor-hd82a\/","title":{"rendered":"Vanguard Endeavor HD82A +20-60x"},"content":{"rendered":"<p><strong>Huomio! T\u00e4m\u00e4 tuote on nyky\u00e4\u00e4n v\u00e4rilt\u00e4\u00e4n musta.<\/strong><\/p>\n<p>Vanguard Endeavor HD82A + 20-60x zoom kaukoputki yhdist\u00e4\u00e4 typell\u00e4 t\u00e4ytetyn magnesiumrungon ja monikalvo p\u00e4\u00e4llysteisest\u00e4 ED-linsseist\u00e4. Endeavour HD -sarjassa on eritt\u00e4in alhaisen hajonnan ED optinen linssist\u00f6 ja vaihekorjatut BaK4-prismat, jotka maksimoivat valon l\u00e4p\u00e4isyn ja tuottavat v\u00e4reille uskollisia kuvia, joissa on paljon kontrastia.<\/p>\n<p>T\u00e4m\u00e4 Endeavour HD\u00a0 sis\u00e4lt\u00e4\u00e4 20-60-kertaisen zoomauksen okulaarin, jossa on kuminen zoomi rinkukla. 1: 3-zoomaussuhde ja 2,1-1,0 \u00b0: n kuvakulma t\u00e4ydent\u00e4v\u00e4t okulaarin pitk\u00e4\u00e4 19 mm: n silm\u00e4luomista ja kumista valmistettua silm\u00e4suppia, jotka auttavat lis\u00e4\u00e4m\u00e4\u00e4n katselumukavuutta pitk\u00e4aikaisiin havaintoihin.<\/p>\n<p>Kuvanlaadun ja s\u00e4\u00e4nkest\u00e4v\u00e4n rakenteen lis\u00e4ksi Endeavour HD sis\u00e4lt\u00e4\u00e4 useita toimintoja, jotka parantavat alueen toiminnallisuutta. Pinottu kaksoistarkennusmekanismi mahdollistaa tarkkailijan hienos\u00e4\u00e4d\u00f6n ja karkeuden s\u00e4\u00e4t\u00e4misen. Jalustan asennusjalassa on vakio 1\/4\u2033 kierre, ja se on yhteensopiva mink\u00e4 tahansa kolmijalkojen kanssa.\u00a0 Integroitu vastavalosuoja sek\u00e4 tiukasti istuva kantolaukku\/sadesuoja auttavat tekem\u00e4\u00e4n Endeavour HD: st\u00e4 monipuolisen kaukoputken ulkok\u00e4ytt\u00f6\u00f6n<\/p>\n<p><strong>Ominaisuudet<\/strong><\/p>\n<ul>\n<li>Suurennos: 20-60x<\/li>\n<li>Objektiivin halkaisija: 82 mm<\/li>\n<li>Runko: alumiini-magnesium-rakenne, kumip\u00e4\u00e4llysteinen<\/li>\n<li>Prisman tyyppi: BaK4<\/li>\n<li>S\u00e4\u00e4suojaus: typpit\u00e4ytteinen ja vesitiivis rakenne<\/li>\n<li>N\u00e4k\u00f6kentt\u00e4 (asteina): 2.1\u00b0 ~ 1.0\u00b0<\/li>\n<li>N\u00e4k\u00f6kentt\u00e4 1000 metriss\u00e4: 37 ~ 17<\/li>\n<li>ulostuloaukon halkaisija 3,3-1,2mm<\/li>\n<li>Minimi tarkennuset\u00e4isyys: 6.00 ~ 6.50m<\/li>\n<li>Silm\u00e4n ja okulaarin v\u00e4linen et\u00e4isyys 19.0 ~ 20.0 mm<\/li>\n<li>Suhteellinen valovoima: 16.8~1.8<\/li>\n<li>Twilight Factor: 40.4~70.1<\/li>\n<li>Mitat: 380 x 180 mm<\/li>\n<li>Paino: 1810g<\/li>\n<\/ul>\n<p><strong>Paketin sis\u00e4lt\u00f6<\/strong><\/p>\n<ul>\n<li>Vanguard Endeavor HD82A<\/li>\n<li>Vanguard 20-60x zoom okulaari<\/li>\n<li>Kantolaukku<\/li>\n<li><\/li>\n<li><\/li>\n<li>\n<p class=\"responsive-video-wrap clr\"><iframe title=\"#OnYourGuard - ENDEAVOR HD Spotting Scopes\" width=\"1200\" height=\"675\" src=\"https:\/\/www.youtube.com\/embed\/IinGA-_ZoWs?feature=oembed\" frameborder=\"0\" allow=\"accelerometer; autoplay; clipboard-write; encrypted-media; gyroscope; picture-in-picture; web-share\" referrerpolicy=\"strict-origin-when-cross-origin\" allowfullscreen><\/iframe><\/p>\n<\/li>\n<\/ul>\n<p class=\"responsive-video-wrap clr\"><iframe title=\"Endeavor HD Spotting Scope - Quick Sell\" width=\"1200\" height=\"675\" src=\"https:\/\/www.youtube.com\/embed\/OyRN7fQbCBM?feature=oembed\" frameborder=\"0\" allow=\"accelerometer; autoplay; clipboard-write; encrypted-media; gyroscope; picture-in-picture; web-share\" referrerpolicy=\"strict-origin-when-cross-origin\" allowfullscreen><\/iframe><\/p>\n","protected":false},"excerpt":{"rendered":"<p>Huomio! T\u00e4m\u00e4 tuote on nyky\u00e4\u00e4n v\u00e4rilt\u00e4\u00e4n musta. Vanguard Endeavor HD82A + 20-60x zoom kaukoputki yhdist\u00e4\u00e4 typell\u00e4 t\u00e4ytetyn magnesiumrungon ja monikalvo p\u00e4\u00e4llysteisest\u00e4 ED-linsseist\u00e4. Endeavour HD -sarjassa on eritt\u00e4in alhaisen hajonnan ED optinen linssist\u00f6 ja vaihekorjatut BaK4-prismat, jotka maksimoivat valon l\u00e4p\u00e4isyn ja tuottavat v\u00e4reille uskollisia kuvia, joissa on paljon kontrastia. T\u00e4m\u00e4 Endeavour HD\u00a0 sis\u00e4lt\u00e4\u00e4 20-60-kertaisen zoomauksen okulaarin, [&hellip;]<\/p>\n","protected":false},"featured_media":15289,"comment_status":"open","ping_status":"closed","template":"","meta":{"ocean_post_layout":"","ocean_both_sidebars_style":"","ocean_both_sidebars_content_width":0,"ocean_both_sidebars_sidebars_width":0,"ocean_sidebar":"0","ocean_second_sidebar":"0","ocean_disable_margins":"enable","ocean_add_body_class":"","ocean_shortcode_before_top_bar":"","ocean_shortcode_after_top_bar":"","ocean_shortcode_before_header":"","ocean_shortcode_after_header":"","ocean_has_shortcode":"","ocean_shortcode_after_title":"","ocean_shortcode_before_footer_widgets":"","ocean_shortcode_after_footer_widgets":"","ocean_shortcode_before_footer_bottom":"","ocean_shortcode_after_footer_bottom":"","ocean_display_top_bar":"default","ocean_display_header":"default","ocean_header_style":"","ocean_center_header_left_menu":"0","ocean_custom_header_template":"0","ocean_custom_logo":0,"ocean_custom_retina_logo":0,"ocean_custom_logo_max_width":0,"ocean_custom_logo_tablet_max_width":0,"ocean_custom_logo_mobile_max_width":0,"ocean_custom_logo_max_height":0,"ocean_custom_logo_tablet_max_height":0,"ocean_custom_logo_mobile_max_height":0,"ocean_header_custom_menu":"0","ocean_menu_typo_font_family":"0","ocean_menu_typo_font_subset":"","ocean_menu_typo_font_size":0,"ocean_menu_typo_font_size_tablet":0,"ocean_menu_typo_font_size_mobile":0,"ocean_menu_typo_font_size_unit":"px","ocean_menu_typo_font_weight":"","ocean_menu_typo_font_weight_tablet":"","ocean_menu_typo_font_weight_mobile":"","ocean_menu_typo_transform":"","ocean_menu_typo_transform_tablet":"","ocean_menu_typo_transform_mobile":"","ocean_menu_typo_line_height":0,"ocean_menu_typo_line_height_tablet":0,"ocean_menu_typo_line_height_mobile":0,"ocean_menu_typo_line_height_unit":"","ocean_menu_typo_spacing":0,"ocean_menu_typo_spacing_tablet":0,"ocean_menu_typo_spacing_mobile":0,"ocean_menu_typo_spacing_unit":"","ocean_menu_link_color":"","ocean_menu_link_color_hover":"","ocean_menu_link_color_active":"","ocean_menu_link_background":"","ocean_menu_link_hover_background":"","ocean_menu_link_active_background":"","ocean_menu_social_links_bg":"","ocean_menu_social_hover_links_bg":"","ocean_menu_social_links_color":"","ocean_menu_social_hover_links_color":"","ocean_disable_title":"default","ocean_disable_heading":"default","ocean_post_title":"","ocean_post_subheading":"","ocean_post_title_style":"","ocean_post_title_background_color":"","ocean_post_title_background":0,"ocean_post_title_bg_image_position":"","ocean_post_title_bg_image_attachment":"","ocean_post_title_bg_image_repeat":"","ocean_post_title_bg_image_size":"","ocean_post_title_height":0,"ocean_post_title_bg_overlay":0.5,"ocean_post_title_bg_overlay_color":"","ocean_disable_breadcrumbs":"default","ocean_breadcrumbs_color":"","ocean_breadcrumbs_separator_color":"","ocean_breadcrumbs_links_color":"","ocean_breadcrumbs_links_hover_color":"","ocean_display_footer_widgets":"default","ocean_display_footer_bottom":"default","ocean_custom_footer_template":"0","jetpack_publicize_message":"","jetpack_publicize_feature_enabled":true,"jetpack_social_post_already_shared":true,"jetpack_social_options":{"image_generator_settings":{"template":"highway","default_image_id":0,"font":"","enabled":false},"version":2}},"pwb-brand":[2477],"product_brand":[],"product_cat":[2452,17],"product_tag":[3058,3057,3056,2400,2454,2478],"class_list":{"0":"post-15253","1":"product","2":"type-product","3":"status-publish","4":"has-post-thumbnail","6":"pwb-brand-vanguard","7":"product_cat-kaukoputket","8":"product_cat-optiikka","9":"product_tag-20-60x","10":"product_tag-82a","11":"product_tag-endeavor","12":"product_tag-hd","13":"product_tag-kaukoputki","14":"product_tag-vanguard","16":"entry","17":"has-media","19":"first","20":"instock","21":"taxable","22":"shipping-taxable","23":"purchasable","24":"product-type-simple","25":"has-product-nav","26":"col","27":"span_1_of_4","28":"owp-content-center","29":"owp-thumbs-layout-horizontal","30":"owp-btn-normal","31":"owp-tabs-layout-horizontal"},"jetpack_publicize_connections":[],"jetpack_sharing_enabled":true,"brands":[{"id":2477,"name":"Vanguard","slug":"vanguard"}],"_links":{"self":[{"href":"https:\/\/mildot.fi\/index.php\/wp-json\/wp\/v2\/product\/15253","targetHints":{"allow":["GET"]}}],"collection":[{"href":"https:\/\/mildot.fi\/index.php\/wp-json\/wp\/v2\/product"}],"about":[{"href":"https:\/\/mildot.fi\/index.php\/wp-json\/wp\/v2\/types\/product"}],"replies":[{"embeddable":true,"href":"https:\/\/mildot.fi\/index.php\/wp-json\/wp\/v2\/comments?post=15253"}],"wp:featuredmedia":[{"embeddable":true,"href":"https:\/\/mildot.fi\/index.php\/wp-json\/wp\/v2\/media\/15289"}],"wp:attachment":[{"href":"https:\/\/mildot.fi\/index.php\/wp-json\/wp\/v2\/media?parent=15253"}],"wp:term":[{"taxonomy":"pwb-brand","embeddable":true,"href":"https:\/\/mildot.fi\/index.php\/wp-json\/wp\/v2\/pwb-brand?post=15253"},{"taxonomy":"product_brand","embeddable":true,"href":"https:\/\/mildot.fi\/index.php\/wp-json\/wp\/v2\/product_brand?post=15253"},{"taxonomy":"product_cat","embeddable":true,"href":"https:\/\/mildot.fi\/index.php\/wp-json\/wp\/v2\/product_cat?post=15253"},{"taxonomy":"product_tag","embeddable":true,"href":"https:\/\/mildot.fi\/index.php\/wp-json\/wp\/v2\/product_tag?post=15253"}],"curies":[{"name":"wp","href":"https:\/\/api.w.org\/{rel}","templated":true}]}}