{"id":15178,"date":"2025-04-30T12:41:33","date_gmt":"2025-04-30T10:41:33","guid":{"rendered":"https:\/\/mildot.fi\/?post_type=product&#038;p=15178"},"modified":"2025-04-30T12:41:33","modified_gmt":"2025-04-30T10:41:33","slug":"burrel-n24-riistakamera","status":"publish","type":"product","link":"https:\/\/mildot.fi\/index.php\/product\/burrel-n24-riistakamera\/","title":{"rendered":"Burrel N24 riistakamera"},"content":{"rendered":"<ul>\n<li>Helppo asennus: Burrel-sovelluksella tehty asennus ja hallinta on suunniteltu k\u00e4ytt\u00e4j\u00e4yst\u00e4v\u00e4lliseksi ja tehokkaaksi.<\/li>\n<li>Erinomainen kuvanlaatu: L\u00e4hett\u00e4\u00e4 laadukkaita 12Mp kuvia. Full HD tasoisen videon tallennus muistikortille.<\/li>\n<li>Huomaamaton y\u00f6kuvaus: N\u00e4kym\u00e4t\u00f6n musta salama takaa kristallinkirkkaan y\u00f6n\u00e4\u00f6n.<\/li>\n<li>Nopea reagointiaika sek\u00e4 laaja kantama: Nopea 0,6 sekunnin reagointi ja laaja jopa 25 metrin kantama.<\/li>\n<li>Luotettava yhteys: Tehokas 4G-modeemi ja esiasennettu SIM-kortti takaavat vakaan yhteyden my\u00f6s syrj\u00e4isill\u00e4 alueilla.<\/li>\n<li>Toimii ilman muistikorttia: Kuvien l\u00e4hetys toimii ilman muistikorttia. Kaikkien ominaisuuksien k\u00e4ytt\u00f6 edellytt\u00e4\u00e4\u00a0<a href=\"https:\/\/tracker.fi\/tuote\/transcend-32gb-sd\/\">SD-korttia<\/a>.<\/li>\n<\/ul>\n<h3>Tekniset tiedot<\/h3>\n<div class=\"row\">\n<div class=\"col-sm-12 col-md-6\">\n<div class=\"nimike\">Tyyppi Burrel N24<\/div>\n<\/div>\n<\/div>\n<div class=\"row\">\n<div class=\"col-sm-12 col-md-6\">\n<div class=\"nimike\">Virtal\u00e4hde 12kpl Alkaline paristo tai 6V ulkoinen virtal\u00e4hde<\/div>\n<\/div>\n<\/div>\n<div class=\"row\">\n<div class=\"col-sm-12 col-md-6\">\n<div class=\"nimike\">S\u00e4\u00e4nkest\u00e4vyys IP67<\/div>\n<\/div>\n<\/div>\n<div class=\"row\">\n<div class=\"col-sm-12 col-md-6\">\n<div class=\"nimike\">Paino 438g<\/div>\n<\/div>\n<\/div>\n<div class=\"row\">\n<div class=\"col-sm-12 col-md-6\">\n<div class=\"nimike\">Mitat 153 x 125 x 77mm<\/div>\n<\/div>\n<\/div>\n<div class=\"row\">\n<div class=\"col-sm-12 col-md-6\">\n<div class=\"nimike\">Muisti SDHC 16 &#8211; 32Gb<\/div>\n<\/div>\n<\/div>\n<div class=\"row\">\n<div class=\"col-sm-12 col-md-6\">\n<div class=\"nimike\">Matkapuhelinverkon tuki &#8211; 2G\/4G LTE CAT1<\/div>\n<\/div>\n<\/div>\n<div class=\"row\">\n<div class=\"col-sm-12 col-md-6\">\n<div class=\"nimike\">Havannointialue &#8211; Jopa 25metri\u00e4<\/div>\n<\/div>\n<\/div>\n<div class=\"row\">\n<div class=\"col-sm-12 col-md-6\">\n<div class=\"nimike\">Kuvien tarkkuus 12Mp<\/div>\n<\/div>\n<\/div>\n<div class=\"row\">\n<div class=\"col-sm-12 col-md-6\">\n<div class=\"nimike\">Videon tarkkuus Full HD<\/div>\n<\/div>\n<\/div>\n<div class=\"row\">\n<div class=\"col-sm-12 col-md-6\">\n<div class=\"nimike\">Videon pituus &#8211; 5 &#8211; 30 sekuntia. Vaatii muistikortin<\/div>\n<\/div>\n<\/div>\n<div class=\"row\">\n<div class=\"col-sm-12 col-md-6\">\n<div class=\"nimike\">Liiketunnistin -Kyll\u00e4<\/div>\n<\/div>\n<\/div>\n<div class=\"row\">\n<div class=\"col-sm-12 col-md-6\">\n<div class=\"nimike\">Reagointinopeus 0,4 sekuntia<\/div>\n<\/div>\n<\/div>\n<div class=\"row\">\n<div class=\"col-sm-12 col-md-6\">\n<div class=\"nimike\">Salama &#8211; Kyll\u00e4. N\u00e4kym\u00e4t\u00f6n mustavalosalama.<\/div>\n<\/div>\n<\/div>\n<div class=\"row\">\n<div class=\"col-sm-12 col-md-6\">\n<div class=\"nimike\">Salama LED &#8211; 42kpl 940nm n\u00e4kym\u00e4t\u00f6nt\u00e4 ledi\u00e4<\/div>\n<\/div>\n<\/div>\n<div class=\"row\">\n<div class=\"col-sm-12 col-md-6\">\n<div class=\"nimike\">Sarjakuvaus &#8211; Kyll\u00e4. Kuvausv\u00e4li 3 sekuntia<\/div>\n<\/div>\n<\/div>\n<div class=\"row\">\n<div class=\"col-sm-12 col-md-6\">\n<div class=\"nimike\">Time-Lapse aikav\u00e4likuvaus &#8211; Kyll\u00e4<\/div>\n<\/div>\n<\/div>\n<div class=\"row\">\n<div class=\"col-sm-12 col-md-6\">\n<div class=\"nimike\">Ajastin &#8211; Ohjelmoitava viikkokalenteri<\/div>\n<\/div>\n<\/div>\n<div class=\"row\">\n<div class=\"col-sm-12 col-md-6\">\n<div class=\"nimike\">Kuvien l\u00e4hetys &#8211; Kyll\u00e4.<\/div>\n<\/div>\n<\/div>\n<div class=\"row\">\n<div class=\"col-sm-12 col-md-6\">\n<div class=\"nimike\">Videoiden l\u00e4hetys &#8211; Ei.<\/div>\n<\/div>\n<\/div>\n","protected":false},"excerpt":{"rendered":"<div class=\"product attribute overview\">\n<div class=\"value\">\n<p><strong>Burrel N24<\/strong>\u00a0on paljon enemm\u00e4n kuin pelkk\u00e4 kamera, se on ikkunasi luontoon. T\u00e4m\u00e4 monipuolinen kamera innostaa uteliaita luontoharrastajia ja antaa mets\u00e4st\u00e4jille arvokasta tietoa kuvien avulla. Asenna ja k\u00e4yt\u00e4 kameraa helposti Burrel sovelluksen avulla. N24 on t\u00e4ydellinen kumppanisi luonnon seuraamisessa.<\/p>\n<p>Myynti pakkaus sis\u00e4lt\u00e4\u00e4 Burrel n24 riistakameran, esiasennetun SIM kortin (aktivoitava erikseen), tehoantennin, pikaohjeen sek\u00e4 kiinnitysvy\u00f6n.<\/p>\n<p><strong>HUOM!<\/strong>\u00a0Muistikortti ja virtal\u00e4hde eiv\u00e4t sis\u00e4lly tuotepakkaukseen, vaan ne on ostettava erikseen. Vaikka kamera voi l\u00e4hett\u00e4\u00e4 kuvia ilman muistikorttia, kaikkien ominaisuuksien k\u00e4ytt\u00e4miseen tarvitaan muistikortti kuten videoiden l\u00e4hetys.<\/p>\n<p>&nbsp;<\/p>\n<h3>Uusi Burrel Sovellus<\/h3>\n<ul>\n<li class=\"cvGsUA direction-ltr align-start para-style-body\"><span class=\"OYPEnA text-decoration-none text-strikethrough-none\">Vaivaton hallinta:\u00a0<\/span><span class=\"OYPEnA text-decoration-none text-strikethrough-none\"><a href=\"https:\/\/tracker.fi\/uusi-burrel-sovellus\/\">Burrel-sovelluksen<\/a>\u00a0avulla kameroiden asennus on helppoa ja nopeaa. Voit hallinnoida kameran asetuksia et\u00e4n\u00e4 mist\u00e4 tahansa ja milloin tahansa.<\/span><\/li>\n<li class=\"cvGsUA direction-ltr align-start para-style-body\">Nopea ja intuitiivinen galleria:\u00a0<span class=\"OYPEnA text-decoration-none text-strikethrough-none\">Selaa kuvia ja videoita nopeasti l\u00f6yt\u00e4\u00e4ksesi t\u00e4ydellisen riistakameraotoksen. Suodattimien avulla voit my\u00f6s l\u00f6yt\u00e4\u00e4 etsim\u00e4si nopeammin.<\/span><\/li>\n<li class=\"cvGsUA direction-ltr align-start para-style-body\">Push-ilmoitukset:\u00a0<span class=\"OYPEnA text-decoration-none text-strikethrough-none\">Saat v\u00e4litt\u00f6mi\u00e4 ilmoituksia puhelimeesi, kun kamerasi havaitsee toimintaa. N\u00e4in voit tarkistaa tilanteen nopeasti.<\/span><\/li>\n<li class=\"cvGsUA direction-ltr align-start para-style-body\">Yhteensopivuus:\u00a0<span class=\"OYPEnA text-decoration-none text-strikethrough-none\">Burrel-sovellusta voi k\u00e4ytt\u00e4\u00e4 mink\u00e4 tahansa riistakamerabr\u00e4ndin kanssa, jossa on s\u00e4hk\u00f6postiominaisuus, mukaan lukien vanhemmat Burrel 2G -kamerat.\u00a0<\/span><\/li>\n<li class=\"cvGsUA direction-ltr align-start para-style-body\">Jakaaminen:\u00a0<span class=\"OYPEnA text-decoration-none text-strikethrough-none\">Jaa kameran katseluoikeus\u00a0<a href=\"https:\/\/tracker.fi\/uusi-burrel-sovellus\/\">Burrel-sovelluksen<\/a>\u00a0kautta perheellesi tai yst\u00e4villesi. Jaa hetkesi suoraan sosiaalisen median alustoille, s\u00e4hk\u00f6postiin ja muihin kolmannen osapuolen sovelluksiin saumattomasti.<\/span><\/li>\n<\/ul>\n<\/div>\n<\/div>\n","protected":false},"featured_media":15180,"comment_status":"open","ping_status":"closed","template":"","meta":{"ocean_post_layout":"","ocean_both_sidebars_style":"","ocean_both_sidebars_content_width":0,"ocean_both_sidebars_sidebars_width":0,"ocean_sidebar":"0","ocean_second_sidebar":"0","ocean_disable_margins":"enable","ocean_add_body_class":"","ocean_shortcode_before_top_bar":"","ocean_shortcode_after_top_bar":"","ocean_shortcode_before_header":"","ocean_shortcode_after_header":"","ocean_has_shortcode":"","ocean_shortcode_after_title":"","ocean_shortcode_before_footer_widgets":"","ocean_shortcode_after_footer_widgets":"","ocean_shortcode_before_footer_bottom":"","ocean_shortcode_after_footer_bottom":"","ocean_display_top_bar":"default","ocean_display_header":"default","ocean_header_style":"","ocean_center_header_left_menu":"0","ocean_custom_header_template":"0","ocean_custom_logo":0,"ocean_custom_retina_logo":0,"ocean_custom_logo_max_width":0,"ocean_custom_logo_tablet_max_width":0,"ocean_custom_logo_mobile_max_width":0,"ocean_custom_logo_max_height":0,"ocean_custom_logo_tablet_max_height":0,"ocean_custom_logo_mobile_max_height":0,"ocean_header_custom_menu":"0","ocean_menu_typo_font_family":"0","ocean_menu_typo_font_subset":"","ocean_menu_typo_font_size":0,"ocean_menu_typo_font_size_tablet":0,"ocean_menu_typo_font_size_mobile":0,"ocean_menu_typo_font_size_unit":"px","ocean_menu_typo_font_weight":"","ocean_menu_typo_font_weight_tablet":"","ocean_menu_typo_font_weight_mobile":"","ocean_menu_typo_transform":"","ocean_menu_typo_transform_tablet":"","ocean_menu_typo_transform_mobile":"","ocean_menu_typo_line_height":0,"ocean_menu_typo_line_height_tablet":0,"ocean_menu_typo_line_height_mobile":0,"ocean_menu_typo_line_height_unit":"","ocean_menu_typo_spacing":0,"ocean_menu_typo_spacing_tablet":0,"ocean_menu_typo_spacing_mobile":0,"ocean_menu_typo_spacing_unit":"","ocean_menu_link_color":"","ocean_menu_link_color_hover":"","ocean_menu_link_color_active":"","ocean_menu_link_background":"","ocean_menu_link_hover_background":"","ocean_menu_link_active_background":"","ocean_menu_social_links_bg":"","ocean_menu_social_hover_links_bg":"","ocean_menu_social_links_color":"","ocean_menu_social_hover_links_color":"","ocean_disable_title":"default","ocean_disable_heading":"default","ocean_post_title":"","ocean_post_subheading":"","ocean_post_title_style":"","ocean_post_title_background_color":"","ocean_post_title_background":0,"ocean_post_title_bg_image_position":"","ocean_post_title_bg_image_attachment":"","ocean_post_title_bg_image_repeat":"","ocean_post_title_bg_image_size":"","ocean_post_title_height":0,"ocean_post_title_bg_overlay":0.5,"ocean_post_title_bg_overlay_color":"","ocean_disable_breadcrumbs":"default","ocean_breadcrumbs_color":"","ocean_breadcrumbs_separator_color":"","ocean_breadcrumbs_links_color":"","ocean_breadcrumbs_links_hover_color":"","ocean_display_footer_widgets":"default","ocean_display_footer_bottom":"default","ocean_custom_footer_template":"0","jetpack_publicize_message":"","jetpack_publicize_feature_enabled":true,"jetpack_social_post_already_shared":true,"jetpack_social_options":{"image_generator_settings":{"template":"highway","default_image_id":0,"font":"","enabled":false},"version":2}},"pwb-brand":[2000],"product_brand":[],"product_cat":[2029],"product_tag":[2001,3038,2005],"class_list":{"0":"post-15178","1":"product","2":"type-product","3":"status-publish","4":"has-post-thumbnail","6":"pwb-brand-burrel","7":"product_cat-riistakmaerat","8":"product_tag-burrel","9":"product_tag-n24","10":"product_tag-riistakamera","12":"entry","13":"has-media","15":"first","16":"instock","17":"taxable","18":"shipping-taxable","19":"purchasable","20":"product-type-simple","21":"has-product-nav","22":"col","23":"span_1_of_4","24":"owp-content-center","25":"owp-thumbs-layout-horizontal","26":"owp-btn-normal","27":"owp-tabs-layout-horizontal"},"jetpack_publicize_connections":[],"jetpack_sharing_enabled":true,"brands":[{"id":2000,"name":"Burrel","slug":"burrel"}],"_links":{"self":[{"href":"https:\/\/mildot.fi\/index.php\/wp-json\/wp\/v2\/product\/15178","targetHints":{"allow":["GET"]}}],"collection":[{"href":"https:\/\/mildot.fi\/index.php\/wp-json\/wp\/v2\/product"}],"about":[{"href":"https:\/\/mildot.fi\/index.php\/wp-json\/wp\/v2\/types\/product"}],"replies":[{"embeddable":true,"href":"https:\/\/mildot.fi\/index.php\/wp-json\/wp\/v2\/comments?post=15178"}],"wp:featuredmedia":[{"embeddable":true,"href":"https:\/\/mildot.fi\/index.php\/wp-json\/wp\/v2\/media\/15180"}],"wp:attachment":[{"href":"https:\/\/mildot.fi\/index.php\/wp-json\/wp\/v2\/media?parent=15178"}],"wp:term":[{"taxonomy":"pwb-brand","embeddable":true,"href":"https:\/\/mildot.fi\/index.php\/wp-json\/wp\/v2\/pwb-brand?post=15178"},{"taxonomy":"product_brand","embeddable":true,"href":"https:\/\/mildot.fi\/index.php\/wp-json\/wp\/v2\/product_brand?post=15178"},{"taxonomy":"product_cat","embeddable":true,"href":"https:\/\/mildot.fi\/index.php\/wp-json\/wp\/v2\/product_cat?post=15178"},{"taxonomy":"product_tag","embeddable":true,"href":"https:\/\/mildot.fi\/index.php\/wp-json\/wp\/v2\/product_tag?post=15178"}],"curies":[{"name":"wp","href":"https:\/\/api.w.org\/{rel}","templated":true}]}}