{"id":15169,"date":"2025-04-30T10:05:43","date_gmt":"2025-04-30T08:05:43","guid":{"rendered":"https:\/\/mildot.fi\/?post_type=product&#038;p=15169"},"modified":"2025-08-28T08:34:08","modified_gmt":"2025-08-28T06:34:08","slug":"leica-magnus-15-10x42i","status":"publish","type":"product","link":"https:\/\/mildot.fi\/index.php\/product\/leica-magnus-15-10x42i\/","title":{"rendered":"Leica Magnus 1,5-10x42i"},"content":{"rendered":"<ul>\n<li style=\"list-style-type: none;\">\n<ul>\n<li>42 mm etulinssi<\/li>\n<li>1.5\u009610-kertainen suurennos<\/li>\n<li>N\u00e4k\u00f6kentt\u00e4 100 m: 26 m &#8211; 4,1 m<\/li>\n<li>Silm\u00e4n et\u00e4isyys: yli 90 mm<\/li>\n<li>Ulostulopupilli: 12,4 mm &#8211; 4,2 mm<\/li>\n<li>Parallaksivapaa 100 m<\/li>\n<li>Diopterikorjaus: \u00964\/+3 dpt<\/li>\n<li>AquaDura\u00ae-linssipinnoite<\/li>\n<li>Valonl\u00e4p\u00e4isykyky: noin 92 %<\/li>\n<li>Toinen polttotaso<\/li>\n<li>L-4a-ristikko<\/li>\n<li>Ristikon s\u00e4\u00e4t\u00f6alue: 260 x 260 cm \/ 100 m<\/li>\n<li>Osumapisteen korjaus: 1 cm \/ 100 m (~1\/3 MOA)<\/li>\n<li>Ristikon valaistus: piste<\/li>\n<li>Valaistun pisteen koko: 1,5 cm \/ 100 m (10x suurennos)<\/li>\n<li>Valaistustasot: 120<\/li>\n<li>Keskiputken halkaisija: 30 mm<\/li>\n<li>Kiinnitys: 30 mm renkaat \/ Zeissin sis\u00e4inen kisko<\/li>\n<li>Etulinssin suodinkierre: M 46 x 0,75 mm<\/li>\n<li>Pituus: 317 mm<\/li>\n<li>Paino: 620 g (kiskolla 650 g)<\/li>\n<li>Vesitiivis 4 m asti, typell\u00e4 t\u00e4ytetty<\/li>\n<li>Automaattinen sammutus: 3 min<\/li>\n<li>Automaattinen p\u00e4\u00e4llekytkent\u00e4: asento\/liike<\/li>\n<li>Virtal\u00e4hde: 1 x CR2032-paristo<\/li>\n<\/ul>\n<\/li>\n<\/ul>\n<p>&nbsp;<\/p>\n<p><a href=\"https:\/\/mildot.fi\/wp-content\/uploads\/2025\/04\/pm-54133-Leica_SO_Pi_Absehen_Magnus-i_0519_EN.pdf\">pm-54133-Leica_SO_Pi_Absehen_Magnus i_0519_EN<\/a><\/p>\n<p class=\"responsive-video-wrap clr\"><iframe title=\"How to \u2013 Turret scale zeroing Leica Magnus\" width=\"1200\" height=\"675\" src=\"https:\/\/www.youtube.com\/embed\/H_ZqrJYYhKI?feature=oembed\" frameborder=\"0\" allow=\"accelerometer; autoplay; clipboard-write; encrypted-media; gyroscope; picture-in-picture; web-share\" referrerpolicy=\"strict-origin-when-cross-origin\" allowfullscreen><\/iframe><\/p>\n<p>&nbsp;<\/p>\n<p class=\"responsive-video-wrap clr\"><iframe title=\"How to \u2013 Handling the illuminated dot Leica Magnus i\" width=\"1200\" height=\"675\" src=\"https:\/\/www.youtube.com\/embed\/GEjP4H7WPps?feature=oembed\" frameborder=\"0\" allow=\"accelerometer; autoplay; clipboard-write; encrypted-media; gyroscope; picture-in-picture; web-share\" referrerpolicy=\"strict-origin-when-cross-origin\" allowfullscreen><\/iframe><\/p>\n<p>&nbsp;<\/p>\n<p class=\"responsive-video-wrap clr\"><iframe title=\"How to \u2013 Battery exchange Leica Magnus\" width=\"1200\" height=\"675\" src=\"https:\/\/www.youtube.com\/embed\/v7qOkxBgfvc?feature=oembed\" frameborder=\"0\" allow=\"accelerometer; autoplay; clipboard-write; encrypted-media; gyroscope; picture-in-picture; web-share\" referrerpolicy=\"strict-origin-when-cross-origin\" allowfullscreen><\/iframe><\/p>\n<p>&nbsp;<\/p>\n<p>&nbsp;<\/p>\n<p>&nbsp;<\/p>\n","protected":false},"excerpt":{"rendered":"<p>Thanks to its 6.7-fold zoom factor, the Magnus 1.5-10&#215;42 i is as multi-faceted as hunting itself.<br \/>\nThis riflescope is a universal all-rounder for stalking, shooting from blinds or driven hunts, at close or long range, and offers maximum versatility and superior accuracy in every hunting situation.<\/p>\n<p>The crisply displayed red dot and extremely fine graduation of its brightness settings guarantee protection against flaring and halo effects around its edges.<br \/>\nOne for every situation: With its outstanding zoom range combined with the lens diameter, the Magnus 1.5-10 x 42 i is the perfect hunting companion.<br \/>\nThanks to its outstanding zoom, brilliant low-light performance, and excellent transmission, this rugged and enduring riflescope impresses in every hunting situation.<\/p>\n<p><span style=\"color: red;\">Please ask for a quote combining this riflescope with <a href=\"https:\/\/mildot.fi\/index.php\/product-category\/spuhr\/34mm-runkoputki-spuhr\/\">Spuhr ISMS mounts<\/a><\/span> or a <a href=\"https:\/\/mildot.fi\/index.php\/product-category\/spuhr\/spuhr-hunting-series\/\">Spuhr hunting mount<\/a> . This is the perfect setup for the demanding shooter that wants the best.<\/p>\n<p>Do you wonder how high scope mount you will need? Try our <a href=\"https:\/\/mildot.fi\/index.php\/mildot-ring-height-calculator\/\">scope mount height calculator, <\/a>feel free to call or email us if you still have any questions.<\/p>\n","protected":false},"featured_media":15171,"comment_status":"open","ping_status":"closed","template":"","meta":{"ocean_post_layout":"","ocean_both_sidebars_style":"","ocean_both_sidebars_content_width":0,"ocean_both_sidebars_sidebars_width":0,"ocean_sidebar":"0","ocean_second_sidebar":"0","ocean_disable_margins":"enable","ocean_add_body_class":"","ocean_shortcode_before_top_bar":"","ocean_shortcode_after_top_bar":"","ocean_shortcode_before_header":"","ocean_shortcode_after_header":"","ocean_has_shortcode":"","ocean_shortcode_after_title":"","ocean_shortcode_before_footer_widgets":"","ocean_shortcode_after_footer_widgets":"","ocean_shortcode_before_footer_bottom":"","ocean_shortcode_after_footer_bottom":"","ocean_display_top_bar":"default","ocean_display_header":"default","ocean_header_style":"","ocean_center_header_left_menu":"0","ocean_custom_header_template":"0","ocean_custom_logo":0,"ocean_custom_retina_logo":0,"ocean_custom_logo_max_width":0,"ocean_custom_logo_tablet_max_width":0,"ocean_custom_logo_mobile_max_width":0,"ocean_custom_logo_max_height":0,"ocean_custom_logo_tablet_max_height":0,"ocean_custom_logo_mobile_max_height":0,"ocean_header_custom_menu":"0","ocean_menu_typo_font_family":"0","ocean_menu_typo_font_subset":"","ocean_menu_typo_font_size":0,"ocean_menu_typo_font_size_tablet":0,"ocean_menu_typo_font_size_mobile":0,"ocean_menu_typo_font_size_unit":"px","ocean_menu_typo_font_weight":"","ocean_menu_typo_font_weight_tablet":"","ocean_menu_typo_font_weight_mobile":"","ocean_menu_typo_transform":"","ocean_menu_typo_transform_tablet":"","ocean_menu_typo_transform_mobile":"","ocean_menu_typo_line_height":0,"ocean_menu_typo_line_height_tablet":0,"ocean_menu_typo_line_height_mobile":0,"ocean_menu_typo_line_height_unit":"","ocean_menu_typo_spacing":0,"ocean_menu_typo_spacing_tablet":0,"ocean_menu_typo_spacing_mobile":0,"ocean_menu_typo_spacing_unit":"","ocean_menu_link_color":"","ocean_menu_link_color_hover":"","ocean_menu_link_color_active":"","ocean_menu_link_background":"","ocean_menu_link_hover_background":"","ocean_menu_link_active_background":"","ocean_menu_social_links_bg":"","ocean_menu_social_hover_links_bg":"","ocean_menu_social_links_color":"","ocean_menu_social_hover_links_color":"","ocean_disable_title":"default","ocean_disable_heading":"default","ocean_post_title":"","ocean_post_subheading":"","ocean_post_title_style":"","ocean_post_title_background_color":"","ocean_post_title_background":0,"ocean_post_title_bg_image_position":"","ocean_post_title_bg_image_attachment":"","ocean_post_title_bg_image_repeat":"","ocean_post_title_bg_image_size":"","ocean_post_title_height":0,"ocean_post_title_bg_overlay":0.5,"ocean_post_title_bg_overlay_color":"","ocean_disable_breadcrumbs":"default","ocean_breadcrumbs_color":"","ocean_breadcrumbs_separator_color":"","ocean_breadcrumbs_links_color":"","ocean_breadcrumbs_links_hover_color":"","ocean_display_footer_widgets":"default","ocean_display_footer_bottom":"default","ocean_custom_footer_template":"0","jetpack_publicize_message":"","jetpack_publicize_feature_enabled":true,"jetpack_social_post_already_shared":true,"jetpack_social_options":{"image_generator_settings":{"template":"highway","default_image_id":0,"font":"","enabled":false},"version":2}},"pwb-brand":[2211],"product_brand":[],"product_cat":[18,2210,17],"product_tag":[3035,3032,3037,3036,2212,3019],"class_list":{"0":"post-15169","1":"product","2":"type-product","3":"status-publish","4":"has-post-thumbnail","6":"pwb-brand-leica","7":"product_cat-kiikaritahtaimet","8":"product_cat-leica","9":"product_cat-optiikka","10":"product_tag-1-5-10x42","11":"product_tag-l-4a","12":"product_tag-l53130","13":"product_tag-l53131","14":"product_tag-leica","15":"product_tag-magnus","17":"entry","18":"has-media","20":"first","21":"instock","22":"sale","23":"taxable","24":"shipping-taxable","25":"purchasable","26":"product-type-variable","27":"has-product-nav","28":"col","29":"span_1_of_4","30":"owp-content-center","31":"owp-thumbs-layout-horizontal","32":"owp-btn-normal","33":"owp-tabs-layout-horizontal"},"jetpack_publicize_connections":[],"jetpack_sharing_enabled":true,"brands":[{"id":2211,"name":"Leica","slug":"leica"}],"_links":{"self":[{"href":"https:\/\/mildot.fi\/index.php\/wp-json\/wp\/v2\/product\/15169","targetHints":{"allow":["GET"]}}],"collection":[{"href":"https:\/\/mildot.fi\/index.php\/wp-json\/wp\/v2\/product"}],"about":[{"href":"https:\/\/mildot.fi\/index.php\/wp-json\/wp\/v2\/types\/product"}],"replies":[{"embeddable":true,"href":"https:\/\/mildot.fi\/index.php\/wp-json\/wp\/v2\/comments?post=15169"}],"wp:featuredmedia":[{"embeddable":true,"href":"https:\/\/mildot.fi\/index.php\/wp-json\/wp\/v2\/media\/15171"}],"wp:attachment":[{"href":"https:\/\/mildot.fi\/index.php\/wp-json\/wp\/v2\/media?parent=15169"}],"wp:term":[{"taxonomy":"pwb-brand","embeddable":true,"href":"https:\/\/mildot.fi\/index.php\/wp-json\/wp\/v2\/pwb-brand?post=15169"},{"taxonomy":"product_brand","embeddable":true,"href":"https:\/\/mildot.fi\/index.php\/wp-json\/wp\/v2\/product_brand?post=15169"},{"taxonomy":"product_cat","embeddable":true,"href":"https:\/\/mildot.fi\/index.php\/wp-json\/wp\/v2\/product_cat?post=15169"},{"taxonomy":"product_tag","embeddable":true,"href":"https:\/\/mildot.fi\/index.php\/wp-json\/wp\/v2\/product_tag?post=15169"}],"curies":[{"name":"wp","href":"https:\/\/api.w.org\/{rel}","templated":true}]}}