{"id":15133,"date":"2025-04-28T18:36:13","date_gmt":"2025-04-28T16:36:13","guid":{"rendered":"https:\/\/mildot.fi\/?post_type=product&#038;p=15133"},"modified":"2025-12-22T09:09:15","modified_gmt":"2025-12-22T07:09:15","slug":"leica-apo-televid-8225-50x","status":"publish","type":"product","link":"https:\/\/mildot.fi\/index.php\/product\/leica-apo-televid-8225-50x\/","title":{"rendered":"Leica APO-televid 82 + 25-50x KIT"},"content":{"rendered":"<table id=\"product-attribute-specs-table\" class=\"data table additional-attributes\">\n<tbody>\n<tr>\n<th class=\"col label\" scope=\"row\">Suurennos<\/th>\n<td class=\"col data\" data-th=\"Suurennos\">25-50x<\/td>\n<\/tr>\n<tr>\n<th class=\"col label\" scope=\"row\">Objektiivin halkaisija (mm)<\/th>\n<td class=\"col data\" data-th=\"Objektiivin halkaisija (mm)\">82<\/td>\n<\/tr>\n<tr>\n<th class=\"col label\" scope=\"row\">N\u00e4k\u00f6kentt\u00e4 1000 metriss\u00e4<\/th>\n<td class=\"col data\" data-th=\"N\u00e4k\u00f6kentt\u00e4 1000 metriss\u00e4\">41 &#8211; 28 m<\/td>\n<\/tr>\n<tr>\n<th class=\"col label\" scope=\"row\">L\u00e4hin tarkennuset\u00e4isyys (m)<\/th>\n<td class=\"col data\" data-th=\"L\u00e4hin tarkennuset\u00e4isyys (m)\">4.0<\/td>\n<\/tr>\n<tr>\n<th class=\"col label\" scope=\"row\">Mitat<\/th>\n<td class=\"col data\" data-th=\"Mitat\">32,8 x 10,8 x 10,1 cm<\/td>\n<\/tr>\n<tr>\n<th class=\"col label\" scope=\"row\">Paino<\/th>\n<td class=\"col data\" data-th=\"Paino\">1,4 kg<\/td>\n<\/tr>\n<tr>\n<th class=\"col label\" scope=\"row\">V\u00e4ri<\/th>\n<td class=\"col data\" data-th=\"V\u00e4ri\">Musta<\/td>\n<\/tr>\n<\/tbody>\n<\/table>\n","protected":false},"excerpt":{"rendered":"<p>Leica APO-Televid 82 -kaukoputken 82 mm objektiivilinssi tarjoaa erinomaisen valonkeruukyvyn, mik\u00e4 mahdollistaa ter\u00e4v\u00e4n ja kirkkaan kuvan my\u00f6s haastavissa valaistusolosuhteissa. T\u00e4m\u00e4 kaukoputki on varustettu huippulaadukkailla optisilla linsseill\u00e4, jotka takaavat tarkan v\u00e4rien toiston ja korkean kontrastin.<\/p>\n<p>Keskeiset ominaisuudet:<\/p>\n<ul>\n<li>HDC-pinnoitetut fluoridilinssit ja APO-kromaattinen linssij\u00e4rjestelm\u00e4 minimoivat kuvan siroamista ja varmistavat luonnollisen v\u00e4ritoiston.<\/li>\n<li>Kaksoistarkennus mahdollistaa tarkan ja nopean s\u00e4\u00e4d\u00f6n.<\/li>\n<li>Schmidt-prismasysteemi ja nelj\u00e4 linssielementti\u00e4 takaavat huippulaadukkaan kuvan.<\/li>\n<li>AquaDura-pinnoite ulkoisissa linsseiss\u00e4 hylkii vett\u00e4 ja likaa.<\/li>\n<li>Okulaari: 25x-50x WW ASPH, tarjoaa laajan n\u00e4k\u00f6kent\u00e4n ja huipputarkan suurennuksen.<\/li>\n<li>Runko: Kest\u00e4v\u00e4 ja kevyt magnesiumrakenne.<\/li>\n<li>Vesitiiviys jopa 5 metrin syvyyteen.<\/li>\n<li>Lyhin tarkennuset\u00e4isyys: 3,8 metri\u00e4, mik\u00e4 mahdollistaa tarkat l\u00e4hikuvat luonnosta tai kaukaisista kohteista.<\/li>\n<li>T\u00e4m\u00e4 kaukoputki on suunniteltu niille, jotka arvostavat korkeinta optista laatua ja k\u00e4ytt\u00f6mukavuutta luonnon tarkkailussa ja muissa ulkoilmaharrastuksissa.<\/li>\n<\/ul>\n","protected":false},"featured_media":15140,"comment_status":"open","ping_status":"closed","template":"","meta":{"ocean_post_layout":"","ocean_both_sidebars_style":"","ocean_both_sidebars_content_width":0,"ocean_both_sidebars_sidebars_width":0,"ocean_sidebar":"0","ocean_second_sidebar":"0","ocean_disable_margins":"enable","ocean_add_body_class":"","ocean_shortcode_before_top_bar":"","ocean_shortcode_after_top_bar":"","ocean_shortcode_before_header":"","ocean_shortcode_after_header":"","ocean_has_shortcode":"","ocean_shortcode_after_title":"","ocean_shortcode_before_footer_widgets":"","ocean_shortcode_after_footer_widgets":"","ocean_shortcode_before_footer_bottom":"","ocean_shortcode_after_footer_bottom":"","ocean_display_top_bar":"default","ocean_display_header":"default","ocean_header_style":"","ocean_center_header_left_menu":"0","ocean_custom_header_template":"0","ocean_custom_logo":0,"ocean_custom_retina_logo":0,"ocean_custom_logo_max_width":0,"ocean_custom_logo_tablet_max_width":0,"ocean_custom_logo_mobile_max_width":0,"ocean_custom_logo_max_height":0,"ocean_custom_logo_tablet_max_height":0,"ocean_custom_logo_mobile_max_height":0,"ocean_header_custom_menu":"0","ocean_menu_typo_font_family":"0","ocean_menu_typo_font_subset":"","ocean_menu_typo_font_size":0,"ocean_menu_typo_font_size_tablet":0,"ocean_menu_typo_font_size_mobile":0,"ocean_menu_typo_font_size_unit":"px","ocean_menu_typo_font_weight":"","ocean_menu_typo_font_weight_tablet":"","ocean_menu_typo_font_weight_mobile":"","ocean_menu_typo_transform":"","ocean_menu_typo_transform_tablet":"","ocean_menu_typo_transform_mobile":"","ocean_menu_typo_line_height":0,"ocean_menu_typo_line_height_tablet":0,"ocean_menu_typo_line_height_mobile":0,"ocean_menu_typo_line_height_unit":"","ocean_menu_typo_spacing":0,"ocean_menu_typo_spacing_tablet":0,"ocean_menu_typo_spacing_mobile":0,"ocean_menu_typo_spacing_unit":"","ocean_menu_link_color":"","ocean_menu_link_color_hover":"","ocean_menu_link_color_active":"","ocean_menu_link_background":"","ocean_menu_link_hover_background":"","ocean_menu_link_active_background":"","ocean_menu_social_links_bg":"","ocean_menu_social_hover_links_bg":"","ocean_menu_social_links_color":"","ocean_menu_social_hover_links_color":"","ocean_disable_title":"default","ocean_disable_heading":"default","ocean_post_title":"","ocean_post_subheading":"","ocean_post_title_style":"","ocean_post_title_background_color":"","ocean_post_title_background":0,"ocean_post_title_bg_image_position":"","ocean_post_title_bg_image_attachment":"","ocean_post_title_bg_image_repeat":"","ocean_post_title_bg_image_size":"","ocean_post_title_height":0,"ocean_post_title_bg_overlay":0.5,"ocean_post_title_bg_overlay_color":"","ocean_disable_breadcrumbs":"default","ocean_breadcrumbs_color":"","ocean_breadcrumbs_separator_color":"","ocean_breadcrumbs_links_color":"","ocean_breadcrumbs_links_hover_color":"","ocean_display_footer_widgets":"default","ocean_display_footer_bottom":"default","ocean_custom_footer_template":"0","jetpack_publicize_message":"","jetpack_publicize_feature_enabled":true,"jetpack_social_post_already_shared":true,"jetpack_social_options":{"image_generator_settings":{"template":"highway","default_image_id":0,"font":"","enabled":false},"version":2}},"pwb-brand":[2211],"product_brand":[],"product_cat":[2234,2452,2210,17],"product_tag":[3028,3026,3027,3025,3029,2212],"class_list":{"0":"post-15133","1":"product","2":"type-product","3":"status-publish","4":"has-post-thumbnail","6":"pwb-brand-leica","7":"product_cat-ale-tuotteet","8":"product_cat-kaukoputket","9":"product_cat-leica","10":"product_cat-optiikka","11":"product_tag-25-50x","12":"product_tag-3026","13":"product_tag-82mm","14":"product_tag-apo-televid","15":"product_tag-l401124","16":"product_tag-leica","18":"entry","19":"has-media","21":"first","22":"instock","23":"sale","24":"taxable","25":"shipping-taxable","26":"purchasable","27":"product-type-simple","28":"has-product-nav","29":"col","30":"span_1_of_4","31":"owp-content-center","32":"owp-thumbs-layout-horizontal","33":"owp-btn-normal","34":"owp-tabs-layout-horizontal"},"jetpack_publicize_connections":[],"jetpack_sharing_enabled":true,"brands":[{"id":2211,"name":"Leica","slug":"leica"}],"_links":{"self":[{"href":"https:\/\/mildot.fi\/index.php\/wp-json\/wp\/v2\/product\/15133","targetHints":{"allow":["GET"]}}],"collection":[{"href":"https:\/\/mildot.fi\/index.php\/wp-json\/wp\/v2\/product"}],"about":[{"href":"https:\/\/mildot.fi\/index.php\/wp-json\/wp\/v2\/types\/product"}],"replies":[{"embeddable":true,"href":"https:\/\/mildot.fi\/index.php\/wp-json\/wp\/v2\/comments?post=15133"}],"wp:featuredmedia":[{"embeddable":true,"href":"https:\/\/mildot.fi\/index.php\/wp-json\/wp\/v2\/media\/15140"}],"wp:attachment":[{"href":"https:\/\/mildot.fi\/index.php\/wp-json\/wp\/v2\/media?parent=15133"}],"wp:term":[{"taxonomy":"pwb-brand","embeddable":true,"href":"https:\/\/mildot.fi\/index.php\/wp-json\/wp\/v2\/pwb-brand?post=15133"},{"taxonomy":"product_brand","embeddable":true,"href":"https:\/\/mildot.fi\/index.php\/wp-json\/wp\/v2\/product_brand?post=15133"},{"taxonomy":"product_cat","embeddable":true,"href":"https:\/\/mildot.fi\/index.php\/wp-json\/wp\/v2\/product_cat?post=15133"},{"taxonomy":"product_tag","embeddable":true,"href":"https:\/\/mildot.fi\/index.php\/wp-json\/wp\/v2\/product_tag?post=15133"}],"curies":[{"name":"wp","href":"https:\/\/api.w.org\/{rel}","templated":true}]}}