{"id":14527,"date":"2024-12-05T07:03:07","date_gmt":"2024-12-05T05:03:07","guid":{"rendered":"https:\/\/mildot.fi\/?post_type=product&#038;p=14527"},"modified":"2025-04-16T06:30:00","modified_gmt":"2025-04-16T04:30:00","slug":"vanguard-gm-70-asepidike","status":"publish","type":"product","link":"https:\/\/mildot.fi\/index.php\/product\/vanguard-gm-70-asepidike\/","title":{"rendered":"Vanguard GM-70 Asepidike"},"content":{"rendered":"<p>The Vanguard Endeavor GM-70 gun mount. The solid clamp provides a firm grip and ensures that you can stay on target and make the perfect shot.<\/p>\n<ul>\n<li>Large knob to adjust clamp from 30mm to 70mm, fitting most firearm and crossbow forearms<\/li>\n<li>Max load of 55.1 lbs. means it can stand up to heavy firearms and downward pressure from leaning<\/li>\n<li>Soft rubber pads on insides of clamp walls provide a secure grip while minimizing the chance of scratching your gear<\/li>\n<li>\u0336W\u0336e\u0336i\u0336g\u0336h\u0336s\u0336 \u0336o\u0336n\u0336l\u0336y\u0336 \u03361\u0336.\u03368\u0336 \u0336l\u0336b\u0336s\u0336.\u0336,\u0336 \u0336m\u0336a\u0336k\u0336i\u0336n\u0336g\u0336 \u0336i\u0336t\u0336 \u0336e\u0336a\u0336s\u0336y\u0336 \u0336t\u0336o\u0336 \u0336t\u0336h\u0336r\u0336o\u0336w\u0336 \u0336i\u0336n\u0336t\u0336o\u0336 \u0336a\u0336n\u0336 \u0336o\u0336u\u0336t\u0336d\u0336o\u0336o\u0336r\u0336 \u0336b\u0336a\u0336g\u0336.\u00a0 What they forgot to tell you is that it is <strong>actual measured weight is 885 gram<\/strong>(=1.95lbs), see picture.<\/li>\n<li>Connects to a 3\/8\u201d thread or Arca base, making it a perfect pairing with many types of tripods<\/li>\n<li>CNC-machined for quality and precision<\/li>\n<\/ul>\n","protected":false},"excerpt":{"rendered":"<p>Do you need a cheap gun mount including a Arca base and weight isn&#8217;t your main concern?<br \/>\nTarvitsetko edullisen asepidikkeen jossa on valmiina Arca kisko, mutta sen painolla ei ole v\u00e4lj\u00e4?<\/p>\n<p>Tarkka-ammuntaan suosittelemme aina <a href=\"https:\/\/mildot.fi\/index.php\/product\/pig-saddle\/\">Pig Saddle<\/a>\u00a0 ja <a href=\"https:\/\/mildot.fi\/index.php\/product\/hog-saddle\/\">Hog Saddle<\/a>, ne ovat vuosia olleet ymp\u00e4ri mailmaa puolustusvoimien k\u00e4yt\u00f6ss\u00e4.<\/p>\n","protected":false},"featured_media":14532,"comment_status":"open","ping_status":"closed","template":"","meta":{"ocean_post_layout":"","ocean_both_sidebars_style":"","ocean_both_sidebars_content_width":0,"ocean_both_sidebars_sidebars_width":0,"ocean_sidebar":"0","ocean_second_sidebar":"0","ocean_disable_margins":"enable","ocean_add_body_class":"","ocean_shortcode_before_top_bar":"","ocean_shortcode_after_top_bar":"","ocean_shortcode_before_header":"","ocean_shortcode_after_header":"","ocean_has_shortcode":"","ocean_shortcode_after_title":"","ocean_shortcode_before_footer_widgets":"","ocean_shortcode_after_footer_widgets":"","ocean_shortcode_before_footer_bottom":"","ocean_shortcode_after_footer_bottom":"","ocean_display_top_bar":"default","ocean_display_header":"default","ocean_header_style":"","ocean_center_header_left_menu":"0","ocean_custom_header_template":"0","ocean_custom_logo":0,"ocean_custom_retina_logo":0,"ocean_custom_logo_max_width":0,"ocean_custom_logo_tablet_max_width":0,"ocean_custom_logo_mobile_max_width":0,"ocean_custom_logo_max_height":0,"ocean_custom_logo_tablet_max_height":0,"ocean_custom_logo_mobile_max_height":0,"ocean_header_custom_menu":"0","ocean_menu_typo_font_family":"0","ocean_menu_typo_font_subset":"","ocean_menu_typo_font_size":0,"ocean_menu_typo_font_size_tablet":0,"ocean_menu_typo_font_size_mobile":0,"ocean_menu_typo_font_size_unit":"px","ocean_menu_typo_font_weight":"","ocean_menu_typo_font_weight_tablet":"","ocean_menu_typo_font_weight_mobile":"","ocean_menu_typo_transform":"","ocean_menu_typo_transform_tablet":"","ocean_menu_typo_transform_mobile":"","ocean_menu_typo_line_height":0,"ocean_menu_typo_line_height_tablet":0,"ocean_menu_typo_line_height_mobile":0,"ocean_menu_typo_line_height_unit":"","ocean_menu_typo_spacing":0,"ocean_menu_typo_spacing_tablet":0,"ocean_menu_typo_spacing_mobile":0,"ocean_menu_typo_spacing_unit":"","ocean_menu_link_color":"","ocean_menu_link_color_hover":"","ocean_menu_link_color_active":"","ocean_menu_link_background":"","ocean_menu_link_hover_background":"","ocean_menu_link_active_background":"","ocean_menu_social_links_bg":"","ocean_menu_social_hover_links_bg":"","ocean_menu_social_links_color":"","ocean_menu_social_hover_links_color":"","ocean_disable_title":"default","ocean_disable_heading":"default","ocean_post_title":"","ocean_post_subheading":"","ocean_post_title_style":"","ocean_post_title_background_color":"","ocean_post_title_background":0,"ocean_post_title_bg_image_position":"","ocean_post_title_bg_image_attachment":"","ocean_post_title_bg_image_repeat":"","ocean_post_title_bg_image_size":"","ocean_post_title_height":0,"ocean_post_title_bg_overlay":0.5,"ocean_post_title_bg_overlay_color":"","ocean_disable_breadcrumbs":"default","ocean_breadcrumbs_color":"","ocean_breadcrumbs_separator_color":"","ocean_breadcrumbs_links_color":"","ocean_breadcrumbs_links_hover_color":"","ocean_display_footer_widgets":"default","ocean_display_footer_bottom":"default","ocean_custom_footer_template":"0","jetpack_publicize_message":"","jetpack_publicize_feature_enabled":true,"jetpack_social_post_already_shared":true,"jetpack_social_options":{"image_generator_settings":{"template":"highway","default_image_id":0,"font":"","enabled":false},"version":2}},"pwb-brand":[2477],"product_brand":[],"product_cat":[299],"product_tag":[2160,2953,2954,2478],"class_list":{"0":"post-14527","1":"product","2":"type-product","3":"status-publish","4":"has-post-thumbnail","6":"pwb-brand-vanguard","7":"product_cat-ampumatuet","8":"product_tag-asepidike","9":"product_tag-gm-70","10":"product_tag-gun-mount","11":"product_tag-vanguard","13":"entry","14":"has-media","16":"first","17":"instock","18":"taxable","19":"shipping-taxable","20":"purchasable","21":"product-type-simple","22":"has-product-nav","23":"col","24":"span_1_of_4","25":"owp-content-center","26":"owp-thumbs-layout-horizontal","27":"owp-btn-normal","28":"owp-tabs-layout-horizontal"},"jetpack_publicize_connections":[],"jetpack_sharing_enabled":true,"brands":[{"id":2477,"name":"Vanguard","slug":"vanguard"}],"_links":{"self":[{"href":"https:\/\/mildot.fi\/index.php\/wp-json\/wp\/v2\/product\/14527","targetHints":{"allow":["GET"]}}],"collection":[{"href":"https:\/\/mildot.fi\/index.php\/wp-json\/wp\/v2\/product"}],"about":[{"href":"https:\/\/mildot.fi\/index.php\/wp-json\/wp\/v2\/types\/product"}],"replies":[{"embeddable":true,"href":"https:\/\/mildot.fi\/index.php\/wp-json\/wp\/v2\/comments?post=14527"}],"wp:featuredmedia":[{"embeddable":true,"href":"https:\/\/mildot.fi\/index.php\/wp-json\/wp\/v2\/media\/14532"}],"wp:attachment":[{"href":"https:\/\/mildot.fi\/index.php\/wp-json\/wp\/v2\/media?parent=14527"}],"wp:term":[{"taxonomy":"pwb-brand","embeddable":true,"href":"https:\/\/mildot.fi\/index.php\/wp-json\/wp\/v2\/pwb-brand?post=14527"},{"taxonomy":"product_brand","embeddable":true,"href":"https:\/\/mildot.fi\/index.php\/wp-json\/wp\/v2\/product_brand?post=14527"},{"taxonomy":"product_cat","embeddable":true,"href":"https:\/\/mildot.fi\/index.php\/wp-json\/wp\/v2\/product_cat?post=14527"},{"taxonomy":"product_tag","embeddable":true,"href":"https:\/\/mildot.fi\/index.php\/wp-json\/wp\/v2\/product_tag?post=14527"}],"curies":[{"name":"wp","href":"https:\/\/api.w.org\/{rel}","templated":true}]}}