{"id":14513,"date":"2024-12-03T08:16:51","date_gmt":"2024-12-03T06:16:51","guid":{"rendered":"https:\/\/mildot.fi\/?post_type=product&#038;p=14513"},"modified":"2024-12-03T08:20:06","modified_gmt":"2024-12-03T06:20:06","slug":"benro-fgp28c-goplus-2-carbon","status":"publish","type":"product","link":"https:\/\/mildot.fi\/index.php\/product\/benro-fgp28c-goplus-2-carbon\/","title":{"rendered":"Benro FGP28C GoPlus 2 Carbon Travel &#8211; hiilikuitujalusta"},"content":{"rendered":"<p>Jalusta on tukevaa tekoa ja Benro lupaa sille jopa 14kg kantavuuden (keskiputken ollessa normaalissa yl\u00f6sp\u00e4in asennossa). Jalustan jalat ovat neliosaiset, py\u00f6ritett\u00e4v\u00e4ll\u00e4 lukituksella. T\u00e4m\u00e4 twist-lock mekanismi ei p\u00e4\u00e4st\u00e4 p\u00f6ly\u00e4 eik\u00e4 kosteutta jalustan sis\u00e4\u00e4n.<\/p>\n<p>Keskiputken voi my\u00f6s ottaa k\u00e4ytt\u00f6\u00f6n monopodina, yhden kolmijaloista saa irti ja sill\u00e4 jatkettua monopodin pituutta.<\/p>\n<p><strong>Tekniset tiedot:<\/strong><\/p>\n<ul>\n<li>Materiaali: hiilikuitu<\/li>\n<li>Jalkojen rakenne: 4-osainen<\/li>\n<li>Maksimi korkeus: 165,5cm<\/li>\n<li>Minimi korkeus: 39,1cm<\/li>\n<li>Korkeus ilman keskiputkea: 133,3cm<\/li>\n<li>Korkeus suljettuna: 49,5cm<\/li>\n<li>Keskiputki k\u00e4\u00e4nnett\u00e4viss\u00e4 vaakatasoon<\/li>\n<li>Monopodin maksimi pituus: 177,5cm<\/li>\n<li>3\/8 uroskierre<\/li>\n<li>Paino: 1,6kg<\/li>\n<li>Kantavuus: 14kg<\/li>\n<\/ul>\n<p><b>Pakkaus sis\u00e4lt\u00e4\u00e4:<\/b><\/p>\n<ul>\n<li>Jalusta<\/li>\n<li>3x j\u00e4\u00e4piikit<\/li>\n<li>Kuljetuslaukku<\/li>\n<\/ul>\n<p>The FGP28C Go Plus Travel tripod series is the first to offer the compactness of a travel tripod with a versatile centre column! The tripod is constructed from carbon tubing with machined aluminium and magnesium alloy components. The tripod combines reverse folding legs that wrap around the centre column providing a more compact unit for transportation, while it also has a versatile centre column that can be removed from its conventional vertical position and can be swung through a 180 degree arc and locked into place at any point, which when combined with the three position leg angle settings makes this tripod perfect for low level macro photography. Other features include a built in monopod, easy to use twist leg locks, standard screw-in rubber &amp; stainless spiked feet and a high quality padded tripod carry case.<\/p>\n<p>&nbsp;<\/p>\n","protected":false},"excerpt":{"rendered":"<p>Jalusta on tukevaa tekoa ja Benro lupaa sille jopa 14kg kantavuuden (keskiputken ollessa normaalissa yl\u00f6sp\u00e4in asennossa). Jalustan jalat ovat neliosaiset, py\u00f6ritett\u00e4v\u00e4ll\u00e4 lukituksella. T\u00e4m\u00e4 twist-lock mekanismi ei p\u00e4\u00e4st\u00e4 p\u00f6ly\u00e4 eik\u00e4 kosteutta jalustan sis\u00e4\u00e4n. Keskiputken voi my\u00f6s ottaa k\u00e4ytt\u00f6\u00f6n monopodina, yhden kolmijaloista saa irti ja sill\u00e4 jatkettua monopodin pituutta. Tekniset tiedot: Materiaali: hiilikuitu Jalkojen rakenne: 4-osainen Maksimi [&hellip;]<\/p>\n","protected":false},"featured_media":14514,"comment_status":"open","ping_status":"closed","template":"","meta":{"ocean_post_layout":"","ocean_both_sidebars_style":"","ocean_both_sidebars_content_width":0,"ocean_both_sidebars_sidebars_width":0,"ocean_sidebar":"0","ocean_second_sidebar":"0","ocean_disable_margins":"enable","ocean_add_body_class":"","ocean_shortcode_before_top_bar":"","ocean_shortcode_after_top_bar":"","ocean_shortcode_before_header":"","ocean_shortcode_after_header":"","ocean_has_shortcode":"","ocean_shortcode_after_title":"","ocean_shortcode_before_footer_widgets":"","ocean_shortcode_after_footer_widgets":"","ocean_shortcode_before_footer_bottom":"","ocean_shortcode_after_footer_bottom":"","ocean_display_top_bar":"default","ocean_display_header":"default","ocean_header_style":"","ocean_center_header_left_menu":"0","ocean_custom_header_template":"0","ocean_custom_logo":0,"ocean_custom_retina_logo":0,"ocean_custom_logo_max_width":0,"ocean_custom_logo_tablet_max_width":0,"ocean_custom_logo_mobile_max_width":0,"ocean_custom_logo_max_height":0,"ocean_custom_logo_tablet_max_height":0,"ocean_custom_logo_mobile_max_height":0,"ocean_header_custom_menu":"0","ocean_menu_typo_font_family":"0","ocean_menu_typo_font_subset":"","ocean_menu_typo_font_size":0,"ocean_menu_typo_font_size_tablet":0,"ocean_menu_typo_font_size_mobile":0,"ocean_menu_typo_font_size_unit":"px","ocean_menu_typo_font_weight":"","ocean_menu_typo_font_weight_tablet":"","ocean_menu_typo_font_weight_mobile":"","ocean_menu_typo_transform":"","ocean_menu_typo_transform_tablet":"","ocean_menu_typo_transform_mobile":"","ocean_menu_typo_line_height":0,"ocean_menu_typo_line_height_tablet":0,"ocean_menu_typo_line_height_mobile":0,"ocean_menu_typo_line_height_unit":"","ocean_menu_typo_spacing":0,"ocean_menu_typo_spacing_tablet":0,"ocean_menu_typo_spacing_mobile":0,"ocean_menu_typo_spacing_unit":"","ocean_menu_link_color":"","ocean_menu_link_color_hover":"","ocean_menu_link_color_active":"","ocean_menu_link_background":"","ocean_menu_link_hover_background":"","ocean_menu_link_active_background":"","ocean_menu_social_links_bg":"","ocean_menu_social_hover_links_bg":"","ocean_menu_social_links_color":"","ocean_menu_social_hover_links_color":"","ocean_disable_title":"default","ocean_disable_heading":"default","ocean_post_title":"","ocean_post_subheading":"","ocean_post_title_style":"","ocean_post_title_background_color":"","ocean_post_title_background":0,"ocean_post_title_bg_image_position":"","ocean_post_title_bg_image_attachment":"","ocean_post_title_bg_image_repeat":"","ocean_post_title_bg_image_size":"","ocean_post_title_height":0,"ocean_post_title_bg_overlay":0.5,"ocean_post_title_bg_overlay_color":"","ocean_disable_breadcrumbs":"default","ocean_breadcrumbs_color":"","ocean_breadcrumbs_separator_color":"","ocean_breadcrumbs_links_color":"","ocean_breadcrumbs_links_hover_color":"","ocean_display_footer_widgets":"default","ocean_display_footer_bottom":"default","ocean_custom_footer_template":"0","jetpack_publicize_message":"","jetpack_publicize_feature_enabled":true,"jetpack_social_post_already_shared":true,"jetpack_social_options":{"image_generator_settings":{"template":"highway","default_image_id":0,"font":"","enabled":false},"version":2}},"pwb-brand":[1986],"product_brand":[],"product_cat":[299],"product_tag":[1987,2412,2952,2024,2951,2041],"class_list":{"0":"post-14513","1":"product","2":"type-product","3":"status-publish","4":"has-post-thumbnail","6":"pwb-brand-benro","7":"product_cat-ampumatuet","8":"product_tag-benro","9":"product_tag-carbon","10":"product_tag-goplus","11":"product_tag-kolmijalka","12":"product_tag-travel","13":"product_tag-tripod","15":"entry","16":"has-media","18":"first","19":"instock","20":"taxable","21":"shipping-taxable","22":"purchasable","23":"product-type-simple","24":"has-product-nav","25":"col","26":"span_1_of_4","27":"owp-content-center","28":"owp-thumbs-layout-horizontal","29":"owp-btn-normal","30":"owp-tabs-layout-horizontal"},"jetpack_publicize_connections":[],"jetpack_sharing_enabled":true,"brands":[{"id":1986,"name":"Benro","slug":"benro"}],"_links":{"self":[{"href":"https:\/\/mildot.fi\/index.php\/wp-json\/wp\/v2\/product\/14513","targetHints":{"allow":["GET"]}}],"collection":[{"href":"https:\/\/mildot.fi\/index.php\/wp-json\/wp\/v2\/product"}],"about":[{"href":"https:\/\/mildot.fi\/index.php\/wp-json\/wp\/v2\/types\/product"}],"replies":[{"embeddable":true,"href":"https:\/\/mildot.fi\/index.php\/wp-json\/wp\/v2\/comments?post=14513"}],"wp:featuredmedia":[{"embeddable":true,"href":"https:\/\/mildot.fi\/index.php\/wp-json\/wp\/v2\/media\/14514"}],"wp:attachment":[{"href":"https:\/\/mildot.fi\/index.php\/wp-json\/wp\/v2\/media?parent=14513"}],"wp:term":[{"taxonomy":"pwb-brand","embeddable":true,"href":"https:\/\/mildot.fi\/index.php\/wp-json\/wp\/v2\/pwb-brand?post=14513"},{"taxonomy":"product_brand","embeddable":true,"href":"https:\/\/mildot.fi\/index.php\/wp-json\/wp\/v2\/product_brand?post=14513"},{"taxonomy":"product_cat","embeddable":true,"href":"https:\/\/mildot.fi\/index.php\/wp-json\/wp\/v2\/product_cat?post=14513"},{"taxonomy":"product_tag","embeddable":true,"href":"https:\/\/mildot.fi\/index.php\/wp-json\/wp\/v2\/product_tag?post=14513"}],"curies":[{"name":"wp","href":"https:\/\/api.w.org\/{rel}","templated":true}]}}