{"id":14223,"date":"2024-09-21T06:21:22","date_gmt":"2024-09-21T04:21:22","guid":{"rendered":"https:\/\/mildot.fi\/?post_type=product&#038;p=14223"},"modified":"2024-09-23T07:56:34","modified_gmt":"2024-09-23T05:56:34","slug":"mildot-lahjakortti","status":"publish","type":"product","link":"https:\/\/mildot.fi\/index.php\/product\/mildot-lahjakortti\/","title":{"rendered":"MILDOT &#8211; Lahjakortti"},"content":{"rendered":"<p>Hieno lahjaidea ammuntaa harrastavalle, tai siit\u00e4 kiinnostuneelle yst\u00e4v\u00e4llesi!<\/p>\n<p>Voit vapaasti valita lahjakorttiin haluamasi summan. Kortti on voimassa <strong>kolme (3) kuukautta.<\/strong><\/p>\n<p>Lahjakortin l\u00e4ht\u00f6summa on yksi (1) euro, jota voit muuttaa tilausvaiheessa kirjoittamalla m\u00e4\u00e4r\u00e4 riville haluamasi summan.<br \/>\nEsim. 50 euron lahjakortti = lahjakortti ja 50 kpl<\/p>\n<p>Huomio! T\u00e4lle tuotteelle ei tule mit\u00e4\u00e4n rahtikuluja koska se ei ole mik\u00e4\u00e4n fyysinen tuote jota tarvitsee l\u00e4hett\u00e4\u00e4 teille. Vaan voit itse valita onnitelukortin tai tulostaa meid\u00e4n sivulta lahjakortin PDF-muodossa, ja lis\u00e4t\u00e4 siihen viitenumeron ja voimassaoloaika<br \/>\nMaksun viitenumero toimii maksun j\u00e4lkeen my\u00f6s maksutunnuksena <strong>3kuukautta<\/strong>. Korttia ei voi lunastaa takaisin rahaksi tai k\u00e4ytt\u00e4\u00e4 er\u00e4p\u00e4iv\u00e4n j\u00e4lkeen.<br \/>\nTilauslomakkeessa n\u00e4kyy aina rahtikulu mutta poistamme sen ennen kun l\u00e4het\u00e4mme maksuohjeet jos tilaat pelk\u00e4n lahjakortin.<br \/>\n<a href=\"https:\/\/mildot.fi\/wp-content\/uploads\/2024\/09\/lahjakortti_MILDOT-FINLAND-5.pdf\">Tulostettava Lahjakortti.pdf<\/a><\/p>\n","protected":false},"excerpt":{"rendered":"<p>Hieno lahjaidea ammuntaa harrastavalle, tai siit\u00e4 kiinnostuneelle yst\u00e4v\u00e4llesi! Voit vapaasti valita lahjakorttiin haluamasi summan. Kortti on voimassa kolme (3) kuukautta. Lahjakortin l\u00e4ht\u00f6summa on yksi (1) euro, jota voit muuttaa tilausvaiheessa kirjoittamalla m\u00e4\u00e4r\u00e4 riville haluamasi summan. Esim. 50 euron lahjakortti = lahjakortti ja 50 kpl Huomio! T\u00e4lle tuotteelle ei tule mit\u00e4\u00e4n rahtikuluja koska se ei ole [&hellip;]<\/p>\n","protected":false},"featured_media":14241,"comment_status":"open","ping_status":"closed","template":"","meta":{"ocean_post_layout":"","ocean_both_sidebars_style":"","ocean_both_sidebars_content_width":0,"ocean_both_sidebars_sidebars_width":0,"ocean_sidebar":"0","ocean_second_sidebar":"0","ocean_disable_margins":"enable","ocean_add_body_class":"","ocean_shortcode_before_top_bar":"","ocean_shortcode_after_top_bar":"","ocean_shortcode_before_header":"","ocean_shortcode_after_header":"","ocean_has_shortcode":"","ocean_shortcode_after_title":"","ocean_shortcode_before_footer_widgets":"","ocean_shortcode_after_footer_widgets":"","ocean_shortcode_before_footer_bottom":"","ocean_shortcode_after_footer_bottom":"","ocean_display_top_bar":"default","ocean_display_header":"default","ocean_header_style":"","ocean_center_header_left_menu":"0","ocean_custom_header_template":"0","ocean_custom_logo":0,"ocean_custom_retina_logo":0,"ocean_custom_logo_max_width":0,"ocean_custom_logo_tablet_max_width":0,"ocean_custom_logo_mobile_max_width":0,"ocean_custom_logo_max_height":0,"ocean_custom_logo_tablet_max_height":0,"ocean_custom_logo_mobile_max_height":0,"ocean_header_custom_menu":"0","ocean_menu_typo_font_family":"0","ocean_menu_typo_font_subset":"","ocean_menu_typo_font_size":0,"ocean_menu_typo_font_size_tablet":0,"ocean_menu_typo_font_size_mobile":0,"ocean_menu_typo_font_size_unit":"px","ocean_menu_typo_font_weight":"","ocean_menu_typo_font_weight_tablet":"","ocean_menu_typo_font_weight_mobile":"","ocean_menu_typo_transform":"","ocean_menu_typo_transform_tablet":"","ocean_menu_typo_transform_mobile":"","ocean_menu_typo_line_height":0,"ocean_menu_typo_line_height_tablet":0,"ocean_menu_typo_line_height_mobile":0,"ocean_menu_typo_line_height_unit":"","ocean_menu_typo_spacing":0,"ocean_menu_typo_spacing_tablet":0,"ocean_menu_typo_spacing_mobile":0,"ocean_menu_typo_spacing_unit":"","ocean_menu_link_color":"","ocean_menu_link_color_hover":"","ocean_menu_link_color_active":"","ocean_menu_link_background":"","ocean_menu_link_hover_background":"","ocean_menu_link_active_background":"","ocean_menu_social_links_bg":"","ocean_menu_social_hover_links_bg":"","ocean_menu_social_links_color":"","ocean_menu_social_hover_links_color":"","ocean_disable_title":"default","ocean_disable_heading":"default","ocean_post_title":"","ocean_post_subheading":"","ocean_post_title_style":"","ocean_post_title_background_color":"","ocean_post_title_background":0,"ocean_post_title_bg_image_position":"","ocean_post_title_bg_image_attachment":"","ocean_post_title_bg_image_repeat":"","ocean_post_title_bg_image_size":"","ocean_post_title_height":0,"ocean_post_title_bg_overlay":0.5,"ocean_post_title_bg_overlay_color":"","ocean_disable_breadcrumbs":"default","ocean_breadcrumbs_color":"","ocean_breadcrumbs_separator_color":"","ocean_breadcrumbs_links_color":"","ocean_breadcrumbs_links_hover_color":"","ocean_display_footer_widgets":"default","ocean_display_footer_bottom":"default","ocean_custom_footer_template":"0","jetpack_publicize_message":"","jetpack_publicize_feature_enabled":true,"jetpack_social_post_already_shared":true,"jetpack_social_options":{"image_generator_settings":{"template":"highway","default_image_id":0,"font":"","enabled":false},"version":2}},"pwb-brand":[570],"product_brand":[],"product_cat":[2916],"product_tag":[2915,2314],"class_list":{"0":"post-14223","1":"product","2":"type-product","3":"status-publish","4":"has-post-thumbnail","6":"pwb-brand-mildot","7":"product_cat-lahjakortti","8":"product_tag-lahjakortti","9":"product_tag-mildot-finland","11":"entry","12":"has-media","14":"first","15":"instock","16":"virtual","17":"taxable","18":"purchasable","19":"product-type-simple","20":"has-product-nav","21":"col","22":"span_1_of_4","23":"owp-content-center","24":"owp-thumbs-layout-horizontal","25":"owp-btn-normal","26":"owp-tabs-layout-horizontal","27":"has-no-thumbnails"},"jetpack_publicize_connections":[],"jetpack_sharing_enabled":true,"brands":[{"id":570,"name":"Mildot","slug":"mildot"}],"_links":{"self":[{"href":"https:\/\/mildot.fi\/index.php\/wp-json\/wp\/v2\/product\/14223","targetHints":{"allow":["GET"]}}],"collection":[{"href":"https:\/\/mildot.fi\/index.php\/wp-json\/wp\/v2\/product"}],"about":[{"href":"https:\/\/mildot.fi\/index.php\/wp-json\/wp\/v2\/types\/product"}],"replies":[{"embeddable":true,"href":"https:\/\/mildot.fi\/index.php\/wp-json\/wp\/v2\/comments?post=14223"}],"wp:featuredmedia":[{"embeddable":true,"href":"https:\/\/mildot.fi\/index.php\/wp-json\/wp\/v2\/media\/14241"}],"wp:attachment":[{"href":"https:\/\/mildot.fi\/index.php\/wp-json\/wp\/v2\/media?parent=14223"}],"wp:term":[{"taxonomy":"pwb-brand","embeddable":true,"href":"https:\/\/mildot.fi\/index.php\/wp-json\/wp\/v2\/pwb-brand?post=14223"},{"taxonomy":"product_brand","embeddable":true,"href":"https:\/\/mildot.fi\/index.php\/wp-json\/wp\/v2\/product_brand?post=14223"},{"taxonomy":"product_cat","embeddable":true,"href":"https:\/\/mildot.fi\/index.php\/wp-json\/wp\/v2\/product_cat?post=14223"},{"taxonomy":"product_tag","embeddable":true,"href":"https:\/\/mildot.fi\/index.php\/wp-json\/wp\/v2\/product_tag?post=14223"}],"curies":[{"name":"wp","href":"https:\/\/api.w.org\/{rel}","templated":true}]}}