{"id":1410,"date":"2019-07-09T09:16:21","date_gmt":"2019-07-09T07:16:21","guid":{"rendered":"https:\/\/mildot.fi\/?post_type=product&#038;p=1410"},"modified":"2025-05-21T12:18:31","modified_gmt":"2025-05-21T10:18:31","slug":"mildot-tukisakki-a","status":"publish","type":"product","link":"https:\/\/mildot.fi\/index.php\/product\/mildot-tukisakki-a\/","title":{"rendered":"Tukis\u00e4kki A MILDOT"},"content":{"rendered":"<p>M05 Foxa Foxdura 1000D kankaasta valmistettu iso tukis\u00e4kki,<\/p>\n<p>Kolme versiota:<\/p>\n<p>1. Tyhj\u00e4\u00a0 tukis\u00e4kki, t\u00e4yt\u00e4 tukis\u00e4kki omalla t\u00e4ytteell\u00e4 ja sulje s\u00e4kki ompelemalla yksi noin 15cm sauma umpeen.<\/p>\n<p>2. Kevyt versio,\u00a0 painaa vain noin 450 grammaa t\u00e4yttetyn\u00e4 EPS-kuulilla (ominaispaino vain noin 20grammaa\/dm3 = 1litra).<br \/>\n3. Painava versio, t\u00e4ytteen\u00e4 muovigranulaatti.<\/p>\n<p>T\u00e4ytt\u00f6m\u00e4\u00e4r\u00e4n voit muutta purkaamaalla t\u00e4ytt\u00f6aukon sauman pari sentimetri\u00e4 ja sen j\u00e4lkeen ommella sen taas umpeen.<br \/>\nUlkomitat: noin 24x31x19cm.<\/p>\n<p>Muodonsa ansiosta saat kolme eri peruskorkeuutta k\u00e4ytt\u00f6\u00f6si, sen lis\u00e4ksi saat tyynyn kyljest\u00e4 olevalla k\u00e4tev\u00e4v\u00e4ll\u00e4 narulla ja sen narulukolla tyynyn kiinteyyden ja my\u00f6s hiukan korkeuus s\u00e4\u00e4t\u00f6\u00e4kin.<\/p>\n<p>P\u00e4\u00e4dyiss\u00e4 l\u00f6ytyy 40mm leve\u00e4t kahvat,<\/p>\n<p>Valmistamme tuotetta tilauksesta, siin\u00e4 menee yleens\u00e4 3-5 ty\u00f6p\u00e4iv\u00e4\u00e4.<br \/>\nMuita v\u00e4rej\u00e4 (musta, vihre\u00e4, sininen, tummansininen, punainen, viininpunainen, beige, keltainen, oranssi, turkoosi) tilauksesta +20\u20ac, toimtitusaika on yleens\u00e4 noin 4-5 p\u00e4iv\u00e4\u00e4.<\/p>\n<p>Jos haluat\u00a0 askarrella tyynyn itse niin meilt\u00e4 saat kankaat, t\u00e4ytteet y.m.<\/p>\n","protected":false},"excerpt":{"rendered":"<p>Iso ammunta tukis\u00e4kki, valmistamme n\u00e4it\u00e4 tilauksesta.<br \/>\nJos haluat\u00a0 askarrella tyynyn itse niin meilt\u00e4 saat kankaat, t\u00e4ytteet y.m.<\/p>\n","protected":false},"featured_media":1411,"comment_status":"open","ping_status":"closed","template":"","meta":{"ocean_post_layout":"","ocean_both_sidebars_style":"","ocean_both_sidebars_content_width":0,"ocean_both_sidebars_sidebars_width":0,"ocean_sidebar":"0","ocean_second_sidebar":"0","ocean_disable_margins":"enable","ocean_add_body_class":"","ocean_shortcode_before_top_bar":"","ocean_shortcode_after_top_bar":"","ocean_shortcode_before_header":"","ocean_shortcode_after_header":"","ocean_has_shortcode":"","ocean_shortcode_after_title":"","ocean_shortcode_before_footer_widgets":"","ocean_shortcode_after_footer_widgets":"","ocean_shortcode_before_footer_bottom":"","ocean_shortcode_after_footer_bottom":"","ocean_display_top_bar":"default","ocean_display_header":"default","ocean_header_style":"","ocean_center_header_left_menu":"0","ocean_custom_header_template":"0","ocean_custom_logo":0,"ocean_custom_retina_logo":0,"ocean_custom_logo_max_width":0,"ocean_custom_logo_tablet_max_width":0,"ocean_custom_logo_mobile_max_width":0,"ocean_custom_logo_max_height":0,"ocean_custom_logo_tablet_max_height":0,"ocean_custom_logo_mobile_max_height":0,"ocean_header_custom_menu":"0","ocean_menu_typo_font_family":"0","ocean_menu_typo_font_subset":"","ocean_menu_typo_font_size":0,"ocean_menu_typo_font_size_tablet":0,"ocean_menu_typo_font_size_mobile":0,"ocean_menu_typo_font_size_unit":"px","ocean_menu_typo_font_weight":"","ocean_menu_typo_font_weight_tablet":"","ocean_menu_typo_font_weight_mobile":"","ocean_menu_typo_transform":"","ocean_menu_typo_transform_tablet":"","ocean_menu_typo_transform_mobile":"","ocean_menu_typo_line_height":0,"ocean_menu_typo_line_height_tablet":0,"ocean_menu_typo_line_height_mobile":0,"ocean_menu_typo_line_height_unit":"","ocean_menu_typo_spacing":0,"ocean_menu_typo_spacing_tablet":0,"ocean_menu_typo_spacing_mobile":0,"ocean_menu_typo_spacing_unit":"","ocean_menu_link_color":"","ocean_menu_link_color_hover":"","ocean_menu_link_color_active":"","ocean_menu_link_background":"","ocean_menu_link_hover_background":"","ocean_menu_link_active_background":"","ocean_menu_social_links_bg":"","ocean_menu_social_hover_links_bg":"","ocean_menu_social_links_color":"","ocean_menu_social_hover_links_color":"","ocean_disable_title":"default","ocean_disable_heading":"default","ocean_post_title":"","ocean_post_subheading":"","ocean_post_title_style":"","ocean_post_title_background_color":"","ocean_post_title_background":0,"ocean_post_title_bg_image_position":"","ocean_post_title_bg_image_attachment":"","ocean_post_title_bg_image_repeat":"","ocean_post_title_bg_image_size":"","ocean_post_title_height":0,"ocean_post_title_bg_overlay":0.5,"ocean_post_title_bg_overlay_color":"","ocean_disable_breadcrumbs":"default","ocean_breadcrumbs_color":"","ocean_breadcrumbs_separator_color":"","ocean_breadcrumbs_links_color":"","ocean_breadcrumbs_links_hover_color":"","ocean_display_footer_widgets":"default","ocean_display_footer_bottom":"default","ocean_custom_footer_template":"0","jetpack_publicize_message":"","jetpack_publicize_feature_enabled":true,"jetpack_social_post_already_shared":false,"jetpack_social_options":{"image_generator_settings":{"template":"highway","default_image_id":0,"font":"","enabled":false},"version":2}},"pwb-brand":[570],"product_brand":[],"product_cat":[299,162],"product_tag":[234,235,80,301,300,223,302,303],"class_list":{"0":"post-1410","1":"product","2":"type-product","3":"status-publish","4":"has-post-thumbnail","6":"pwb-brand-mildot","7":"product_cat-ampumatuet","8":"product_cat-mildot","9":"product_tag-foxa","10":"product_tag-foxdura","11":"product_tag-m05","12":"product_tag-precision-rifle-series","13":"product_tag-prs","14":"product_tag-tarkka-ammunta","15":"product_tag-tukipussi","16":"product_tag-tukisakki","18":"entry","19":"has-media","21":"first","22":"instock","23":"taxable","24":"shipping-taxable","25":"purchasable","26":"product-type-variable","27":"has-product-nav","28":"col","29":"span_1_of_4","30":"owp-content-center","31":"owp-thumbs-layout-horizontal","32":"owp-btn-normal","33":"owp-tabs-layout-horizontal"},"jetpack_publicize_connections":[],"jetpack_sharing_enabled":true,"brands":[{"id":570,"name":"Mildot","slug":"mildot"}],"_links":{"self":[{"href":"https:\/\/mildot.fi\/index.php\/wp-json\/wp\/v2\/product\/1410","targetHints":{"allow":["GET"]}}],"collection":[{"href":"https:\/\/mildot.fi\/index.php\/wp-json\/wp\/v2\/product"}],"about":[{"href":"https:\/\/mildot.fi\/index.php\/wp-json\/wp\/v2\/types\/product"}],"replies":[{"embeddable":true,"href":"https:\/\/mildot.fi\/index.php\/wp-json\/wp\/v2\/comments?post=1410"}],"wp:featuredmedia":[{"embeddable":true,"href":"https:\/\/mildot.fi\/index.php\/wp-json\/wp\/v2\/media\/1411"}],"wp:attachment":[{"href":"https:\/\/mildot.fi\/index.php\/wp-json\/wp\/v2\/media?parent=1410"}],"wp:term":[{"taxonomy":"pwb-brand","embeddable":true,"href":"https:\/\/mildot.fi\/index.php\/wp-json\/wp\/v2\/pwb-brand?post=1410"},{"taxonomy":"product_brand","embeddable":true,"href":"https:\/\/mildot.fi\/index.php\/wp-json\/wp\/v2\/product_brand?post=1410"},{"taxonomy":"product_cat","embeddable":true,"href":"https:\/\/mildot.fi\/index.php\/wp-json\/wp\/v2\/product_cat?post=1410"},{"taxonomy":"product_tag","embeddable":true,"href":"https:\/\/mildot.fi\/index.php\/wp-json\/wp\/v2\/product_tag?post=1410"}],"curies":[{"name":"wp","href":"https:\/\/api.w.org\/{rel}","templated":true}]}}