{"id":14027,"date":"2024-09-09T07:35:26","date_gmt":"2024-09-09T05:35:26","guid":{"rendered":"https:\/\/mildot.fi\/?post_type=product&#038;p=14027"},"modified":"2024-09-09T08:22:52","modified_gmt":"2024-09-09T06:22:52","slug":"polyester_600d","status":"publish","type":"product","link":"https:\/\/mildot.fi\/index.php\/product\/polyester_600d\/","title":{"rendered":"Polyester 600D PVC kangas"},"content":{"rendered":"<p>Kankaan leveys: 150cm, hy\u00f6dyllinen k\u00e4ytt\u00f6leveys on noin 145cm.<br \/>\nMyyd\u00e4\u00e4n metritt\u00e4in, ei palatusoikeuutta.<br \/>\nEsim.\u00a0 Jos tilaat 4 kpl niin saat 4metri\u00e4 kangasta joka on 150cm leve\u00e4.<\/p>\n<p>Jos tarvitset isompi\u00e4 m\u00e4\u00e4ri\u00e4 (10metri\u00e4 ja enemm\u00e4n niin kysy mielell\u00e4\u00e4n tarjousta).<\/p>\n","protected":false},"excerpt":{"rendered":"<p>Kankaan leveys: 150cm, hy\u00f6dyllinen k\u00e4ytt\u00f6leveys on noin 145cm. Myyd\u00e4\u00e4n metritt\u00e4in, ei palatusoikeuutta. Esim.\u00a0 Jos tilaat 4 kpl niin saat 4metri\u00e4 kangasta joka on 150cm leve\u00e4. Jos tarvitset isompi\u00e4 m\u00e4\u00e4ri\u00e4 (10metri\u00e4 ja enemm\u00e4n niin kysy mielell\u00e4\u00e4n tarjousta).<\/p>\n","protected":false},"featured_media":14037,"comment_status":"open","ping_status":"closed","template":"","meta":{"ocean_post_layout":"","ocean_both_sidebars_style":"","ocean_both_sidebars_content_width":0,"ocean_both_sidebars_sidebars_width":0,"ocean_sidebar":"0","ocean_second_sidebar":"0","ocean_disable_margins":"enable","ocean_add_body_class":"","ocean_shortcode_before_top_bar":"","ocean_shortcode_after_top_bar":"","ocean_shortcode_before_header":"","ocean_shortcode_after_header":"","ocean_has_shortcode":"","ocean_shortcode_after_title":"","ocean_shortcode_before_footer_widgets":"","ocean_shortcode_after_footer_widgets":"","ocean_shortcode_before_footer_bottom":"","ocean_shortcode_after_footer_bottom":"","ocean_display_top_bar":"default","ocean_display_header":"default","ocean_header_style":"","ocean_center_header_left_menu":"0","ocean_custom_header_template":"0","ocean_custom_logo":0,"ocean_custom_retina_logo":0,"ocean_custom_logo_max_width":0,"ocean_custom_logo_tablet_max_width":0,"ocean_custom_logo_mobile_max_width":0,"ocean_custom_logo_max_height":0,"ocean_custom_logo_tablet_max_height":0,"ocean_custom_logo_mobile_max_height":0,"ocean_header_custom_menu":"0","ocean_menu_typo_font_family":"0","ocean_menu_typo_font_subset":"","ocean_menu_typo_font_size":0,"ocean_menu_typo_font_size_tablet":0,"ocean_menu_typo_font_size_mobile":0,"ocean_menu_typo_font_size_unit":"px","ocean_menu_typo_font_weight":"","ocean_menu_typo_font_weight_tablet":"","ocean_menu_typo_font_weight_mobile":"","ocean_menu_typo_transform":"","ocean_menu_typo_transform_tablet":"","ocean_menu_typo_transform_mobile":"","ocean_menu_typo_line_height":0,"ocean_menu_typo_line_height_tablet":0,"ocean_menu_typo_line_height_mobile":0,"ocean_menu_typo_line_height_unit":"","ocean_menu_typo_spacing":0,"ocean_menu_typo_spacing_tablet":0,"ocean_menu_typo_spacing_mobile":0,"ocean_menu_typo_spacing_unit":"","ocean_menu_link_color":"","ocean_menu_link_color_hover":"","ocean_menu_link_color_active":"","ocean_menu_link_background":"","ocean_menu_link_hover_background":"","ocean_menu_link_active_background":"","ocean_menu_social_links_bg":"","ocean_menu_social_hover_links_bg":"","ocean_menu_social_links_color":"","ocean_menu_social_hover_links_color":"","ocean_disable_title":"default","ocean_disable_heading":"default","ocean_post_title":"","ocean_post_subheading":"","ocean_post_title_style":"","ocean_post_title_background_color":"","ocean_post_title_background":0,"ocean_post_title_bg_image_position":"","ocean_post_title_bg_image_attachment":"","ocean_post_title_bg_image_repeat":"","ocean_post_title_bg_image_size":"","ocean_post_title_height":0,"ocean_post_title_bg_overlay":0.5,"ocean_post_title_bg_overlay_color":"","ocean_disable_breadcrumbs":"default","ocean_breadcrumbs_color":"","ocean_breadcrumbs_separator_color":"","ocean_breadcrumbs_links_color":"","ocean_breadcrumbs_links_hover_color":"","ocean_display_footer_widgets":"default","ocean_display_footer_bottom":"default","ocean_custom_footer_template":"0","jetpack_publicize_message":"","jetpack_publicize_feature_enabled":true,"jetpack_social_post_already_shared":true,"jetpack_social_options":{"image_generator_settings":{"template":"highway","default_image_id":0,"font":"","enabled":false},"version":2}},"pwb-brand":[812],"product_brand":[],"product_cat":[233],"product_tag":[2901,2907,240,2143,237,2263,282,2906,2900,1892,2905,2903,2902,2908,105,2904],"class_list":{"0":"post-14027","1":"product","2":"type-product","3":"status-publish","4":"has-post-thumbnail","6":"pwb-brand-foxa","7":"product_cat-tekstiilit","8":"product_tag-600d","9":"product_tag-beige","10":"product_tag-kangas","11":"product_tag-keltainen","12":"product_tag-metri","13":"product_tag-musta","14":"product_tag-nailonikangas","15":"product_tag-oranssi","16":"product_tag-pol600d","17":"product_tag-polyester","18":"product_tag-punainen","19":"product_tag-sininen","20":"product_tag-tummansininen","21":"product_tag-turkoosi","22":"product_tag-vihrea","23":"product_tag-viininpunainen","25":"entry","26":"has-media","28":"first","29":"instock","30":"taxable","31":"shipping-taxable","32":"purchasable","33":"product-type-variable","34":"has-product-nav","35":"col","36":"span_1_of_4","37":"owp-content-center","38":"owp-thumbs-layout-horizontal","39":"owp-btn-normal","40":"owp-tabs-layout-horizontal","41":"has-no-thumbnails"},"jetpack_publicize_connections":[],"jetpack_sharing_enabled":true,"brands":[{"id":812,"name":"Foxa","slug":"foxa"}],"_links":{"self":[{"href":"https:\/\/mildot.fi\/index.php\/wp-json\/wp\/v2\/product\/14027","targetHints":{"allow":["GET"]}}],"collection":[{"href":"https:\/\/mildot.fi\/index.php\/wp-json\/wp\/v2\/product"}],"about":[{"href":"https:\/\/mildot.fi\/index.php\/wp-json\/wp\/v2\/types\/product"}],"replies":[{"embeddable":true,"href":"https:\/\/mildot.fi\/index.php\/wp-json\/wp\/v2\/comments?post=14027"}],"wp:featuredmedia":[{"embeddable":true,"href":"https:\/\/mildot.fi\/index.php\/wp-json\/wp\/v2\/media\/14037"}],"wp:attachment":[{"href":"https:\/\/mildot.fi\/index.php\/wp-json\/wp\/v2\/media?parent=14027"}],"wp:term":[{"taxonomy":"pwb-brand","embeddable":true,"href":"https:\/\/mildot.fi\/index.php\/wp-json\/wp\/v2\/pwb-brand?post=14027"},{"taxonomy":"product_brand","embeddable":true,"href":"https:\/\/mildot.fi\/index.php\/wp-json\/wp\/v2\/product_brand?post=14027"},{"taxonomy":"product_cat","embeddable":true,"href":"https:\/\/mildot.fi\/index.php\/wp-json\/wp\/v2\/product_cat?post=14027"},{"taxonomy":"product_tag","embeddable":true,"href":"https:\/\/mildot.fi\/index.php\/wp-json\/wp\/v2\/product_tag?post=14027"}],"curies":[{"name":"wp","href":"https:\/\/api.w.org\/{rel}","templated":true}]}}